{"id":977,"date":"2020-07-06T08:00:24","date_gmt":"2020-07-06T13:00:24","guid":{"rendered":"https:\/\/startmeabiz.com\/product\/air-conditioner-mini-usb-air-cooler-portable-arctic-air-conditioners-room-cooling-7-colors-led-light-cooler-small-table-fans\/"},"modified":"2025-12-03T04:19:30","modified_gmt":"2025-12-03T10:19:30","slug":"ar-condicionado-portatil-usb-com-luz-noturna","status":"publish","type":"product","link":"https:\/\/startmeabiz.com\/pt\/produto\/ar-condicionado-portatil-usb-com-luz-noturna\/","title":{"rendered":"Ar condicionado port\u00e1til USB com luz noturna"},"content":{"rendered":"<div>\n<h2 style=\"text-align: center;\"><span style=\"color: #e03e2d;\"><em>Ar condicionado pessoal USB com <\/em><\/span><\/h2>\n<h2 style=\"text-align: center;\"><span style=\"color: #e03e2d;\"><em>LUZ NOTURNA<\/em>: 50% DESLIGADO!<\/span><\/h2>\n<p style=\"text-align: center;\">Procurando por<\/p>\n<p style=\"text-align: center;\">o perfeito<strong> Ar-condicionado port\u00e1til USB com luz noturna?<\/strong> Confira nossa sele\u00e7\u00e3o especial de produtos e compre agora! <span style=\"color: #e03e2d;\"><strong>50% <\/strong><span style=\"color: #000000;\">desligado<\/span><\/span>. Ent\u00e3o, o que voc\u00ea est\u00e1 esperando?<\/p>\n<p style=\"text-align: center;\">O estoque est\u00e1 acabando, ent\u00e3o aja r\u00e1pido. Nossa loja garante qualidade e uma sele\u00e7\u00e3o incompar\u00e1vel \u2014 tudo com uma pol\u00edtica de satisfa\u00e7\u00e3o 100%., <strong><span style=\"color: #2dc26b;\"><span class=\"ads-addon-add-to-cart\">ADICIONAR AO CARRINHO<\/span><\/span><\/strong> agora!<\/p>\n<p><img decoding=\"async\" class=\"aligncenter\" style=\"margin-bottom: 10px;\" src=\"\/\/ae01.alicdn.com\/kf\/H84d375b319f742ea9899041e13f2f731d.jpg?width=800&amp;height=807&amp;hash=1607\" \/><\/p>\n<p style=\"text-align: center;\"><a href=\"#addtocart\" class=\"button primary is-primary is-medium\" >\n\t\t<span>COMPRE J\u00c1 O SEU!<\/span>\n\t<\/a>\n\n<\/div>\n<div>\n<div>\n<hr \/>\n<h2 style=\"text-align: center;\"><strong><em>Ar condicionado pessoal USB com luz noturna<\/em> DETALHES<\/strong><\/h2>\n<ol>\n<li>Crie uma zona de resfriamento pessoal.<\/li>\n<li>Reduz a temperatura do espa\u00e7o pessoal em at\u00e9 6 a 8 graus.<\/li>\n<li>Vento forte, mas opera\u00e7\u00e3o silenciosa.<\/li>\n<li>Escolha entre 3 velocidades e ajuste o fluxo de ar.<\/li>\n<li>At\u00e9 6 a 8 horas de funcionamento do umidificador<\/li>\n<li>Baixo consumo de energia<\/li>\n<li>Adicione \u00e1gua, ligue na tomada e aperte o bot\u00e3o de ligar.<\/li>\n<li>Desligamento autom\u00e1tico quando a \u00e1gua acaba<\/li>\n<li>N\u00e3o foi projetado para resfriar todo o ambiente.<\/li>\n<\/ol>\n<div style=\"text-align: center;\"><strong><span style=\"font-size: 20px;\">Especifica\u00e7\u00f5es: <\/span><\/strong><\/div>\n<div>\n<ul>\n<li>Pot\u00eancia nominal: 5W<\/li>\n<li>+Tens\u00e3o e corrente: 5V-1A<\/li>\n<li>+Visor digital LCD<\/li>\n<li>+Velocidade do vento: 5 n\u00edveis, luz de dedo LED<\/li>\n<li>+Velocidade do vento: 3 n\u00edveis<\/li>\n<li>+Capacidade do reservat\u00f3rio de \u00e1gua: 375 ml<\/li>\n<li data-spm-anchor-id=\"a2g0o.detail.1000023.i0.6aea555bB5U5if\">+Modo: Trabalho\/sono. Luzes coloridas, USB, temporizador ajust\u00e1vel de 1 a 12 horas.<\/li>\n<\/ul>\n<\/div>\n<div><\/div>\n<div style=\"text-align: center;\"><strong><span style=\"font-size: 20px;\"> Perceber: <\/span><\/strong><\/div>\n<ol>\n<li>Mantenha o pequeno climatizador port\u00e1til equilibrado, n\u00e3o o incline enquanto estiver funcionando.<\/li>\n<li>Adicione \u00e1gua pura ou \u00e1gua da torneira para evitar afetar a fun\u00e7\u00e3o de resfriamento.<\/li>\n<li>Adicionar 3\/4 de \u00e1gua no tanque \u00e9 o ideal, n\u00e3o o encha completamente.<\/li>\n<li>Por favor, deixe a \u00e1gua acabar sempre para evitar o ac\u00famulo de calc\u00e1rio no reservat\u00f3rio.<\/li>\n<li>Use uma escova de copo ou uma escova de dentes para limpar o reservat\u00f3rio de \u00e1gua uma vez por semana. Mantenha-o limpo e higienizado.<\/li>\n<\/ol>\n<div style=\"text-align: center;\"><strong>O pacote inclui:<\/strong><\/div>\n<ul>\n<li>*1 x Refrigerador de ar pessoal.<\/li>\n<li>*1 x Adaptador USB e Manual do Usu\u00e1rio em Ingl\u00eas.<\/li>\n<\/ul>\n<p><img decoding=\"async\" class=\"aligncenter\" src=\"\/\/ae01.alicdn.com\/kf\/H8952ee315ed0490bad122dc8a67a8ee3P.jpg?width=800&amp;height=800&amp;hash=1600\" \/><\/p>\n<p style=\"text-align: center;\"><a href=\"#addtocart\" class=\"button primary is-primary is-medium\" >\n\t\t<span>COMPRE J\u00c1 O SEU!<\/span>\n\t<\/a>\n\n<\/div>\n<\/div>\n<div>\n<div>\n<hr \/>\n<h2 class=\"qa-title\" style=\"text-align: center;\"><strong>PERGUNTAS E RESPOSTAS SOBRE O PRODUTO<\/strong><\/h2>\n<p style=\"text-align: center;\"><span class=\"qa-item-question\"><strong>As cores s\u00e3o precisas?<\/strong><\/span><br \/>\n<span class=\"qa-item-answer\">Podemos garantir que as cores nas imagens correspondem \u00e0s cores reais do produto.<strong> Ar condicionado port\u00e1til USB com luz noturna.<\/strong> No entanto, n\u00e3o se esque\u00e7a de que as telas da maioria dos dispositivos tendem a distorcer as cores reais.<\/span><\/p>\n<p><img decoding=\"async\" class=\"aligncenter\" src=\"\/\/ae01.alicdn.com\/kf\/H0ea7f941c0e349a0ba8f2c164eea0fbf5.jpg?width=800&amp;height=800&amp;hash=1600\" \/><\/p>\n<p style=\"text-align: center;\"><span class=\"qa-item-question\"><strong>Posso escolher outra cor para este produto?<\/strong><\/span><br \/>\n<span class=\"qa-item-answer\">Voc\u00ea pode escolher entre as varia\u00e7\u00f5es mostradas na p\u00e1gina do produto, mas certifique-se de verificar qual tipo de...<strong> Ar condicionado port\u00e1til USB com luz noturna<\/strong> Voc\u00ea est\u00e1 fazendo o pedido antes de confirm\u00e1-lo.<\/span><\/p>\n<p><img decoding=\"async\" class=\"aligncenter\" style=\"margin-bottom: 10px;\" src=\"\/\/ae01.alicdn.com\/kf\/H50ed1a330683415f8da18bd76bf4244fc.jpg?width=800&amp;height=800&amp;hash=1600\" \/><\/p>\n<p style=\"text-align: center;\"><span class=\"qa-item-question\"><strong>Tem certeza de que este produto \u00e9 acess\u00edvel?<\/strong><\/span><br \/>\n<span class=\"qa-item-answer\">Basicamente, s\u00f3 voc\u00ea pode saber com certeza se essa compra cabe no seu or\u00e7amento. No entanto, considere o seguinte: <span class=\"ads-addon-price\" data-currency=\"USD\">$60.95<\/span> \u00c9 moderado se comparado a outras alternativas de produtos.<\/span><\/p>\n<p><img decoding=\"async\" class=\"aligncenter\" style=\"margin-bottom: 10px;\" src=\"\/\/ae01.alicdn.com\/kf\/H2076ce2d12d74679b5c1b2a64174598c2.jpg?width=800&amp;height=800&amp;hash=1600\" \/><\/p>\n<p style=\"text-align: center;\"><span class=\"qa-item-question\"><strong>Quanto eu pago por isso?<\/strong><\/span><br \/>\n<span class=\"qa-item-answer\">Ficamos felizes com o seu interesse. Portanto, o pre\u00e7o \u00e9 <span class=\"ads-addon-price\" data-currency=\"USD\">$60.95<\/span>.<\/span><\/p>\n<p><img decoding=\"async\" class=\"aligncenter\" src=\"https:\/\/startmeabiz.com\/wp-content\/uploads\/2022\/07\/977-d6f19c.jpeg\" \/><\/p>\n<p style=\"text-align: center;\"><span class=\"qa-item-question\"><strong>Se eu tirei fotos do seu produto, posso public\u00e1-las na internet?<\/strong><\/span><br \/>\n<span class=\"qa-item-answer\">Sim, voc\u00ea pode postar fotos dos nossos produtos nas redes sociais sem problemas. N\u00e3o temos absolutamente nenhuma obje\u00e7\u00e3o a isso. Obrigado.<\/span><\/p>\n<p><img decoding=\"async\" class=\"aligncenter\" style=\"margin-bottom: 10px;\" src=\"\/\/ae01.alicdn.com\/kf\/Hf500865dc83449fc8ad890156d8a3b03L.jpg?width=800&amp;height=800&amp;hash=1600\" \/><\/p>\n<p style=\"text-align: center;\"><span class=\"qa-item-question\"><strong>\u00c9 poss\u00edvel deixar uma avalia\u00e7\u00e3o? Primeiro, gostaria de compartilhar minha experi\u00eancia.<\/strong><\/span><br \/>\n<span class=\"qa-item-answer\">Sua opini\u00e3o sobre nossos produtos \u00e9 essencial para n\u00f3s. Por isso, ficaremos felizes se voc\u00ea a compartilhar com outras pessoas.<\/span><\/p>\n<\/div>\n<div style=\"text-align: center;\">\n<p><img decoding=\"async\" class=\"aligncenter\" src=\"\/\/ae01.alicdn.com\/kf\/H5afc7914167348f79df159ad990e55e6e.jpg?width=1000&amp;height=1000&amp;hash=2000\" width=\"799\" height=\"799\" \/><a href=\"#addtocart\" class=\"button primary is-primary is-medium\" >\n\t\t<span>COMPRE J\u00c1 O SEU!<\/span>\n\t<\/a>\n\n<div style=\"text-align: center;\">\n<div>\n<hr \/>\n<h2 class=\"qa-title\"><strong>POL\u00cdTICAS DE ENCOMENDA E DA LOJA<\/strong><\/h2>\n<p><span class=\"qa-item-question\"><strong>Posso pedir um reembolso se o pacote com o meu <em>Ar condicionado port\u00e1til USB com luz noturna<\/em> se danificar ou se perder?<\/strong><\/span><br \/>\n<span class=\"qa-item-answer\">N\u00e3o se preocupe, pois mesmo que algo aconte\u00e7a com sua encomenda, garantimos o reembolso integral.<\/span><\/p>\n<p><img decoding=\"async\" class=\"aligncenter\" src=\"\/\/ae01.alicdn.com\/kf\/H63002b76c6a14da1b7c485b5a5cbe5ca9.jpg?width=800&amp;height=800&amp;hash=1600\" \/><\/p>\n<p><span class=\"qa-item-question\"><strong>Posso comprar v\u00e1rios itens de voc\u00eas?<\/strong><\/span><br \/>\n<span class=\"qa-item-answer\">Basicamente, o n\u00famero de produtos que voc\u00ea pode comprar \u00e9 ilimitado.<\/span><\/p>\n<p><img decoding=\"async\" class=\"aligncenter\" src=\"\/\/ae01.alicdn.com\/kf\/H3f3169036c3e49f894797747803f004cO.jpg?width=1000&amp;height=1000&amp;hash=2000\" width=\"801\" height=\"801\" \/><\/p>\n<p><span class=\"qa-item-question\"><strong>Quero fazer um pedido agora. Posso?<\/strong><\/span><br \/>\n<span class=\"qa-item-answer\">O produto est\u00e1 dispon\u00edvel para compra, ent\u00e3o fique \u00e0 vontade para... <span class=\"ads-addon-add-to-cart\">ADICIONAR AO CARRINHO<\/span> o n\u00famero desejado de unidades.<\/span><\/p>\n<p><img decoding=\"async\" class=\"aligncenter\" src=\"\/\/ae01.alicdn.com\/kf\/Hb0d8917fbe7a4874b0397f0e431d0567L.jpg?width=1000&amp;height=1000&amp;hash=2000\" width=\"800\" height=\"800\" \/><\/p>\n<p><span class=\"qa-item-question\"><strong>N\u00e3o tenho certeza de qual m\u00e9todo de pagamento escolher. Isso influencia o prazo de entrega?<\/strong><\/span><br \/>\n<span class=\"qa-item-answer\">O prazo de entrega n\u00e3o depende do m\u00e9todo de pagamento utilizado. Portanto, escolha o m\u00e9todo que preferir.<\/span><\/p>\n<p><img decoding=\"async\" class=\"aligncenter\" src=\"\/\/ae01.alicdn.com\/kf\/Hf954c898ef6a4639b19b294b14167f0eU.jpg?width=1000&amp;height=1000&amp;hash=2000\" width=\"800\" height=\"800\" \/><\/p>\n<p><span class=\"qa-item-question\"><strong>Algu\u00e9m vende isso offline?<\/strong><\/span><br \/>\n<span class=\"qa-item-answer\">Em geral, as lojas f\u00edsicas oferecem uma gama de produtos mais limitada em termos de varia\u00e7\u00f5es dispon\u00edveis. Al\u00e9m disso, provavelmente praticar\u00e3o pre\u00e7os mais altos para o mesmo Mini Ar Condicionado de Baixo Consumo de Energia.<\/span><\/p>\n<p><img decoding=\"async\" class=\"aligncenter\" src=\"\/\/ae01.alicdn.com\/kf\/Hdab05731c8574a499e62b3f0fc800486C.jpg?width=800&amp;height=800&amp;hash=1600\" \/><\/p>\n<p><span class=\"qa-item-question\"><strong>Voc\u00ea pode comprovar que sua loja \u00e9 confi\u00e1vel?<\/strong><\/span><br \/>\n<span class=\"qa-item-answer\">De fato, nossa loja \u00e9 conhecida como um destino confi\u00e1vel para compras online. Portanto, sinta-se \u00e0 vontade para verificar as avalia\u00e7\u00f5es de compradores anteriores nas p\u00e1ginas dos produtos, por exemplo, para garantir que entregamos o que prometemos!<\/span><\/p>\n<\/div>\n<\/div>\n<\/div>\n<\/div>","protected":false},"excerpt":{"rendered":"<p><strong>Transforme qualquer ambiente no mais confort\u00e1vel poss\u00edvel com este ar-condicionado port\u00e1til USB com luz noturna!<\/strong><iframe style=\"display: none;\" src=\"about:blank\"><\/iframe><\/p>","protected":false},"featured_media":983,"comment_status":"open","ping_status":"closed","template":"","meta":{"slim_seo":{"title":"Ar condicionado port\u00e1til USB com luz noturna","description":"Compre o ar-condicionado USB pessoal com luz noturna na startmeabiz.com! Frete gr\u00e1tis para 185 pa\u00edses. Garantia de reembolso de 45 dias."}},"product_brand":[],"product_cat":[28],"product_tag":[427,426,433,497,498],"class_list":{"0":"post-977","1":"product","2":"type-product","3":"status-publish","4":"has-post-thumbnail","6":"product_cat-new-arrivals","7":"product_tag-air-conditioner","8":"product_tag-air-cooler","9":"product_tag-air-humidifier","10":"product_tag-conditioner","11":"product_tag-humidifier","12":"tm-has-styled-variations","13":"tm-variations-only","15":"first","16":"instock","17":"sale","18":"taxable","19":"shipping-taxable","20":"purchasable","21":"product-type-simple"},"_links":{"self":[{"href":"https:\/\/startmeabiz.com\/pt\/wp-json\/wp\/v2\/product\/977","targetHints":{"allow":["GET"]}}],"collection":[{"href":"https:\/\/startmeabiz.com\/pt\/wp-json\/wp\/v2\/product"}],"about":[{"href":"https:\/\/startmeabiz.com\/pt\/wp-json\/wp\/v2\/types\/product"}],"replies":[{"embeddable":true,"href":"https:\/\/startmeabiz.com\/pt\/wp-json\/wp\/v2\/comments?post=977"}],"wp:featuredmedia":[{"embeddable":true,"href":"https:\/\/startmeabiz.com\/pt\/wp-json\/wp\/v2\/media\/983"}],"wp:attachment":[{"href":"https:\/\/startmeabiz.com\/pt\/wp-json\/wp\/v2\/media?parent=977"}],"wp:term":[{"taxonomy":"product_brand","embeddable":true,"href":"https:\/\/startmeabiz.com\/pt\/wp-json\/wp\/v2\/product_brand?post=977"},{"taxonomy":"product_cat","embeddable":true,"href":"https:\/\/startmeabiz.com\/pt\/wp-json\/wp\/v2\/product_cat?post=977"},{"taxonomy":"product_tag","embeddable":true,"href":"https:\/\/startmeabiz.com\/pt\/wp-json\/wp\/v2\/product_tag?post=977"}],"curies":[{"name":"wp","href":"https:\/\/api.w.org\/{rel}","templated":true}]}}