{"id":949,"date":"2022-07-06T09:00:38","date_gmt":"2022-07-06T14:00:38","guid":{"rendered":"https:\/\/startmeabiz.com\/product\/uvc-sterilization-mini-portable-air-conditioner-humidifier-air-cooler-personal-space-air-cooling-usb-rechargeable-home-desk-fan\/"},"modified":"2025-12-03T04:21:20","modified_gmt":"2025-12-03T10:21:20","slug":"ar-condicionado-e-purificador-usb-de-alta-velocidade","status":"publish","type":"product","link":"https:\/\/startmeabiz.com\/pt\/produto\/ar-condicionado-e-purificador-usb-de-alta-velocidade\/","title":{"rendered":"Ar condicionado e purificador USB de alta velocidade"},"content":{"rendered":"<div>\n<h1 style=\"text-align: center;\">CONSIGA UM DOS MAIS VENDIDOS <em><strong>Mini ar condicionado USB<\/strong><\/em> PARA 41% DESCONTO<\/h1>\n<p style=\"text-align: center;\">Garanta j\u00e1 o nosso t\u00e3o procurado <strong>Resfriador e purificador de ar USB<\/strong> Por uma fra\u00e7\u00e3o do pre\u00e7o \u2014 AGORA. Nossa promo\u00e7\u00e3o por tempo limitado lhe d\u00e1 a chance de economizar. <span class=\"ads-addon-you_save\" data-currency=\"USD\">$14.95<\/span>.<\/p>\n<p style=\"text-align: center;\"><span style=\"font-family: -apple-system, BlinkMacSystemFont, 'Segoe UI', Roboto, Oxygen, Ubuntu, Cantarell, 'Open Sans', 'Helvetica Neue', sans-serif;\">Compre em nossa loja com tranquilidade e satisfa\u00e7\u00e3o garantida. Asseguramos que:<\/span><\/p>\n<ul>\n<li>Voc\u00ea ficar\u00e1 100% satisfeito com sua compra.<\/li>\n<li>Sua encomenda chegar\u00e1 em seguran\u00e7a.<\/li>\n<li>Sua compra \u00e9 totalmente livre de riscos (nossa pol\u00edtica de devolu\u00e7\u00e3o garante sua prote\u00e7\u00e3o).<\/li>\n<\/ul>\n<p style=\"text-align: center;\">Pronto para comprar? Basta <span style=\"color: #2dc26b;\"><strong><span class=\"ads-addon-add-to-cart\">ADICIONAR AO CARRINHO<\/span><\/strong><\/span> Aproveite agora antes que nosso estoque acabe!<\/p>\n<p><img decoding=\"async\" class=\"aligncenter\" src=\"\/\/ae01.alicdn.com\/kf\/Ha7f0511f53774ec4a6b55ddbd40aec84r.jpg\" width=\"801\" height=\"1367\" \/><\/p>\n<p style=\"text-align: center;\"><a href=\"#addtocart\" class=\"button primary is-primary is-medium\" >\n\t\t<span>ADQUIRA O SEU!<\/span>\n\t<\/a>\n\n<hr \/>\n<\/div>\n<div>\n<div id=\"266714652339\" data-previewurl=\"\/\/img.alicdn.com\/imgextra\/i3\/6000000006418\/O1CN0113ulNF1xHUYNCfYd2_!!6000000006418-0-tbvideo.jpg\">\n<h2 style=\"text-align: center;\"><strong>Mais detalhes sobre o purificador e climatizador de ar USB<\/strong><\/h2>\n<div style=\"text-align: center;\" data-spm-anchor-id=\"a2g0o.detail.1000023.i3.e6e694b8xueC6o\"><span style=\"font-size: 16px;\"><span style=\"font-weight: 700 !important;\"><span style=\"max-width: 100%;\">Caracter\u00edsticas:<\/span><\/span><\/span><\/div>\n<div data-spm-anchor-id=\"a2g0o.detail.1000023.i3.e6e694b8xueC6o\"><\/div>\n<div data-spm-anchor-id=\"a2g0o.detail.1000023.i3.e6e694b8xueC6o\">\n<ul>\n<li><strong><span style=\"font-size: 16px;\">L\u00e2mpada germicida ultravioleta UV-C: <\/span><\/strong>Irradie o interior de todos os \u00e2ngulos para eliminar eficazmente as bact\u00e9rias na \u00e1gua, reduzir as bact\u00e9rias aderidas ao filtro e manter o ar limpo.<\/li>\n<li><strong><span style=\"font-size: 16px;\">Tecnologia de Refrigera\u00e7\u00e3o R\u00e1pida<\/span><\/strong><span style=\"font-size: 16px;\">Sistema de resfriamento r\u00e1pido por n\u00e9voa de gelo nano, que utiliza a for\u00e7a do vento do ventilador para proporcionar um resfriamento potente e imediato.<\/span><\/li>\n<li><strong><span style=\"font-size: 16px;\">Tecnologia ultrass\u00f4nica de atomiza\u00e7\u00e3o Nano Spray: <\/span><\/strong><span style=\"font-size: 16px;\">A pele pode ser hidratada eficazmente e o produto penetra levemente na pele. Atomizador recentemente aprimorado, com volume de spray maior e mais frio.<\/span><\/li>\n<li><strong><span style=\"font-size: 16px;\">Luzes LED de 7 cores, pode usar \u00f3leos essenciais.<\/span><\/strong><span style=\"font-size: 16px;\">Ilumina\u00e7\u00e3o LED de 7 cores; voc\u00ea pode escolher de acordo com seu humor. Adicione \u00f3leo essencial ao reservat\u00f3rio de \u00e1gua, que pode ser usado como um aromatizador. Um design silencioso que reduz o ru\u00eddo em 30% permite que voc\u00ea durma tranquilamente.<\/span><\/li>\n<li><strong><span style=\"font-size: 16px;\">Filtro de esteriliza\u00e7\u00e3o por \u00edons de prata: <\/span><\/strong><span style=\"font-size: 16px;\">O filtro utiliza tecnologia de esteriliza\u00e7\u00e3o com \u00edons de prata para remover mofo e bact\u00e9rias do ar com mais efici\u00eancia. Absorve mais \u00e1gua e aumenta a evapora\u00e7\u00e3o. F\u00e1cil de desmontar e limpar.<\/span><\/li>\n<\/ul>\n<div style=\"text-align: center;\"><strong><span style=\"font-size: 16px;\">Lista de embalagem:<\/span><\/strong><\/div>\n<ul>\n<li><span style=\"font-size: 16px;\">1 x Resfriador de ar.<\/span><\/li>\n<li><span style=\"font-size: 16px;\">1 x Filtro para Resfriador de Ar,<\/span><span style=\"font-size: 16px;\"> Linha USB e usu\u00e1rio<\/span><span style=\"font-size: 16px;\"> Manual.<\/span><\/li>\n<\/ul>\n<div>\n<p><img decoding=\"async\" class=\"aligncenter\" src=\"\/\/ae01.alicdn.com\/kf\/H0e9560c15fe046fe8e6dbda115cec7c2w.jpg\" width=\"800\" height=\"1179\" \/><\/p>\n<p style=\"text-align: center;\"><a href=\"#addtocart\" class=\"button primary is-primary is-medium\" >\n\t\t<span>ADQUIRA O SEU!<\/span>\n\t<\/a>\n\n<hr \/>\n<\/div>\n<div><\/div>\n<\/div>\n<div>\n<div data-spm-anchor-id=\"a2g0o.detail.1000023.i3.e6e694b8xueC6o\"><\/div>\n<\/div>\n<h2 style=\"text-align: center;\"><span style=\"color: #666666; font-size: 1.25rem;\"><strong>Perguntas e Respostas sobre o Purificador e Resfriador de Ar USB<\/strong><br \/>\n<\/span><\/h2>\n<\/div>\n<\/div>\n<p style=\"text-align: center;\"><span class=\"qa-item-question\"><strong>Por que posso considerar seu climatizador port\u00e1til de baixo consumo de energia com motor de alta velocidade muito melhor do que os vendidos em outras lojas?<\/strong><\/span><br \/>\n<span class=\"qa-item-answer\">Ao comprar o Mini Ar Condicionado USB, nossos clientes podem ter certeza de que est\u00e3o adquirindo um produto de alta qualidade por um pre\u00e7o justo, pois nos orgulhamos de satisfazer nossos clientes, oferecendo-lhes boa qualidade e pre\u00e7os baixos.<\/span><\/p>\n<p><img decoding=\"async\" class=\"aligncenter\" src=\"\/\/ae01.alicdn.com\/kf\/He457895a4e0348c7ab8e76dfc3f80219t.jpg\" width=\"800\" height=\"1068\" \/><\/p>\n<p style=\"text-align: center;\"><span class=\"qa-item-question\"><strong>Seu fornecedor utiliza algum material t\u00f3xico durante a produ\u00e7\u00e3o do Mini Ar Condicionado de Alta Efici\u00eancia?<\/strong><\/span><br \/>\n<span class=\"qa-item-answer\">Damos muita aten\u00e7\u00e3o \u00e0 qualidade dos nossos produtos, incluindo o Mini Ar Condicionado USB. Por isso, tudo o que vendemos \u00e9 dur\u00e1vel e seguro.<\/span><\/p>\n<p><img decoding=\"async\" class=\"aligncenter\" src=\"\/\/ae01.alicdn.com\/kf\/H56927c6b72654842992eaf83706be9e2X.jpg\" width=\"800\" height=\"867\" \/><\/p>\n<p style=\"text-align: center;\"><span class=\"qa-item-question\"><strong>Quanto?<\/strong><\/span><br \/>\n<span class=\"qa-item-answer\">Voc\u00ea pode encomendar este item por <span class=\"ads-addon-price\" data-currency=\"USD\">$19.95<\/span>.<\/span><\/p>\n<p><img decoding=\"async\" class=\"aligncenter\" src=\"\/\/ae01.alicdn.com\/kf\/H4727605d55af400787c1499c8435aff2J.jpg\" width=\"800\" height=\"1353\" \/><\/p>\n<h4 style=\"text-align: center;\"><span class=\"qa-item-question\"><strong>O pre\u00e7o inclui impostos?<\/strong><\/span><br \/>\n<span class=\"qa-item-answer\">Voc\u00ea ver\u00e1 o custo final da compra, incluindo os impostos (se aplic\u00e1veis), na p\u00e1gina de finaliza\u00e7\u00e3o da compra. Em outras palavras, voc\u00ea poder\u00e1 verificar se ter\u00e1 que pagar algum valor adicional antes de confirmar o pedido.<\/span><\/h4>\n<p><img decoding=\"async\" class=\"aligncenter\" src=\"\/\/ae01.alicdn.com\/kf\/H72ebb3f03a904804920ab47ba4b4f2d9Q.jpg\" width=\"800\" height=\"983\" \/><\/p>\n<p style=\"text-align: center;\"><span class=\"qa-item-question\"><strong>Este produto apresenta algum ponto forte na opini\u00e3o de seus compradores anteriores?<\/strong><\/span><br \/>\n<span class=\"qa-item-answer\">Nossos clientes est\u00e3o sempre satisfeitos com o Mini Resfriador de Ar USB e elogiam sua qualidade excepcional e design atraente. Ent\u00e3o, n\u00e3o hesite em fazer seu pedido!<\/span><\/p>\n<p><img decoding=\"async\" class=\"aligncenter\" src=\"\/\/ae01.alicdn.com\/kf\/Hd33959edd0f6420985eaa1b4acc0bccbD.jpg\" width=\"800\" height=\"1068\" \/><\/p>\n<p style=\"text-align: center;\"><span class=\"qa-item-question\"><strong>Gostaria de fornecer aos seus futuros clientes uma avalia\u00e7\u00e3o deste produto. Tudo bem?<\/strong><\/span><br \/>\n<span class=\"qa-item-answer\">Respeitamos a opini\u00e3o dos nossos clientes. Portanto, sinta-se \u00e0 vontade para compartilhar sua experi\u00eancia para nos ajudar a melhorar.<\/span><\/p>\n<div>\n<div style=\"text-align: center;\">\n<hr \/>\n<p><strong><span style=\"font-size: 23.04px;\">POL\u00cdTICAS DE ENCOMENDA E DA LOJA<\/span><\/strong><\/p>\n<\/div>\n<\/div>\n<p style=\"text-align: center;\"><span class=\"qa-item-question\"><strong>Posso receber meu purificador e climatizador de ar USB em outro endere\u00e7o? Quero dizer, em um endere\u00e7o diferente do meu endere\u00e7o residencial?<\/strong><\/span><br \/>\n<span class=\"qa-item-answer\">O comprador e o destinat\u00e1rio n\u00e3o precisam ser a mesma pessoa, portanto podemos entregar seu pacote em qualquer endere\u00e7o que voc\u00ea indicar. Obrigado.<\/span><\/p>\n<p><img decoding=\"async\" class=\"aligncenter\" src=\"\/\/ae01.alicdn.com\/kf\/He6177aa57a904be8a29ce6f0cd2b0f5ey.jpg\" width=\"801\" height=\"764\" \/><\/p>\n<h4 style=\"text-align: center;\"><span class=\"qa-item-question\"><strong>E se algo de errado acontecer com meu pedido durante o transporte?<\/strong><\/span><br \/>\n<span class=\"qa-item-answer\">Entre em contato conosco caso ocorra algum problema com sua encomenda durante o transporte. N\u00e3o se preocupe, pois voc\u00ea receber\u00e1 um reembolso integral se sua encomenda for extraviada ou danificada.<\/span><\/h4>\n<p><img decoding=\"async\" class=\"aligncenter\" src=\"\/\/ae01.alicdn.com\/kf\/H2e281a70fdcd486d8722ef1022c94d82u.jpg\" width=\"800\" height=\"1118\" \/><\/p>\n<h4 style=\"text-align: center;\"><span class=\"qa-item-question\"><strong>Quantas dessas unidades est\u00e3o em estoque?<\/strong><\/span><br \/>\n<span class=\"qa-item-answer\">O estoque do ar-condicionado port\u00e1til com filtro de esteriliza\u00e7\u00e3o por \u00edons de prata come\u00e7ar\u00e1 a se esgotar nos pr\u00f3ximos 3 a 4 dias, por isso recomendamos que voc\u00ea fa\u00e7a seu pedido o mais r\u00e1pido poss\u00edvel.<\/span><\/h4>\n<p><img decoding=\"async\" class=\"aligncenter\" src=\"\/\/ae01.alicdn.com\/kf\/H1dc1f7c18f2246deb93548b9f827707ar.jpg\" width=\"800\" height=\"1017\" \/><\/p>\n<p style=\"text-align: center;\"><span class=\"qa-item-question\"><strong>E se eu precisar alterar a cor ou cancelar meu pedido?<\/strong><\/span><br \/>\n<span class=\"qa-item-answer\">Fique \u00e0 vontade para entrar em contato com o servi\u00e7o de atendimento ao cliente. Nossos especialistas est\u00e3o ansiosos para ajud\u00e1-lo com o seu pedido.<\/span><\/p>\n<p><img decoding=\"async\" class=\"aligncenter\" src=\"\/\/ae01.alicdn.com\/kf\/H218c91baf01b44b8b237be43020a92acW.jpg\" width=\"799\" height=\"1066\" \/><\/p>\n<p style=\"text-align: center;\"><span class=\"qa-item-question\"><strong>Voc\u00eas t\u00eam alguns produtos bons, mas posso confiar na loja de voc\u00eas?<\/strong><\/span><br \/>\n<span class=\"qa-item-answer\">Nossa loja tem reputa\u00e7\u00e3o de fornecedora confi\u00e1vel. Portanto, se voc\u00ea verificar os coment\u00e1rios de nossos clientes anteriores, ver\u00e1 que muitos clientes atuais j\u00e1 foram atendidos por n\u00f3s.<\/span><\/p>\n<p><img decoding=\"async\" class=\"aligncenter\" src=\"https:\/\/ae01.alicdn.com\/kf\/H389d8757f6a248cab284b0697e3a3c23Y\/UVC-Sterilization-Mini-Portable-Air-Conditioner-Humidifier-Air-Cooler-Personal-Space-Air-Cooling-USB-Rechargeable-Home.jpg_800x800q80.jpg.webp\" \/><\/p>\n<p style=\"text-align: center;\"><span class=\"qa-item-question\"><strong>N\u00e3o consigo comprar o Mini Ar Condicionado de Alta Efici\u00eancia offline?<\/strong><\/span><br \/>\n<span class=\"qa-item-answer\">As lojas f\u00edsicas oferecem uma gama de produtos mais limitada em termos de varia\u00e7\u00f5es dispon\u00edveis. Al\u00e9m disso, \u00e9 prov\u00e1vel que pratiquem pre\u00e7os mais altos para o mesmo Mini Resfriador de Ar USB.<\/span><\/p>\n<p><img decoding=\"async\" class=\"aligncenter\" src=\"\/\/ae01.alicdn.com\/kf\/Hb8d065012e374b02be4e3ec4ea8822edL.jpg\" width=\"797\" height=\"1116\" \/><\/p>\n<p style=\"text-align: center;\"><a href=\"#addtocart\" class=\"button primary is-primary is-medium\" >\n\t\t<span>ADQUIRA O SEU!<\/span>\n\t<\/a>\n\n<hr \/>\n<p><img decoding=\"async\" class=\"aligncenter\" src=\"\/\/ae01.alicdn.com\/kf\/H02f2536b66fa4cb2bf8078baaca73e49r.jpg\" width=\"800\" height=\"1303\" \/><\/p>\n<hr \/>\n<h2 class=\"uppercase\" style=\"text-align: center;\"><span style=\"color: #ff0000;\"><strong>Todos os equipamentos de treino em casa com at\u00e9 60% de desconto<\/strong><\/span><\/h2>\n<p><a href=\"https:\/\/refuseyoulose.com\/product-category\/deals-for-men\/sportswear-for-men\/\"><img decoding=\"async\" class=\"size-full wp-image-189523 aligncenter\" src=\"https:\/\/refuseyoulose.com\/wp-content\/uploads\/2019\/06\/Long-Sleeve-Spider-Man-Workout-Shirt-size-SmallMediumLargeXL2XL3XL-Refuse-You-Lose-1.png\" alt=\"\" width=\"779\" height=\"438\" \/><\/a><\/p>\n<hr \/>\n<h2 class=\"uppercase\" style=\"text-align: center;\"><span style=\"color: #ff0000;\"><strong>Precisa de prote\u00e7\u00e3o contra o coronav\u00edrus?<\/strong><\/span><\/h2>\n<p style=\"text-align: center;\"><span style=\"font-size: 110%;\">N\u00f3s nos importamos com voc\u00ea. Por isso, firmamos uma parceria com <a href=\"https:\/\/drkillpain.com\" target=\"_blank\" rel=\"noopener\">DrKillpain.com<\/a> Para lhe oferecer os melhores equipamentos de prote\u00e7\u00e3o dispon\u00edveis.<\/span><\/p>\n<p><a href=\"https:\/\/drkillpain.com\/product-category\/protection-against-covid-19\/face-masks-face-shields\/face-masks\/jackets-with-face-mask\/\"><img decoding=\"async\" class=\"size-full wp-image-189522 aligncenter\" src=\"https:\/\/refuseyoulose.com\/wp-content\/uploads\/2019\/06\/Long-Sleeve-Spider-Man-Workout-Shirt-size-SmallMediumLargeXL2XL3XL-Refuse-You-Lose.png\" alt=\"\" width=\"1024\" height=\"576\" \/><\/a><\/p>\n<p class=\"mceTemp\" style=\"text-align: center;\"><strong><span style=\"font-size: 120%;\">Use o cupom <span style=\"color: #ed1c24;\">RECUSEVOPERDE<\/span> para economizar 10% em toda a sua compra de <a href=\"https:\/\/drkillpain.com\" target=\"_blank\" rel=\"noopener\">DrKillpain.com<\/a>.<\/span><\/strong><\/p>","protected":false},"excerpt":{"rendered":"<p>Desfrute de ar fresco e purificado no ambiente com este Mini Ar Condicionado USB!<\/p>","protected":false},"featured_media":959,"comment_status":"open","ping_status":"closed","template":"","meta":{"slim_seo":{"title":"Ar condicionado e purificador USB de alta velocidade","description":"Compre um ar-condicionado USB de alta velocidade! Frete gr\u00e1tis para 185 pa\u00edses. Garantia de devolu\u00e7\u00e3o do dinheiro em 45 dias. Resfriador e purificador de ar USB."}},"product_brand":[],"product_cat":[28,27],"product_tag":[427,426,433,431,432,430,428,429],"class_list":{"0":"post-949","1":"product","2":"type-product","3":"status-publish","4":"has-post-thumbnail","6":"product_cat-new-arrivals","7":"product_cat-uncategorized","8":"product_tag-air-conditioner","9":"product_tag-air-cooler","10":"product_tag-air-humidifier","11":"product_tag-air-purifier","12":"product_tag-portable-air-conditioner","13":"product_tag-ultraviolet-c-sterilization","14":"product_tag-usb-air-conditioner","15":"product_tag-uv-c-sterilization","16":"tm-has-styled-variations","17":"tm-variations-only","19":"first","20":"instock","21":"sale","22":"taxable","23":"shipping-taxable","24":"purchasable","25":"product-type-variable"},"_links":{"self":[{"href":"https:\/\/startmeabiz.com\/pt\/wp-json\/wp\/v2\/product\/949","targetHints":{"allow":["GET"]}}],"collection":[{"href":"https:\/\/startmeabiz.com\/pt\/wp-json\/wp\/v2\/product"}],"about":[{"href":"https:\/\/startmeabiz.com\/pt\/wp-json\/wp\/v2\/types\/product"}],"replies":[{"embeddable":true,"href":"https:\/\/startmeabiz.com\/pt\/wp-json\/wp\/v2\/comments?post=949"}],"wp:featuredmedia":[{"embeddable":true,"href":"https:\/\/startmeabiz.com\/pt\/wp-json\/wp\/v2\/media\/959"}],"wp:attachment":[{"href":"https:\/\/startmeabiz.com\/pt\/wp-json\/wp\/v2\/media?parent=949"}],"wp:term":[{"taxonomy":"product_brand","embeddable":true,"href":"https:\/\/startmeabiz.com\/pt\/wp-json\/wp\/v2\/product_brand?post=949"},{"taxonomy":"product_cat","embeddable":true,"href":"https:\/\/startmeabiz.com\/pt\/wp-json\/wp\/v2\/product_cat?post=949"},{"taxonomy":"product_tag","embeddable":true,"href":"https:\/\/startmeabiz.com\/pt\/wp-json\/wp\/v2\/product_tag?post=949"}],"curies":[{"name":"wp","href":"https:\/\/api.w.org\/{rel}","templated":true}]}}