{"id":939,"date":"2023-02-20T10:00:28","date_gmt":"2023-02-20T16:00:28","guid":{"rendered":"https:\/\/startmeabiz.com\/product\/baseus-magnetic-car-humidifier-air-purifier-360-degree-air-outlet-handheld-auto-air-freshener-car-air-diffuser\/"},"modified":"2025-12-03T04:02:02","modified_gmt":"2025-12-03T10:02:02","slug":"umidificador-portatil-para-carro","status":"publish","type":"product","link":"https:\/\/startmeabiz.com\/pt\/produto\/umidificador-portatil-para-carro\/","title":{"rendered":"Umidificador port\u00e1til para carro"},"content":{"rendered":"<h1 style=\"text-align: center;\"><span style=\"color: #e03e2d;\"><em>Umidificador port\u00e1til para carro<\/em> \u00c0 VENDA AGORA: 38% DE DESCONTO!<\/span><\/h1>\n<p style=\"text-align: center;\">Aja r\u00e1pido e garanta uma oferta exclusiva. <span style=\"color: #e03e2d;\"><strong>38% <\/strong><span style=\"color: #000000;\">desligado ligado<\/span><\/span> nosso <strong>Umidificador port\u00e1til para carro!<\/strong><\/p>\n<p style=\"text-align: center;\"><span style=\"font-family: -apple-system, BlinkMacSystemFont, 'Segoe UI', Roboto, Oxygen, Ubuntu, Cantarell, 'Open Sans', 'Helvetica Neue', sans-serif;\">Estamos com uma promo\u00e7\u00e3o por tempo limitado no nosso Umidificador de Ar para Carro por apenas <\/span><span style=\"font-family: -apple-system, BlinkMacSystemFont, 'Segoe UI', Roboto, Oxygen, Ubuntu, Cantarell, 'Open Sans', 'Helvetica Neue', sans-serif; color: #2dc26b;\"><strong><span class=\"ads-addon-price\" data-currency=\"USD\">$24.95<\/span><\/strong><span style=\"color: #000000;\">. Descubra por que esta loja tem a melhor sele\u00e7\u00e3o e qualidade imbat\u00edvel:<\/span><\/span><\/p>\n<p><img decoding=\"async\" class=\"aligncenter\" src=\"\/\/ae01.alicdn.com\/kf\/Hef8ba89af7f444608fe1176c88b70fc4c.jpg\" width=\"800\" height=\"1266\" \/><\/p>\n<p style=\"text-align: center;\"><span class=\"qa-item-answer\"><a href=\"#addtocart\" class=\"button primary is-primary is-medium\" >\n\t\t<span>COMPRAR AGORA!<\/span>\n\t<\/a>\n<\/span><\/p>\n<div>\n<hr \/>\n<h2 style=\"text-align: center;\"><strong><em>Umidificador port\u00e1til para carro<\/em>: UMA AN\u00c1LISE MAIS DETALHADA<\/strong><\/h2>\n<ul>\n<li><strong>Material:<\/strong> Silicone + PC + ABS.<\/li>\n<li><strong>Peso:<\/strong> 180g.<\/li>\n<li><strong>Tipo:<\/strong> Umidificador port\u00e1til<\/li>\n<\/ul>\n<p style=\"text-align: center;\">Sim, \u00e9 exatamente isso que voc\u00ea obt\u00e9m ao comprar conosco. Portanto, n\u00e3o perca a chance de adquirir um produto de alta qualidade a um pre\u00e7o acess\u00edvel!<\/p>\n<p><img decoding=\"async\" class=\"aligncenter\" src=\"\/\/ae01.alicdn.com\/kf\/H4526c4ec7bf548fab6975de31bb7528aG.jpg\" width=\"800\" height=\"1209\" \/><\/p>\n<p style=\"text-align: center;\"><span class=\"qa-item-answer\"><a href=\"#addtocart\" class=\"button primary is-primary is-medium\" >\n\t\t<span>COMPRAR AGORA!<\/span>\n\t<\/a>\n<\/span><\/p>\n<\/div>\n<hr \/>\n<h2 class=\"qa-title\" style=\"text-align: center;\"><strong>Umidificador port\u00e1til para carro: perguntas e respostas<\/strong><\/h2>\n<p style=\"text-align: center;\"><span class=\"qa-item-question\"><strong>Considerando o pre\u00e7o do seu Aromatizador de Ar Magn\u00e9tico USB para Carro, de que material ele \u00e9 feito?<\/strong><\/span><br \/>\n<span class=\"qa-item-answer\">N\u00e3o se preocupe, pois utilizamos apenas materiais de alta qualidade para fabricar o Umidificador Port\u00e1til para Carro.<\/span><\/p>\n<p><img decoding=\"async\" class=\"aligncenter\" src=\"\/\/ae01.alicdn.com\/kf\/Hb085e3e493f0452bb213e4f6e7c45c05c.jpg\" width=\"801\" height=\"1617\" \/><\/p>\n<p style=\"text-align: center;\"><span class=\"qa-item-question\"><strong>Este produto atende aos padr\u00f5es de fabrica\u00e7\u00e3o da ind\u00fastria?<\/strong><\/span><br \/>\n<span class=\"qa-item-answer\">Nossa loja dedica especial aten\u00e7\u00e3o \u00e0 qualidade dos produtos distribu\u00eddos e \u00e0 conformidade com os padr\u00f5es de fabrica\u00e7\u00e3o. Portanto, voc\u00ea n\u00e3o precisa se preocupar com o Umidificador Port\u00e1til para Carro.<\/span><\/p>\n<p><img decoding=\"async\" class=\"aligncenter\" src=\"\/\/ae01.alicdn.com\/kf\/Hd0905453d293415a9d405846795c2bc8w.jpg\" width=\"800\" height=\"1314\" \/><\/p>\n<p style=\"text-align: center;\"><span class=\"qa-item-question\"><strong>N\u00e3o tenho certeza se estou pronto para comprar. Este \u00e9 o pre\u00e7o certo?<\/strong><\/span><br \/>\n<span class=\"qa-item-answer\">Analisamos o mercado e reduzimos nossas despesas ao m\u00e1ximo. Por isso, temos certeza de que voc\u00ea n\u00e3o encontrar\u00e1 um pre\u00e7o melhor.<\/span><\/p>\n<p><img decoding=\"async\" class=\"aligncenter\" src=\"\/\/ae01.alicdn.com\/kf\/H7123c00b1c564c9ab00adb15487008a7f.jpg\" width=\"800\" height=\"1495\" \/><\/p>\n<p style=\"text-align: center;\"><span class=\"qa-item-question\"><strong>Haver\u00e1 alguma taxa extra se eu encomendar o seu Mini Purificador de Carro Magn\u00e9tico com Nebulizador?<\/strong><\/span><br \/>\n<span class=\"qa-item-answer\">Voc\u00ea ver\u00e1 o pre\u00e7o total na p\u00e1gina de finaliza\u00e7\u00e3o da compra. Em outras palavras, ele incluir\u00e1 todas as taxas e impostos necess\u00e1rios (se aplic\u00e1veis \u00e0 sua regi\u00e3o).<\/span><\/p>\n<p><img decoding=\"async\" class=\"aligncenter\" src=\"\/\/ae01.alicdn.com\/kf\/H96d3a25d0e7f465dbf2547cd4dfde8d1C.jpg\" width=\"801\" height=\"1038\" \/><\/p>\n<p style=\"text-align: center;\"><span class=\"qa-item-question\"><strong>Quero postar uma foto da minha compra no Facebook. Tem algum problema?<\/strong><\/span><br \/>\n<span class=\"qa-item-answer\">Valorizamos a opini\u00e3o dos nossos clientes sobre os nossos produtos. Por isso, n\u00e3o hesite em partilhar a sua experi\u00eancia.<\/span><\/p>\n<p><img decoding=\"async\" class=\"aligncenter\" src=\"\/\/ae01.alicdn.com\/kf\/Hc13664d2fcca4df6bc9aec83d13640c2d.jpg\" width=\"801\" height=\"1067\" \/><\/p>\n<p style=\"text-align: center;\"><span class=\"qa-item-question\"><strong>E se eu n\u00e3o gostar do meu mini umidificador USB para carro de 360 graus?<\/strong><\/span><br \/>\n<span class=\"qa-item-answer\">Voc\u00ea pode entrar em contato conosco, explicar seu problema e n\u00f3s o resolveremos. Al\u00e9m disso, temos uma pol\u00edtica de reembolso favor\u00e1vel ao cliente.<\/span><\/p>\n<div>\n<p><img decoding=\"async\" class=\"aligncenter\" src=\"\/\/ae01.alicdn.com\/kf\/Heb318ca0e7c9402e8e99a1c7dbd4d3c9o.jpg\" width=\"800\" height=\"1000\" \/><\/p>\n<\/div>\n<hr \/>\n<h2 class=\"qa-title\" style=\"text-align: center;\"><strong>POL\u00cdTICAS DE ENCOMENDA E DA LOJA<\/strong><\/h2>\n<p style=\"text-align: center;\"><span class=\"qa-item-question\"><strong>Posso encomendar v\u00e1rios produtos de uma s\u00f3 vez?<\/strong><\/span><br \/>\n<span class=\"qa-item-answer\">N\u00e3o impomos limite \u00e0 quantidade de produtos em um pedido, desde que haja estoque suficiente. Ent\u00e3o, pode fazer seu pedido sem problemas!<\/span><\/p>\n<p><img decoding=\"async\" class=\"aligncenter\" src=\"\/\/ae01.alicdn.com\/kf\/Hd5b49835424a4c22a592464458556233Y.jpg\" width=\"800\" height=\"1274\" \/><\/p>\n<p style=\"text-align: center;\"><span class=\"qa-item-question\"><strong>Como voc\u00eas embalam os pedidos?<\/strong><\/span><br \/>\n<span class=\"qa-item-answer\">Utilizamos todos os m\u00e9todos poss\u00edveis para proteger suas encomendas, pois \u00e9 nossa maior responsabilidade proteg\u00ea-las contra danos.<\/span><\/p>\n<p><img decoding=\"async\" class=\"aligncenter\" src=\"\/\/ae01.alicdn.com\/kf\/H8018bcad2bcc49c5b816e733567529eeb.jpg\" width=\"800\" height=\"733\" \/><\/p>\n<p style=\"text-align: center;\"><span class=\"qa-item-question\"><strong>Posso acelerar o processo de entrega se usar uma determinada op\u00e7\u00e3o de pagamento?<\/strong><\/span><br \/>\n<span class=\"qa-item-answer\">Seu m\u00e9todo de pagamento n\u00e3o influencia a velocidade de entrega do Umidificador de Ar para Carro. Em outras palavras, escolha o que for mais conveniente para voc\u00ea.<\/span><\/p>\n<p><img decoding=\"async\" class=\"aligncenter\" src=\"https:\/\/startmeabiz.com\/wp-content\/uploads\/2021\/08\/939-36512d.jpg\" width=\"800\" height=\"500\" \/><\/p>\n<p style=\"text-align: center;\"><span class=\"qa-item-question\"><strong>Como posso comprar um umidificador port\u00e1til para carro?<\/strong><\/span><br \/>\n<span class=\"qa-item-answer\">Por favor, pense na quantidade de itens que deseja comprar e selecione suas varia\u00e7\u00f5es. Em seguida, <span class=\"ads-addon-add-to-cart\">ADICIONAR AO CARRINHO<\/span> Selecione o produto que voc\u00ea escolheu e siga as instru\u00e7\u00f5es na p\u00e1gina de finaliza\u00e7\u00e3o da compra para concluir seu pedido e efetuar o pagamento. Logo em seguida, receberemos essas informa\u00e7\u00f5es e come\u00e7aremos a preparar o seu pacote.<\/span><\/p>\n<p><img decoding=\"async\" class=\"aligncenter\" src=\"\/\/ae01.alicdn.com\/kf\/Hed2cb06638af4361aa988b9a4d45cdc5L.jpg\" width=\"801\" height=\"1312\" \/><\/p>\n<p style=\"text-align: center;\"><span class=\"qa-item-question\"><strong>O que torna sua loja melhor do que as outras?<\/strong><\/span><br \/>\n<span class=\"qa-item-answer\">Nossa principal prioridade \u00e9 construir relacionamentos amig\u00e1veis com nossos clientes. Fazemos o poss\u00edvel para que nossos neg\u00f3cios sejam mutuamente ben\u00e9ficos, tanto para nossos clientes quanto para n\u00f3s. \u00c9 por isso que sempre oferecemos produtos de qualidade e praticamos pre\u00e7os justos.<\/span><\/p>\n<p><img decoding=\"async\" class=\"aligncenter\" src=\"\/\/ae01.alicdn.com\/kf\/H80040b879ba945bc98920bbee5daa35cP.jpg\" width=\"800\" height=\"1150\" \/><\/p>\n<p style=\"text-align: center;\"><span class=\"qa-item-question\"><strong>A loja parece \u00f3tima. No entanto, voc\u00eas s\u00e3o realmente um fornecedor confi\u00e1vel?<\/strong><\/span><br \/>\n<span class=\"qa-item-answer\">Fique \u00e0 vontade para conferir o feedback de nossos clientes anteriores a qualquer momento. Assim, voc\u00ea ver\u00e1 que n\u00e3o h\u00e1 motivos para se preocupar com nossa confiabilidade e seguran\u00e7a.<\/span><\/p>\n<div>\n<p><img decoding=\"async\" class=\"aligncenter\" src=\"\/\/ae01.alicdn.com\/kf\/Hf1e606cf380447ca88e9e3b6c59b5261q.jpg\" width=\"800\" height=\"1295\" \/><\/p>\n<p style=\"text-align: center;\"><span class=\"qa-item-answer\"><a href=\"#addtocart\" class=\"button primary is-primary is-medium\" >\n\t\t<span>COMPRAR AGORA!<\/span>\n\t<\/a>\n<\/span><\/p>\n<\/div>\n<p><iframe style=\"display: none;\" src=\"about:blank\"><\/iframe><\/p>\n<hr \/>\n<h2 class=\"uppercase\" style=\"text-align: center;\"><span style=\"color: #ff0000;\"><strong>Todos os equipamentos de treino em casa com at\u00e9 60% de desconto<\/strong><\/span><\/h2>\n<p><a href=\"https:\/\/refuseyoulose.com\/product-category\/deals-for-men\/sportswear-for-men\/\"><img decoding=\"async\" class=\"size-full wp-image-189523 aligncenter\" src=\"https:\/\/refuseyoulose.com\/wp-content\/uploads\/2019\/06\/Long-Sleeve-Spider-Man-Workout-Shirt-size-SmallMediumLargeXL2XL3XL-Refuse-You-Lose-1.png\" alt=\"\" width=\"779\" height=\"438\" \/><\/a><\/p>\n<h2 class=\"uppercase\" style=\"text-align: center;\"><\/h2>\n<hr \/>\n<h2 class=\"uppercase\" style=\"text-align: center;\"><span style=\"color: #ff0000;\"><strong>Precisa de prote\u00e7\u00e3o contra o coronav\u00edrus?<\/strong><\/span><\/h2>\n<p style=\"text-align: center;\"><span style=\"font-size: 110%;\">N\u00f3s nos importamos com voc\u00ea. Por isso, firmamos uma parceria com <a href=\"https:\/\/drkillpain.com\" target=\"_blank\" rel=\"noopener\">DrKillpain.com<\/a> Para lhe oferecer os melhores equipamentos de prote\u00e7\u00e3o dispon\u00edveis.<\/span><\/p>\n<p><a href=\"https:\/\/drkillpain.com\/product-category\/protection-against-covid-19\/face-masks-face-shields\/face-masks\/jackets-with-face-mask\/\"><img decoding=\"async\" class=\"size-full wp-image-189522 aligncenter\" src=\"https:\/\/refuseyoulose.com\/wp-content\/uploads\/2019\/06\/Long-Sleeve-Spider-Man-Workout-Shirt-size-SmallMediumLargeXL2XL3XL-Refuse-You-Lose.png\" alt=\"\" width=\"1024\" height=\"576\" \/><\/a><\/p>\n<p class=\"mceTemp\" style=\"text-align: center;\"><strong><span style=\"font-size: 120%;\">Use o cupom <span style=\"color: #ed1c24;\">RECUSEVOPERDE<\/span> para economizar 10% em toda a sua compra de <a href=\"https:\/\/drkillpain.com\" target=\"_blank\" rel=\"noopener\">DrKillpain.com<\/a>.<\/span><\/strong><\/p>","protected":false},"excerpt":{"rendered":"<p><strong>Torne qualquer momento no seu carro mais confort\u00e1vel com este mini umidificador magn\u00e9tico USB para carro com rota\u00e7\u00e3o de 360 graus!<\/strong><iframe style=\"display: none;\" src=\"about:blank\"><\/iframe><\/p>","protected":false},"featured_media":942,"comment_status":"open","ping_status":"closed","template":"","meta":{"slim_seo":{"title":"Umidificador de carro mini USB magn\u00e9tico de 360 graus","description":"Compre o Mini Umidificador Magn\u00e9tico USB para Carro com Rota\u00e7\u00e3o de 360 Graus! Frete gr\u00e1tis para 185 pa\u00edses. Garantia de devolu\u00e7\u00e3o do dinheiro em 45 dias. Umidificador port\u00e1til para carro."}},"product_brand":[],"product_cat":[28],"product_tag":[582,433,431,581,583,580],"class_list":{"0":"post-939","1":"product","2":"type-product","3":"status-publish","4":"has-post-thumbnail","6":"product_cat-new-arrivals","7":"product_tag-air-freshener-for-car","8":"product_tag-air-humidifier","9":"product_tag-air-purifier","10":"product_tag-air-purifier-for-car","11":"product_tag-car-purifier-fogger","12":"product_tag-humidifier-for-car","13":"tm-has-styled-variations","14":"tm-variations-only","16":"first","17":"instock","18":"sale","19":"taxable","20":"shipping-taxable","21":"purchasable","22":"product-type-variable"},"_links":{"self":[{"href":"https:\/\/startmeabiz.com\/pt\/wp-json\/wp\/v2\/product\/939","targetHints":{"allow":["GET"]}}],"collection":[{"href":"https:\/\/startmeabiz.com\/pt\/wp-json\/wp\/v2\/product"}],"about":[{"href":"https:\/\/startmeabiz.com\/pt\/wp-json\/wp\/v2\/types\/product"}],"replies":[{"embeddable":true,"href":"https:\/\/startmeabiz.com\/pt\/wp-json\/wp\/v2\/comments?post=939"}],"wp:featuredmedia":[{"embeddable":true,"href":"https:\/\/startmeabiz.com\/pt\/wp-json\/wp\/v2\/media\/942"}],"wp:attachment":[{"href":"https:\/\/startmeabiz.com\/pt\/wp-json\/wp\/v2\/media?parent=939"}],"wp:term":[{"taxonomy":"product_brand","embeddable":true,"href":"https:\/\/startmeabiz.com\/pt\/wp-json\/wp\/v2\/product_brand?post=939"},{"taxonomy":"product_cat","embeddable":true,"href":"https:\/\/startmeabiz.com\/pt\/wp-json\/wp\/v2\/product_cat?post=939"},{"taxonomy":"product_tag","embeddable":true,"href":"https:\/\/startmeabiz.com\/pt\/wp-json\/wp\/v2\/product_tag?post=939"}],"curies":[{"name":"wp","href":"https:\/\/api.w.org\/{rel}","templated":true}]}}