{"id":862,"date":"2022-07-05T17:00:39","date_gmt":"2022-07-05T22:00:39","guid":{"rendered":"https:\/\/startmeabiz.com\/product\/muti-fuction-adult-non-contact-digital-infrared-temperature-measurement-k3-forehead-with-fever-alarm-safety-survival-deviceg4\/"},"modified":"2025-12-03T04:24:48","modified_gmt":"2025-12-03T10:24:48","slug":"termometro-sem-contato","status":"publish","type":"product","link":"https:\/\/startmeabiz.com\/pt\/produto\/termometro-sem-contato\/","title":{"rendered":"Term\u00f4metro sem contato"},"content":{"rendered":"<h2 style=\"text-align: center;\"><span style=\"color: #e03e2d;\"><em>TERM\u00d4METRO SEM CONTATO<\/em>, 33% DESLIGADO!<\/span><\/h2>\n<p style=\"text-align: center;\">Uma boa promo\u00e7\u00e3o s\u00f3 acontece de vez em quando, ent\u00e3o n\u00e3o perca nosso pre\u00e7o imperd\u00edvel em <strong>um term\u00f4metro sem contato<\/strong>. Esta loja garante uma sele\u00e7\u00e3o de produtos de qualidade, incluindo o nosso Term\u00f4metro, para uma experi\u00eancia de compra maravilhosa.<\/p>\n<p style=\"text-align: center;\">Compre agora e aproveite nosso frete internacional. Em seguida, confira as se\u00e7\u00f5es abaixo para saber mais sobre o nosso produto.<\/p>\n<p><b><img decoding=\"async\" class=\"aligncenter\" src=\"\/\/ae01.alicdn.com\/kf\/H2848320421f9453fb6618c16b5af0d96e.jpg\" width=\"800\" height=\"800\" \/><\/b><\/p>\n<p style=\"text-align: center;\"><a href=\"#addtocart\" class=\"button primary is-primary is-medium\" >\n\t\t<span>ADQUIRA O SEU!<\/span>\n\t<\/a>\n\n<hr \/>\n<h2 style=\"text-align: center;\"><strong><em>TERM\u00d4METRO SEM CONTATO<\/em> INFORMA\u00c7\u00c3O<\/strong><\/h2>\n<p style=\"text-align: center;\"><strong>Caracter\u00edsticas:<\/strong><\/p>\n<ol>\n<li>Precis\u00e3o de medi\u00e7\u00e3o em alta temperatura, toler\u00e2ncia de precis\u00e3o: \u00b10,2 (34~45\u2103)<\/li>\n<li>A luz vermelha pisca quando a temperatura est\u00e1 anormal; simples e direto, melhor conhecer a sa\u00fade.<\/li>\n<li>A medi\u00e7\u00e3o infravermelha sem contato que voc\u00ea n\u00e3o precisa segurar nas m\u00e3os e<br \/>\nreduz o risco de infec\u00e7\u00e3o cruzada<\/li>\n<li>Resposta r\u00e1pida e tela LCD grande e n\u00edtida com excelente legibilidade, que pode<br \/>\nreduzir o tempo de espera na fila<\/li>\n<li>F\u00e1cil de usar e adequado para: escrit\u00f3rios, resid\u00eancias, supermercados, entradas de condom\u00ednios.<\/li>\n<li>Medi\u00e7\u00e3o autom\u00e1tica: Dist\u00e2ncia de medi\u00e7\u00e3o de 5 cm a 10 cm<\/li>\n<li>Tempo de espera: Aproximadamente uma semana<\/li>\n<li>Dimens\u00f5es: 170*115*140mm<\/li>\n<li>Alarme autom\u00e1tico anormal: Piscando + som \u201cDi Di\u201d<\/li>\n<li>Tela: Visor digital<\/li>\n<li>Temperatura ambiente: 10\u2103~40\u2103 (Recomendado 15\u2103~35\u2103)<\/li>\n<li>Faixa de medi\u00e7\u00e3o por infravermelho: 0~50\u2103<\/li>\n<\/ol>\n<p><strong>Inclu\u00eddo no Pacote:<\/strong><\/p>\n<ul>\n<li>1 x Term\u00f4metro infravermelho sem contato.<\/li>\n<\/ul>\n<p><img decoding=\"async\" class=\"aligncenter\" src=\"\/\/ae01.alicdn.com\/kf\/Haae1693e20af49c0aff4a4893d66dde4X.jpg\" width=\"801\" height=\"801\" \/><\/p>\n<p style=\"text-align: center;\"><a href=\"#addtocart\" class=\"button primary is-primary is-medium\" >\n\t\t<span>ADQUIRA O SEU!<\/span>\n\t<\/a>\n\n<hr \/>\n<hr \/>\n<h2 class=\"qa-title\" style=\"text-align: center;\"><strong>PERGUNTAS E RESPOSTAS SOBRE O PRODUTO<\/strong><\/h2>\n<p style=\"text-align: center;\"><span class=\"qa-item-question\"><strong>Existem mais op\u00e7\u00f5es?<\/strong><\/span><br \/>\n<span class=\"qa-item-answer\">A descri\u00e7\u00e3o do <strong>Term\u00f4metro sem contato<\/strong> Inclui todas as varia\u00e7\u00f5es dispon\u00edveis, mas atualizamos esta se\u00e7\u00e3o regularmente caso surjam novas op\u00e7\u00f5es.<\/span><\/p>\n<p><img decoding=\"async\" class=\"aligncenter\" src=\"https:\/\/startmeabiz.com\/wp-content\/uploads\/2022\/07\/862-aead14.jpeg\" width=\"800\" height=\"640\" \/><\/p>\n<p style=\"text-align: center;\"><span class=\"qa-item-question\"><strong>As cores nas fotos correspondem \u00e0s cores reais?<\/strong><\/span><br \/>\n<span class=\"qa-item-answer\">As cores nas imagens correspondem \u00e0s cores reais do produto. <strong>Term\u00f4metro sem contato<\/strong> Voc\u00ea receber\u00e1. No entanto, lembre-se de que a tela da maioria dos dispositivos pode distorcer ligeiramente as cores reais.<\/span><\/p>\n<p><img decoding=\"async\" class=\"aligncenter\" src=\"\/\/ae01.alicdn.com\/kf\/H384b49ad99404745a028c25a425e4971u.jpg\" width=\"800\" height=\"800\" \/><\/p>\n<p style=\"text-align: center;\"><span class=\"qa-item-question\"><strong>Quanto custa isso?<\/strong><\/span><br \/>\n<span class=\"qa-item-answer\">Obrigado pelo seu interesse! O pre\u00e7o \u00e9 <span class=\"ads-addon-price\" data-currency=\"USD\">$123.95<\/span>.<\/span><\/p>\n<p><img decoding=\"async\" class=\"aligncenter\" src=\"\/\/ae01.alicdn.com\/kf\/H0cf19db56c86460c9b6c009b98a15a6fH.jpg\" width=\"799\" height=\"799\" \/><\/p>\n<p style=\"text-align: center;\"><span class=\"qa-item-question\"><strong>Terei que pagar alguma taxa extra de envio?<\/strong><\/span><br \/>\n<span class=\"qa-item-answer\">Caso haja taxas ou impostos adicionais a pagar, voc\u00ea os ver\u00e1 na finaliza\u00e7\u00e3o da compra. No entanto, voc\u00ea n\u00e3o precisa fazer nenhum pagamento adicional al\u00e9m desses.<\/span><\/p>\n<p><img decoding=\"async\" class=\"aligncenter\" src=\"\/\/ae01.alicdn.com\/kf\/H30af8c28a7a7438aaa9869e8e5aeb953i.jpg\" width=\"800\" height=\"800\" \/><\/p>\n<p style=\"text-align: center;\"><span class=\"qa-item-question\"><strong>Voc\u00eas me reembolsam se o produto n\u00e3o me agradar?<\/strong><\/span><br \/>\n<span class=\"qa-item-answer\">Analise cuidadosamente os arquivos de m\u00eddia do produto antes de compr\u00e1-lo. No entanto, se ainda assim n\u00e3o estiver satisfeito com o seu Term\u00f4metro Autom\u00e1tico para Escrit\u00f3rio, voc\u00ea pode solicitar um reembolso.<\/span><\/p>\n<p><img decoding=\"async\" class=\"aligncenter\" src=\"\/\/ae01.alicdn.com\/kf\/H205e2cb4e5114d0aa9219aa191c204403.jpg\" width=\"800\" height=\"800\" \/><\/p>\n<p style=\"text-align: center;\"><span class=\"qa-item-question\"><strong>Este produto apresenta algum ponto forte na opini\u00e3o de seus compradores anteriores?<\/strong><\/span><br \/>\n<span class=\"qa-item-answer\">Todos os nossos clientes que deixaram uma avalia\u00e7\u00e3o elogiam bastante este produto e seu excelente custo-benef\u00edcio. Al\u00e9m disso, ele possui um design brilhante.<\/span><\/p>\n<p>&nbsp;<\/p>\n<p align=\"center\"><img decoding=\"async\" class=\"aligncenter\" src=\"https:\/\/startmeabiz.com\/wp-content\/uploads\/2022\/07\/862-045301.jpeg\" width=\"798\" height=\"639\" \/><\/p>\n<p align=\"center\"><a href=\"#addtocart\" class=\"button primary is-primary is-medium\" >\n\t\t<span>ADQUIRA O SEU!<\/span>\n\t<\/a>\n\n<hr \/>\n<h2 class=\"qa-title\" style=\"text-align: center;\"><strong>POL\u00cdTICAS DE ENCOMENDA E DA LOJA<\/strong><\/h2>\n<p style=\"text-align: center;\"><span class=\"qa-item-question\"><strong>Voc\u00ea oferece a op\u00e7\u00e3o de reembolso total caso algo de ruim aconte\u00e7a com meu pacote?<\/strong><\/span><br \/>\n<span class=\"qa-item-answer\">Se algo acontecer com seu pedido, n\u00e3o hesite em nos contatar! Encontraremos uma solu\u00e7\u00e3o juntos e ofereceremos um reembolso caso a embalagem esteja danificada.<\/span><\/p>\n<p><img decoding=\"async\" class=\"aligncenter\" src=\"\/\/ae01.alicdn.com\/kf\/H82ab76c99d484e24a035dc55f1ef69edj.jpg\" width=\"800\" height=\"800\" \/><\/p>\n<p style=\"text-align: center;\"><span class=\"qa-item-question\"><strong>Voc\u00eas podem enviar meu term\u00f4metro com alarme para COVID-19 para um endere\u00e7o que n\u00e3o corresponde ao meu endere\u00e7o residencial?<\/strong><\/span><br \/>\n<span class=\"qa-item-answer\">O comprador e o destinat\u00e1rio n\u00e3o precisam ser a mesma pessoa, portanto podemos entregar seu pacote em qualquer endere\u00e7o que voc\u00ea indicar. Obrigado.<\/span><\/p>\n<p><img decoding=\"async\" class=\"aligncenter\" src=\"\/\/ae01.alicdn.com\/kf\/H540aa1a03f224fb5a016772f0231bd275.jpg\" width=\"800\" height=\"800\" \/><\/p>\n<p style=\"text-align: center;\"><span class=\"qa-item-question\"><strong>Como fazer um pedido?<\/strong><\/span><br \/>\n<span class=\"qa-item-answer\">Primeiramente, escolha a cor desejada, especifique a quantidade de unidades e clique em <span class=\"ads-addon-add-to-cart\">ADICIONAR AO CARRINHO<\/span> Em seguida, acesse a p\u00e1gina de finaliza\u00e7\u00e3o da compra: escolha a forma de pagamento, insira seu e-mail, endere\u00e7o e outros dados no formul\u00e1rio e confirme seu pedido. Por fim, ap\u00f3s o pagamento, voc\u00ea receber\u00e1 um e-mail de confirma\u00e7\u00e3o e seu produto ser\u00e1 embalado e enviado para voc\u00ea.<\/span><\/p>\n<p><img decoding=\"async\" class=\"aligncenter\" src=\"\/\/ae01.alicdn.com\/kf\/H0bb16956e78c4c6eb0d7088a33a789b9s.jpg\" width=\"800\" height=\"800\" \/><\/p>\n<p style=\"text-align: center;\"><span class=\"qa-item-question\"><strong>Ainda est\u00e1 dispon\u00edvel?<\/strong><\/span><br \/>\n<span class=\"qa-item-answer\">Com certeza, fique \u00e0 vontade para fazer seu pedido, pois temos bastante estoque dispon\u00edvel. Ent\u00e3o, o que voc\u00ea est\u00e1 esperando?<\/span><\/p>\n<p><img decoding=\"async\" class=\"aligncenter\" src=\"\/\/ae01.alicdn.com\/kf\/H778b62330a3944669e84a517af8ecac0M.jpg\" width=\"801\" height=\"801\" \/><\/p>\n<p style=\"text-align: center;\"><span class=\"qa-item-question\"><strong>\u00c9 poss\u00edvel comprar o term\u00f4metro infravermelho de escrit\u00f3rio em uma loja f\u00edsica?<\/strong><\/span><br \/>\n<span class=\"qa-item-answer\">Encontrar o mesmo term\u00f4metro sem contato em uma loja comum s\u00f3 \u00e9 prov\u00e1vel se algu\u00e9m revender esses produtos. No entanto, isso geralmente significa um pre\u00e7o mais alto. Por isso, acreditamos que estamos oferecendo a melhor oferta do mercado.<\/span><\/p>\n<p><img decoding=\"async\" class=\"aligncenter\" src=\"\/\/ae01.alicdn.com\/kf\/H3f9d862c25d747028d67319ef7de0a442.jpg\" width=\"799\" height=\"799\" \/><\/p>\n<p style=\"text-align: center;\"><span class=\"qa-item-question\"><strong>\u00c9 uma loja confi\u00e1vel?<\/strong><\/span><br \/>\n<span class=\"qa-item-answer\">Nossa loja \u00e9 conhecida principalmente como um destino confi\u00e1vel para compras online. Al\u00e9m disso, fique \u00e0 vontade para conferir as avalia\u00e7\u00f5es de compradores anteriores nas p\u00e1ginas dos produtos, por exemplo, para garantir que entregamos o que prometemos!<\/span><b>\u00a0<\/b><\/p>\n<p align=\"center\"><img decoding=\"async\" class=\"aligncenter\" src=\"https:\/\/startmeabiz.com\/wp-content\/uploads\/2022\/07\/862-94c4e7.jpeg\" width=\"800\" height=\"640\" \/><\/p>\n<hr \/>\n<p align=\"center\"><img decoding=\"async\" class=\"aligncenter\" src=\"\/\/ae01.alicdn.com\/kf\/H7fad51c81b834fdb84f849262fe20252A.jpg\" width=\"800\" height=\"800\" \/><\/p>\n<p align=\"center\"><img decoding=\"async\" class=\"aligncenter\" src=\"\/\/ae01.alicdn.com\/kf\/H7f6f63e1b60944b1b3cb4d9874f19044M.jpg\" width=\"801\" height=\"801\" \/><\/p>\n<p align=\"center\"><img decoding=\"async\" class=\"aligncenter\" src=\"\/\/ae01.alicdn.com\/kf\/H6d25c7ec9ca24b03aaaedd108d2a0784h.jpg\" width=\"800\" height=\"800\" \/><\/p>\n<p align=\"center\"><img decoding=\"async\" class=\"aligncenter\" src=\"\/\/ae01.alicdn.com\/kf\/H1cdec85515ad4a4b89f9a5d21d558c51T.jpg\" width=\"800\" height=\"800\" \/><\/p>","protected":false},"excerpt":{"rendered":"<p><strong>Nosso term\u00f4metro infravermelho sem contato \u00e9 a melhor maneira de proteger ambientes de trabalho da COVID-19! Adquira o seu agora mesmo! Voc\u00ea n\u00e3o vai se arrepender!<\/strong><\/p>","protected":false},"featured_media":6784,"comment_status":"open","ping_status":"closed","template":"","meta":{"slim_seo":{"title":"Term\u00f4metro sem contato","description":"Compre term\u00f4metro sem contato em startmeabiz.com! Frete gr\u00e1tis para 185 pa\u00edses. Garantia de reembolso de 45 dias. Term\u00f4metro sem contato."}},"product_brand":[],"product_cat":[28],"product_tag":[629,630,631,548,632],"class_list":{"0":"post-862","1":"product","2":"type-product","3":"status-publish","4":"has-post-thumbnail","6":"product_cat-new-arrivals","7":"product_tag-digital-thermometers","8":"product_tag-forehead-thermometers","9":"product_tag-temperature-measurers","10":"product_tag-thermometer-for-coronavirus","11":"product_tag-thermometers","12":"tm-has-styled-variations","13":"tm-variations-only","15":"first","16":"instock","17":"sale","18":"taxable","19":"shipping-taxable","20":"purchasable","21":"product-type-simple"},"_links":{"self":[{"href":"https:\/\/startmeabiz.com\/pt\/wp-json\/wp\/v2\/product\/862","targetHints":{"allow":["GET"]}}],"collection":[{"href":"https:\/\/startmeabiz.com\/pt\/wp-json\/wp\/v2\/product"}],"about":[{"href":"https:\/\/startmeabiz.com\/pt\/wp-json\/wp\/v2\/types\/product"}],"replies":[{"embeddable":true,"href":"https:\/\/startmeabiz.com\/pt\/wp-json\/wp\/v2\/comments?post=862"}],"wp:featuredmedia":[{"embeddable":true,"href":"https:\/\/startmeabiz.com\/pt\/wp-json\/wp\/v2\/media\/6784"}],"wp:attachment":[{"href":"https:\/\/startmeabiz.com\/pt\/wp-json\/wp\/v2\/media?parent=862"}],"wp:term":[{"taxonomy":"product_brand","embeddable":true,"href":"https:\/\/startmeabiz.com\/pt\/wp-json\/wp\/v2\/product_brand?post=862"},{"taxonomy":"product_cat","embeddable":true,"href":"https:\/\/startmeabiz.com\/pt\/wp-json\/wp\/v2\/product_cat?post=862"},{"taxonomy":"product_tag","embeddable":true,"href":"https:\/\/startmeabiz.com\/pt\/wp-json\/wp\/v2\/product_tag?post=862"}],"curies":[{"name":"wp","href":"https:\/\/api.w.org\/{rel}","templated":true}]}}