{"id":829,"date":"2022-07-06T08:00:58","date_gmt":"2022-07-06T13:00:58","guid":{"rendered":"https:\/\/startmeabiz.com\/product\/baseus-car-air-purifier-humidifier-aluminium-alloy-300ml-auto-armo-diffuser-air-freshener-humidifier-for-cars\/"},"modified":"2025-12-03T04:05:23","modified_gmt":"2025-12-03T10:05:23","slug":"umidificador-de-ar-portatil","status":"publish","type":"product","link":"https:\/\/startmeabiz.com\/pt\/produto\/umidificador-de-ar-portatil\/","title":{"rendered":"Umidificador de ar port\u00e1til"},"content":{"rendered":"<div>\n<h2 style=\"text-align: center;\"><span style=\"color: #e03e2d;\">UMIDIFICADOR DE AR PORT\u00c1TIL COM DESCONTO 35%: COMPRE AGORA E PAGUE MENOS<\/span><\/h2>\n<p style=\"text-align: center;\">Somente em nossa loja e por tempo limitado voc\u00ea pode comprar o incr\u00edvel Umidificador de Ar Port\u00e1til e economizar. <span class=\"ads-addon-you_save\" data-currency=\"USD\">$20.95<\/span>. Portanto, n\u00e3o perca tempo \u2013 clique no <span style=\"color: #2dc26b;\"><strong><span class=\"ads-addon-add-to-cart\">ADICIONAR AO CARRINHO<\/span><\/strong><\/span> bot\u00e3o e adquira este item fant\u00e1stico com <span style=\"color: #e03e2d;\"><strong>35% <\/strong><span style=\"color: #000000;\">desligado<\/span><\/span>.<\/p>\n<p style=\"text-align: center;\">Al\u00e9m disso, ao comprar este produto conosco, voc\u00ea tamb\u00e9m recebe:<\/p>\n<ul>\n<li><strong>Qualidade imbat\u00edvel.<\/strong><\/li>\n<li><strong>Design especializado.<\/strong><\/li>\n<li><strong>Satisfa\u00e7\u00e3o do comprador 100%.<\/strong><\/li>\n<li><strong>Envio seguro.<\/strong><\/li>\n<li><strong>Pol\u00edtica de devolu\u00e7\u00e3o facilitada.<\/strong><\/li>\n<\/ul>\n<p style=\"text-align: center;\">Com o nosso desconto, voc\u00ea paga apenas <span style=\"color: #2dc26b;\"><strong><span class=\"ads-addon-price\" data-currency=\"USD\">$37.95<\/span><\/strong>\u00a0<span style=\"color: #000000;\">Escolha o seu umidificador de ar para carro ideal. Compre agora, pois esta oferta \u00e9 por tempo limitado!<\/span><\/span><\/p>\n<p><img decoding=\"async\" class=\"aligncenter\" src=\"\/\/ae01.alicdn.com\/kf\/Hdd6a4f19b44b40f79528db3b4f441a4c2.jpg\" width=\"799\" height=\"1407\" \/><\/p>\n<p style=\"text-align: center;\"><a href=\"#addtocart\" class=\"button primary is-primary is-medium\" >\n\t\t<span>COMPRE O SEU!<\/span>\n\t<\/a>\n\n<hr \/>\n<h2 style=\"text-align: center;\"><strong>DETALHES DO UMIDIFICADOR DE AR PORT\u00c1TIL<\/strong><\/h2>\n<div>\n<div>\n<ul>\n<li><strong>Caracter\u00edsticas:<\/strong><\/li>\n<li>Ideal para trabalho remoto.<\/li>\n<li>Dimens\u00f5es: 70*70*152,5 mm<\/li>\n<\/ul>\n<p>Al\u00e9m disso, entregaremos seu Purificador de Ar El\u00e9trico em qualquer pa\u00eds e local de sua escolha. Portanto, aproveite esta oferta por tempo limitado sem hesitar: se voc\u00ea n\u00e3o gostar do produto, poder\u00e1 solicitar um reembolso!<\/p>\n<p><img decoding=\"async\" class=\"aligncenter\" src=\"\/\/ae01.alicdn.com\/kf\/H5da4aa40e33345deb91216f7dd3c9c64Y.jpg\" width=\"800\" height=\"1714\" \/><\/p>\n<p style=\"text-align: center;\"><a href=\"#addtocart\" class=\"button primary is-primary is-medium\" >\n\t\t<span>COMPRE O SEU!<\/span>\n\t<\/a>\n\n<hr \/>\n<\/div>\n<\/div>\n<h2 class=\"qa-title\" style=\"text-align: center;\"><strong>POL\u00cdTICAS DE ENCOMENDA E DA LOJA<\/strong><\/h2>\n<p style=\"text-align: center;\"><span class=\"qa-item-question\"><strong>Posso comprar v\u00e1rios itens de voc\u00eas?<\/strong><\/span><br \/>\n<span class=\"qa-item-answer\">Certamente, n\u00e3o limitamos o valor do seu pedido, ent\u00e3o voc\u00ea pode comprar quantos produtos quiser.<\/span><\/p>\n<p><img decoding=\"async\" class=\"aligncenter\" src=\"\/\/ae01.alicdn.com\/kf\/Hdcf80da27e6442ecaf946e13856cc50cM.jpg\" width=\"799\" height=\"1424\" \/><\/p>\n<p style=\"text-align: center;\"><span class=\"qa-item-question\"><strong>Voc\u00ea embala os pedidos corretamente?<\/strong><\/span><br \/>\n<span class=\"qa-item-answer\">Priorizamos a escolha dos materiais de embalagem e os m\u00e9todos de prote\u00e7\u00e3o dos itens dentro da embalagem. Dessa forma, seu pedido receber\u00e1 prote\u00e7\u00e3o de alta qualidade durante o transporte.<\/span><\/p>\n<p><img decoding=\"async\" class=\"aligncenter\" src=\"\/\/ae01.alicdn.com\/kf\/H869ea590781e4d319145ef021e54d836c.jpg\" width=\"801\" height=\"1253\" \/><\/p>\n<p style=\"text-align: center;\"><span class=\"qa-item-question\"><strong>Quantos desses voc\u00ea tem?<\/strong><\/span><br \/>\n<span class=\"qa-item-answer\">Ainda temos itens suficientes para um pedido de m\u00e9dio porte. No entanto, recomendamos fortemente que compre o quanto antes, pois o estoque deve se esgotar at\u00e9 o final da semana.<\/span><\/p>\n<p><img decoding=\"async\" class=\"aligncenter\" src=\"\/\/ae01.alicdn.com\/kf\/H2b72e8a309e04012ac653f919f4418273.jpg\" width=\"800\" height=\"1345\" \/><\/p>\n<h4 style=\"text-align: center;\"><span class=\"qa-item-question\"><strong>Como fa\u00e7o para comprar?<\/strong><\/span><br \/>\n<span class=\"qa-item-answer\">Primeiramente, adicione o produto ao seu carrinho de compras e prossiga com o processo de finaliza\u00e7\u00e3o da compra. Em seguida, anote o endere\u00e7o correto, a forma de pagamento e outros dados necess\u00e1rios. Por fim, confirme seu pedido e efetue o pagamento. Ap\u00f3s isso, um e-mail ser\u00e1 enviado automaticamente para o seu endere\u00e7o de e-mail e iniciaremos o processo de embalagem do seu Aromatizador de Ar El\u00e9trico para Carros.<\/span><\/h4>\n<p><img decoding=\"async\" class=\"aligncenter\" src=\"\/\/ae01.alicdn.com\/kf\/H7634a4bdcb27461dbd9425121f7331abe.jpg\" width=\"801\" height=\"1263\" \/><\/p>\n<p style=\"text-align: center;\"><span class=\"qa-item-question\"><strong>Voc\u00ea vende o umidificador de forma legal?<\/strong><\/span><br \/>\n<span class=\"qa-item-answer\">Certamente, possu\u00edmos todas as licen\u00e7as necess\u00e1rias. Al\u00e9m disso, esta loja est\u00e1 totalmente autorizada a trabalhar com os fabricantes licenciados que nos fornecem estes e outros produtos.<\/span><\/p>\n<p><img decoding=\"async\" class=\"aligncenter\" src=\"\/\/ae01.alicdn.com\/kf\/Hf9029c5b8a7746309a2fea099a1b3148W.jpg\" width=\"800\" height=\"1205\" \/><\/p>\n<p style=\"text-align: center;\"><span class=\"qa-item-question\"><strong>Posso comprar o umidificador de ar port\u00e1til em uma loja f\u00edsica?<\/strong><\/span><br \/>\n<span class=\"qa-item-answer\">Em geral, as lojas f\u00edsicas oferecem uma gama de produtos mais limitada. Al\u00e9m disso, costumam praticar pre\u00e7os muito mais altos devido \u00e0s consider\u00e1veis despesas extras do neg\u00f3cio.<\/span><\/p>\n<\/div>\n<div>\n<p style=\"text-align: center;\"><img decoding=\"async\" class=\"aligncenter\" src=\"\/\/ae01.alicdn.com\/kf\/H3cacd85ee5ee460187c455746be7ef23f.jpg\" width=\"801\" height=\"1394\" \/><\/p>\n<hr \/>\n<p style=\"text-align: center;\"><strong style=\"font-size: 23.04px; color: #333333;\">PERGUNTAS E RESPOSTAS SOBRE O PRODUTO<\/strong><\/p>\n<\/div>\n<div>\n<p style=\"text-align: center;\"><span class=\"qa-item-question\"><strong>Voc\u00ea tem mais op\u00e7\u00f5es? Quero dizer, em termos de cores.<\/strong><\/span><br \/>\n<span class=\"qa-item-answer\">Voc\u00ea encontrar\u00e1 todas as varia\u00e7\u00f5es dispon\u00edveis do Umidificador de Ar Port\u00e1til na p\u00e1gina do produto. Assim, escolha a que mais lhe agradar.<\/span><\/p>\n<p><img decoding=\"async\" class=\"aligncenter\" src=\"\/\/ae01.alicdn.com\/kf\/H7c7c466977584d96951473b4ca9e687e6.jpg\" width=\"799\" height=\"1310\" \/><\/p>\n<p style=\"text-align: center;\"><span class=\"qa-item-question\"><strong>De que \u00e9 feito?<\/strong><\/span><br \/>\n<span class=\"qa-item-answer\">N\u00e3o se preocupe; utilizamos apenas materiais de alta qualidade para fabricar o <strong>Umidificador de ar.<\/strong><\/span><\/p>\n<p><img decoding=\"async\" class=\"aligncenter\" src=\"\/\/ae01.alicdn.com\/kf\/Hb87ca87b085d4fad911dc750d34b7940k.jpg\" width=\"800\" height=\"1227\" \/><\/p>\n<h4 style=\"text-align: center;\"><span class=\"qa-item-question\"><strong>N\u00e3o consigo ver o pre\u00e7o.<\/strong><\/span><br \/>\n<span class=\"qa-item-answer\">Ficou interessado? O pre\u00e7o deste produto \u00e9 <span class=\"ads-addon-price\" data-currency=\"USD\">$11.95<\/span>.<\/span><\/h4>\n<p><img decoding=\"async\" class=\"aligncenter\" src=\"\/\/ae01.alicdn.com\/kf\/H01b55b531dd246acbe770385e401efdaB.jpg\" width=\"800\" height=\"1201\" \/><\/p>\n<p style=\"text-align: center;\"><span class=\"qa-item-question\"><strong>Preciso pagar taxas extras?<\/strong><\/span><br \/>\n<span class=\"qa-item-answer\">Voc\u00ea ver\u00e1 o custo total do pedido na p\u00e1gina de finaliza\u00e7\u00e3o da compra, incluindo os impostos necess\u00e1rios (se aplic\u00e1veis \u00e0 sua regi\u00e3o). Portanto, nenhum outro gasto ser\u00e1 necess\u00e1rio.<\/span><\/p>\n<p><img decoding=\"async\" class=\"aligncenter\" src=\"\/\/ae01.alicdn.com\/kf\/Hb7a9e0abdde34a358326161965ba57f5g.jpg\" width=\"800\" height=\"1349\" \/><\/p>\n<p style=\"text-align: center;\"><span class=\"qa-item-question\"><strong>Estou fazendo a escolha certa?<\/strong><\/span><br \/>\n<span class=\"qa-item-answer\">A primeira impress\u00e3o costuma ser a que fica. Portanto, se voc\u00ea gostou, fa\u00e7a seu pedido!<\/span><\/p>\n<p><img decoding=\"async\" class=\"aligncenter\" src=\"\/\/ae01.alicdn.com\/kf\/H6a08d658184e4b4691e53c546c20b5a8P.jpg\" width=\"799\" height=\"758\" \/><\/p>\n<p style=\"text-align: center;\"><span class=\"qa-item-question\"><strong>O que os clientes anteriores disseram sobre o seu umidificador de ar port\u00e1til?<\/strong><\/span><br \/>\n<span class=\"qa-item-answer\">Principalmente, os clientes anteriores indicaram muitas vantagens deste produto e, acima de tudo, mencionaram seu excelente custo-benef\u00edcio. Al\u00e9m disso, voc\u00ea pode conferir as avalia\u00e7\u00f5es na se\u00e7\u00e3o &quot;Feedback&quot;.<\/span><\/p>\n<\/div>\n<p>&nbsp;<\/p>\n<p style=\"text-align: center;\"><a href=\"#addtocart\" class=\"button primary is-primary is-medium\" >\n\t\t<span>COMPRE O SEU!<\/span>\n\t<\/a>\n\n<div>\n<hr \/>\n<\/div>\n<div>\n<p><a href=\"https:\/\/refuseyoulose.com\/product-category\/deals-for-men\/sportswear-for-men\/\"><img decoding=\"async\" class=\"size-full wp-image-189523 aligncenter\" src=\"https:\/\/refuseyoulose.com\/wp-content\/uploads\/2019\/06\/Long-Sleeve-Spider-Man-Workout-Shirt-size-SmallMediumLargeXL2XL3XL-Refuse-You-Lose-1.png\" alt=\"\" width=\"779\" height=\"438\" \/><\/a><\/p>\n<hr \/>\n<div style=\"clear: both;\">\n<p><a href=\"https:\/\/drkillpain.com\/product-category\/protection-against-covid-19\/face-masks-face-shields\/face-masks\/jackets-with-face-mask\/\"><img decoding=\"async\" class=\"size-full wp-image-189522 aligncenter\" src=\"https:\/\/refuseyoulose.com\/wp-content\/uploads\/2019\/06\/Long-Sleeve-Spider-Man-Workout-Shirt-size-SmallMediumLargeXL2XL3XL-Refuse-You-Lose.png\" alt=\"\" width=\"1024\" height=\"576\" \/><\/a><\/p>\n<\/div>\n<\/div>","protected":false},"excerpt":{"rendered":"<p><strong>Este umidificador de ar para trabalho remoto \u00e9 mais confort\u00e1vel do que nunca! Transforme qualquer c\u00f4modo da sua casa em seu escrit\u00f3rio pessoal!<\/strong><iframe style=\"display: none;\" src=\"about:blank\"><\/iframe><\/p>","protected":false},"featured_media":6786,"comment_status":"open","ping_status":"closed","template":"","meta":{"slim_seo":{"title":"Umidificador de ar port\u00e1til","description":"Compre umidificador de ar port\u00e1til na startmeabiz.com! Frete gr\u00e1tis para 185 pa\u00edses. Garantia de devolu\u00e7\u00e3o do dinheiro em 45 dias. Aromatizador de ar el\u00e9trico para carros."}},"product_brand":[],"product_cat":[28],"product_tag":[396,398,399,400,393,395,394,392],"class_list":{"0":"post-829","1":"product","2":"type-product","3":"status-publish","4":"has-post-thumbnail","6":"product_cat-new-arrivals","7":"product_tag-air-diffuser","8":"product_tag-air-freshener","9":"product_tag-car-air-diffuser","10":"product_tag-car-air-purifier","11":"product_tag-car-diffuser","12":"product_tag-car-freshener","13":"product_tag-car-humidifier","14":"product_tag-car-purifier","15":"tm-has-styled-variations","16":"tm-variations-only","18":"first","19":"instock","20":"sale","21":"taxable","22":"shipping-taxable","23":"purchasable","24":"product-type-variable"},"_links":{"self":[{"href":"https:\/\/startmeabiz.com\/pt\/wp-json\/wp\/v2\/product\/829","targetHints":{"allow":["GET"]}}],"collection":[{"href":"https:\/\/startmeabiz.com\/pt\/wp-json\/wp\/v2\/product"}],"about":[{"href":"https:\/\/startmeabiz.com\/pt\/wp-json\/wp\/v2\/types\/product"}],"replies":[{"embeddable":true,"href":"https:\/\/startmeabiz.com\/pt\/wp-json\/wp\/v2\/comments?post=829"}],"wp:featuredmedia":[{"embeddable":true,"href":"https:\/\/startmeabiz.com\/pt\/wp-json\/wp\/v2\/media\/6786"}],"wp:attachment":[{"href":"https:\/\/startmeabiz.com\/pt\/wp-json\/wp\/v2\/media?parent=829"}],"wp:term":[{"taxonomy":"product_brand","embeddable":true,"href":"https:\/\/startmeabiz.com\/pt\/wp-json\/wp\/v2\/product_brand?post=829"},{"taxonomy":"product_cat","embeddable":true,"href":"https:\/\/startmeabiz.com\/pt\/wp-json\/wp\/v2\/product_cat?post=829"},{"taxonomy":"product_tag","embeddable":true,"href":"https:\/\/startmeabiz.com\/pt\/wp-json\/wp\/v2\/product_tag?post=829"}],"curies":[{"name":"wp","href":"https:\/\/api.w.org\/{rel}","templated":true}]}}