{"id":812,"date":"2022-07-06T11:00:15","date_gmt":"2022-07-06T16:00:15","guid":{"rendered":"https:\/\/startmeabiz.com\/product\/aroma-essential-oil-diffuser-mini-ultrasonic-square-d-humidifier-air-purifier-led-night-light-usb-car-air-freshener-for-office\/"},"modified":"2025-12-03T03:54:28","modified_gmt":"2025-12-03T09:54:28","slug":"purificador-de-ar-portatil","status":"publish","type":"product","link":"https:\/\/startmeabiz.com\/pt\/produto\/purificador-de-ar-portatil\/","title":{"rendered":"Purificador de ar port\u00e1til"},"content":{"rendered":"<div>\n<h2 style=\"text-align: center;\"><span style=\"color: #e03e2d;\"><strong>APROVEITE J\u00c1 ESTE DESCONTO 16% EM NOSSOS PRODUTOS!<em> PURIFICADOR DE AR PORT\u00c1TIL!<\/em><\/strong><\/span><\/h2>\n<p style=\"text-align: center;\">Se voc\u00ea est\u00e1 navegando online em busca da melhor oferta em<strong> Purificador de ar port\u00e1til<\/strong>, Ent\u00e3o, n\u00e3o procure mais. Nossa loja oferece uma sele\u00e7\u00e3o incr\u00edvel de produtos, todos com um desconto de 16% \u2014 prontos para vender!<\/p>\n<\/div>\n<p><span style=\"color: #ff0000;\"><span style=\"font-size: 16.0px;\"><span style=\"font-family: comic sans ms;\"><img decoding=\"async\" class=\"aligncenter\" src=\"\/\/ae01.alicdn.com\/kf\/HTB1NCuPBqmWBuNjy1Xaq6xCbXXae.jpg\" \/><\/span><\/span><\/span><\/p>\n<p style=\"text-align: center;\"><span class=\"qa-item-answer\"><a href=\"#addtocart\" class=\"button primary is-primary is-medium\" >\n\t\t<span>COMPRE AGORA!<\/span>\n\t<\/a>\n<\/span><\/p>\n<hr \/>\n<p>&nbsp;<\/p>\n<h2 style=\"text-align: center;\"><strong>DETALHES DO PURIFICADOR DE AR PORT\u00c1TIL<\/strong><\/h2>\n<ul>\n<li>Fun\u00e7\u00f5es: Umidifica\u00e7\u00e3o, Purificador de ar, Luzes LED<\/li>\n<li>Usos: Eletrodom\u00e9sticos, Escrit\u00f3rio, Quarto, Mesa, Carro<\/li>\n<li>Nome do produto: Umidificador pequeno D<\/li>\n<li>Material: ABS + PP + Componentes eletr\u00f4nicos<\/li>\n<li>Alimentado por: DC5V<\/li>\n<li>Corrente de opera\u00e7\u00e3o: 500 mA<\/li>\n<li>Pot\u00eancia de funcionamento: 2,5 W<\/li>\n<li>Reservat\u00f3rio de \u00e1gua: 180ml<\/li>\n<li>Capacidade de umidifica\u00e7\u00e3o: 30 ml\/h<\/li>\n<li>Dimens\u00f5es: 66*66*146mm<\/li>\n<li>Peso do produto: 153g\/198g<\/li>\n<li>Cores: Branco, Amarelo, Rosa.<\/li>\n<\/ul>\n<p><span style=\"color: #ff0000;\"><span style=\"font-size: 16.0px;\"><span style=\"font-family: comic sans ms;\"><img decoding=\"async\" class=\"aligncenter\" src=\"\/\/ae01.alicdn.com\/kf\/HTB1k0vJs_dYBeNkSmLyq6xfnVXas.jpg\" \/><\/span><\/span><\/span><\/p>\n<p style=\"text-align: center;\"><span class=\"qa-item-answer\"><a href=\"#addtocart\" class=\"button primary is-primary is-medium\" >\n\t\t<span>COMPRE AGORA!<\/span>\n\t<\/a>\n<\/span><\/p>\n<hr \/>\n<h2 class=\"qa-title\" style=\"text-align: center;\"><strong>PERGUNTAS E RESPOSTAS SOBRE O PRODUTO<\/strong><\/h2>\n<p style=\"text-align: center;\"><span class=\"qa-item-question\"><strong>Posso ter certeza de que as cores nas fotos correspondem \u00e0s cores reais?<\/strong><\/span><br \/>\n<span class=\"qa-item-answer\">Todas as cores do purificador de ar port\u00e1til nas fotos s\u00e3o fi\u00e9is \u00e0 realidade. Observe, no entanto, que a calibra\u00e7\u00e3o da tela do seu dispositivo pode distorc\u00ea-las um pouco.<\/span><\/p>\n<p><span style=\"color: #ff0000;\"><span style=\"font-size: 16.0px;\"><span style=\"font-family: comic sans ms;\"><img decoding=\"async\" class=\"aligncenter\" src=\"\/\/ae01.alicdn.com\/kf\/HTB1XTo0Bk9WBuNjSspeq6yz5VXaD.jpg\" \/><\/span><\/span><\/span><\/p>\n<p style=\"text-align: center;\"><span class=\"qa-item-question\"><strong>Voc\u00ea segue todos os requisitos de fabrica\u00e7\u00e3o?<\/strong><\/span><br \/>\n<span class=\"qa-item-answer\">Voc\u00ea n\u00e3o precisa se preocupar com a qualidade do nosso purificador de ar port\u00e1til, pois fabricamos todos os nossos produtos de acordo com os padr\u00f5es de produ\u00e7\u00e3o.<\/span><\/p>\n<p><img decoding=\"async\" class=\"aligncenter\" src=\"https:\/\/startmeabiz.com\/wp-content\/uploads\/2021\/08\/812-51b6df.jpg\" \/><\/p>\n<p style=\"text-align: center;\"><span class=\"qa-item-question\"><strong>Terei que pagar alguma taxa extra de envio?<\/strong><\/span><br \/>\n<span class=\"qa-item-answer\">Na p\u00e1gina de finaliza\u00e7\u00e3o da compra, voc\u00ea ver\u00e1 o custo total do pedido, incluindo os impostos necess\u00e1rios (se aplic\u00e1veis \u00e0 sua regi\u00e3o). Portanto, nenhum outro gasto ser\u00e1 necess\u00e1rio.<\/span><\/p>\n<p><span style=\"color: #ff0000;\"><span style=\"font-size: 16.0px;\"><span style=\"font-family: comic sans ms;\"><img decoding=\"async\" class=\"aligncenter\" src=\"\/\/ae01.alicdn.com\/kf\/HTB1pFRkBuuSBuNjSsziq6zq8pXal.jpg\" \/><\/span><\/span><\/span><\/p>\n<p style=\"text-align: center;\"><span class=\"qa-item-question\"><strong>\u00c9 o pre\u00e7o final ou j\u00e1 inclui os impostos?<\/strong><\/span><br \/>\n<span class=\"qa-item-answer\">As condi\u00e7\u00f5es de tributa\u00e7\u00e3o variam conforme a sua localiza\u00e7\u00e3o. De qualquer forma, o pre\u00e7o final do seu pedido (incluindo impostos) ser\u00e1 exibido na p\u00e1gina de finaliza\u00e7\u00e3o da compra. Portanto, nenhuma taxa adicional poder\u00e1 ser cobrada ap\u00f3s a confirma\u00e7\u00e3o do pedido.<\/span><\/p>\n<p><span style=\"color: #ff0000;\"><span style=\"font-size: 16.0px;\"><span style=\"font-family: comic sans ms;\"><img decoding=\"async\" class=\"aligncenter\" src=\"\/\/ae01.alicdn.com\/kf\/HTB1_xQaBhSYBuNjSsphq6zGvVXaM.jpg\" \/><\/span><\/span><\/span><\/p>\n<p style=\"text-align: center;\"><span class=\"qa-item-question\"><strong>Voc\u00ea se importaria se eu publicasse uma foto do seu produto no Facebook ou Instagram?<\/strong><\/span><br \/>\n<span class=\"qa-item-answer\">Voc\u00ea pode faz\u00ea-lo se quiser publicar fotos de nossos produtos na internet. De fato, n\u00e3o haver\u00e1 nenhuma obje\u00e7\u00e3o de nossa parte.<\/span><\/p>\n<p><img decoding=\"async\" class=\"aligncenter\" src=\"https:\/\/startmeabiz.com\/wp-content\/uploads\/2021\/08\/812-fe572a.jpg\" \/><\/p>\n<p style=\"text-align: center;\"><span class=\"qa-item-question\"><strong>\u00c9 exatamente o produto que estou procurando?<\/strong><\/span><br \/>\n<span class=\"qa-item-answer\">A primeira impress\u00e3o costuma ser a que fica. Ent\u00e3o, se voc\u00ea gostou, fa\u00e7a seu pedido!<\/span><\/p>\n<p><span style=\"color: #ff0000;\"><span style=\"font-size: 16.0px;\"><span style=\"font-family: comic sans ms;\"><img decoding=\"async\" class=\"aligncenter\" src=\"\/\/ae01.alicdn.com\/kf\/HTB1X9CPBqmWBuNjy1Xaq6xCbXXad.jpg\" \/><\/span><\/span><\/span><\/p>\n<hr \/>\n<h2 class=\"qa-title\" style=\"text-align: center;\"><strong>POL\u00cdTICAS DE ENCOMENDA E DA LOJA<\/strong><\/h2>\n<p style=\"text-align: center;\"><span class=\"qa-item-question\"><strong>Posso receber meu reembolso se receber o umidificador port\u00e1til danificado ou se n\u00e3o receber o pacote?<\/strong><\/span><br \/>\n<span class=\"qa-item-answer\">Valorizamos nossos clientes acima de tudo, portanto, se algo acontecer com seu Purificador de Ar Port\u00e1til com Luzes de LED durante o transporte, devolveremos seu dinheiro.<\/span><\/p>\n<p><img decoding=\"async\" class=\"aligncenter\" src=\"https:\/\/startmeabiz.com\/wp-content\/uploads\/2021\/08\/812-e66c10.jpg\" \/><\/p>\n<p style=\"text-align: center;\"><span class=\"qa-item-question\"><strong>Quero comprar mais de uma unidade deste produto. Mas elas chegar\u00e3o juntas?<\/strong><\/span><br \/>\n<span class=\"qa-item-answer\">Ao encomendar v\u00e1rias unidades do mesmo produto, elas s\u00e3o sempre enviadas juntas, mas geralmente as embalamos separadamente.<\/span><\/p>\n<p><span style=\"color: #ff0000;\"><span style=\"font-size: 16.0px;\"><span style=\"font-family: comic sans ms;\"><img decoding=\"async\" class=\"aligncenter\" src=\"\/\/ae01.alicdn.com\/kf\/HTB1vWlGBrSYBuNjSspfq6AZCpXaK.jpg\" \/><\/span><\/span><\/span><\/p>\n<p style=\"text-align: center;\"><span class=\"qa-item-question\"><strong>Quantas dessas unidades ainda est\u00e3o em estoque?<\/strong><\/span><br \/>\n<span class=\"qa-item-answer\">Embora o n\u00famero de itens dispon\u00edveis para compra diminua diariamente, haver\u00e1 unidades suficientes para voc\u00ea se fizer seu pedido hoje. Ent\u00e3o, apresse-se!<\/span><\/p>\n<p><img decoding=\"async\" class=\"aligncenter\" src=\"https:\/\/ae01.alicdn.com\/kf\/HTB1NKUsjIj_B1NjSZFHq6yDWpXa2\/Aroma-Essential-Oil-Diffuser-Mini-Ultrasonic-Square-D-Humidifier-Air-Purifier-LED-Night-Light-USB-Car.jpg_800x800q80.jpg.webp\" \/><\/p>\n<p style=\"text-align: center;\"><span class=\"qa-item-question\"><strong>Quero outra vers\u00e3o do Umidificador Port\u00e1til para Carro, mas j\u00e1 fiz o pedido! O que devo fazer?<\/strong><\/span><br \/>\n<span class=\"qa-item-answer\">Fique \u00e0 vontade para entrar em contato com o servi\u00e7o de atendimento ao cliente. Nossos especialistas est\u00e3o ansiosos para ajud\u00e1-lo com o seu pedido.<\/span><\/p>\n<p><img decoding=\"async\" class=\"aligncenter\" src=\"https:\/\/ae01.alicdn.com\/kf\/HTB1ROLIs_dYBeNkSmLyq6xfnVXa4\/Aroma-Essential-Oil-Diffuser-Mini-Ultrasonic-Square-D-Humidifier-Air-Purifier-LED-Night-Light-USB-Car.jpg_800x800q80.jpg.webp\" \/><\/p>\n<p style=\"text-align: center;\"><span class=\"qa-item-question\"><strong>Ok, eu gostei muito do Purificador de Ar Port\u00e1til, mas voc\u00ea pode provar que sua loja \u00e9 real?<\/strong><\/span><br \/>\n<span class=\"qa-item-answer\">Nossa loja tem reputa\u00e7\u00e3o de fornecedora confi\u00e1vel. Portanto, se voc\u00ea verificar os coment\u00e1rios de nossos clientes anteriores, ver\u00e1 que muitos clientes atuais j\u00e1 foram atendidos por n\u00f3s.<\/span><\/p>\n<p><img decoding=\"async\" class=\"aligncenter\" src=\"https:\/\/startmeabiz.com\/wp-content\/uploads\/2021\/08\/812-51a906.jpg\" \/><\/p>\n<p style=\"text-align: center;\"><span class=\"qa-item-question\"><strong>Por que \u00e9 melhor comprar isso de voc\u00ea?<\/strong><\/span><br \/>\n<span class=\"qa-item-answer\">Nossa maior prioridade \u00e9 fornecer a voc\u00ea produtos da mais alta qualidade e um atendimento ao cliente de primeira classe.<\/span><\/p>\n<p><img decoding=\"async\" class=\"aligncenter\" src=\"https:\/\/startmeabiz.com\/wp-content\/uploads\/2021\/08\/812-81cd5d.jpg\" \/><\/p>\n<p style=\"text-align: center;\"><span class=\"qa-item-answer\"><a href=\"#addtocart\" class=\"button primary is-primary is-medium\" >\n\t\t<span>COMPRE AGORA!<\/span>\n\t<\/a>\n<\/span><\/p>\n<p><iframe style=\"display: none;\" src=\"about:blank\"><\/iframe><\/p>\n<hr \/>\n<h2 class=\"uppercase\" style=\"text-align: center;\"><span style=\"color: #ff0000;\"><strong>Todos os equipamentos de treino em casa com at\u00e9 60% de desconto<\/strong><\/span><\/h2>\n<p><a href=\"https:\/\/refuseyoulose.com\/product-category\/deals-for-men\/sportswear-for-men\/\"><img decoding=\"async\" class=\"size-full wp-image-189523 aligncenter\" src=\"https:\/\/refuseyoulose.com\/wp-content\/uploads\/2019\/06\/Long-Sleeve-Spider-Man-Workout-Shirt-size-SmallMediumLargeXL2XL3XL-Refuse-You-Lose-1.png\" alt=\"\" width=\"779\" height=\"438\" \/><\/a><\/p>\n<h2 class=\"uppercase\" style=\"text-align: center;\"><\/h2>\n<hr \/>\n<h2 class=\"uppercase\" style=\"text-align: center;\"><span style=\"color: #ff0000;\"><strong>Precisa de prote\u00e7\u00e3o contra o coronav\u00edrus?<\/strong><\/span><\/h2>\n<p style=\"text-align: center;\"><span style=\"font-size: 110%;\">N\u00f3s nos importamos com voc\u00ea. Por isso, firmamos uma parceria com <a href=\"https:\/\/drkillpain.com\" target=\"_blank\" rel=\"noopener\">DrKillpain.com<\/a> Para lhe oferecer os melhores equipamentos de prote\u00e7\u00e3o.<\/span><\/p>\n<p><a href=\"https:\/\/drkillpain.com\/product-category\/protection-against-covid-19\/face-masks-face-shields\/face-masks\/jackets-with-face-mask\/\"><img decoding=\"async\" class=\"size-full wp-image-189522 aligncenter\" src=\"https:\/\/refuseyoulose.com\/wp-content\/uploads\/2019\/06\/Long-Sleeve-Spider-Man-Workout-Shirt-size-SmallMediumLargeXL2XL3XL-Refuse-You-Lose.png\" alt=\"\" width=\"1024\" height=\"576\" \/><\/a><\/p>\n<p class=\"mceTemp\" style=\"text-align: center;\"><strong><span style=\"font-size: 120%;\">Use o cupom <span style=\"color: #ed1c24;\">RECUSEVOPERDE<\/span> para economizar 10% em toda a sua compra de <a href=\"https:\/\/drkillpain.com\" target=\"_blank\" rel=\"noopener\">DrKillpain.com<\/a>.<\/span><\/strong><\/p>","protected":false},"excerpt":{"rendered":"<p><strong>Torne qualquer ambiente mais confort\u00e1vel com este purificador de ar port\u00e1til para escrit\u00f3rio!<\/strong><iframe style=\"display: none;\" src=\"about:blank\"><\/iframe><\/p>","protected":false},"featured_media":818,"comment_status":"open","ping_status":"closed","template":"","meta":{"slim_seo":{"title":"Purificador de ar port\u00e1til","description":"Compre o Purificador de Ar Port\u00e1til em startmeabiz.com! Frete gr\u00e1tis para 185 pa\u00edses. Garantia de devolu\u00e7\u00e3o do dinheiro em 45 dias. Purificador de Ar Port\u00e1til."}},"product_brand":[],"product_cat":[28],"product_tag":[433,431,498,604,603],"class_list":{"0":"post-812","1":"product","2":"type-product","3":"status-publish","4":"has-post-thumbnail","6":"product_cat-new-arrivals","7":"product_tag-air-humidifier","8":"product_tag-air-purifier","9":"product_tag-humidifier","10":"product_tag-oil-diffuser","11":"product_tag-portable-humidifier","12":"tm-has-styled-variations","13":"tm-variations-only","15":"first","16":"instock","17":"sale","18":"taxable","19":"shipping-taxable","20":"purchasable","21":"product-type-variable"},"_links":{"self":[{"href":"https:\/\/startmeabiz.com\/pt\/wp-json\/wp\/v2\/product\/812","targetHints":{"allow":["GET"]}}],"collection":[{"href":"https:\/\/startmeabiz.com\/pt\/wp-json\/wp\/v2\/product"}],"about":[{"href":"https:\/\/startmeabiz.com\/pt\/wp-json\/wp\/v2\/types\/product"}],"replies":[{"embeddable":true,"href":"https:\/\/startmeabiz.com\/pt\/wp-json\/wp\/v2\/comments?post=812"}],"wp:featuredmedia":[{"embeddable":true,"href":"https:\/\/startmeabiz.com\/pt\/wp-json\/wp\/v2\/media\/818"}],"wp:attachment":[{"href":"https:\/\/startmeabiz.com\/pt\/wp-json\/wp\/v2\/media?parent=812"}],"wp:term":[{"taxonomy":"product_brand","embeddable":true,"href":"https:\/\/startmeabiz.com\/pt\/wp-json\/wp\/v2\/product_brand?post=812"},{"taxonomy":"product_cat","embeddable":true,"href":"https:\/\/startmeabiz.com\/pt\/wp-json\/wp\/v2\/product_cat?post=812"},{"taxonomy":"product_tag","embeddable":true,"href":"https:\/\/startmeabiz.com\/pt\/wp-json\/wp\/v2\/product_tag?post=812"}],"curies":[{"name":"wp","href":"https:\/\/api.w.org\/{rel}","templated":true}]}}