{"id":776,"date":"2021-07-25T17:58:24","date_gmt":"2021-07-25T22:58:24","guid":{"rendered":"https:\/\/startmeabiz.com\/product\/5-inch-touch-screen-wifi-temperature-measurement-face-recognition-terminal-employee-time-attendance-face-dynamic-access-control\/"},"modified":"2025-12-03T04:26:47","modified_gmt":"2025-12-03T10:26:47","slug":"termometro-de-reconhecimento-facial","status":"publish","type":"product","link":"https:\/\/startmeabiz.com\/pt\/produto\/termometro-de-reconhecimento-facial\/","title":{"rendered":"Term\u00f4metro com reconhecimento facial"},"content":{"rendered":"<h2 style=\"text-align: center;\"><span style=\"color: #e03e2d;\"><strong><em>TERM\u00d4METRO DE RECONHECIMENTO FACIAL<\/em>EXPLORE NOSSOS <\/strong><strong>NOVIDADE!<\/strong><\/span><\/h2>\n<p style=\"text-align: center;\">Finalmente chegou \u2014 apresentando <em><strong>Term\u00f4metro com reconhecimento facial<\/strong><\/em> em nossa loja em <span class=\"ads-addon-price\" data-currency=\"USD\">$59.95<\/span>.<\/p>\n<p style=\"text-align: center;\">Eis o que voc\u00ea recebe ao comprar o nosso produto. <em><strong>Term\u00f4metro com reconhecimento facial<\/strong>:<\/em><\/p>\n<ul style=\"text-align: center;\">\n<li style=\"text-align: left;\">Al\u00e9m disso, garantimos que voc\u00ea se juntar\u00e1 \u00e0 nossa comunidade de clientes satisfeitos.<\/li>\n<li style=\"text-align: left;\">Suporte ao cliente sempre \u00e0 sua disposi\u00e7\u00e3o<\/li>\n<\/ul>\n<p style=\"text-align: center;\">Assim, voc\u00ea poder\u00e1 saber mais sobre o nosso <em><strong>Term\u00f4metro com reconhecimento facial<\/strong><\/em> abaixo.<\/p>\n<p><img decoding=\"async\" class=\"aligncenter\" src=\"https:\/\/ae01.alicdn.com\/kf\/H38be8f9018e24329bab9d3f4d8df8b69d\/5-inch-Touch-Screen-wifi-Temperature-measurement-face-recognition-terminal-Employee-Time-attendance-face-dynamic-access.jpg\" width=\"800\" height=\"800\" \/><\/p>\n<p style=\"text-align: center;\"><a href=\"#addtocart\" class=\"button primary is-primary is-medium\" >\n\t\t<span>ENCOMENDE J\u00c1!<\/span>\n\t<\/a>\n\n<hr \/>\n<p style=\"text-align: center;\" align=\"left\"><span style=\"font-family: arial, helvetica, sans-serif;\"><span style=\"font-size: 20px;\"><strong>ESPECIFICA\u00c7\u00d5ES:<\/strong><\/span><\/span><\/p>\n<ul>\n<li><strong>Material:<\/strong> PC<\/li>\n<li><strong>CPU<\/strong>Processador ARM Cortex-A7 Quad-Core, 1,2G<\/li>\n<li><strong>LCD: <\/strong>Tela sens\u00edvel ao toque de alta defini\u00e7\u00e3o de 5 polegadas<\/li>\n<li><strong>Tipo de tela:<\/strong> Tela sens\u00edvel ao toque<\/li>\n<li><strong>Temperatura de opera\u00e7\u00e3o:<\/strong> 0\u00b0C-40\u00b0C<\/li>\n<li><strong>M\u00e9todo de reconhecimento:<\/strong> Face<\/li>\n<li>Idioma: Chin\u00eas \/ Ingl\u00eas<\/li>\n<\/ul>\n<p align=\"left\" data-spm-anchor-id=\"a2g0o.detail.1000023.i1.6a01541aOunroC\"><img decoding=\"async\" class=\"aligncenter\" src=\"https:\/\/ae01.alicdn.com\/kf\/Hf5d7e9eec02546d18df5688b2a607ca5g\/5-inch-Touch-Screen-wifi-Temperature-measurement-face-recognition-terminal-Employee-Time-attendance-face-dynamic-access.jpg\" width=\"719\" height=\"719\" \/><\/p>\n<hr \/>\n<h2 class=\"qa-title\" style=\"text-align: center;\"><strong>PERGUNTAS E RESPOSTAS SOBRE O PRODUTO<\/strong><\/h2>\n<p style=\"text-align: center;\"><span class=\"qa-item-question\"><strong>Existem mais varia\u00e7\u00f5es para escolher?<\/strong><\/span><br \/>\n<span class=\"qa-item-answer\">Na descri\u00e7\u00e3o do <em><strong>Terminal com tela sens\u00edvel ao toque para medi\u00e7\u00e3o de temperatura e reconhecimento facial.<\/strong><\/em>, Voc\u00ea pode ver os dados relevantes sobre as varia\u00e7\u00f5es de produto dispon\u00edveis. Ent\u00e3o, escolha o que preferir.<\/span><\/p>\n<p><img decoding=\"async\" class=\"aligncenter\" src=\"https:\/\/startmeabiz.com\/wp-content\/uploads\/2021\/07\/776-4957d7.jpg\" width=\"751\" height=\"751\" \/><\/p>\n<p style=\"text-align: center;\"><span class=\"qa-item-question\"><strong>Seus produtos atendem aos padr\u00f5es de fabrica\u00e7\u00e3o?<\/strong><\/span><br \/>\n<span class=\"qa-item-answer\">Sabemos que a qualidade \u00e9 essencial. Por isso, produzimos nossos produtos com o m\u00e1ximo cuidado. <em><strong>Terminal com tela sens\u00edvel ao toque para medi\u00e7\u00e3o de temperatura e reconhecimento facial.<\/strong><\/em> com os mais altos padr\u00f5es da ind\u00fastria.<\/span><\/p>\n<p><img decoding=\"async\" class=\"aligncenter\" src=\"https:\/\/startmeabiz.com\/wp-content\/uploads\/2021\/07\/776-c744aa.jpg\" width=\"801\" height=\"801\" \/><\/p>\n<p style=\"text-align: center;\"><span class=\"qa-item-question\"><strong>N\u00e3o tenho certeza se estou pronto para comprar. Este \u00e9 o pre\u00e7o certo?<\/strong><\/span><br \/>\n<span class=\"qa-item-answer\"><span class=\"ads-addon-price\" data-currency=\"USD\">$59.95<\/span> N\u00e3o \u00e9 t\u00e3o caro quanto o que outras lojas online cobram por produtos similares. Por isso, acreditamos que nosso pre\u00e7o \u00e9 justo.<\/span><\/p>\n<p><img decoding=\"async\" class=\"aligncenter\" src=\"https:\/\/startmeabiz.com\/wp-content\/uploads\/2021\/07\/776-fabca2.jpg\" width=\"800\" height=\"800\" \/><\/p>\n<p style=\"text-align: center;\"><span class=\"qa-item-question\"><strong>Terei que pagar taxas extras ao comprar seu produto Inteligente?<em> Term\u00f4metro com reconhecimento facial<\/em>?<\/strong><\/span><br \/>\n<span class=\"qa-item-answer\">Ao fazer um pedido, voc\u00ea poder\u00e1 ver o pre\u00e7o final. Depois disso, n\u00e3o ser\u00e3o cobradas taxas adicionais.<\/span><\/p>\n<p><img decoding=\"async\" class=\"aligncenter\" src=\"https:\/\/startmeabiz.com\/wp-content\/uploads\/2021\/07\/776-f7b916.jpg\" width=\"800\" height=\"800\" \/><\/p>\n<p style=\"text-align: center;\"><span class=\"qa-item-question\"><strong>Ser\u00e1 que vale a pena fazer essa compra?<\/strong><\/span><br \/>\n<span class=\"qa-item-answer\">\u00c9 um produto de alta qualidade que vendemos com frequ\u00eancia. Al\u00e9m disso, nossos clientes costumam ficar muito satisfeitos com a escolha, ent\u00e3o n\u00e3o hesite!<\/span><\/p>\n<p><img decoding=\"async\" class=\"aligncenter\" src=\"https:\/\/startmeabiz.com\/wp-content\/uploads\/2021\/07\/776-f7d6ac.jpg\" width=\"800\" height=\"800\" \/><\/p>\n<p style=\"text-align: center;\"><span class=\"qa-item-question\"><strong>Voc\u00ea se importaria se eu fizesse uma avalia\u00e7\u00e3o deste produto?<\/strong><\/span><br \/>\n<span class=\"qa-item-answer\">As avalia\u00e7\u00f5es dos clientes s\u00e3o extremamente importantes para qualquer loja online. Portanto, fique \u00e0 vontade para nos enviar seus coment\u00e1rios por e-mail ou compartilh\u00e1-los em qualquer plataforma externa!<\/span><\/p>\n<p><img decoding=\"async\" class=\"aligncenter\" src=\"https:\/\/startmeabiz.com\/wp-content\/uploads\/2021\/07\/776-c0f24f.jpg\" width=\"800\" height=\"800\" \/><\/p>\n<p style=\"text-align: center;\"><a href=\"#addtocart\" class=\"button primary is-primary is-medium\" >\n\t\t<span>ENCOMENDE J\u00c1!<\/span>\n\t<\/a>\n\n<hr \/>\n<h2 class=\"qa-title\" style=\"text-align: center;\"><strong>POL\u00cdTICAS DE ENCOMENDA E DA LOJA<\/strong><\/h2>\n<p style=\"text-align: center;\"><span class=\"qa-item-question\"><strong>Voc\u00ea pode entregar meu pacote em um endere\u00e7o diferente do meu endere\u00e7o residencial?<\/strong><\/span><br \/>\n<span class=\"qa-item-answer\">O pacote ser\u00e1 enviado para o endere\u00e7o que voc\u00ea escolher. Assim, voc\u00ea pode enviar o pedido para outra pessoa com seguran\u00e7a.<\/span><\/p>\n<p><img decoding=\"async\" class=\"aligncenter\" src=\"https:\/\/ae01.alicdn.com\/kf\/Hb750b54512bd46ccb4da88d3db618e2dp\/5-inch-Touch-Screen-wifi-Temperature-measurement-face-recognition-terminal-Employee-Time-attendance-face-dynamic-access.jpg\" width=\"800\" height=\"725\" \/><\/p>\n<p style=\"text-align: center;\"><span class=\"qa-item-question\"><strong>Voc\u00ea pode me garantir que meu <em>Term\u00f4metro com reconhecimento facial<\/em> Chegar\u00e1 s\u00e3o e salvo?<\/strong><\/span><br \/>\n<span class=\"qa-item-answer\">Embalamos todos os pedidos cuidadosamente para evitar que suas compras sejam danificadas durante o transporte, para que voc\u00ea n\u00e3o precise se preocupar.<\/span><\/p>\n<p><img decoding=\"async\" class=\"aligncenter\" src=\"https:\/\/startmeabiz.com\/wp-content\/uploads\/2021\/07\/776-8a57c2.jpg\" width=\"800\" height=\"800\" \/><\/p>\n<p>&nbsp;<\/p>\n<p style=\"text-align: center;\"><span class=\"qa-item-question\"><strong>A entrega levar\u00e1 o tempo prometido?<\/strong><\/span><br \/>\n<span class=\"qa-item-answer\">Fazemos todo o poss\u00edvel para calcular o prazo de entrega com a maior precis\u00e3o poss\u00edvel. No entanto, fatores externos que influenciam o desempenho dos correios locais podem causar pequenas altera\u00e7\u00f5es no prazo de entrega.<\/span><\/p>\n<p><img decoding=\"async\" class=\"aligncenter\" src=\"https:\/\/startmeabiz.com\/wp-content\/uploads\/2021\/07\/776-62b4d2.jpg\" width=\"801\" height=\"801\" \/><\/p>\n<p style=\"text-align: center;\"><span class=\"qa-item-question\"><strong>Tenho algumas perguntas. Posso faz\u00ea-las em algum lugar?<\/strong><\/span><br \/>\n<span class=\"qa-item-answer\">Voc\u00ea pode entrar em contato conosco rapidamente por meio de qualquer um dos canais listados na parte inferior da p\u00e1gina. Em seguida, entraremos em contato com voc\u00ea o mais breve poss\u00edvel e responderemos a todas as suas perguntas.<\/span><\/p>\n<p style=\"text-align: center;\"><img decoding=\"async\" class=\"aligncenter\" src=\"https:\/\/startmeabiz.com\/wp-content\/uploads\/2021\/07\/776-9dfd1d.jpg\" width=\"801\" height=\"801\" \/><\/p>\n<p style=\"text-align: center;\"><span class=\"qa-item-question\"><strong>Voc\u00eas t\u00eam produtos \u00f3timos, mas posso confiar na loja de voc\u00eas?<\/strong><\/span><br \/>\n<span class=\"qa-item-answer\">Nossa loja tem reputa\u00e7\u00e3o de fornecedora confi\u00e1vel. Portanto, se voc\u00ea verificar os coment\u00e1rios de nossos clientes anteriores, ver\u00e1 que muitos clientes atuais j\u00e1 foram atendidos por n\u00f3s.<\/span><\/p>\n<p><img decoding=\"async\" class=\"aligncenter\" src=\"https:\/\/startmeabiz.com\/wp-content\/uploads\/2021\/07\/776-a970c2.jpg\" width=\"801\" height=\"801\" \/><\/p>\n<p>&nbsp;<\/p>\n<p style=\"text-align: center;\"><span class=\"qa-item-question\"><strong>N\u00e3o existem produtos id\u00eanticos dispon\u00edveis offline?<\/strong><\/span><br \/>\n<span class=\"qa-item-answer\">Geralmente, as lojas f\u00edsicas t\u00eam uma gama de produtos mais limitada e pre\u00e7os menos vantajosos. Portanto, podem parecer uma alternativa menos interessante para voc\u00ea.<\/span><\/p>\n<hr \/>\n<p><img decoding=\"async\" class=\"aligncenter\" src=\"https:\/\/ae01.alicdn.com\/kf\/H354270194b0a4e92b4dd402cd33a9479t\/5-inch-Touch-Screen-wifi-Temperature-measurement-face-recognition-terminal-Employee-Time-attendance-face-dynamic-access.jpg\" width=\"800\" height=\"800\" \/><img decoding=\"async\" class=\"aligncenter\" src=\"https:\/\/ae01.alicdn.com\/kf\/Hf5d7e9eec02546d18df5688b2a607ca5g\/5-inch-Touch-Screen-wifi-Temperature-measurement-face-recognition-terminal-Employee-Time-attendance-face-dynamic-access.jpg\" width=\"801\" height=\"801\" \/><img decoding=\"async\" class=\"aligncenter\" src=\"https:\/\/startmeabiz.com\/wp-content\/uploads\/2021\/07\/776-786d98.jpg\" width=\"799\" height=\"1066\" \/><img decoding=\"async\" class=\"aligncenter\" src=\"https:\/\/startmeabiz.com\/wp-content\/uploads\/2021\/07\/776-ea415c.jpg\" width=\"800\" height=\"800\" \/><img decoding=\"async\" class=\"aligncenter\" src=\"https:\/\/startmeabiz.com\/wp-content\/uploads\/2021\/07\/776-f7b916.jpg\" width=\"799\" height=\"799\" \/><img decoding=\"async\" class=\"aligncenter\" src=\"https:\/\/startmeabiz.com\/wp-content\/uploads\/2021\/07\/776-839b82.jpg\" width=\"800\" height=\"800\" \/><\/p>\n<p style=\"text-align: center;\"><a href=\"#addtocart\" class=\"button primary is-primary is-medium\" >\n\t\t<span>ENCOMENDE J\u00c1!<\/span>\n\t<\/a>\n\n<hr \/>\n<p>&nbsp;<\/p>\n<p><a href=\"http:\/\/drkillpain.com\"><br \/>\n<img decoding=\"async\" class=\"aligncenter wp-image-199808 size-full\" src=\"https:\/\/refuseyoulose.com\/wp-content\/uploads\/2022\/07\/Gold-Silver-or-Black-Eagle-Ring-metal-color-blackGoldSilver-Refuse-You-Lose.gif\" alt=\"Recuse e voc\u00ea perde.\" width=\"800\" height=\"450\" \/><\/a><\/p>\n<hr \/>\n<p><a href=\"http:\/\/https:\/\/ineedaclean.com\"><img decoding=\"async\" class=\"aligncenter wp-image-199858\" src=\"https:\/\/refuseyoulose.com\/wp-content\/uploads\/2022\/07\/IMB_KqYTpT-1.gif\" alt=\"Preciso de um gif limpo\" width=\"801\" height=\"450\" \/><\/a><\/p>","protected":false},"excerpt":{"rendered":"<p>Com isso <em><strong>Terminal com tela sens\u00edvel ao toque para medi\u00e7\u00e3o de temperatura e reconhecimento facial.<\/strong><\/em>, Voc\u00ea e seus entes queridos estar\u00e3o o mais protegidos poss\u00edvel!<\/p>","protected":false},"featured_media":779,"comment_status":"open","ping_status":"closed","template":"","meta":{"slim_seo":{"title":"Term\u00f4metro com reconhecimento facial","description":"Compre o term\u00f4metro com reconhecimento facial em startmeabiz.com! Frete gr\u00e1tis para 185 pa\u00edses. Garantia de reembolso de 45 dias."}},"product_brand":[],"product_cat":[28],"product_tag":[416,417,411,415,413,414,412,410],"class_list":{"0":"post-776","1":"product","2":"type-product","3":"status-publish","4":"has-post-thumbnail","6":"product_cat-new-arrivals","7":"product_tag-covid-precautions","8":"product_tag-covid-safe","9":"product_tag-face-recognition","10":"product_tag-intelligent-temperature-measurement","11":"product_tag-intelligent-touch-screen","12":"product_tag-recognition-terminal","13":"product_tag-temperature-measurement","14":"product_tag-touch-screen","15":"tm-no-options","17":"first","18":"instock","19":"sale","20":"taxable","21":"shipping-taxable","22":"purchasable","23":"product-type-simple"},"_links":{"self":[{"href":"https:\/\/startmeabiz.com\/pt\/wp-json\/wp\/v2\/product\/776","targetHints":{"allow":["GET"]}}],"collection":[{"href":"https:\/\/startmeabiz.com\/pt\/wp-json\/wp\/v2\/product"}],"about":[{"href":"https:\/\/startmeabiz.com\/pt\/wp-json\/wp\/v2\/types\/product"}],"replies":[{"embeddable":true,"href":"https:\/\/startmeabiz.com\/pt\/wp-json\/wp\/v2\/comments?post=776"}],"wp:featuredmedia":[{"embeddable":true,"href":"https:\/\/startmeabiz.com\/pt\/wp-json\/wp\/v2\/media\/779"}],"wp:attachment":[{"href":"https:\/\/startmeabiz.com\/pt\/wp-json\/wp\/v2\/media?parent=776"}],"wp:term":[{"taxonomy":"product_brand","embeddable":true,"href":"https:\/\/startmeabiz.com\/pt\/wp-json\/wp\/v2\/product_brand?post=776"},{"taxonomy":"product_cat","embeddable":true,"href":"https:\/\/startmeabiz.com\/pt\/wp-json\/wp\/v2\/product_cat?post=776"},{"taxonomy":"product_tag","embeddable":true,"href":"https:\/\/startmeabiz.com\/pt\/wp-json\/wp\/v2\/product_tag?post=776"}],"curies":[{"name":"wp","href":"https:\/\/api.w.org\/{rel}","templated":true}]}}