{"id":509,"date":"2023-02-20T15:05:48","date_gmt":"2023-02-20T21:05:48","guid":{"rendered":"https:\/\/startmeabiz.com\/product\/adjustable-aluminum-laptop-desk-ergonomic-portable-tv-bed-lapdesk-tray-pc-table-stand-notebook-table-desk-stand-with-mouse-pad\/"},"modified":"2025-12-03T03:33:29","modified_gmt":"2025-12-03T09:33:29","slug":"mesa-ajustavel-para-laptop-para-trabalhar-da-cama","status":"publish","type":"product","link":"https:\/\/startmeabiz.com\/pt\/produto\/mesa-ajustavel-para-laptop-para-trabalhar-da-cama\/","title":{"rendered":"Mesa ajust\u00e1vel para laptop para trabalhar da cama"},"content":{"rendered":"<h2 style=\"text-align: center;\"><strong>COMPRE TRABALHO DE<em> MESA DE LAPTOP AJUST\u00c1VEL PARA CAMA<\/em> HOJE, PELO MENOR PRE\u00c7O DO MERCADO<\/strong><\/h2>\n<p style=\"text-align: center;\">Reduzimos drasticamente os pre\u00e7os dos nossos produtos. <strong>Trabalhe da cama com mesa ajust\u00e1vel para laptop!<\/strong> Ent\u00e3o, adquira o seu agora por um <span style=\"color: #e03e2d;\"><strong>22% <\/strong><span style=\"color: #000000;\">Desconto enquanto durarem os estoques<\/span><\/span>Ent\u00e3o aja agora e compre por apenas <span class=\"ads-addon-price\" data-currency=\"USD\">$27.95<\/span>!<\/p>\n<p style=\"text-align: center;\">Nossa loja \u00e9 o principal destino para <strong>Suportes para laptop<\/strong> itens. Aproveite nosso frete internacional e nossa pol\u00edtica de devolu\u00e7\u00e3o facilitada para compras sem riscos.<\/p>\n<p style=\"text-align: center;\"><video style=\"max-width: 100%;\" src=\"\/\/cloud.video.taobao.com\/play\/u\/3960661482\/p\/1\/e\/6\/t\/10301\/237229913860.mp4\" poster=\"\/\/ae01.alicdn.com\/kf\/H6b1ea48897f44e4e969b63ccae010c25b\/Adjustable-Aluminum-Laptop-Desk-Ergonomic-Portable-TV-Bed-Lapdesk-Tray-PC-Table-Stand-Notebook-Table-Desk.jpg,\/\/ae01.alicdn.com\/kf\/He6473dbe92bb40c1a1fd7094397fe94fG\/Adjustable-Aluminum-Laptop-Desk-Ergonomic-Portable-TV-Bed-Lapdesk-Tray-PC-Table-Stand-Notebook-Table-Desk.jpg,\/\/ae01.alicdn.com\/kf\/H625e41804c384795aa4c549c7922fea8E\/Adjustable-Aluminum-Laptop-Desk-Ergonomic-Portable-TV-Bed-Lapdesk-Tray-PC-Table-Stand-Notebook-Table-Desk.jpg,\/\/ae01.alicdn.com\/kf\/HTB12zFXw7CWBuNjy0Faq6xUlXXad\/Adjustable-Aluminum-Laptop-Desk-Ergonomic-Portable-TV-Bed-Lapdesk-Tray-PC-Table-Stand-Notebook-Table-Desk.jpg,\/\/ae01.alicdn.com\/kf\/HTB1Er_4owKTBuNkSne1q6yJoXXad\/Adjustable-Aluminum-Laptop-Desk-Ergonomic-Portable-TV-Bed-Lapdesk-Tray-PC-Table-Stand-Notebook-Table-Desk.jpg,\/\/ae01.alicdn.com\/kf\/HTB1TFj3h5MnBKNjSZFCq6x0KFXaM\/Adjustable-Aluminum-Laptop-Desk-Ergonomic-Portable-TV-Bed-Lapdesk-Tray-PC-Table-Stand-Notebook-Table-Desk.jpg\" preload=\"auto\" controls=\"controls\" width=\"800\" height=\"800\"><\/video><\/p>\n<p style=\"text-align: center;\"><img decoding=\"async\" class=\"aligncenter\" src=\"\/\/ae01.alicdn.com\/kf\/H6d77d3b5889d4a55a23844c8e5bbb748K.jpg\" width=\"799\" height=\"799\" \/><\/p>\n<p style=\"text-align: center;\"><span class=\"qa-item-answer\"><a href=\"#addtocart\" class=\"button primary is-primary is-medium\" >\n\t\t<span>Adquira j\u00e1 o seu!<\/span>\n\t<\/a>\n<\/span><\/p>\n<hr \/>\n<h2 style=\"text-align: center;\"><strong>ESPECIFICA\u00c7\u00d5ES DE<em> Mesa ajust\u00e1vel para laptop, ideal para trabalhar da cama.<\/em><\/strong><\/h2>\n<ul>\n<li><strong>Tamanho:<\/strong> 42*28cm<\/li>\n<li><strong>Material:<\/strong> Alum\u00ednio<\/li>\n<li><strong>Recurso:<\/strong> Refrigera\u00e7\u00e3o para notebook<\/li>\n<li><strong>Cor:<\/strong> Preto, rosa, prata<\/li>\n<li><strong>Peso: Aprox.<\/strong> 1,35 kg<\/li>\n<li><strong>Capacidade de carga:\u00a0<\/strong> 15 kg<\/li>\n<li><strong>Dimens\u00e3o dobrada:<\/strong> 20,6\u00d710,4x2 polegadas<\/li>\n<li><strong>Faixa de \u00e2ngulo de dobragem:<\/strong> 0~360 graus<\/li>\n<\/ul>\n<h3 style=\"text-align: center;\"><strong>O pacote inclui:<\/strong><\/h3>\n<ul>\n<li>1x Suporte port\u00e1til para laptop<\/li>\n<li>1 x Bandeja de rato mont\u00e1vel<\/li>\n<li>1 x Manual de Instru\u00e7\u00f5es<\/li>\n<li>2 x Defletor Antiderrapante Preto<\/li>\n<\/ul>\n<p style=\"text-align: center;\">Al\u00e9m disso, voc\u00ea tem frete internacional, e se n\u00e3o gostar do seu produto... <strong>Mesa port\u00e1til ergon\u00f4mica para laptop com mousepad.<\/strong>, Voc\u00ea pode pedir um reembolso! Ent\u00e3o, nada mal para algo que custa <span style=\"color: #2dc26b;\"><strong><span class=\"ads-addon-price\" data-currency=\"USD\">$27.95<\/span><\/strong><\/span>, Certo? Ent\u00e3o, apresse-se antes que nosso estoque acabe!<\/p>\n<p style=\"text-align: center;\"><img decoding=\"async\" class=\"aligncenter\" src=\"\/\/ae01.alicdn.com\/kf\/H31db93ae3ddc46009831952d019a3de8c.jpg\" width=\"799\" height=\"799\" \/><\/p>\n<p style=\"text-align: center;\"><span class=\"qa-item-answer\"><a href=\"#addtocart\" class=\"button primary is-primary is-medium\" >\n\t\t<span>Adquira j\u00e1 o seu!<\/span>\n\t<\/a>\n<\/span><\/p>\n<hr \/>\n<h2 class=\"qa-title\" style=\"text-align: center;\"><strong>PERGUNTAS E RESPOSTAS SOBRE O PRODUTO<\/strong><\/h2>\n<p style=\"text-align: center;\"><span class=\"qa-item-question\"><strong>Ser\u00e1 que consigo ver as cores reais nas fotos?<\/strong><\/span><br \/>\n<span class=\"qa-item-answer\">As fotos da obra<strong> Mesa ajust\u00e1vel para laptop a partir da cama<\/strong> As cores podem variar ligeiramente dependendo da calibra\u00e7\u00e3o da tela do seu dispositivo.<\/span><\/p>\n<p style=\"text-align: center;\"><img decoding=\"async\" class=\"aligncenter\" src=\"\/\/ae01.alicdn.com\/kf\/H6168bfd4d1d64a31b173226b1951d6ccj.jpg\" width=\"800\" height=\"673\" \/><\/p>\n<p style=\"text-align: center;\"><span class=\"qa-item-question\"><strong>Tenho uma pergunta sobre a origem dos navios e a cor. Essas s\u00e3o todas as op\u00e7\u00f5es dispon\u00edveis?<\/strong><\/span><br \/>\n<span class=\"qa-item-answer\">Na obra De<strong> Mesa ajust\u00e1vel para laptop na cama<\/strong> Na descri\u00e7\u00e3o, voc\u00ea pode ver os dados relevantes sobre as varia\u00e7\u00f5es de produto dispon\u00edveis. Ent\u00e3o, escolha o que preferir.<\/span><\/p>\n<p style=\"text-align: center;\"><img decoding=\"async\" class=\"aligncenter\" src=\"\/\/ae01.alicdn.com\/kf\/H42776be5ac604e849479058224269a2dX.jpg\" width=\"800\" height=\"800\" \/><\/p>\n<p style=\"text-align: center;\"><span class=\"qa-item-question\"><strong>Tem certeza de que isso \u00e9 acess\u00edvel para mim?<\/strong><\/span><br \/>\n<span class=\"qa-item-answer\"><span class=\"ads-addon-price\" data-currency=\"USD\">$27.95<\/span> N\u00e3o \u00e9 t\u00e3o caro quanto o que outras lojas online cobram por produtos similares. No entanto, a decis\u00e3o \u00e9 sua. Ent\u00e3o, n\u00e3o hesite!<\/span><\/p>\n<p style=\"text-align: center;\"><img decoding=\"async\" class=\"aligncenter\" src=\"\/\/ae01.alicdn.com\/kf\/H6b5e9650de834a2f8223ee1c96ac6981r.jpg\" width=\"800\" height=\"640\" \/><\/p>\n<p style=\"text-align: center;\"><span class=\"qa-item-question\"><strong>A compra est\u00e1 isenta de impostos?<\/strong><\/span><br \/>\n<span class=\"qa-item-answer\">Voc\u00ea pode ver o pre\u00e7o final na p\u00e1gina de finaliza\u00e7\u00e3o da compra. Portanto, se houver impostos inclu\u00eddos, eles ser\u00e3o exibidos l\u00e1.<\/span><\/p>\n<p style=\"text-align: center;\"><img decoding=\"async\" class=\"aligncenter\" src=\"\/\/ae01.alicdn.com\/kf\/Hb77ca661b4bf4376aed4deff429db7f9X.jpg\" width=\"798\" height=\"798\" \/><\/p>\n<p style=\"text-align: center;\"><span class=\"qa-item-question\"><strong>Posso obter um reembolso se n\u00e3o encontrar o produto? <em>Mesa confort\u00e1vel para laptop com mousepad para trabalhar da cama.<\/em> adequado?<\/strong><\/span><br \/>\n<span class=\"qa-item-answer\">Se houver algum problema com seu pedido ou se ele n\u00e3o lhe agradar, devolveremos seu dinheiro, portanto, n\u00e3o hesite em nos contatar.<\/span><\/p>\n<p style=\"text-align: center;\"><img decoding=\"async\" class=\"aligncenter\" src=\"\/\/ae01.alicdn.com\/kf\/H997bcc40b62648708c70433e1a16a36b6.jpg\" width=\"798\" height=\"798\" \/><\/p>\n<p style=\"text-align: center;\"><span class=\"qa-item-question\"><strong>\u00c9 exatamente o produto que estou procurando?<\/strong><\/span><br \/>\n<span class=\"qa-item-answer\">Fique tranquilo! Este produto \u00e9 de alta qualidade. Al\u00e9m disso, o pre\u00e7o \u00e9 o mais baixo poss\u00edvel. Portanto, n\u00e3o precisa se preocupar!<\/span><\/p>\n<p style=\"text-align: center;\"><img decoding=\"async\" class=\"aligncenter\" src=\"\/\/ae01.alicdn.com\/kf\/He419ce559fb240978678b0c436417c79y.jpg\" width=\"801\" height=\"801\" \/><\/p>\n<hr \/>\n<h2 class=\"qa-title\" style=\"text-align: center;\"><strong>POL\u00cdTICAS DE ENCOMENDA E DA LOJA<\/strong><\/h2>\n<p style=\"text-align: center;\"><span class=\"qa-item-question\"><strong>Como evitar que seus produtos quebrem durante o transporte at\u00e9 os clientes?<\/strong><\/span><br \/>\n<span class=\"qa-item-answer\">Procuramos prever todos os problemas que sua encomenda possa enfrentar e utilizamos os m\u00e9todos mais seguros para garantir sua integridade.<\/span><\/p>\n<p style=\"text-align: center;\"><img decoding=\"async\" class=\"aligncenter\" src=\"\/\/ae01.alicdn.com\/kf\/Hea9826e15b9f41209550baf38184f6d66.jpg\" width=\"799\" height=\"799\" \/><\/p>\n<p style=\"text-align: center;\"><span class=\"qa-item-question\"><strong>E se algo de errado acontecer com meu pedido durante o transporte?<\/strong><\/span><br \/>\n<span class=\"qa-item-answer\">Valorizamos nossos clientes. Por isso, oferecemos reembolso total caso ocorra algum problema com seus pacotes.<\/span><\/p>\n<p style=\"text-align: center;\"><img decoding=\"async\" class=\"aligncenter\" src=\"\/\/ae01.alicdn.com\/kf\/Hebb68f2e4d83490d90c8231eb2e6e94ee.jpg\" width=\"802\" height=\"802\" \/><\/p>\n<p style=\"text-align: center;\"><span class=\"qa-item-question\"><strong>A entrega levar\u00e1 o tempo prometido?<\/strong><\/span><br \/>\n<span class=\"qa-item-answer\">Fazemos sempre o poss\u00edvel para calcular o tempo de entrega da sua Mesa Port\u00e1til para Notebook para Trabalhar na Cama da forma mais precisa poss\u00edvel. No entanto, podem ocorrer alguns contratempos durante o transporte que n\u00e3o conseguimos prever. Mesmo assim, o atraso n\u00e3o ultrapassar\u00e1 alguns dias.<\/span><\/p>\n<p style=\"text-align: center;\"><img decoding=\"async\" class=\"aligncenter\" src=\"\/\/ae01.alicdn.com\/kf\/H5eff1982426d41d5a56c7cbbba1d3f2b9.jpg\" width=\"801\" height=\"801\" \/><\/p>\n<p style=\"text-align: center;\"><span class=\"qa-item-question\"><strong>Como posso obter ajuda com o meu <em>Mesa port\u00e1til ergon\u00f4mica para laptop com mousepad.<\/em> comprar?<\/strong><\/span><br \/>\n<span class=\"qa-item-answer\">Voc\u00ea encontrar\u00e1 os detalhes de contato da nossa equipe de suporte na parte inferior da p\u00e1gina. Portanto, sinta-se \u00e0 vontade para entrar em contato com o nosso servi\u00e7o caso tenha alguma d\u00favida sobre o produto.<strong> Suporte multifuncional para laptop, ideal para trabalhar da cama.<\/strong><\/span><\/p>\n<p style=\"text-align: center;\"><img decoding=\"async\" class=\"aligncenter\" src=\"\/\/ae01.alicdn.com\/kf\/H5f269c3d0a714773a8703c9860774421C.jpg\" width=\"800\" height=\"800\" \/><\/p>\n<p style=\"text-align: center;\"><span class=\"qa-item-question\"><strong>Voc\u00ea pode comprovar que sua loja \u00e9 confi\u00e1vel?<\/strong><\/span><br \/>\n<span class=\"qa-item-answer\">Como voc\u00ea pode ver pelas avalia\u00e7\u00f5es de nossos compradores, n\u00e3o h\u00e1 nada com que se preocupar. Valorizamos nossa reputa\u00e7\u00e3o online e fazemos o poss\u00edvel para oferecer aos compradores um servi\u00e7o da mais alta qualidade.<\/span><\/p>\n<p style=\"text-align: center;\"><img decoding=\"async\" class=\"aligncenter\" src=\"\/\/ae01.alicdn.com\/kf\/H3bd12ccb814d4ae5adff8468bd4c4bd3O.jpg\" width=\"801\" height=\"801\" \/><\/p>\n<p style=\"text-align: center;\"><span class=\"qa-item-question\"><strong>Posso comprar o mesmo Trabalho de <em>Mesa ajust\u00e1vel para laptop na cama<\/em> offline?<\/strong><\/span><br \/>\n<span class=\"qa-item-answer\">\u00c9 pouco prov\u00e1vel que voc\u00ea encontre esses itens com todas essas varia\u00e7\u00f5es em lojas f\u00edsicas. Al\u00e9m disso, se conseguir encontr\u00e1-los, os pre\u00e7os podem ser significativamente mais altos.<\/span><\/p>\n<div>\n<div>\n<div>\n<p>&nbsp;<\/p>\n<div style=\"margin-left: 4.4885177453027%; margin-top: -67.849686847599%; width: 22.964509394572%;\"><a href=\"\/\/www.aliexpress.com\/item\/detail\/32885318801.html\" target=\"_blank\" rel=\"noopener noreferrer\"><img decoding=\"async\" src=\"\/\/ae01.alicdn.com\/kf\/H825064f77f274a9a977e4264ea71d7308.png\" \/><\/a><\/div>\n<div style=\"margin-left: 29.01878914405%; margin-top: -31.315240083507%; width: 22.964509394572%;\"><a href=\"\/\/www.aliexpress.com\/item\/detail\/32879917191.html\" target=\"_blank\" rel=\"noopener noreferrer\"><img decoding=\"async\" src=\"\/\/ae01.alicdn.com\/kf\/H825064f77f274a9a977e4264ea71d7308.png\" \/><\/a><\/div>\n<div style=\"margin-left: 53.549060542797%; margin-top: -31.315240083507%; width: 22.964509394572%;\"><a href=\"\/\/www.aliexpress.com\/item\/detail\/32974922861.html\" target=\"_blank\" rel=\"noopener noreferrer\"><img decoding=\"async\" src=\"\/\/ae01.alicdn.com\/kf\/H825064f77f274a9a977e4264ea71d7308.png\" \/><\/a><\/div>\n<div style=\"margin-left: 78.079331941545%; margin-top: -31.315240083507%; width: 22.964509394572%;\"><\/div>\n<div style=\"margin-left: 4.4885177453027%; margin-top: 1.5657620041754%; width: 22.964509394572%;\"><a href=\"\/\/www.aliexpress.com\/item\/detail\/4000345055204.html\" target=\"_blank\" rel=\"noopener noreferrer\"><img decoding=\"async\" src=\"\/\/ae01.alicdn.com\/kf\/H825064f77f274a9a977e4264ea71d7308.png\" \/><\/a><\/div>\n<div style=\"margin-left: 29.01878914405%; margin-top: -31.315240083507%; width: 22.964509394572%;\"><a href=\"\/\/www.aliexpress.com\/item\/detail\/4000307528143.html\" target=\"_blank\" rel=\"noopener noreferrer\"><img decoding=\"async\" src=\"\/\/ae01.alicdn.com\/kf\/H825064f77f274a9a977e4264ea71d7308.png\" \/><\/a><\/div>\n<div style=\"margin-left: 53.549060542797%; margin-top: -31.315240083507%; width: 22.964509394572%;\"><a href=\"\/\/www.aliexpress.com\/item\/detail\/4000207031468.html\" target=\"_blank\" rel=\"noopener noreferrer\"><img decoding=\"async\" src=\"\/\/ae01.alicdn.com\/kf\/H825064f77f274a9a977e4264ea71d7308.png\" \/><\/a><\/div>\n<\/div>\n<\/div>\n<\/div>\n<div>\n<p style=\"text-align: center;\"><img decoding=\"async\" class=\"aligncenter\" src=\"\/\/ae01.alicdn.com\/kf\/Ha3cb0a8a7237447bbe58f6d2f280d065E.jpg\" width=\"800\" height=\"800\" \/><\/p>\n<p style=\"text-align: center;\"><span class=\"qa-item-answer\"><a href=\"#addtocart\" class=\"button primary is-primary is-medium\" >\n\t\t<span>Adquira j\u00e1 o seu!<\/span>\n\t<\/a>\n<\/span><\/p>\n<hr \/>\n<\/div>\n<div>\n<p><img decoding=\"async\" class=\"aligncenter\" src=\"\/\/ae01.alicdn.com\/kf\/H283ac23a394841cea6be7c0a510b15d5Y.jpg\" width=\"800\" height=\"800\" \/><img decoding=\"async\" class=\"aligncenter\" src=\"\/\/ae01.alicdn.com\/kf\/Hadd81c4c97eb4f9c99b9511c983918f9L.jpg\" width=\"800\" height=\"800\" \/><\/p>\n<\/div>\n<div>\n<p><img decoding=\"async\" class=\"aligncenter\" src=\"\/\/ae01.alicdn.com\/kf\/Hc11ac2c7307b44208a29e6a8599ad7d69.jpg\" width=\"800\" height=\"800\" \/><\/p>\n<p style=\"text-align: center;\"><span class=\"qa-item-answer\"><a href=\"#addtocart\" class=\"button primary is-primary is-medium\" >\n\t\t<span>Adquira j\u00e1 o seu!<\/span>\n\t<\/a>\n<\/span><\/p>\n<\/div>","protected":false},"excerpt":{"rendered":"<p>Leve seu escrit\u00f3rio para qualquer lugar com esta mesa ajust\u00e1vel para laptop, perfeita para trabalhar da cama! Ent\u00e3o, por que hesitar? Compre j\u00e1!<\/p>\n<p><iframe style=\"display: none;\" src=\"about:blank\"><\/iframe><\/p>","protected":false},"featured_media":526,"comment_status":"open","ping_status":"closed","template":"","meta":{"slim_seo":{"title":"Mesa para laptop para trabalhar da cama","description":"Compre a mesa ajust\u00e1vel para laptop para trabalhar da cama em startmeabiz.com! Frete gr\u00e1tis para 185 pa\u00edses. Garantia de reembolso de 45 dias."}},"product_brand":[],"product_cat":[28,48],"product_tag":[490,489,488,487,476,491,475,492],"class_list":{"0":"post-509","1":"product","2":"type-product","3":"status-publish","4":"has-post-thumbnail","6":"product_cat-new-arrivals","7":"product_cat-laptop-stands","8":"product_tag-aluminum-laptop-desk","9":"product_tag-desk-with-mouse-pad","10":"product_tag-ergonomic-laptop-desk","11":"product_tag-lapdesk","12":"product_tag-laptop-desk","13":"product_tag-laptop-table","14":"product_tag-portable-laptop-desk","15":"product_tag-portable-table","16":"tm-has-styled-variations","17":"tm-has-options","19":"first","20":"instock","21":"sale","22":"taxable","23":"shipping-taxable","24":"purchasable","25":"product-type-variable"},"_links":{"self":[{"href":"https:\/\/startmeabiz.com\/pt\/wp-json\/wp\/v2\/product\/509","targetHints":{"allow":["GET"]}}],"collection":[{"href":"https:\/\/startmeabiz.com\/pt\/wp-json\/wp\/v2\/product"}],"about":[{"href":"https:\/\/startmeabiz.com\/pt\/wp-json\/wp\/v2\/types\/product"}],"replies":[{"embeddable":true,"href":"https:\/\/startmeabiz.com\/pt\/wp-json\/wp\/v2\/comments?post=509"}],"wp:featuredmedia":[{"embeddable":true,"href":"https:\/\/startmeabiz.com\/pt\/wp-json\/wp\/v2\/media\/526"}],"wp:attachment":[{"href":"https:\/\/startmeabiz.com\/pt\/wp-json\/wp\/v2\/media?parent=509"}],"wp:term":[{"taxonomy":"product_brand","embeddable":true,"href":"https:\/\/startmeabiz.com\/pt\/wp-json\/wp\/v2\/product_brand?post=509"},{"taxonomy":"product_cat","embeddable":true,"href":"https:\/\/startmeabiz.com\/pt\/wp-json\/wp\/v2\/product_cat?post=509"},{"taxonomy":"product_tag","embeddable":true,"href":"https:\/\/startmeabiz.com\/pt\/wp-json\/wp\/v2\/product_tag?post=509"}],"curies":[{"name":"wp","href":"https:\/\/api.w.org\/{rel}","templated":true}]}}