{"id":457,"date":"2019-11-30T13:41:23","date_gmt":"2019-11-30T19:41:23","guid":{"rendered":"https:\/\/startmeabiz.com\/product\/laptop-desk-portable-adjustable-aluminum-ergonomic-tv-bed-laptop-tray-pc-table-stand-notebook-table-desk-stand-with-mouse-pad\/"},"modified":"2023-06-15T11:16:42","modified_gmt":"2023-06-15T16:16:42","slug":"mesa-portatil-para-escritorio-em-casa","status":"publish","type":"product","link":"https:\/\/startmeabiz.com\/pt\/produto\/mesa-portatil-para-escritorio-em-casa\/","title":{"rendered":"Mesa port\u00e1til para escrit\u00f3rio em casa"},"content":{"rendered":"<h2 style=\"text-align: center;\">COMPRAR <em><strong>MESA DE ESCRIT\u00d3RIO PORT\u00c1TIL PARA CASA<\/strong><\/em> &amp; SALVAR <span class=\"ads-addon-you_save\" data-currency=\"USD\">$16.95<\/span>!<\/h2>\n<p style=\"text-align: center;\">Obtenha o <strong>Mesa port\u00e1til para escrit\u00f3rio em casa<\/strong> Voc\u00ea quer o que deseja por um pre\u00e7o que esteja disposto a pagar \u2014 por isso, estamos oferecendo nossa sele\u00e7\u00e3o de teclados por apenas <span class=\"ads-addon-price\" data-currency=\"USD\">$45.95<\/span>, dando-lhe <span style=\"color: #e03e2d;\">26% <span style=\"color: #000000;\">com desconto no pre\u00e7o normal de varejo<\/span><\/span>!<\/p>\n<p style=\"text-align: left;\">Compre conosco e tenha a garantia:<\/p>\n<ul>\n<li style=\"text-align: left;\">Produtos de qualidade premium<\/li>\n<li style=\"text-align: left;\">Entrega r\u00e1pida em todo o mundo.<\/li>\n<li style=\"text-align: left;\">Uma equipe de atendimento ao cliente amig\u00e1vel est\u00e1 pronta para responder a quaisquer perguntas sobre produtos ou pedidos.<\/li>\n<li style=\"text-align: left;\">Uma pol\u00edtica de devolu\u00e7\u00e3o flex\u00edvel<\/li>\n<\/ul>\n<p style=\"text-align: center;\">Visite nossa loja hoje mesmo e confira uma sele\u00e7\u00e3o especial de designs e tend\u00eancias de alta qualidade, tudo com desconto por tempo limitado. Ent\u00e3o, o que voc\u00ea est\u00e1 esperando?<\/p>\n<p style=\"text-align: center;\"><img decoding=\"async\" class=\"aligncenter\" src=\"\/\/ae01.alicdn.com\/kf\/HTB1xGoDd8Kw3KVjSZTEq6AuRpXaS.jpg\" \/><\/p>\n<p style=\"text-align: center;\"><a href=\"#addtocart\" class=\"button primary is-primary is-medium\" >\n\t\t<span>Adquira j\u00e1 o seu!<\/span>\n\t<\/a>\n\n<hr \/>\n<h2 style=\"text-align: center;\"><strong><em>MESA DE ESCRIT\u00d3RIO PORT\u00c1TIL PARA CASA<\/em> INFORMA\u00c7\u00c3O<\/strong><\/h2>\n<ul>\n<li>\n<div><strong>Peso:<\/strong> Aproximadamente 1,50 kg<\/div>\n<\/li>\n<li>\n<div><strong>Material:<\/strong> Alum\u00ednio, Pl\u00e1stico<\/div>\n<\/li>\n<li>\n<div><strong>Dimens\u00e3o dobrada:<\/strong> 48 x 26 cm \/ 18,7 x 10,1 polegadas (C x L)<\/div>\n<\/li>\n<li>\n<div><strong>Faixa de \u00e2ngulo de dobragem:<\/strong> 0~360\u00b0<\/div>\n<\/li>\n<li>\n<div>Uma segunda trava de rota\u00e7\u00e3o de 360 graus, com design de engrenagem conveniente e escala precisa, permite ajustes de \u00e2ngulo e altura com facilidade e precis\u00e3o.<\/div>\n<\/li>\n<\/ul>\n<div>\n<div style=\"text-align: center;\">Parece \u00f3timo! No entanto, apresse-se e <span style=\"color: #2dc26b;\"><strong><span class=\"ads-addon-add-to-cart\">ADICIONAR AO CARRINHO<\/span><\/strong><\/span> Aproveite esta oferta imperd\u00edvel enquanto ainda est\u00e1 v\u00e1lida!<\/div>\n<\/div>\n<div>\n<p><span style=\"font-size: 16px;\"><span style=\"font-size: 16px;\"><img decoding=\"async\" class=\"aligncenter\" src=\"\/\/ae01.alicdn.com\/kf\/HTB1Jzswd21G3KVjSZFkq6yK4XXaa.jpg\" \/><\/span><\/span><\/p>\n<hr \/>\n<\/div>\n<div style=\"text-align: center;\">\n<h2 class=\"qa-title\" style=\"text-align: center;\"><strong>PERGUNTAS E RESPOSTAS SOBRE O PRODUTO<\/strong><\/h2>\n<p style=\"text-align: center;\"><span class=\"qa-item-question\"><strong>Provavelmente gostaria de analisar mais algumas varia\u00e7\u00f5es. Como posso fazer isso?<\/strong><\/span><br \/>\n<span class=\"qa-item-answer\">Estamos exibindo todas as varia\u00e7\u00f5es dispon\u00edveis na p\u00e1gina do produto, ent\u00e3o fique \u00e0 vontade para conferir a descri\u00e7\u00e3o. <strong>Mesa de escrit\u00f3rio port\u00e1til para casa!<\/strong><\/span><\/p>\n<p style=\"text-align: center;\"><span class=\"qa-item-question\"><strong>As cores s\u00e3o precisas?<\/strong><\/span><br \/>\n<span class=\"qa-item-answer\">As imagens do produto mostram as cores reais da mesa port\u00e1til para escrit\u00f3rio em casa. No entanto, a tela do seu dispositivo pode exibir tonalidades ligeiramente diferentes devido \u00e0s suas configura\u00e7\u00f5es.<\/span><\/p>\n<p style=\"text-align: center;\"><img decoding=\"async\" class=\"aligncenter\" src=\"\/\/ae01.alicdn.com\/kf\/HTB1URgwd21G3KVjSZFkq6yK4XXaK.jpg\" \/><\/p>\n<p style=\"text-align: center;\"><span class=\"qa-item-question\"><strong>Posso pagar por isso?<\/strong><\/span><br \/>\n<span class=\"qa-item-answer\">A decis\u00e3o \u00e9 sua. No entanto, temos certeza de que, se voc\u00ea comparar este pre\u00e7o com outros no mercado, perceber\u00e1 que esta \u00e9 uma oferta tentadora.<\/span><\/p>\n<p style=\"text-align: center;\"><span class=\"qa-item-question\"><strong>Se eu fizer o seu pedido <em>Mesa port\u00e1til de alum\u00ednio<\/em>, Haver\u00e1 alguma taxa adicional?<\/strong><\/span><br \/>\n<span class=\"qa-item-answer\">O pre\u00e7o final da sua mesa de escrit\u00f3rio port\u00e1til inclui todas as taxas e impostos aplic\u00e1veis, e voc\u00ea o ver\u00e1 na p\u00e1gina de finaliza\u00e7\u00e3o da compra.<\/span><\/p>\n<p style=\"text-align: center;\"><img decoding=\"async\" class=\"aligncenter\" src=\"\/\/ae01.alicdn.com\/kf\/HTB1QrQvd.GF3KVjSZFmq6zqPXXai.jpg\" \/><\/p>\n<p style=\"text-align: center;\"><span class=\"qa-item-question\"><strong>N\u00e3o tenho certeza se realmente quero isso. Devo comprar?<\/strong><\/span><br \/>\n<span class=\"qa-item-answer\">A primeira impress\u00e3o costuma ser a que fica. Ent\u00e3o, se voc\u00ea gostou, fa\u00e7a seu pedido!<\/span><\/p>\n<p style=\"text-align: center;\"><span class=\"qa-item-question\"><strong>E se eu n\u00e3o gostar do meu <em>Mesa port\u00e1til para escrit\u00f3rio em casa<\/em>?<\/strong><\/span><br \/>\n<span class=\"qa-item-answer\">Sinta-se \u00e0 vontade para entrar em contato conosco caso algo em seu pedido n\u00e3o atenda \u00e0s suas expectativas. Temos uma pol\u00edtica de reembolso favor\u00e1vel ao comprador. Portanto, voc\u00ea pode obter uma compensa\u00e7\u00e3o rapidamente.<\/span><\/p>\n<p style=\"text-align: center;\"><img decoding=\"async\" class=\"aligncenter\" src=\"\/\/ae01.alicdn.com\/kf\/HTB1BP70aMFY.1VjSZFqq6ydbXXak.jpg\" \/><\/p>\n<p style=\"text-align: center;\">\n<a href=\"#addtocart\" class=\"button primary is-primary is-medium\" >\n\t\t<span>Adquira j\u00e1 o seu!<\/span>\n\t<\/a>\n\n<hr \/>\n<h2 class=\"qa-title\" style=\"text-align: center;\"><strong>POL\u00cdTICAS DE ENCOMENDA E DA LOJA<\/strong><\/h2>\n<p style=\"text-align: center;\"><span class=\"qa-item-question\"><strong>Voc\u00ea pode entregar meu pacote em um endere\u00e7o diferente do meu endere\u00e7o residencial?<\/strong><\/span><br \/>\n<span class=\"qa-item-answer\">Fique \u00e0 vontade para solicitar a entrega em qualquer endere\u00e7o necess\u00e1rio, pois n\u00e3o h\u00e1 problema se n\u00e3o for o seu endere\u00e7o residencial.<\/span><\/p>\n<p style=\"text-align: center;\"><span class=\"qa-item-question\"><strong>Se eu comprar v\u00e1rias unidades do mesmo produto, voc\u00eas as enviar\u00e3o individualmente?<\/strong><\/span><br \/>\n<span class=\"qa-item-answer\">N\u00e3o se preocupe, pois se encomendar v\u00e1rias unidades, elas chegar\u00e3o simultaneamente.<\/span><\/p>\n<p style=\"text-align: center;\"><img decoding=\"async\" class=\"aligncenter\" src=\"\/\/ae01.alicdn.com\/kf\/HTB14X3EdWSs3KVjSZPiq6AsiVXai.jpg\" \/><\/p>\n<p style=\"text-align: center;\"><span class=\"qa-item-question\"><strong>E se eu precisar alterar a cor ou cancelar meu pedido?<\/strong><\/span><br \/>\n<span class=\"qa-item-answer\">Voc\u00ea pode facilmente fazer as altera\u00e7\u00f5es necess\u00e1rias ou cancelar seu pedido entrando em contato com nossa equipe de suporte. Portanto, n\u00e3o se preocupe.<\/span><\/p>\n<p style=\"text-align: center;\"><span class=\"qa-item-question\"><strong>J\u00e1 est\u00e1 dispon\u00edvel?<\/strong><\/span><br \/>\n<span class=\"qa-item-answer\">O produto j\u00e1 est\u00e1 dispon\u00edvel para compra, ent\u00e3o estamos ansiosos para processar seu pedido!<\/span><\/p>\n<p style=\"text-align: center;\"><img decoding=\"async\" class=\"aligncenter\" src=\"\/\/ae01.alicdn.com\/kf\/HTB1RdZvd.GF3KVjSZFoq6zmpFXad.jpg\" \/><\/p>\n<p style=\"text-align: center;\"><span class=\"qa-item-question\"><strong>Voc\u00ea est\u00e1 autorizado? Receberei um produto legal se fizer meu pedido? <em>Mesa port\u00e1til de alum\u00ednio<\/em>?<\/strong><\/span><br \/>\n<span class=\"qa-item-answer\">N\u00e3o h\u00e1 necessidade de se preocupar com quest\u00f5es legais, pois cumprimos todos os requisitos oficiais. Portanto, fique tranquilo.<\/span><\/p>\n<p style=\"text-align: center;\"><span class=\"qa-item-question\"><strong>Posso encontrar o mesmo? <em>Mesa port\u00e1til para escrit\u00f3rio em casa<\/em> Em uma loja comum?<\/strong><\/span><br \/>\n<span class=\"qa-item-answer\">Pelo que sabemos, itens similares vendidos em lojas f\u00edsicas t\u00eam uma variedade mais limitada e pre\u00e7os menos atraentes. Por isso, acreditamos ser a melhor op\u00e7\u00e3o dispon\u00edvel!<\/span><\/p>\n<\/div>\n<div><\/div>\n<div>\n<p><img decoding=\"async\" class=\"aligncenter\" src=\"\/\/ae01.alicdn.com\/kf\/HTB1O7k0aMFY.1VjSZFqq6ydbXXa1.jpg\" \/><\/p>\n<hr \/>\n<p><img decoding=\"async\" class=\"aligncenter\" src=\"\/\/ae01.alicdn.com\/kf\/HTB1krMDd8Kw3KVjSZTEq6AuRpXaO.jpg\" \/><\/p>\n<p style=\"text-align: center;\"><a href=\"#addtocart\" class=\"button primary is-primary is-medium\" >\n\t\t<span>Adquira j\u00e1 o seu!<\/span>\n\t<\/a>\n\n<\/div>","protected":false},"excerpt":{"rendered":"<p>Adquira esta mesa de escrit\u00f3rio multifuncional port\u00e1til e tenha a certeza de poder usar seu laptop confortavelmente em qualquer lugar!<\/p>\n<p><iframe style=\"display: none;\" src=\"about:blank\"><\/iframe><\/p>","protected":false},"featured_media":464,"comment_status":"open","ping_status":"closed","template":"","meta":{"slim_seo":{"title":"Mesa port\u00e1til para escrit\u00f3rio em casa","description":"Compre mesa port\u00e1til para escrit\u00f3rio em casa na startmeabiz.com! Frete gr\u00e1tis para 185 pa\u00edses. Garantia de devolu\u00e7\u00e3o do dinheiro em 45 dias. N\u00e3o espere mais!"}},"product_brand":[],"product_cat":[28,50],"product_tag":[510,511,476,491,509,492],"class_list":{"0":"post-457","1":"product","2":"type-product","3":"status-publish","4":"has-post-thumbnail","6":"product_cat-new-arrivals","7":"product_cat-keyboards","8":"product_tag-flexible-desk","9":"product_tag-flexible-table","10":"product_tag-laptop-desk","11":"product_tag-laptop-table","12":"product_tag-portable-desk","13":"product_tag-portable-table","14":"tm-has-styled-variations","15":"tm-has-options","17":"first","18":"instock","19":"sale","20":"taxable","21":"shipping-taxable","22":"purchasable","23":"product-type-variable"},"_links":{"self":[{"href":"https:\/\/startmeabiz.com\/pt\/wp-json\/wp\/v2\/product\/457","targetHints":{"allow":["GET"]}}],"collection":[{"href":"https:\/\/startmeabiz.com\/pt\/wp-json\/wp\/v2\/product"}],"about":[{"href":"https:\/\/startmeabiz.com\/pt\/wp-json\/wp\/v2\/types\/product"}],"replies":[{"embeddable":true,"href":"https:\/\/startmeabiz.com\/pt\/wp-json\/wp\/v2\/comments?post=457"}],"wp:featuredmedia":[{"embeddable":true,"href":"https:\/\/startmeabiz.com\/pt\/wp-json\/wp\/v2\/media\/464"}],"wp:attachment":[{"href":"https:\/\/startmeabiz.com\/pt\/wp-json\/wp\/v2\/media?parent=457"}],"wp:term":[{"taxonomy":"product_brand","embeddable":true,"href":"https:\/\/startmeabiz.com\/pt\/wp-json\/wp\/v2\/product_brand?post=457"},{"taxonomy":"product_cat","embeddable":true,"href":"https:\/\/startmeabiz.com\/pt\/wp-json\/wp\/v2\/product_cat?post=457"},{"taxonomy":"product_tag","embeddable":true,"href":"https:\/\/startmeabiz.com\/pt\/wp-json\/wp\/v2\/product_tag?post=457"}],"curies":[{"name":"wp","href":"https:\/\/api.w.org\/{rel}","templated":true}]}}