{"id":446,"date":"2023-02-21T12:38:09","date_gmt":"2023-02-21T18:38:09","guid":{"rendered":"https:\/\/startmeabiz.com\/product\/folding-laptop-holder-pc-stand-with-stretching-legs-and-adjusting-angles-for-1116-inch-computer-notebook-portable-lapdesk\/"},"modified":"2025-12-03T03:26:50","modified_gmt":"2025-12-03T09:26:50","slug":"suporte-dobravel-para-laptop-ou-tablet-ideal-para-viagens","status":"publish","type":"product","link":"https:\/\/startmeabiz.com\/pt\/produto\/suporte-dobravel-para-laptop-ou-tablet-ideal-para-viagens\/","title":{"rendered":"Suporte dobr\u00e1vel para laptop ou tablet, ideal para viagens."},"content":{"rendered":"<div>\n<h2 style=\"text-align: center;\"><strong>GASTE MENOS, ECONOMIZE MAIS!!! COMPRE UM <em>SUPORTE DOBR\u00c1VEL PARA LAPTOP OU TABLET PARA FACILITAR O TRANSPORTE<\/em> AGORA E ECONOMIZE <\/strong><span class=\"ads-addon-you_save\" data-currency=\"USD\">$10.95<\/span><\/h2>\n<p style=\"text-align: center;\">Estamos reduzindo os pre\u00e7os para que voc\u00ea possa economizar! Ent\u00e3o, se voc\u00ea est\u00e1 em busca do produto perfeito, esta \u00e9 a sua chance!<strong> Suporte dobr\u00e1vel para laptop ou tablet, ideal para viagens.<\/strong>, Confira nossa sele\u00e7\u00e3o agora mesmo! <span style=\"color: #e03e2d;\"><strong>30% <\/strong><span style=\"color: #000000;\">desligado<\/span><\/span> e economize <span class=\"ads-addon-you_save\" data-currency=\"USD\">$10.95<\/span>. Ent\u00e3o, o que voc\u00ea est\u00e1 esperando?<\/p>\n<p style=\"text-align: center;\">Nossa loja est\u00e1 comprometida em proporcionar uma experi\u00eancia de compra perfeita. Por isso, defendemos os seguintes princ\u00edpios:<\/p>\n<ul>\n<li>100% Satisfa\u00e7\u00e3o<\/li>\n<li>100% Pagamento seguro<\/li>\n<li>100% Pol\u00edtica de devolu\u00e7\u00e3o facilitada<\/li>\n<\/ul>\n<p style=\"text-align: center;\">Essa oferta n\u00e3o vai durar para sempre, ent\u00e3o <span style=\"color: #2dc26b;\"><strong><span class=\"ads-addon-add-to-cart\">ADICIONAR AO CARRINHO<\/span><\/strong> <\/span>agora!<\/p>\n<p><center><img decoding=\"async\" class=\"aligncenter\" style=\"font-family: arial , helvetica , sans-serif; margin: 0.0px; padding: 0.0px; border: 0.0px; font-style: inherit; font-weight: inherit; font-size: 0.0px; line-height: inherit; vertical-align: middle; color: transparent; width: 800.0px;\" src=\"\/\/ae01.alicdn.com\/kf\/HTB1I3gVrIuYBuNkSmRyq6AA3pXad.jpg?width=800&amp;height=800&amp;hash=1600\" alt=\"Suporte dobr\u00e1vel para laptop ou tablet, ideal para viagens.\" width=\"800\" height=\"800\" \/><\/center><center><a href=\"#addtocart\" class=\"button secondary is-secondary is-medium\" >\n\t\t<span>COMPRAR AGORA!<\/span>\n\t<\/a>\n<\/center><\/p>\n<hr \/>\n<h2 style=\"text-align: center;\"><strong>MAIS INFORMA\u00c7\u00d5ES SOBRE <em>SUPORTE DOBR\u00c1VEL PARA LAPTOP OU TABLET PARA FACILITAR O TRANSPORTE<\/em><\/strong><\/h2>\n<ul style=\"text-align: center;\">\n<li style=\"text-align: left;\"><strong>Cor:<\/strong> Preto\/Branco<\/li>\n<li style=\"text-align: left;\"><strong>Tamanho do item:<\/strong> 20*5*2cm<\/li>\n<li style=\"text-align: left;\"><strong>Tamanho da embalagem:<\/strong> 21*6*3cm<\/li>\n<li style=\"text-align: left;\"><strong>Material:<\/strong>\u00a0 ABS + metal<\/li>\n<\/ul>\n<p><center><img decoding=\"async\" class=\"aligncenter\" style=\"font-family: arial , helvetica , sans-serif; margin: 0.0px; padding: 0.0px; border: 0.0px; font-style: inherit; font-weight: inherit; font-size: 0.0px; line-height: inherit; vertical-align: middle; color: transparent; width: 800.0px;\" src=\"\/\/ae01.alicdn.com\/kf\/HTB1zO0hAgaTBuNjSszfq6xgfpXaU.jpg?width=800&amp;height=800&amp;hash=1600\" alt=\"Suporte dobr\u00e1vel para laptop ou tablet, ideal para viagens.\" width=\"800\" height=\"800\" \/><\/center><\/p>\n<div style=\"text-align: center;\"><strong><span style=\"color: #000000; font-family: arial, helvetica, sans-serif;\">Caracter\u00edsticas:<\/span><\/strong><\/div>\n<ul>\n<li><span style=\"color: #000000; font-family: arial, helvetica, sans-serif;\">100%, produto novo e de alta qualidade.<\/span><\/li>\n<li><span style=\"color: #000000; font-family: arial, helvetica, sans-serif;\">Dobr\u00e1vel multifuncional para uso port\u00e1til e conveniente.<\/span><\/li>\n<li><span style=\"color: #000000; font-family: arial, helvetica, sans-serif;\">Projetado com uma perna secund\u00e1ria dobr\u00e1vel, angulada perfeitamente para digitar em um teclado virtual de notebook.<\/span><\/li>\n<li><span style=\"color: #000000; font-family: arial, helvetica, sans-serif;\">\u00c9 especialmente projetado para quem deseja trabalhar em seu laptop ou notebook.<\/span><\/li>\n<li><span style=\"color: #000000; font-family: arial, helvetica, sans-serif;\">Profissional para notebooks e laptops.<\/span><\/li>\n<li><span style=\"color: #000000; font-family: arial, helvetica, sans-serif;\">Pr\u00e1tico, dur\u00e1vel e perfeito para o seu uso di\u00e1rio.<\/span><\/li>\n<li><span style=\"color: #000000; font-family: arial, helvetica, sans-serif;\">Possui um design elegante e pode ser dobrado para um tamanho compacto.<\/span><\/li>\n<\/ul>\n<p><center><img decoding=\"async\" class=\"aligncenter\" src=\"\/\/sc02.alicdn.com\/kf\/HTB1VACqtuSSBuNjy0Flq6zBpVXav\/202114827\/HTB1VACqtuSSBuNjy0Flq6zBpVXav.jpg\" alt=\"Suporte dobr\u00e1vel para laptop ou tablet, ideal para viagens.\" width=\"789\" height=\"593\" \/><\/center><\/p>\n<div>\n<p style=\"text-align: center;\"><strong>O pacote inclui:<\/strong><\/p>\n<ul>\n<li>1 x Suporte para Notebook<\/li>\n<\/ul>\n<\/div>\n<p style=\"text-align: center;\"><img decoding=\"async\" class=\"aligncenter\" src=\"\/\/sc02.alicdn.com\/kf\/HTB1HnYzRXXXXXa3XVXXq6xXFXXXx\/202114827\/HTB1HnYzRXXXXXa3XVXXq6xXFXXXx.jpg\" alt=\"Suporte dobr\u00e1vel para laptop ou tablet, ideal para viagens.\" width=\"787\" height=\"538\" \/><\/p>\n<p style=\"text-align: center;\">Al\u00e9m disso, n\u00e3o se esque\u00e7a que devolveremos o seu dinheiro caso n\u00e3o fique satisfeito com a sua compra, ent\u00e3o fa\u00e7a j\u00e1 a sua encomenda!<\/p>\n<p><center><img decoding=\"async\" class=\"aligncenter\" style=\"font-family: arial , helvetica , sans-serif; margin: 0.0px; padding: 0.0px; border: 0.0px; font-style: inherit; font-weight: inherit; font-size: 0.0px; line-height: inherit; vertical-align: middle; color: transparent; width: 800.0px;\" src=\"\/\/ae01.alicdn.com\/kf\/HTB1E20RAeuSBuNjSsplq6ze8pXa6.jpg?width=800&amp;height=800&amp;hash=1600\" alt=\"Suporte dobr\u00e1vel para laptop ou tablet, ideal para viagens.\" width=\"800\" height=\"800\" \/><\/center><center><a href=\"#addtocart\" class=\"button secondary is-secondary is-medium\" >\n\t\t<span>COMPRAR AGORA!<\/span>\n\t<\/a>\n<\/center><\/p>\n<hr \/>\n<h2 class=\"qa-title\" style=\"text-align: center;\"><strong>PERGUNTAS E RESPOSTAS SOBRE O PRODUTO<\/strong><\/h2>\n<p style=\"text-align: center;\"><span class=\"qa-item-question\"><strong>Posso ter certeza de que as cores nas fotos correspondem \u00e0s cores reais?<\/strong><\/span><br \/>\n<span class=\"qa-item-answer\">As fotos do <strong>Suporte dobr\u00e1vel para laptop ou tablet, ideal para viagens.<\/strong> As cores podem variar ligeiramente dependendo da calibra\u00e7\u00e3o da tela, portanto, seu dispositivo pode exibir uma tonalidade um pouco diferente.<\/span><\/p>\n<p><center><img decoding=\"async\" class=\"aligncenter\" style=\"margin: -15px 0px 0px; padding: 0px; border: 0px; font-style: inherit; font-weight: inherit; font-size: 0px; line-height: inherit; vertical-align: middle; color: transparent; width: 655px; height: 655px;\" src=\"\/\/sc01.alicdn.com\/kf\/HTB1tYDPRXXXXXXFXFXXq6xXFXXXt\/202114827\/HTB1tYDPRXXXXXXFXFXXq6xXFXXXt.jpg\" alt=\"Suporte dobr\u00e1vel para laptop ou tablet, ideal para viagens.\" width=\"1000\" height=\"1000\" \/><\/center><\/p>\n<p style=\"text-align: center;\"><span class=\"qa-item-question\"><strong>Seus produtos atendem aos padr\u00f5es de fabrica\u00e7\u00e3o?<\/strong><\/span><br \/>\n<span class=\"qa-item-answer\">N\u00e3o h\u00e1 nada com que se preocupar, pois nosso fornecedor fabrica o produto. <strong>Suporte dobr\u00e1vel para laptop ou tablet, ideal para viagens.<\/strong> Seguindo todos os padr\u00f5es exigidos. Portanto, por favor, n\u00e3o se preocupe.<\/span><\/p>\n<p style=\"text-align: center;\"><span class=\"qa-item-question\"><strong>Eu gosto do seu <em>Suporte leve e ajust\u00e1vel para laptop<\/em>Qual \u00e9 o pre\u00e7o?<\/strong><\/span><br \/>\n<span class=\"qa-item-answer\">O pre\u00e7o \u00e9 <span class=\"ads-addon-price\" data-currency=\"USD\">$22.95<\/span>. Ent\u00e3o, aproveite sua compra!<\/span><\/p>\n<p><center><img decoding=\"async\" class=\"aligncenter\" src=\"\/\/sc02.alicdn.com\/kf\/HTB1CobiRXXXXXb7apXXq6xXFXXXO\/202114827\/HTB1CobiRXXXXXb7apXXq6xXFXXXO.jpg\" alt=\"Suporte dobr\u00e1vel para laptop ou tablet, ideal para viagens.\" width=\"750\" height=\"465\" \/><\/center><\/p>\n<p style=\"text-align: center;\"><span class=\"qa-item-question\"><strong>Terei que pagar taxas extras ao comprar o seu produto? <em>Suporte dobr\u00e1vel para laptop ou tablet?<\/em><\/strong><\/span><br \/>\n<span class=\"qa-item-answer\">A se\u00e7\u00e3o de pre\u00e7o total na p\u00e1gina de finaliza\u00e7\u00e3o da compra mostra todas as taxas aplic\u00e1veis. Depois disso, nenhum pagamento adicional ser\u00e1 necess\u00e1rio. Portanto, n\u00e3o precisa se preocupar.<\/span><\/p>\n<p><center><img decoding=\"async\" class=\"aligncenter\" style=\"margin: 0px; padding: 0px; border: 0px; font-style: inherit; font-weight: inherit; font-size: 0px; line-height: inherit; vertical-align: middle; color: transparent; width: 799px; height: 940px;\" src=\"\/\/sc01.alicdn.com\/kf\/HTB1fXbFRXXXXXcUXFXXq6xXFXXXj\/202114827\/HTB1fXbFRXXXXXcUXFXXq6xXFXXXj.jpg\" alt=\"Suporte dobr\u00e1vel para laptop ou tablet, ideal para viagens.\" width=\"750\" height=\"825\" \/><\/center><\/p>\n<p style=\"text-align: center;\"><span class=\"qa-item-question\"><strong>O que outros compradores dizem sobre o seu Compact e <em>Mini suporte confi\u00e1vel para iPad, tablets ou laptops?<\/em><\/strong><\/span><br \/>\n<span class=\"qa-item-answer\">H\u00e1 muitos coment\u00e1rios positivos sobre o nosso produto. <strong>Suporte port\u00e1til para notebook em liga de alum\u00ednio<\/strong> Porque todos eles est\u00e3o felizes com a compra e a consideram realmente incr\u00edvel, elogiando seu custo-benef\u00edcio.\u00a0<\/span><\/p>\n<p style=\"text-align: center;\"><img decoding=\"async\" class=\"aligncenter\" src=\"\/\/sc02.alicdn.com\/kf\/HTB1n_byRXXXXXccXVXXq6xXFXXXM\/202114827\/HTB1n_byRXXXXXccXVXXq6xXFXXXM.jpg\" alt=\"Suporte dobr\u00e1vel para laptop ou tablet, ideal para viagens.\" width=\"800\" height=\"800\" \/><\/p>\n<p style=\"text-align: center;\"><span class=\"qa-item-question\"><strong>Espero que voc\u00ea permita que seus clientes deixem avalia\u00e7\u00f5es de seus produtos.<\/strong><\/span><br \/>\n<span class=\"qa-item-answer\">Respeitamos a opini\u00e3o dos nossos clientes. Portanto, sinta-se \u00e0 vontade para compartilhar sua experi\u00eancia para nos ajudar a melhorar. Ent\u00e3o, n\u00e3o se preocupe.<\/span><\/p>\n<p><center><img decoding=\"async\" class=\"aligncenter\" style=\"font-family: arial , helvetica , sans-serif; margin: 0.0px; padding: 0.0px; border: 0.0px; font-style: inherit; font-weight: inherit; font-size: 0.0px; line-height: inherit; vertical-align: middle; color: transparent; width: 800.0px;\" src=\"\/\/ae01.alicdn.com\/kf\/HTB1uXXGAf9TBuNjy0Fcq6zeiFXam.jpg?width=800&amp;height=800&amp;hash=1600\" alt=\"Suporte dobr\u00e1vel para laptop ou tablet, ideal para viagens.\" width=\"800\" height=\"800\" \/><\/center><center><a href=\"#addtocart\" class=\"button secondary is-secondary is-medium\" >\n\t\t<span>COMPRAR AGORA!<\/span>\n\t<\/a>\n<\/center><\/p>\n<hr \/>\n<h2 class=\"qa-title\" style=\"text-align: center;\"><strong>POL\u00cdTICAS DE ENCOMENDA E DA LOJA<\/strong><\/h2>\n<p style=\"text-align: center;\"><span class=\"qa-item-question\"><strong>Quero comprar mais de uma unidade deste produto. Mas elas chegar\u00e3o juntas?<\/strong><\/span><br \/>\n<span class=\"qa-item-answer\">Ao encomendar v\u00e1rias unidades do mesmo produto, elas s\u00e3o sempre enviadas juntas, mas geralmente as embalamos separadamente.<\/span><\/p>\n<p style=\"text-align: center;\"><img decoding=\"async\" class=\"aligncenter\" src=\"\/\/sc01.alicdn.com\/kf\/HTB1ZejBRXXXXXavXVXXq6xXFXXX5\/202114827\/HTB1ZejBRXXXXXavXVXXq6xXFXXX5.jpg\" alt=\"Suporte dobr\u00e1vel para laptop ou tablet, ideal para viagens.\" width=\"750\" height=\"821\" \/><\/p>\n<p style=\"text-align: center;\"><span class=\"qa-item-question\"><strong>Como voc\u00ea garante que nada aconte\u00e7a com o <em>Suporte robusto e compacto para tablet ou laptop<\/em> durante o transporte?<\/strong><\/span><br \/>\n<span class=\"qa-item-answer\">Embalamos todos os pedidos com cuidado para evitar que suas compras sejam danificadas durante o transporte, para que voc\u00ea n\u00e3o precise se preocupar.<\/span><\/p>\n<p><center><img decoding=\"async\" class=\"aligncenter\" style=\"font-family: arial , helvetica , sans-serif; margin: 0.0px; padding: 0.0px; border: 0.0px; font-style: inherit; font-weight: inherit; font-size: 0.0px; line-height: inherit; vertical-align: middle; color: transparent; width: 800.0px;\" src=\"\/\/ae01.alicdn.com\/kf\/HTB1_FXGAf9TBuNjy0Fcq6zeiFXa2.jpg?width=679&amp;height=679&amp;hash=1358\" alt=\"Suporte dobr\u00e1vel para laptop ou tablet, ideal para viagens.\" width=\"679\" height=\"679\" \/><\/center><\/p>\n<p style=\"text-align: center;\"><span class=\"qa-item-question\"><strong>Posso receber meu pedido mais r\u00e1pido se usar um m\u00e9todo de pagamento espec\u00edfico?<\/strong><\/span><br \/>\n<span class=\"qa-item-answer\">Fazemos sempre o poss\u00edvel para processar o seu pedido o mais r\u00e1pido poss\u00edvel. Pode escolher a forma de pagamento que preferir, sem que isso afete o prazo de entrega. Por isso, escolha a que lhe for mais conveniente!<\/span><\/p>\n<p style=\"text-align: center;\"><img decoding=\"async\" class=\"aligncenter\" src=\"\/\/sc01.alicdn.com\/kf\/HTB1n_ngRXXXXXb_apXXq6xXFXXXf\/202114827\/HTB1n_ngRXXXXXb_apXXq6xXFXXXf.jpg\" alt=\"Suporte dobr\u00e1vel para laptop ou tablet, ideal para viagens.\" width=\"867\" height=\"599\" \/><\/p>\n<p style=\"text-align: center;\"><span class=\"qa-item-question\"><strong>Quero fazer um pedido, mas quantas unidades est\u00e3o dispon\u00edveis em estoque?<\/strong><\/span><br \/>\n<span class=\"qa-item-answer\">A quantidade desses produtos em estoque varia diariamente devido \u00e0 atividade tanto dos compradores quanto dos fabricantes. Portanto, n\u00e3o h\u00e1 motivo para preocupa\u00e7\u00e3o: se n\u00e3o houver a indica\u00e7\u00e3o &quot;Fora de estoque&quot; na p\u00e1gina do produto, significa que ele est\u00e1 dispon\u00edvel. <strong>Suporte leve e ajust\u00e1vel para laptop<\/strong> Pode ser adquirido com seguran\u00e7a.<\/span><\/p>\n<p><center><img decoding=\"async\" class=\"aligncenter\" style=\"font-family: arial, helvetica, sans-serif; margin: 0px; padding: 0px; border: 0px; font-style: inherit; font-weight: inherit; font-size: 0px; line-height: inherit; vertical-align: middle; color: transparent; width: 799px;\" src=\"\/\/ae01.alicdn.com\/kf\/HTB1xwuqAhSYBuNjSspjq6x73VXas.jpg?width=1024&amp;height=1024&amp;hash=2048\" alt=\"Suporte dobr\u00e1vel para laptop ou tablet, ideal para viagens.\" width=\"1024\" height=\"799\" \/><\/center><\/p>\n<p style=\"text-align: center;\"><span class=\"qa-item-question\"><strong>\u00c9 um neg\u00f3cio seguro?<\/strong><\/span><br \/>\n<span class=\"qa-item-answer\">Valorizamos nossa reputa\u00e7\u00e3o e queremos proporcionar alegria a cada um de nossos clientes. Confira os depoimentos deles e veja que receberam exatamente o que esperavam! Ent\u00e3o, n\u00e3o se preocupe!<\/span><\/p>\n<p><img decoding=\"async\" class=\"aligncenter\" src=\"\/\/sc01.alicdn.com\/kf\/HTB10pDhRXXXXXbVapXXq6xXFXXXr\/202114827\/HTB10pDhRXXXXXbVapXXq6xXFXXXr.jpg\" alt=\"Suporte dobr\u00e1vel para laptop ou tablet, ideal para viagens.\" width=\"790\" height=\"757\" \/><\/p>\n<p style=\"text-align: center;\"><span class=\"qa-item-question\"><strong>Voc\u00ea est\u00e1 vendendo esses produtos legalmente?<\/strong><\/span><br \/>\n<span class=\"qa-item-answer\">Todos os nossos produtos, incluindo o suporte dobr\u00e1vel para laptop ou tablet ideal para viagens, s\u00e3o distribu\u00eddos legalmente. Ou seja, voc\u00ea n\u00e3o precisa se preocupar.<\/span><\/p>\n<\/div>\n<p><iframe style=\"display: none;\" src=\"about:blank\"><\/iframe><\/p>\n<p><iframe style=\"display: none;\" src=\"about:blank\"><\/iframe><\/p>","protected":false},"excerpt":{"rendered":"<p>Agora voc\u00ea pode trabalhar com o m\u00e1ximo conforto em qualquer lugar com isso. <strong>Suporte dobr\u00e1vel para laptop ou tablet, ideal para viagens!\u00a0<\/strong>Adquira j\u00e1!<\/p>\n<p><iframe style=\"display: none;\" src=\"about:blank\"><\/iframe><\/p>\n<p><iframe style=\"display: none;\" src=\"about:blank\"><\/iframe><\/p>","protected":false},"featured_media":449,"comment_status":"open","ping_status":"closed","template":"","meta":{"slim_seo":{"title":"Suporte dobr\u00e1vel para laptop ou tablet, ideal para viagens.","description":"Compre o suporte dobr\u00e1vel para laptop ou tablet para facilitar suas viagens em startmeabiz.com! Frete gr\u00e1tis para 185 pa\u00edses. Garantia de reembolso de 45 dias."}},"product_brand":[],"product_cat":[28,48,35],"product_tag":[461,462,460,81,79,82,80],"class_list":{"0":"post-446","1":"product","2":"type-product","3":"status-publish","4":"has-post-thumbnail","6":"product_cat-new-arrivals","7":"product_cat-laptop-stands","8":"product_cat-tablet-stands","9":"product_tag-compact-stand","10":"product_tag-computer-stand","11":"product_tag-foldable-stand","12":"product_tag-laptop-accessories","13":"product_tag-laptop-stands","14":"product_tag-tablet-accessories","15":"product_tag-tablet-stands","16":"tm-has-styled-variations","17":"tm-variations-only","19":"first","20":"instock","21":"sale","22":"taxable","23":"shipping-taxable","24":"purchasable","25":"product-type-variable"},"_links":{"self":[{"href":"https:\/\/startmeabiz.com\/pt\/wp-json\/wp\/v2\/product\/446","targetHints":{"allow":["GET"]}}],"collection":[{"href":"https:\/\/startmeabiz.com\/pt\/wp-json\/wp\/v2\/product"}],"about":[{"href":"https:\/\/startmeabiz.com\/pt\/wp-json\/wp\/v2\/types\/product"}],"replies":[{"embeddable":true,"href":"https:\/\/startmeabiz.com\/pt\/wp-json\/wp\/v2\/comments?post=446"}],"wp:featuredmedia":[{"embeddable":true,"href":"https:\/\/startmeabiz.com\/pt\/wp-json\/wp\/v2\/media\/449"}],"wp:attachment":[{"href":"https:\/\/startmeabiz.com\/pt\/wp-json\/wp\/v2\/media?parent=446"}],"wp:term":[{"taxonomy":"product_brand","embeddable":true,"href":"https:\/\/startmeabiz.com\/pt\/wp-json\/wp\/v2\/product_brand?post=446"},{"taxonomy":"product_cat","embeddable":true,"href":"https:\/\/startmeabiz.com\/pt\/wp-json\/wp\/v2\/product_cat?post=446"},{"taxonomy":"product_tag","embeddable":true,"href":"https:\/\/startmeabiz.com\/pt\/wp-json\/wp\/v2\/product_tag?post=446"}],"curies":[{"name":"wp","href":"https:\/\/api.w.org\/{rel}","templated":true}]}}