{"id":394,"date":"2022-07-05T16:00:28","date_gmt":"2022-07-05T21:00:28","guid":{"rendered":"https:\/\/startmeabiz.com\/product\/bluetooth-laser-keyboard-wireless-virtual-projection-keyboard-portable-for-iphone-android-smart-phone-ipad-tablet-pc-notebook\/"},"modified":"2025-12-03T04:22:40","modified_gmt":"2025-12-03T10:22:40","slug":"teclado-laser-bluetooth","status":"publish","type":"product","link":"https:\/\/startmeabiz.com\/pt\/produto\/teclado-laser-bluetooth\/","title":{"rendered":"Teclado Laser Bluetooth"},"content":{"rendered":"<h1 style=\"text-align: center;\"><strong>HORA DE ECONOMIZAR 50% EM <em>TECLADO PORT\u00c1TIL COM PROJE\u00c7\u00c3O A LASER<\/em>\u00a0<\/strong><\/h1>\n<p style=\"text-align: center;\">\u00c9poca de promo\u00e7\u00f5es, \u00e9 \u00e9poca de economizar. <strong>Avalie o teclado port\u00e1til de proje\u00e7\u00e3o a laser<\/strong> Voc\u00ea estava procurando pelo produto 50% com desconto e economize muito. Compre com confian\u00e7a em nossa loja, com o menor pre\u00e7o e a maior satisfa\u00e7\u00e3o garantida.<\/p>\n<p style=\"text-align: center;\">Al\u00e9m disso, podemos entregar todos os nossos produtos, incluindo o <strong>Teclado de proje\u00e7\u00e3o virtual Bluetooth<\/strong>, Para qualquer pa\u00eds, enviamos para voc\u00ea. E se houver algo que voc\u00ea n\u00e3o goste no seu pedido, fique \u00e0 vontade para solicitar um reembolso e aproveitar nossa pol\u00edtica de devolu\u00e7\u00e3o favor\u00e1vel ao comprador.<\/p>\n<p style=\"text-align: center;\">No entanto, antes de fazer o pedido, certifique-se de ter escolhido o produto correto.<\/p>\n<p><span style=\"font-size: 18px;\"><img decoding=\"async\" class=\"aligncenter\" src=\"\/\/ae01.alicdn.com\/kf\/HTB1SJ3OQ4TpK1RjSZFMq6zG_VXaD.jpg\" width=\"801\" height=\"801\" \/><\/span><\/p>\n<p style=\"text-align: center;\"><a href=\"#addtocart\" class=\"button primary is-primary is-medium\" >\n\t\t<span>ENCOMENDE J\u00c1 O SEU!<\/span>\n\t<\/a>\n\n<hr \/>\n<h2 style=\"text-align: center;\"><strong><em>Teclado de proje\u00e7\u00e3o a laser<\/em> Detalhes:<\/strong><\/h2>\n<p><u><strong>Especifica\u00e7\u00e3o:<\/strong><\/u><br \/>\n1. Layout do teclado do projetor de padr\u00f5es. Passo aproximado de 19 mm. Fonte de luz: laser vermelho.<br \/>\n2. Dimens\u00f5es do teclado (mouse): Largura aproximada: 240 mm, Altura: 100 mm<br \/>\n3. Localiza\u00e7\u00e3o do teclado (mouse): Aproximadamente a 80 mm da parte inferior do dispositivo.<br \/>\n4. Superf\u00edcie do projeto: Superf\u00edcie plana, opaca e n\u00e3o refletora<br \/>\n5. Taxa de reconhecimento: Aproximadamente at\u00e9 350 caracteres por minuto<br \/>\n6. Superf\u00edcie de opera\u00e7\u00e3o: Qualquer superf\u00edcie plana e firme.<br \/>\n7. Fonte de alimenta\u00e7\u00e3o externa: Alimenta\u00e7\u00e3o USB \/ menos de 5V 500mA<br \/>\n8. Bateria e capacidade: Bateria de pol\u00edmero de \u00edon-l\u00edtio, 700 mAh (m\u00e1x.) a 3,7 V<br \/>\n9. Autonomia da bateria: Aprox. 150 min<br \/>\n10. Tempo de carregamento da bateria: Aprox. 90 min<br \/>\n11. Bluetooth (bm20730): V3.0, Perfil HID Ver 1.0<br \/>\n12. Faixa de frequ\u00eancia: 2402-2480MHz<br \/>\n13 Canal: 79<br \/>\n14. Dimens\u00f5es do produto (mm): 78 mm x 40 mm x 20 mm<br \/>\n15. Peso do produto (g): 60g<\/p>\n<p style=\"text-align: center;\"><u><strong>Inclu\u00eddo no Pacote:<\/strong><\/u><\/p>\n<ul>\n<li style=\"text-align: left;\">1 teclado com proje\u00e7\u00e3o a laser.<\/li>\n<li style=\"text-align: left;\">1 cabo USB e manual do usu\u00e1rio.<span style=\"font-size: 18px;\"><img decoding=\"async\" class=\"aligncenter\" src=\"https:\/\/startmeabiz.com\/wp-content\/uploads\/2022\/07\/394-649ca6.jpeg\" width=\"801\" height=\"601\" \/><\/span><\/li>\n<\/ul>\n<p style=\"text-align: center;\"><a href=\"#addtocart\" class=\"button primary is-primary is-medium\" >\n\t\t<span>ENCOMENDE J\u00c1 O SEU!<\/span>\n\t<\/a>\n\n<hr \/>\n<h2 class=\"qa-title\" style=\"text-align: center;\"><strong>PERGUNTAS E RESPOSTAS SOBRE O PRODUTO<\/strong><\/h2>\n<p style=\"text-align: center;\"><span class=\"qa-item-question\"><strong>As cores nas imagens s\u00e3o diferentes das cores reais?<\/strong><\/span><br \/>\n<span class=\"qa-item-answer\">As cores nas imagens dos nossos<strong> Teclado port\u00e1til com proje\u00e7\u00e3o a laser<\/strong> S\u00e3o reais. Alguns aparelhos e dispositivos podem apresentar pequenas altera\u00e7\u00f5es de cor. Portanto, certifique-se de que o seu exibe a imagem real.<\/span><\/p>\n<p style=\"text-align: center;\"><span class=\"qa-item-question\"><strong>Seus produtos atendem aos padr\u00f5es de fabrica\u00e7\u00e3o?<\/strong><\/span><br \/>\n<span class=\"qa-item-answer\">Certamente, n\u00e3o h\u00e1 nada com que se preocupar, pois nosso fornecedor fabrica o produto. <strong>Teclado port\u00e1til com proje\u00e7\u00e3o a laser<\/strong> Em conformidade com todos os padr\u00f5es exigidos. Portanto, n\u00e3o h\u00e1 motivo para preocupa\u00e7\u00e3o.<\/span><\/p>\n<p><span style=\"font-size: 18px;\"><img decoding=\"async\" class=\"aligncenter\" src=\"\/\/ae01.alicdn.com\/kf\/HTB1a0cGQ3TqK1RjSZPhq6xfOFXaD.jpg\" width=\"800\" height=\"800\" \/><\/span><\/p>\n<p style=\"text-align: center;\"><span class=\"qa-item-question\"><strong>Tenho d\u00favidas se isso \u00e9 acess\u00edvel.<\/strong><\/span><br \/>\n<span class=\"qa-item-answer\">De acordo com nossa pesquisa, <span class=\"ads-addon-price\" data-currency=\"USD\">$49.95<\/span> N\u00e3o \u00e9 um pre\u00e7o alto para um produto como este. Al\u00e9m disso, muitos dos nossos concorrentes cobram um pre\u00e7o mais elevado. Por isso, oferecemos-lhe a melhor oferta!<\/span><\/p>\n<p style=\"text-align: center;\"><span class=\"qa-item-question\"><strong>Custa apenas <span class=\"ads-addon-price\" data-currency=\"USD\">$49.95<\/span>. Qual \u00e9 a pegadinha?<\/strong><\/span><br \/>\n<span class=\"qa-item-answer\">Fazemos o poss\u00edvel para reduzir os custos de armazenamento, transporte, etc. Por isso, temos a oportunidade de lhe oferecer o melhor pre\u00e7o! Sem pegadinhas!<\/span><\/p>\n<p style=\"text-align: center;\"><span class=\"qa-item-question\"><strong>Posso obter um reembolso se n\u00e3o encontrar o produto?<em> Teclado port\u00e1til com proje\u00e7\u00e3o a laser<\/em> adequado?<\/strong><\/span><br \/>\n<span class=\"qa-item-answer\">Por favor, nos avise se algo no pedido lhe desagradou. Depois disso, resolveremos o problema juntos! Al\u00e9m disso, se isso n\u00e3o resolver o problema, devolveremos seu dinheiro. Assim, voc\u00ea estar\u00e1 totalmente coberto!<\/span><\/p>\n<p><span style=\"font-size: 18px;\"><img decoding=\"async\" class=\"aligncenter\" src=\"\/\/ae01.alicdn.com\/kf\/HTB1.KoOQ4TpK1RjSZFMq6zG_VXax.jpg\" width=\"800\" height=\"800\" \/><\/span><\/p>\n<hr \/>\n<h2 style=\"text-align: center;\"><strong><span style=\"color: #666666; font-size: 1.25rem;\">POL\u00cdTICAS DE ENCOMENDA E DA LOJA<\/span><\/strong><\/h2>\n<p style=\"text-align: center;\"><span class=\"qa-item-question\"><strong>Voc\u00ea pode me garantir que meu <em>Teclado port\u00e1til com proje\u00e7\u00e3o a laser<\/em> Chegar\u00e1 s\u00e3o e salvo?<\/strong><\/span><br \/>\n<span class=\"qa-item-answer\">Em primeiro lugar, seguimos uma pol\u00edtica rigorosa de cria\u00e7\u00e3o de embalagens resistentes e seguras que evitam que os itens que voc\u00ea encomendou sejam danificados. Portanto, voc\u00ea pode ter certeza de que seu pedido chegar\u00e1 em perfeitas condi\u00e7\u00f5es.<\/span><\/p>\n<p style=\"text-align: center;\"><span class=\"qa-item-question\"><strong>N\u00e3o posso simplesmente comprar o<em> Teclado de proje\u00e7\u00e3o virtual Bluetooth<\/em> offline?<\/strong><\/span><br \/>\n<span class=\"qa-item-answer\">Em geral, as lojas f\u00edsicas oferecem uma gama de produtos mais limitada. Al\u00e9m disso, costumam praticar pre\u00e7os muito mais altos devido \u00e0s in\u00fameras despesas extras do neg\u00f3cio.<\/span><\/p>\n<p><span style=\"font-size: 18px;\"><img decoding=\"async\" class=\"aligncenter\" src=\"\/\/ae01.alicdn.com\/kf\/HTB1GtcMQ8LoK1RjSZFuq6xn0XXaK.jpg\" width=\"801\" height=\"801\" \/><\/span><\/p>\n<p style=\"text-align: center;\"><strong>\u00c9 um neg\u00f3cio seguro?<\/strong><br \/>\nValorizamos nossa reputa\u00e7\u00e3o e queremos proporcionar alegria a cada um de nossos clientes. Al\u00e9m disso, confira o que nossos clientes dizem sobre n\u00f3s em suas avalia\u00e7\u00f5es. Assim, voc\u00ea ver\u00e1 que eles receberam exatamente o que esperavam! Portanto, n\u00e3o se preocupe!<\/p>\n<p style=\"text-align: center;\"><span class=\"qa-item-question\"><strong>Est\u00e1 tudo dentro da legalidade em rela\u00e7\u00e3o \u00e0 venda desses produtos?<\/strong><\/span><br \/>\n<span class=\"qa-item-answer\">Certamente, n\u00e3o h\u00e1 necessidade de se preocupar com quest\u00f5es legais, pois cumprimos todos os requisitos oficiais. Portanto, fique tranquilo!<\/span><\/p>\n<p><span style=\"font-size: 18px;\"><img decoding=\"async\" class=\"aligncenter\" src=\"\/\/ae01.alicdn.com\/kf\/HTB18OQQQ7zoK1RjSZFlq6yi4VXaj.jpg\" width=\"800\" height=\"800\" \/><\/span><\/p>\n<p style=\"text-align: center;\"><a href=\"#addtocart\" class=\"button primary is-primary is-medium\" >\n\t\t<span>ENCOMENDE J\u00c1 O SEU!<\/span>\n\t<\/a>\n\n<hr \/>\n<p><a href=\"https:\/\/refuseyoulose.com\/product-category\/deals-for-men\/sportswear-for-men\/\"><img decoding=\"async\" class=\"wp-image-189523 aligncenter\" src=\"https:\/\/refuseyoulose.com\/wp-content\/uploads\/2019\/06\/Long-Sleeve-Spider-Man-Workout-Shirt-size-SmallMediumLargeXL2XL3XL-Refuse-You-Lose-1.png\" alt=\"\" width=\"800\" height=\"450\" \/><\/a><\/p>\n<hr \/>\n<div style=\"clear: both;\">\n<p><a href=\"https:\/\/drkillpain.com\/product-category\/protection-against-covid-19\/face-masks-face-shields\/face-masks\/jackets-with-face-mask\/\"><img decoding=\"async\" class=\"wp-image-189522 aligncenter\" src=\"https:\/\/refuseyoulose.com\/wp-content\/uploads\/2019\/06\/Long-Sleeve-Spider-Man-Workout-Shirt-size-SmallMediumLargeXL2XL3XL-Refuse-You-Lose.png\" alt=\"\" width=\"800\" height=\"450\" \/><\/a><\/p>\n<\/div>","protected":false},"excerpt":{"rendered":"<p><strong>Este teclado a laser Bluetooth \u00e9 a melhor e mais futurista maneira de digitar em seus tablets e smartphones! Adquira o seu e veja do que estamos falando!<\/strong><\/p>","protected":false},"featured_media":6787,"comment_status":"open","ping_status":"closed","template":"","meta":{"slim_seo":{"title":"Teclado Laser Bluetooth","description":"Compre o teclado a laser Bluetooth na startmeabiz.com! Frete gr\u00e1tis para 185 pa\u00edses. Garantia de reembolso de 45 dias. Teclado com proje\u00e7\u00e3o a laser."}},"product_brand":[],"product_cat":[28,50],"product_tag":[623,622,625,624,626,627,628],"class_list":{"0":"post-394","1":"product","2":"type-product","3":"status-publish","4":"has-post-thumbnail","6":"product_cat-new-arrivals","7":"product_cat-keyboards","8":"product_tag-bluetooth-keyboards","9":"product_tag-keyboards","10":"product_tag-laser-bluetooth-keyboards","11":"product_tag-laser-keyboards","12":"product_tag-portable-keyboards","13":"product_tag-portable-laser-keyboards","14":"product_tag-portable-laser-projection-keyboards","15":"tm-no-options","17":"first","18":"instock","19":"sale","20":"taxable","21":"shipping-taxable","22":"purchasable","23":"product-type-simple"},"_links":{"self":[{"href":"https:\/\/startmeabiz.com\/pt\/wp-json\/wp\/v2\/product\/394","targetHints":{"allow":["GET"]}}],"collection":[{"href":"https:\/\/startmeabiz.com\/pt\/wp-json\/wp\/v2\/product"}],"about":[{"href":"https:\/\/startmeabiz.com\/pt\/wp-json\/wp\/v2\/types\/product"}],"replies":[{"embeddable":true,"href":"https:\/\/startmeabiz.com\/pt\/wp-json\/wp\/v2\/comments?post=394"}],"wp:featuredmedia":[{"embeddable":true,"href":"https:\/\/startmeabiz.com\/pt\/wp-json\/wp\/v2\/media\/6787"}],"wp:attachment":[{"href":"https:\/\/startmeabiz.com\/pt\/wp-json\/wp\/v2\/media?parent=394"}],"wp:term":[{"taxonomy":"product_brand","embeddable":true,"href":"https:\/\/startmeabiz.com\/pt\/wp-json\/wp\/v2\/product_brand?post=394"},{"taxonomy":"product_cat","embeddable":true,"href":"https:\/\/startmeabiz.com\/pt\/wp-json\/wp\/v2\/product_cat?post=394"},{"taxonomy":"product_tag","embeddable":true,"href":"https:\/\/startmeabiz.com\/pt\/wp-json\/wp\/v2\/product_tag?post=394"}],"curies":[{"name":"wp","href":"https:\/\/api.w.org\/{rel}","templated":true}]}}