{"id":385,"date":"2023-02-21T17:26:57","date_gmt":"2023-02-21T23:26:57","guid":{"rendered":"https:\/\/startmeabiz.com\/product\/lingchen-foldable-laptop-stand-holder-for-macbook-notebook-aluminium-alloy-adjustable-tablets-stand-bracket-holder-for-ipad-pc\/"},"modified":"2025-12-03T03:15:53","modified_gmt":"2025-12-03T09:15:53","slug":"suporte-ajustavel-para-tablet-ou-laptop-para-empresarios","status":"publish","type":"product","link":"https:\/\/startmeabiz.com\/pt\/produto\/suporte-ajustavel-para-tablet-ou-laptop-para-empresarios\/","title":{"rendered":"Suporte ajust\u00e1vel para tablet ou laptop para empres\u00e1rios"},"content":{"rendered":"<div style=\"text-align: center;\">\n<h2 style=\"text-align: center;\">COMPRE UM <em><strong>SUPORTE AJUST\u00c1VEL PARA LAPTOP PARA USO EMPRESA<\/strong><\/em> PROPRIET\u00c1RIOS E ECONOMIZE <span class=\"ads-addon-you_save\" data-currency=\"USD\">$30.95<\/span>!<\/h2>\n<p>Obtenha o<strong> Suporte ajust\u00e1vel para laptop, ideal para empres\u00e1rios.<\/strong> Voc\u00ea quer o que deseja por um pre\u00e7o que esteja disposto a pagar \u2014 estamos oferecendo nossa sele\u00e7\u00e3o de itens rec\u00e9m-chegados por apenas <span class=\"ads-addon-price\" data-currency=\"USD\">$29.95<\/span>, dando-lhe <span style=\"color: #e03e2d;\"><strong>50% <\/strong><span style=\"color: #000000;\">com desconto no pre\u00e7o normal de varejo<\/span><\/span>!<\/p>\n<p>Visite nossa loja hoje mesmo e confira uma sele\u00e7\u00e3o especial de designs e tend\u00eancias de alta qualidade, todos com desconto por tempo limitado.<\/p>\n<p><img decoding=\"async\" class=\"aligncenter\" style=\"margin-bottom: 10px;\" src=\"\/\/ae01.alicdn.com\/kf\/Hedccc9c190de42e9ad510928aaf412b58.jpg\" width=\"800\" height=\"1515\" \/><\/p>\n<a href=\"#addtocart\" class=\"button secondary is-secondary is-medium\" >\n\t\t<span>ADQUIRA J\u00c1!<\/span>\n\t<\/a>\n\n<hr \/>\n<h2><strong><em>SUPORTE AJUST\u00c1VEL PARA LAPTOP PARA EMPRES\u00c1RIOS<\/em> CARACTER\u00cdSTICAS<\/strong><\/h2>\n<ul>\n<li style=\"text-align: left;\"><strong>Material:<\/strong> Metal<\/li>\n<li style=\"text-align: left;\"><strong>Marca:<\/strong> Comece meu neg\u00f3cio<\/li>\n<li style=\"text-align: left;\"><strong>Tipo: <\/strong>Suporte para laptop<\/li>\n<\/ul>\n<p>Parece uma oferta excepcional, mas n\u00e3o durar\u00e1 para sempre. Portanto, <span style=\"color: #2dc26b;\"><strong><span class=\"ads-addon-add-to-cart\">ADICIONAR AO CARRINHO<\/span><\/strong><\/span> seu <strong>Suporte ajust\u00e1vel para iPad para empres\u00e1rios<\/strong> Aproveite agora mesmo a oferta antes que seja tarde demais!<\/p>\n<p><img decoding=\"async\" class=\"aligncenter\" style=\"margin-bottom: 10px;\" src=\"\/\/ae01.alicdn.com\/kf\/H23b6ae0360f9453fb68a4376297830ffU.jpg\" width=\"799\" height=\"1347\" \/><\/p>\n<a href=\"#addtocart\" class=\"button secondary is-secondary is-medium\" >\n\t\t<span>ADQUIRA J\u00c1!<\/span>\n\t<\/a>\n\n<hr \/>\n<h2 class=\"qa-title\"><strong>PERGUNTAS E RESPOSTAS SOBRE O PRODUTO<\/strong><\/h2>\n<p><span class=\"qa-item-question\"><strong>Por que posso considerar o seu <em>Suporte para tablet ou laptop para trabalho<\/em> A On The Go \u00e9 muito melhor do que a vendida em outras lojas?<\/strong><\/span><br \/>\n<span class=\"qa-item-answer\">\u00c9 uma \u00f3tima op\u00e7\u00e3o se voc\u00ea busca custo-benef\u00edcio, pois acompanhamos o mercado e as ofertas de outras lojas online, e sabemos que estamos oferecendo um pre\u00e7o atraente. <strong>Suporte ajust\u00e1vel para laptop, ideal para empres\u00e1rios.<\/strong><\/span><\/p>\n<p><span class=\"qa-item-question\"><strong>Posso esperar que a cor na imagem corresponda \u00e0 cor do produto real?<\/strong><\/span><br \/>\n<span class=\"qa-item-answer\">As cores do<strong> Suporte ajust\u00e1vel para laptop, ideal para empres\u00e1rios.<\/strong> As cores nas imagens correspondem \u00e0s cores reais. Mas, por favor, certifique-se de que as configura\u00e7\u00f5es de tela do seu dispositivo permitam que as cores sejam exibidas corretamente.<\/span><\/p>\n<p><img decoding=\"async\" class=\"aligncenter\" style=\"margin-bottom: 10px;\" src=\"\/\/ae01.alicdn.com\/kf\/Hbec550beda3849a39d7bf458a7332626I.jpg\" width=\"800\" height=\"1407\" \/><\/p>\n<p><span class=\"qa-item-question\"><strong>Por que custa apenas <span class=\"ads-addon-price\" data-currency=\"USD\">$29.95<\/span> Se \u00e9 t\u00e3o bom assim?<\/strong><\/span><br \/>\n<span class=\"qa-item-answer\">Nossa loja trabalha diretamente com o fabricante. Portanto, temos menos despesas com intermedi\u00e1rios.<\/span><\/p>\n<p><span class=\"qa-item-question\"><strong>N\u00e3o tenho certeza se posso pagar. Alguma sugest\u00e3o?<\/strong><\/span><br \/>\n<span class=\"qa-item-answer\">Considerando os pre\u00e7os em outras lojas online e f\u00edsicas, \u00e9 uma boa oferta, sendo improv\u00e1vel que voc\u00ea encontre uma melhor.<\/span><\/p>\n<p><img decoding=\"async\" class=\"aligncenter\" style=\"margin-bottom: 10px;\" src=\"\/\/ae01.alicdn.com\/kf\/H94afa208765f41238b03aec2b6fe6f6cQ.jpg\" width=\"800\" height=\"1484\" \/><\/p>\n<p><span class=\"qa-item-question\"><strong>Qual \u00e9 a melhor coisa sobre o seu\/sua... <em>Suporte ajust\u00e1vel para laptop, ideal para empres\u00e1rios.<\/em> Do ponto de vista dos compradores anteriores?<\/strong><\/span><br \/>\n<span class=\"qa-item-answer\">A maioria dos nossos clientes ficou satisfeita com a compra. Al\u00e9m disso, mencionaram a excelente qualidade e o pre\u00e7o acess\u00edvel como os benef\u00edcios mais valorizados do produto.<\/span><\/p>\n<p><span class=\"qa-item-question\"><strong><img decoding=\"async\" class=\"aligncenter\" style=\"margin-bottom: 10px;\" src=\"\/\/ae01.alicdn.com\/kf\/H25a1c892a85c4632a0ab70db962c18059.jpg\" width=\"801\" height=\"1455\" \/>Sempre compartilho minha experi\u00eancia no meu blog quando compro algo em uma loja online. Isso se aplica aos seus produtos?<\/strong><\/span><br \/>\n<span class=\"qa-item-answer\">Ficaremos felizes se voc\u00ea mostrar nossos produtos aos seus amigos, ent\u00e3o n\u00e3o hesite em faz\u00ea-lo!<\/span><\/p>\n<p><img decoding=\"async\" class=\"aligncenter\" style=\"margin-bottom: 10px;\" src=\"\/\/ae01.alicdn.com\/kf\/H59d8acd8d9304571886391a3767d141ea.jpg\" width=\"800\" height=\"1372\" \/><\/p>\n<hr \/>\n<h2 class=\"qa-title\"><strong>POL\u00cdTICAS DE ENCOMENDA E DA LOJA<\/strong><\/h2>\n<p><span class=\"qa-item-question\"><strong>Preciso usar meu endere\u00e7o residencial? Ou posso pedir para enviarem meu pedido para outro endere\u00e7o?<\/strong><\/span><br \/>\n<span class=\"qa-item-answer\">O pacote ser\u00e1 enviado para o endere\u00e7o que voc\u00ea escolher. Assim, voc\u00ea pode enviar o pedido para outra pessoa com seguran\u00e7a.<\/span><\/p>\n<p><span class=\"qa-item-question\"><strong>\u00c9 poss\u00edvel adicionar v\u00e1rios itens ao carrinho?<\/strong><\/span><br \/>\n<span class=\"qa-item-answer\">N\u00e3o h\u00e1 limite para a quantidade de itens que voc\u00ea pode encomendar, ent\u00e3o fique \u00e0 vontade para comprar quantos quiser.<\/span><\/p>\n<p><img decoding=\"async\" class=\"aligncenter\" style=\"margin-bottom: 10px;\" src=\"\/\/ae01.alicdn.com\/kf\/Hea590efeca2741ec852ea9907aba9e4e8.jpg\" width=\"800\" height=\"1459\" \/><\/p>\n<p><span class=\"qa-item-question\"><strong>Cometi um erro e preciso corrigi-lo. O que posso fazer para alterar meu pedido?<\/strong><\/span><br \/>\n<span class=\"qa-item-answer\">O ideal seria informar nossa equipe de suporte sobre o problema com a altera\u00e7\u00e3o ou o cancelamento do seu pedido.<\/span><\/p>\n<h4><span class=\"qa-item-question\"><strong>Quantas dessas unidades est\u00e3o dispon\u00edveis para compra?<\/strong><\/span><br \/>\n<span class=\"qa-item-answer\">Se voc\u00ea deseja comprar hoje, ainda h\u00e1 unidades suficientes dispon\u00edveis! No entanto, o estoque dever\u00e1 diminuir nos pr\u00f3ximos 2 a 4 dias, por isso \u00e9 aconselh\u00e1vel fazer seu pedido o quanto antes.<\/span><\/h4>\n<p><img decoding=\"async\" class=\"aligncenter\" style=\"margin-bottom: 10px;\" src=\"\/\/ae01.alicdn.com\/kf\/H2536f4ab0b274838b7595156ca1789e2k.jpg\" width=\"800\" height=\"1445\" \/><\/p>\n<p><span class=\"qa-item-question\"><strong>Por que comprar na sua loja?<\/strong><\/span><br \/>\n<span class=\"qa-item-answer\">Nossa principal prioridade \u00e9 construir relacionamentos amig\u00e1veis com nossos clientes. Fazemos o poss\u00edvel para que nossos neg\u00f3cios sejam mutuamente ben\u00e9ficos para n\u00f3s e para nossos clientes. \u00c9 por isso que sempre oferecemos produtos de qualidade e praticamos pre\u00e7os justos.<\/span><\/p>\n<p><img decoding=\"async\" class=\"aligncenter\" style=\"margin-bottom: 10px;\" src=\"\/\/ae01.alicdn.com\/kf\/H96714552f96e44b9a0d0b80e58f9153fe.jpg\" width=\"800\" height=\"1501\" \/><\/p>\n<p><span class=\"qa-item-question\"><strong>Posso encontrar o mesmo?<em>Suporte leve e port\u00e1til para tablets ou laptops<\/em> Em uma loja comum?<\/strong><\/span><br \/>\n<span class=\"qa-item-answer\">Pelo que sabemos, itens semelhantes vendidos em lojas f\u00edsicas t\u00eam uma gama de varia\u00e7\u00f5es mais limitada e pre\u00e7os menos atrativos.<\/span><\/p>\n<\/div>\n<div><\/div>\n<div>\n<p style=\"text-align: center;\"><img decoding=\"async\" class=\"aligncenter\" style=\"margin-bottom: 10px;\" src=\"\/\/ae01.alicdn.com\/kf\/Ha694332dc7804157bb16cf03143b1f5ev.jpg\" width=\"800\" height=\"736\" \/><a href=\"#addtocart\" class=\"button secondary is-secondary is-medium\" >\n\t\t<span>ADQUIRA J\u00c1!<\/span>\n\t<\/a>\n\n<hr \/>\n<\/div>","protected":false},"excerpt":{"rendered":"<p><strong>Suporte ajust\u00e1vel para tablet ou laptop para empres\u00e1rios<\/strong> O suporte pode ser ajustado em seis n\u00edveis diferentes. \u00c9 um item indispens\u00e1vel para todo empres\u00e1rio, empreendedor ou pessoa que trabalha em constante movimento. Tamb\u00e9m \u00e9 perfeito para estudantes universit\u00e1rios!<\/p>\n<p><iframe style=\"display: none;\" src=\"about:blank\"><\/iframe><\/p>","protected":false},"featured_media":387,"comment_status":"open","ping_status":"closed","template":"","meta":{"slim_seo":{"title":"Suporte ajust\u00e1vel para tablet ou laptop para empres\u00e1rios","description":"Compre suportes ajust\u00e1veis para tablets ou laptops para empres\u00e1rios em startmeabiz.com! Frete gr\u00e1tis para 185 pa\u00edses. Garantia de reembolso de 45 dias."}},"product_brand":[],"product_cat":[28,48,35],"product_tag":[525,79,527,526,80],"class_list":{"0":"post-385","1":"product","2":"type-product","3":"status-publish","4":"has-post-thumbnail","6":"product_cat-new-arrivals","7":"product_cat-laptop-stands","8":"product_cat-tablet-stands","9":"product_tag-laptop-products","10":"product_tag-laptop-stands","11":"product_tag-stands","12":"product_tag-tablet-products","13":"product_tag-tablet-stands","14":"tm-no-options","16":"first","17":"instock","18":"sale","19":"taxable","20":"shipping-taxable","21":"purchasable","22":"product-type-simple"},"_links":{"self":[{"href":"https:\/\/startmeabiz.com\/pt\/wp-json\/wp\/v2\/product\/385","targetHints":{"allow":["GET"]}}],"collection":[{"href":"https:\/\/startmeabiz.com\/pt\/wp-json\/wp\/v2\/product"}],"about":[{"href":"https:\/\/startmeabiz.com\/pt\/wp-json\/wp\/v2\/types\/product"}],"replies":[{"embeddable":true,"href":"https:\/\/startmeabiz.com\/pt\/wp-json\/wp\/v2\/comments?post=385"}],"wp:featuredmedia":[{"embeddable":true,"href":"https:\/\/startmeabiz.com\/pt\/wp-json\/wp\/v2\/media\/387"}],"wp:attachment":[{"href":"https:\/\/startmeabiz.com\/pt\/wp-json\/wp\/v2\/media?parent=385"}],"wp:term":[{"taxonomy":"product_brand","embeddable":true,"href":"https:\/\/startmeabiz.com\/pt\/wp-json\/wp\/v2\/product_brand?post=385"},{"taxonomy":"product_cat","embeddable":true,"href":"https:\/\/startmeabiz.com\/pt\/wp-json\/wp\/v2\/product_cat?post=385"},{"taxonomy":"product_tag","embeddable":true,"href":"https:\/\/startmeabiz.com\/pt\/wp-json\/wp\/v2\/product_tag?post=385"}],"curies":[{"name":"wp","href":"https:\/\/api.w.org\/{rel}","templated":true}]}}