{"id":1078,"date":"2020-08-28T17:25:25","date_gmt":"2020-08-28T22:25:25","guid":{"rendered":"https:\/\/startmeabiz.com\/product\/laptop-stand-9-angles-adjustable-desktop-standing-lapdesk-smartphone-notebook-riser-holder-for-macbook-air-pro-up-to-17\/"},"modified":"2025-12-03T03:38:35","modified_gmt":"2025-12-03T09:38:35","slug":"mesa-portatil-universal-para-trabalho-remoto-com-2-suportes-para-celular","status":"publish","type":"product","link":"https:\/\/startmeabiz.com\/pt\/produto\/mesa-portatil-universal-para-trabalho-remoto-com-2-suportes-para-celular\/","title":{"rendered":"Mesa port\u00e1til universal para trabalho remoto com 2 suportes para celular."},"content":{"rendered":"<div>\n<h2 style=\"text-align: center;\">CONSIGA UM DOS MAIS VENDIDOS<em><strong> SUPORTE PARA LAPTOP COM 2 SUPORTES PARA CELULAR<\/strong><\/em> PARA 54% DE DESCONTO<\/h2>\n<p style=\"text-align: center;\">Garanta j\u00e1 o nosso t\u00e3o desejado <strong>Suporte port\u00e1til para laptop com 2 suportes para celular.<\/strong> Suportes por uma fra\u00e7\u00e3o do pre\u00e7o \u2014 AGORA. Nossa promo\u00e7\u00e3o por tempo limitado lhe d\u00e1 a chance de economizar. <span class=\"ads-addon-you_save\" data-currency=\"USD\">$69.95<\/span>.<\/p>\n<p style=\"text-align: center;\"><span style=\"font-family: -apple-system, BlinkMacSystemFont, 'Segoe UI', Roboto, Oxygen, Ubuntu, Cantarell, 'Open Sans', 'Helvetica Neue', sans-serif;\">Compre em nossa loja com tranquilidade e satisfa\u00e7\u00e3o garantida. Asseguramos o seguinte:<\/span><\/p>\n<ul>\n<li>Voc\u00ea ficar\u00e1 100% satisfeito com sua compra.<\/li>\n<li>Sua encomenda chegar\u00e1 em seguran\u00e7a.<\/li>\n<li>Sua compra \u00e9 totalmente livre de riscos (nossa pol\u00edtica de devolu\u00e7\u00e3o te protege).<\/li>\n<\/ul>\n<p style=\"text-align: center;\">Pronto para comprar? Basta <span style=\"color: #2dc26b;\"><strong><span class=\"ads-addon-add-to-cart\">ADICIONAR AO CARRINHO<\/span><\/strong><\/span> Aproveite agora antes que nosso estoque acabe!<\/p>\n<p style=\"text-align: center;\"><img decoding=\"async\" class=\"aligncenter\" src=\"https:\/\/ae01.alicdn.com\/kf\/H939e275bb4074c06bf9c30829d2842c6U\/Laptop-Stand-9-Angles-Adjustable-Desktop-Standing-Lapdesk-Smartphone-Notebook-Riser-Holder-for-MacBook-Air-Pro.jpg_800x800q80.jpg.webp\" width=\"801\" height=\"801\" \/><\/p>\n<p style=\"text-align: center;\"><a href=\"#addtocart\" class=\"button primary is-BUY NOW! is-medium\" >\n\t\t<span>Bot\u00e3o m\u00e9dio<\/span>\n\t<\/a>\n\n<hr \/>\n<h2 style=\"text-align: center;\"><strong><em>SUPORTE PARA LAPTOP COM 2 SUPORTES PARA CELULAR<\/em> DETALHES<\/strong><\/h2>\n<p style=\"text-align: center;\">Voc\u00ea n\u00e3o vai querer perder essa oferta, porque nada dura para sempre! Ent\u00e3o <span style=\"color: #2dc26b;\"><strong><span class=\"ads-addon-add-to-cart\">ADICIONAR AO CARRINHO<\/span><\/strong> <\/span>Escolha a varia\u00e7\u00e3o do produto que deseja e torne-se um cliente satisfeito!<\/p>\n<ul>\n<li><strong>Marca<\/strong>: Comece meu neg\u00f3cio<\/li>\n<li><strong>Tipo:<\/strong> Suporte para laptop<\/li>\n<li><strong>Cor:<\/strong> Branco<\/li>\n<\/ul>\n<p style=\"text-align: center;\"><img decoding=\"async\" class=\"aligncenter\" style=\"margin-bottom: 10px;\" src=\"\/\/ae01.alicdn.com\/kf\/H97ed031440d14ffda809402e5c857aa0I.jpg\" \/><\/p>\n<p style=\"text-align: center;\"><a href=\"#addtocart\" class=\"button primary is-BUY NOW! is-medium\" >\n\t\t<span>Bot\u00e3o m\u00e9dio<\/span>\n\t<\/a>\n\n<hr \/>\n<h2 class=\"qa-title\" style=\"text-align: center;\"><strong>PERGUNTAS E RESPOSTAS SOBRE O PRODUTO<\/strong><\/h2>\n<p style=\"text-align: center;\"><span class=\"qa-item-question\"><strong>Quais materiais seu fornecedor utiliza para produzir o seu produto?<em> Mesa port\u00e1til universal para trabalho remoto com 2 suportes para celular.<\/em>?<\/strong><\/span><br \/>\n<span class=\"qa-item-answer\">Fabricamos todos os nossos produtos, incluindo o <strong>Suporte para laptop com 2 suportes para celular<\/strong>, Utilizamos os melhores materiais dispon\u00edveis, pois queremos oferecer somente a mais alta qualidade.<\/span><\/p>\n<p style=\"text-align: center;\"><span class=\"qa-item-question\"><strong>Voc\u00ea pode garantir que seus produtos s\u00e3o muito melhores do que os de outras lojas?<\/strong><\/span><br \/>\n<span class=\"qa-item-answer\">Trabalhamos com fornecedores l\u00edderes. \u00c9 por isso que podemos garantir a qualidade excepcional dos nossos produtos. <strong>Suporte para laptop com 2 suportes para celular,<\/strong> E gostar\u00edamos de salientar que oferece uma rela\u00e7\u00e3o custo-benef\u00edcio aceit\u00e1vel.<\/span><\/p>\n<p style=\"text-align: center;\"><span class=\"qa-item-question\"><strong>O <em>Suporte port\u00e1til para laptop com 2 suportes para celular<\/em>\u00a0N\u00e3o pode ser t\u00e3o barato assim. Ent\u00e3o, ser\u00e1 que se economiza na qualidade?<\/strong><\/span><br \/>\n<span class=\"qa-item-answer\">N\u00e3o h\u00e1 defeitos ocultos! \ud83d\ude09 Podemos definir pre\u00e7os acess\u00edveis aos compradores porque reduzimos as despesas relacionadas ao estoque.<\/span><\/p>\n<p style=\"text-align: center;\"><img decoding=\"async\" class=\"aligncenter\" style=\"margin-bottom: 10px;\" src=\"\/\/ae01.alicdn.com\/kf\/H26961507363240eeb755e0b026bbddb18.jpg\" \/><\/p>\n<p style=\"text-align: center;\"><span class=\"qa-item-question\"><strong>E quanto aos impostos?<\/strong><\/span><br \/>\n<span class=\"qa-item-answer\">Todas as despesas extras est\u00e3o listadas no pre\u00e7o final do seu pedido. Voc\u00ea pode v\u00ea-lo na p\u00e1gina de finaliza\u00e7\u00e3o da compra. Portanto, os impostos tamb\u00e9m ser\u00e3o exibidos, se aplic\u00e1veis.<\/span><\/p>\n<p style=\"text-align: center;\"><span class=\"qa-item-question\"><strong>Posso postar uma foto da minha compra nas redes sociais?<\/strong><\/span><br \/>\n<span class=\"qa-item-answer\">Voc\u00ea pode postar fotos dos nossos produtos onde quiser. Al\u00e9m disso, agradecer\u00edamos se voc\u00ea contasse aos seus amigos sobre nossos produtos e nossa loja.<\/span><\/p>\n<p style=\"text-align: center;\"><span class=\"qa-item-question\"><strong>Posso compartilhar minha opini\u00e3o sobre o produto?<\/strong><\/span><br \/>\n<span class=\"qa-item-answer\">Nossa loja utiliza o feedback dos clientes para aprimorar a qualidade dos produtos que vendemos e dos servi\u00e7os que prestamos. Por isso, aguardamos ansiosamente seu contato.<\/span><\/p>\n<p style=\"text-align: center;\"><img decoding=\"async\" class=\"aligncenter\" style=\"margin-bottom: 10px;\" src=\"\/\/ae01.alicdn.com\/kf\/He5cc872fd29745a2bd67011e835b738fp.jpg\" \/><\/p>\n<p style=\"text-align: center;\"><a href=\"#addtocart\" class=\"button primary is-BUY NOW! is-medium\" >\n\t\t<span>Bot\u00e3o m\u00e9dio<\/span>\n\t<\/a>\n\n<hr \/>\n<h2 class=\"qa-title\" style=\"text-align: center;\"><strong>POL\u00cdTICAS DE ENCOMENDA E DA LOJA<\/strong><\/h2>\n<p style=\"text-align: center;\"><span class=\"qa-item-question\"><strong>Voc\u00ea pode enviar o pacote para um endere\u00e7o diferente do meu endere\u00e7o residencial?<\/strong><\/span><br \/>\n<span class=\"qa-item-answer\">Se o seu endere\u00e7o n\u00e3o coincidir com o endere\u00e7o de entrega, n\u00e3o tem problema! Mesmo assim, enviaremos o pacote para qualquer local que voc\u00ea especificar.<\/span><\/p>\n<p style=\"text-align: center;\"><span class=\"qa-item-question\"><strong>Posso comprar v\u00e1rios itens de voc\u00eas?<\/strong><\/span><br \/>\n<span class=\"qa-item-answer\">N\u00e3o impomos limite \u00e0 quantidade de produtos em um pedido, desde que haja estoque suficiente. Ent\u00e3o, pode fazer seu pedido sem problemas!<\/span><\/p>\n<p style=\"text-align: center;\"><span class=\"qa-item-question\"><strong>J\u00e1 est\u00e1 dispon\u00edvel?<\/strong><\/span><br \/>\n<span class=\"qa-item-answer\">O produto est\u00e1 dispon\u00edvel, ent\u00e3o fique \u00e0 vontade para adicion\u00e1-lo ao seu carrinho.<\/span><\/p>\n<p style=\"text-align: center;\"><img decoding=\"async\" class=\"aligncenter\" style=\"margin-bottom: 10px;\" src=\"\/\/ae01.alicdn.com\/kf\/H4b5f1f3b8f2349e4aa798305374b6f32L.jpg\" \/><\/p>\n<p style=\"text-align: center;\"><span class=\"qa-item-question\"><strong>Cometi um erro no meu formul\u00e1rio de pedido. Como posso corrigi-lo?<\/strong><\/span><br \/>\n<span class=\"qa-item-answer\">N\u00e3o se preocupe, pois voc\u00ea pode facilmente fazer as altera\u00e7\u00f5es necess\u00e1rias ou cancelar seu pedido entrando em contato com nossa equipe de suporte.<\/span><\/p>\n<p style=\"text-align: center;\"><span class=\"qa-item-question\"><strong>\u00c9 um neg\u00f3cio seguro?<\/strong><\/span><br \/>\n<span class=\"qa-item-answer\">Todas as transa\u00e7\u00f5es nesta loja s\u00e3o processadas com seguran\u00e7a, respeitando sua privacidade pessoal e financeira. Como voc\u00ea pode ver pela experi\u00eancia de nossos compradores anteriores, cumprimos o que prometemos!<\/span><\/p>\n<p style=\"text-align: center;\"><span class=\"qa-item-question\"><strong>Voc\u00ea tem permiss\u00e3o para vender isso?<\/strong><\/span><br \/>\n<span class=\"qa-item-answer\">N\u00e3o h\u00e1 motivo para voc\u00ea se preocupar com os aspectos legais da nossa opera\u00e7\u00e3o, pois temos permiss\u00e3o para vender todos os produtos listados em nossa loja.<\/span><\/p>\n<\/div>\n<div>\n<p><img decoding=\"async\" class=\"aligncenter\" style=\"margin-bottom: 10px;\" src=\"\/\/ae01.alicdn.com\/kf\/Ha0b82f2082c340019f612d4b6da5274ec.jpg\" \/><\/p>\n<p style=\"text-align: center;\"><a href=\"#addtocart\" class=\"button primary is-BUY NOW! is-medium\" >\n\t\t<span>Bot\u00e3o m\u00e9dio<\/span>\n\t<\/a>\n\n<hr \/>\n<\/div>\n<p>&nbsp;<\/p>","protected":false},"excerpt":{"rendered":"<p>Adquira isto <strong>Mesa port\u00e1til universal para trabalho remoto com 2 suportes para celular.\u00a0<\/strong>e trabalhe da maneira mais confort\u00e1vel poss\u00edvel, onde quer que voc\u00ea esteja!<\/p>","protected":false},"featured_media":1080,"comment_status":"open","ping_status":"closed","template":"","meta":{"slim_seo":{"title":"Suporte port\u00e1til para laptop com 2 suportes para celular","description":"Compre a mesa port\u00e1til universal para trabalho remoto com 2 suportes para celular na startmeabiz.com! Frete gr\u00e1tis para 185 pa\u00edses. Garantia de reembolso de 45 dias."}},"product_brand":[],"product_cat":[28,48],"product_tag":[476,636,635,637],"class_list":{"0":"post-1078","1":"product","2":"type-product","3":"status-publish","4":"has-post-thumbnail","6":"product_cat-new-arrivals","7":"product_cat-laptop-stands","8":"product_tag-laptop-desk","9":"product_tag-laptop-stand-with-2-phone-holders","10":"product_tag-portable-universal-remote-work-laptop-desk-with-2-phone-holders","11":"product_tag-remote-work-laptop-stand","12":"tm-no-options","14":"first","15":"instock","16":"sale","17":"taxable","18":"shipping-taxable","19":"purchasable","20":"product-type-simple"},"_links":{"self":[{"href":"https:\/\/startmeabiz.com\/pt\/wp-json\/wp\/v2\/product\/1078","targetHints":{"allow":["GET"]}}],"collection":[{"href":"https:\/\/startmeabiz.com\/pt\/wp-json\/wp\/v2\/product"}],"about":[{"href":"https:\/\/startmeabiz.com\/pt\/wp-json\/wp\/v2\/types\/product"}],"replies":[{"embeddable":true,"href":"https:\/\/startmeabiz.com\/pt\/wp-json\/wp\/v2\/comments?post=1078"}],"wp:featuredmedia":[{"embeddable":true,"href":"https:\/\/startmeabiz.com\/pt\/wp-json\/wp\/v2\/media\/1080"}],"wp:attachment":[{"href":"https:\/\/startmeabiz.com\/pt\/wp-json\/wp\/v2\/media?parent=1078"}],"wp:term":[{"taxonomy":"product_brand","embeddable":true,"href":"https:\/\/startmeabiz.com\/pt\/wp-json\/wp\/v2\/product_brand?post=1078"},{"taxonomy":"product_cat","embeddable":true,"href":"https:\/\/startmeabiz.com\/pt\/wp-json\/wp\/v2\/product_cat?post=1078"},{"taxonomy":"product_tag","embeddable":true,"href":"https:\/\/startmeabiz.com\/pt\/wp-json\/wp\/v2\/product_tag?post=1078"}],"curies":[{"name":"wp","href":"https:\/\/api.w.org\/{rel}","templated":true}]}}