{"id":265,"date":"2019-07-16T23:39:37","date_gmt":"2019-07-17T04:39:37","guid":{"rendered":"https:\/\/startmeabiz.com\/?page_id=230"},"modified":"2024-02-13T06:06:43","modified_gmt":"2024-02-13T12:06:43","slug":"entrega-de-envio","status":"publish","type":"page","link":"https:\/\/startmeabiz.com\/pt\/entrega-de-envio\/","title":{"rendered":"Envio e entrega"},"content":{"rendered":"<div class=\"shipping-page-content-with-icons\">\n<div class=\"shipping-page-item\">\n<div class=\"shipping-page-item__image\">\u00a0<\/div>\n<div class=\"shipping-page-item__text\">\n<h3>FRETE GR\u00c1TIS<\/h3>\n<p>Temos o prazer de oferecer aos nossos clientes excelente custo-benef\u00edcio e servi\u00e7o. Por isso, oferecemos frete gr\u00e1tis a partir de nossos armaz\u00e9ns na China via ePacket ou EMS e nos EUA via USPS.<\/p>\n<\/div>\n<\/div>\n<div class=\"shipping-page-item\">\n<div class=\"shipping-page-item__image\">\n<p>\u00a0<\/p>\n<\/div>\n<div class=\"shipping-page-item__text\">\n<h3>ENVIAMOS PARA MAIS DE 200 PA\u00cdSES<\/h3>\n<p>Temos orgulho de oferecer servi\u00e7os de envio internacional. No entanto, existem alguns locais para os quais n\u00e3o podemos enviar. Caso voc\u00ea esteja em um desses pa\u00edses, entraremos em contato.<\/p>\n<\/div>\n<\/div>\n<div class=\"shipping-page-item\">\n<div class=\"shipping-page-item__image\">\n<p>\u00a0<\/p>\n<\/div>\n<div class=\"shipping-page-item__text\">\n<h3>ALF\u00c2NDEGA<\/h3>\n<p>N\u00e3o nos responsabilizamos por quaisquer taxas alfandeg\u00e1rias ap\u00f3s o envio dos itens. Ao comprar nossos produtos, voc\u00ea concorda que um ou mais pacotes podem ser enviados para voc\u00ea e que podem estar sujeitos a taxas alfandeg\u00e1rias ao chegarem ao seu pa\u00eds.<\/p>\n<\/div>\n<\/div>\n<div class=\"shipping-page-item\">\n<div class=\"shipping-page-item__image\">\n<p>\u00a0<\/p>\n<\/div>\n<div class=\"shipping-page-item__text\">\n<h3>PRAZO DE ENVIO<\/h3>\n<p>O tempo de entrega varia conforme a localiza\u00e7\u00e3o. Estas s\u00e3o nossas estimativas:<\/p>\n<div class=\"table-responsive\">\n<table class=\"table table-striped\">\n<thead>\n<tr>\n<th>Localiza\u00e7\u00e3o<\/th>\n<th>*Tempo estimado de envio<\/th>\n<\/tr>\n<\/thead>\n<tbody>\n<tr>\n<td>Estados Unidos<\/td>\n<td>10 a 30 dias \u00fateis<\/td>\n<\/tr>\n<tr>\n<td>Canad\u00e1, Europa<\/td>\n<td>10 a 30 dias \u00fateis<\/td>\n<\/tr>\n<tr>\n<td>Austr\u00e1lia, Nova Zel\u00e2ndia<\/td>\n<td>10 a 30 dias \u00fateis<\/td>\n<\/tr>\n<tr>\n<td>M\u00e9xico, Am\u00e9rica Central, Am\u00e9rica do Sul<\/td>\n<td>15 a 30 dias \u00fateis<\/td>\n<\/tr>\n<\/tbody>\n<\/table>\n<div class=\"info-no-italic\">Prazo m\u00e1ximo de entrega: 45 dias \u00fateis.<\/div>\n<p><span class=\"info\">*Este prazo n\u00e3o inclui o nosso tempo de processamento de 2 a 5 dias.<\/span><\/p>\n<\/div>\n<\/div>\n<\/div>\n<div class=\"shipping-page-item\">\n<div class=\"shipping-page-item__image\">\n<p>\u00a0<\/p>\n<\/div>\n<div class=\"shipping-page-item__text\">\n<h3>INFORMA\u00c7\u00d5ES DE RASTREAMENTO<\/h3>\n<p>Voc\u00ea receber\u00e1 um e-mail com o c\u00f3digo de rastreamento assim que seu pedido for enviado, mas, em alguns casos, devido ao frete gr\u00e1tis, o rastreamento pode n\u00e3o estar dispon\u00edvel. Por motivos log\u00edsticos, os itens da mesma compra podem ser enviados em embalagens separadas, mesmo que voc\u00ea tenha solicitado o envio combinado.<\/p>\n<p>Se tiver mais alguma d\u00favida, entre em contato conosco e faremos o poss\u00edvel para ajud\u00e1-lo(a).<\/p>\n<\/div>\n<\/div>\n<\/div>","protected":false},"excerpt":{"rendered":"","protected":false},"author":1,"featured_media":0,"parent":0,"menu_order":13,"comment_status":"closed","ping_status":"closed","template":"","meta":{"slim_seo":{"title":"Shipping & delivery - Start Me A Biz","description":"\u00a0 FRETE GR\u00c1TIS Temos o prazer de oferecer aos nossos clientes excelente custo-benef\u00edcio e servi\u00e7o. Por isso, oferecemos frete gr\u00e1tis a partir de nossos armaz\u00e9ns na China via ePacket ou EMS."},"footnotes":""},"class_list":["post-265","page","type-page","status-publish","hentry"],"_links":{"self":[{"href":"https:\/\/startmeabiz.com\/pt\/wp-json\/wp\/v2\/pages\/265","targetHints":{"allow":["GET"]}}],"collection":[{"href":"https:\/\/startmeabiz.com\/pt\/wp-json\/wp\/v2\/pages"}],"about":[{"href":"https:\/\/startmeabiz.com\/pt\/wp-json\/wp\/v2\/types\/page"}],"author":[{"embeddable":true,"href":"https:\/\/startmeabiz.com\/pt\/wp-json\/wp\/v2\/users\/1"}],"replies":[{"embeddable":true,"href":"https:\/\/startmeabiz.com\/pt\/wp-json\/wp\/v2\/comments?post=265"}],"version-history":[{"count":0,"href":"https:\/\/startmeabiz.com\/pt\/wp-json\/wp\/v2\/pages\/265\/revisions"}],"wp:attachment":[{"href":"https:\/\/startmeabiz.com\/pt\/wp-json\/wp\/v2\/media?parent=265"}],"curies":[{"name":"wp","href":"https:\/\/api.w.org\/{rel}","templated":true}]}}