{"id":264,"date":"2019-07-16T23:39:37","date_gmt":"2019-07-17T04:39:37","guid":{"rendered":"https:\/\/startmeabiz.com\/?page_id=220"},"modified":"2019-07-16T23:39:37","modified_gmt":"2019-07-17T04:39:37","slug":"politica-de-devolucoes","status":"publish","type":"page","link":"https:\/\/startmeabiz.com\/pt\/politica-de-devolucoes\/","title":{"rendered":"Pol\u00edtica de Reembolsos e Devolu\u00e7\u00f5es"},"content":{"rendered":"<h3>Cancelamento do pedido<\/h3>\n<p>Todos os pedidos podem ser cancelados at\u00e9 serem enviados. Se o seu pedido j\u00e1 foi pago e voc\u00ea precisa alter\u00e1-lo ou cancel\u00e1-lo, entre em contato conosco em at\u00e9 12 horas. Ap\u00f3s o in\u00edcio do processo de embalagem e envio, o cancelamento n\u00e3o ser\u00e1 mais poss\u00edvel.<\/p>\n<h3>Reembolsos<\/h3>\n<p>Sua satisfa\u00e7\u00e3o \u00e9 nossa prioridade. Portanto, voc\u00ea pode solicitar um reembolso ou reenvio dos produtos encomendados se:<\/p>\n<ul>\n<li>Voc\u00ea n\u00e3o os recebe dentro do prazo garantido (45 dias, excluindo o processamento de 2 a 5 dias).<\/li>\n<li>Voc\u00ea recebeu o item errado.<\/li>\n<li>Voc\u00ea n\u00e3o deseja o produto que recebeu (mas deve devolv\u00ea-lo por sua conta e o item deve estar sem uso).<\/li>\n<\/ul>\n<p>Sim, fazemos <b>n\u00e3o<\/b> Emitir o reembolso se:<\/p>\n<ul>\n<li>Seu pedido n\u00e3o chegou devido a fatores que est\u00e3o sob seu controle (por exemplo, fornecer o endere\u00e7o de entrega errado).<\/li>\n<li>Seu pedido n\u00e3o chegou devido a circunst\u00e2ncias excepcionais fora do nosso controle (por exemplo, n\u00e3o foi liberado pela alf\u00e2ndega, atrasado por um desastre natural).<\/li>\n<\/ul>\n<p class=\"info\">\n    *Voc\u00ea pode solicitar um reembolso em at\u00e9 15 dias ap\u00f3s o t\u00e9rmino do prazo de entrega garantido (45 dias). Para isso, envie uma mensagem para [inserir endere\u00e7o de e-mail aqui]. <a href=\"https:\/\/startmeabiz.com\/contact-us\/\">Contate-nos<\/a> p\u00e1gina.<\/p>","protected":false},"excerpt":{"rendered":"<p>Order cancellation All orders can be cancelled until they are shipped. If your order has been paid and you need to change or cancel it, you must contact us within 12 hours. Once the packaging and shipping process has started, it can no longer be cancelled. Refunds Your satisfaction is our #1 priority. Therefore, you [&#8230;]\n","protected":false},"author":1,"featured_media":0,"parent":0,"menu_order":12,"comment_status":"closed","ping_status":"closed","template":"page-templates\/page-semi-narrow.php","meta":{"slim_seo":{"title":"Refunds & Returns Policy - Start Me A Biz","description":"Cancelamento de pedidos: Todos os pedidos podem ser cancelados at\u00e9 serem enviados. Se o seu pedido j\u00e1 foi pago e voc\u00ea precisa alter\u00e1-lo ou cancel\u00e1-lo, entre em contato conosco."},"footnotes":""},"class_list":["post-264","page","type-page","status-publish","hentry"],"_links":{"self":[{"href":"https:\/\/startmeabiz.com\/pt\/wp-json\/wp\/v2\/pages\/264","targetHints":{"allow":["GET"]}}],"collection":[{"href":"https:\/\/startmeabiz.com\/pt\/wp-json\/wp\/v2\/pages"}],"about":[{"href":"https:\/\/startmeabiz.com\/pt\/wp-json\/wp\/v2\/types\/page"}],"author":[{"embeddable":true,"href":"https:\/\/startmeabiz.com\/pt\/wp-json\/wp\/v2\/users\/1"}],"replies":[{"embeddable":true,"href":"https:\/\/startmeabiz.com\/pt\/wp-json\/wp\/v2\/comments?post=264"}],"version-history":[{"count":0,"href":"https:\/\/startmeabiz.com\/pt\/wp-json\/wp\/v2\/pages\/264\/revisions"}],"wp:attachment":[{"href":"https:\/\/startmeabiz.com\/pt\/wp-json\/wp\/v2\/media?parent=264"}],"curies":[{"name":"wp","href":"https:\/\/api.w.org\/{rel}","templated":true}]}}