{"id":263,"date":"2019-07-16T23:39:37","date_gmt":"2019-07-17T04:39:37","guid":{"rendered":"https:\/\/startmeabiz.com\/?page_id=210"},"modified":"2019-07-16T23:39:37","modified_gmt":"2019-07-17T04:39:37","slug":"politica-de-privacidade","status":"publish","type":"page","link":"https:\/\/startmeabiz.com\/pt\/politica-de-privacidade\/","title":{"rendered":"pol\u00edtica de Privacidade"},"content":{"rendered":"<p>O site startmeabiz.com est\u00e1 em conformidade com o Regulamento Geral de Prote\u00e7\u00e3o de Dados (RGPD) (UE) 2016\/679.<\/p>\n<p>Significa que somos transparentes quanto aos nossos m\u00e9todos de rastreamento e uso dos dados pessoais dos visitantes, e voc\u00ea pode verificar livremente o que exatamente fazemos com eles.<\/p>\n<p>Em startmeabiz.com, coletamos:<\/p>\n<ul>\n<li>Seu nome e sobrenome<\/li>\n<li>Seu endere\u00e7o de email<\/li>\n<li>Seu endere\u00e7o f\u00edsico<\/li>\n<li>Seu n\u00famero de telefone<\/li>\n<li>Os dados sobre o navegador e o dispositivo que voc\u00ea usa para visualizar a loja.<\/li>\n<li>A maneira como voc\u00ea se orienta na loja<\/li>\n<\/ul>\n<p>Coletamos seus dados de contato porque eles s\u00e3o necess\u00e1rios para aceitar e processar seus pedidos e para garantir que voc\u00ea receba seus pacotes.<\/p>\n<p>Coletamos detalhes sobre seus equipamentos t\u00e9cnicos e seu comportamento no local para tornar nossa loja mais f\u00e1cil de usar e personalizar nossos servi\u00e7os para voc\u00ea (por exemplo, alternando automaticamente para a vers\u00e3o mobile da loja).<\/p>\n<p>Nossa loja trabalha com empresas terceirizadas que nos ajudam a oferecer o melhor servi\u00e7o para voc\u00ea, e essas empresas tamb\u00e9m utilizam alguns dos dados pessoais que voc\u00ea nos fornece. Limitamos o acesso delas aos dados estritamente necess\u00e1rios para o cumprimento de suas obriga\u00e7\u00f5es.<\/p>\n<ul>\n<li>Os servi\u00e7os de pagamento utilizam o n\u00famero do seu cart\u00e3o de cr\u00e9dito, seu nome e sobrenome para verificar e processar seus pagamentos pelos nossos produtos.<\/li>\n<li>Nossos fabricantes e respons\u00e1veis pelo estoque utilizam os dados do conte\u00fado do seu pedido para montar a embalagem necess\u00e1ria para voc\u00ea.<\/li>\n<li>Os servi\u00e7os postais utilizam seu nome, sobrenome e endere\u00e7o f\u00edsico para organizar a entrega do produto para voc\u00ea.<\/li>\n<li>Os servi\u00e7os de envio de e-mails em massa utilizam seu endere\u00e7o de e-mail para enviar mensagens (caso voc\u00ea tenha se inscrito para receb\u00ea-las).<\/li>\n<\/ul>\n<p>Ao continuar navegando em nossa loja virtual ap\u00f3s ler esta Pol\u00edtica de Privacidade, voc\u00ea concorda com o uso de seus dados pessoais para os fins explicados acima.<\/p>\n<p>Se voc\u00ea n\u00e3o concordar com estes termos, por favor, saia do site.<\/p>\n<p>Voc\u00ea pode nos enviar um e-mail para support@startmeabiz.com e perguntar:<\/p>\n<ul>\n<li>Para receber uma c\u00f3pia dos seus dados pessoais que coletamos, entre em contato conosco.<\/li>\n<li>Para excluir seus dados pessoais do nosso sistema<\/li>\n<li>Para retirar seu consentimento (caso tenha concordado anteriormente em nos fornecer os dados, mas depois mudou de ideia)<\/li>\n<\/ul>\n<p>Estamos fazendo o poss\u00edvel para garantir a seguran\u00e7a dos seus dados pessoais enquanto os armazenamos e utilizamos.<\/p>\n<p>Agradecemos sua colabora\u00e7\u00e3o!<\/p>","protected":false},"excerpt":{"rendered":"<p>startmeabiz.com is compliant with The General Data Protection Regulation (GDPR) (EU) 2016\/679. It means that we are open about our methods of tracking and use of the visitors\u2019 personal data, and you can freely check what exactly we\u2019re doing to it. At startmeabiz.com, we collect: Your name and surname Your email address Your physical address [&#8230;]\n","protected":false},"author":1,"featured_media":0,"parent":0,"menu_order":11,"comment_status":"closed","ping_status":"closed","template":"page-templates\/page-semi-narrow.php","meta":{"slim_seo":{"title":"Privacy Policy - Start Me A Biz","description":"O site startmeabiz.com est\u00e1 em conformidade com o Regulamento Geral de Prote\u00e7\u00e3o de Dados (RGPD) (UE) 2016\/679. Isso significa que somos transparentes quanto aos nossos m\u00e9todos de rastreamento e uso de dados."},"footnotes":""},"class_list":["post-263","page","type-page","status-publish","hentry"],"_links":{"self":[{"href":"https:\/\/startmeabiz.com\/pt\/wp-json\/wp\/v2\/pages\/263","targetHints":{"allow":["GET"]}}],"collection":[{"href":"https:\/\/startmeabiz.com\/pt\/wp-json\/wp\/v2\/pages"}],"about":[{"href":"https:\/\/startmeabiz.com\/pt\/wp-json\/wp\/v2\/types\/page"}],"author":[{"embeddable":true,"href":"https:\/\/startmeabiz.com\/pt\/wp-json\/wp\/v2\/users\/1"}],"replies":[{"embeddable":true,"href":"https:\/\/startmeabiz.com\/pt\/wp-json\/wp\/v2\/comments?post=263"}],"version-history":[{"count":0,"href":"https:\/\/startmeabiz.com\/pt\/wp-json\/wp\/v2\/pages\/263\/revisions"}],"wp:attachment":[{"href":"https:\/\/startmeabiz.com\/pt\/wp-json\/wp\/v2\/media?parent=263"}],"curies":[{"name":"wp","href":"https:\/\/api.w.org\/{rel}","templated":true}]}}