{"id":261,"date":"2019-07-16T23:39:37","date_gmt":"2019-07-17T04:39:37","guid":{"rendered":"https:\/\/startmeabiz.com\/?page_id=180"},"modified":"2019-07-16T23:39:37","modified_gmt":"2019-07-17T04:39:37","slug":"perguntas-frequentes","status":"publish","type":"page","link":"https:\/\/startmeabiz.com\/pt\/perguntas-frequentes\/","title":{"rendered":"Perguntas frequentes"},"content":{"rendered":"<h3>Como pesquisar produtos?<\/h3>\n<p>Pesquise produtos inserindo o nome do produto ou uma palavra-chave no campo de busca. <em>Barra de pesquisa<\/em> Na parte superior de qualquer p\u00e1gina, tente inserir uma descri\u00e7\u00e3o geral. Quanto mais palavras-chave voc\u00ea usar, menos produtos aparecer\u00e3o na p\u00e1gina de resultados. Quando encontrar um produto de seu interesse, basta clicar no nome ou na imagem do produto para obter mais detalhes.<\/p>\n<h3>Como s\u00e3o calculados os custos de envio?<\/h3>\n<p>Os custos de envio s\u00e3o calculados com base no m\u00e9todo de envio (a\u00e9reo, mar\u00edtimo ou terrestre) e no peso\/volume do produto. Diferentes empresas de transporte t\u00eam tarifas diferentes, por isso \u00e9 melhor verificar e comparar qual \u00e9 a mais acess\u00edvel e econ\u00f4mica. Para obter mais detalhes sobre como os custos de envio s\u00e3o calculados, por favor... <u><a href=\"\/contact-us\/\">Contate-nos<\/a><\/u> diretamente.<\/p>\n<h3>O que \u00e9 a Prote\u00e7\u00e3o ao Comprador?<\/h3>\n<p>A Prote\u00e7\u00e3o ao Comprador \u00e9 um conjunto de garantias que permite aos compradores fazer compras com confian\u00e7a em nosso site.<\/p>\n<p>Voc\u00ea est\u00e1 protegido quando:<\/p>\n<ul>\n<li>O produto que voc\u00ea encomendou n\u00e3o chegou dentro do prazo prometido pelo vendedor.<\/li>\n<li>O item que voc\u00ea recebeu n\u00e3o corresponde \u00e0 descri\u00e7\u00e3o.<\/li>\n<li>O produto que voc\u00ea recebeu, com a garantia de ser aut\u00eantico, era falso.<\/li>\n<\/ul>","protected":false},"excerpt":{"rendered":"<p>How to search products? Search for products by entering the product name or keyword into the Search Bar at the top of any page. Try to enter a general description. The more keywords you use, the less products you will get in the results page. When you find a product you\u2019re interested in, simply click [&#8230;]\n","protected":false},"author":1,"featured_media":0,"parent":0,"menu_order":8,"comment_status":"closed","ping_status":"closed","template":"page-templates\/page-narrow.php","meta":{"slim_seo":{"title":"Frequently asked questions - Start Me A Biz","description":"Como pesquisar produtos? Pesquise produtos digitando o nome do produto ou uma palavra-chave na barra de pesquisa localizada na parte superior de qualquer p\u00e1gina. Tente inserir uma descri\u00e7\u00e3o geral."},"footnotes":""},"class_list":["post-261","page","type-page","status-publish","hentry"],"_links":{"self":[{"href":"https:\/\/startmeabiz.com\/pt\/wp-json\/wp\/v2\/pages\/261","targetHints":{"allow":["GET"]}}],"collection":[{"href":"https:\/\/startmeabiz.com\/pt\/wp-json\/wp\/v2\/pages"}],"about":[{"href":"https:\/\/startmeabiz.com\/pt\/wp-json\/wp\/v2\/types\/page"}],"author":[{"embeddable":true,"href":"https:\/\/startmeabiz.com\/pt\/wp-json\/wp\/v2\/users\/1"}],"replies":[{"embeddable":true,"href":"https:\/\/startmeabiz.com\/pt\/wp-json\/wp\/v2\/comments?post=261"}],"version-history":[{"count":0,"href":"https:\/\/startmeabiz.com\/pt\/wp-json\/wp\/v2\/pages\/261\/revisions"}],"wp:attachment":[{"href":"https:\/\/startmeabiz.com\/pt\/wp-json\/wp\/v2\/media?parent=261"}],"curies":[{"name":"wp","href":"https:\/\/api.w.org\/{rel}","templated":true}]}}