{"id":259,"date":"2019-07-16T23:39:37","date_gmt":"2019-07-17T04:39:37","guid":{"rendered":"https:\/\/startmeabiz.com\/?page_id=120"},"modified":"2019-07-16T23:39:37","modified_gmt":"2019-07-17T04:39:37","slug":"sobre-nos","status":"publish","type":"page","link":"https:\/\/startmeabiz.com\/pt\/sobre-nos\/","title":{"rendered":"Sobre n\u00f3s"},"content":{"rendered":"<p style=\"text-align: center;\">Bem-vindo(a) ao <a href=\"#siteurl#\">Comece meu neg\u00f3cio<\/a>. Somos uma equipe de desenvolvedores e empreendedores entusiasmados que decidiu transformar sua experi\u00eancia em comum nesta loja virtual. Esperamos que voc\u00ea goste tanto quanto n\u00f3s e tenha uma \u00f3tima experi\u00eancia de compra aqui. Nosso principal objetivo \u00e9 criar uma loja onde voc\u00ea possa encontrar facilmente qualquer produto que precise.<\/p>","protected":false},"excerpt":{"rendered":"<p>Welcome to Start Me A Biz. We are a team of enthusiastic developers and entrepreneurs who decided to convert their common experience into this web store. We hope you\u2019ll like it as much as we do and have a great shopping experience here. Our prime goal is to create a shop in which you can [&#8230;]\n","protected":false},"author":1,"featured_media":0,"parent":0,"menu_order":2,"comment_status":"closed","ping_status":"closed","template":"page-templates\/page-about-us.php","meta":{"slim_seo":{"title":"About Us - Start Me A Biz","description":"Bem-vindo(a) ao Start Me A Biz. Somos uma equipe de desenvolvedores e empreendedores entusiasmados que decidiram transformar sua experi\u00eancia em comum nesta loja virtual."},"footnotes":""},"class_list":["post-259","page","type-page","status-publish","hentry"],"_links":{"self":[{"href":"https:\/\/startmeabiz.com\/pt\/wp-json\/wp\/v2\/pages\/259","targetHints":{"allow":["GET"]}}],"collection":[{"href":"https:\/\/startmeabiz.com\/pt\/wp-json\/wp\/v2\/pages"}],"about":[{"href":"https:\/\/startmeabiz.com\/pt\/wp-json\/wp\/v2\/types\/page"}],"author":[{"embeddable":true,"href":"https:\/\/startmeabiz.com\/pt\/wp-json\/wp\/v2\/users\/1"}],"replies":[{"embeddable":true,"href":"https:\/\/startmeabiz.com\/pt\/wp-json\/wp\/v2\/comments?post=259"}],"version-history":[{"count":0,"href":"https:\/\/startmeabiz.com\/pt\/wp-json\/wp\/v2\/pages\/259\/revisions"}],"wp:attachment":[{"href":"https:\/\/startmeabiz.com\/pt\/wp-json\/wp\/v2\/media?parent=259"}],"curies":[{"name":"wp","href":"https:\/\/api.w.org\/{rel}","templated":true}]}}