{"id":12679,"date":"2026-01-26T21:19:50","date_gmt":"2026-01-27T02:19:50","guid":{"rendered":"https:\/\/startmeabiz.com\/?page_id=12679"},"modified":"2026-01-26T21:19:50","modified_gmt":"2026-01-27T02:19:50","slug":"decifradores-de-codigos-missoes-secretas","status":"publish","type":"page","link":"https:\/\/startmeabiz.com\/pt\/decifrador-de-codigo\/decifradores-de-codigos-missoes-secretas\/","title":{"rendered":"Miss\u00f5es Secretas do Decifrador de C\u00f3digos"},"content":{"rendered":"<div id=\"lfb_bootstraped\" class=\"lfb_bootstraped notranslate\"><div id=\"lfb_form\" data-usevisual=\"0\" data-progressbar=\"2\" data-qttype=\"0\" data-imgtitlesstyle=\"\" data-emaillaststep=\"0\" data-showsteps=\"true\"   data-inlinelabels=\"true\"   data-formtitle=\"Code Cracker's Secret Missions\" data-formsession=\"69f236a157b5c\" data-autoclick=\"1\"  data-subs=\"\" data-form=\"25\" class=\"lfb_bootstraped  lfb_fullscreen\" data-stylefields=\"light\" data-animspeed=\"0\" data-sumstepsclick=\"0\" data-sumhidesteps=\"0\">\r\n                <div id=\"lfb_loader\"><div class=\"lfb_spinner\"><div class=\"double-bounce1\"><\/div><div class=\"double-bounce2\"><\/div><\/div><\/div><div id=\"lfb_passModal\" class=\"modal\" data-backdrop=\"\"><div class=\"modal-dialog\"><div class=\"modal-content\"><div class=\"modal-header\"><span class=\"fas fa-lock\"><\/span><span><\/span><a href=\"javascript:\" class=\"close\" data-bs-dismiss=\"modal\" aria-label=\"Fechar\"><span class=\"fas fa-times\"><\/span><\/a><\/div> <div class=\"modal-body p-0\"><\/div><div class=\"modal-footer\"><a href=\"javascript:\"  data-bs-dismiss=\"modal\" class=\"btn btn-primary btn-circle\"><span class=\"fas fa-check\"><\/span><\/a><\/div><\/div><\/div><\/div><div id=\"lfb_stripeModal\" class=\"modal\" data-backdrop=\"\"><div class=\"modal-dialog\"><div class=\"modal-content\"><div class=\"modal-header\"><div><span class=\"fab fa-cc-stripe\"><\/span><span>Efetuar um pagamento<\/span><\/div><a href=\"javascript:\" class=\"close\" data-bs-dismiss=\"modal\" aria-label=\"Fechar\"><span class=\"fas fa-times\"><\/span><\/a><\/div> <div class=\"modal-body p-0\"><div data-panel=\"form\" class=\"p-2\"><div class=\"lfb_amountTextContainer\"><div class=\"m-0 lfb_amountText text-center pb-2\">Total a pagar:<br\/> <strong data-info=\"amount\">$5<\/strong><\/div><\/div><form method=\"post\" id=\"lfb_stripePaymentForm\" class=\"pl-4 pr-4 pt-3\" action=\"\" ><div class=\"row\"><div class=\"form-group col-md-6\"><div id=\"lfb_stripe_card-element\" class=\"form-control\"><\/div><\/div><div class=\"form-group col-md-3\"><div id=\"lfb_stripe_expiration-element\" class=\"form-control\"><\/div><\/div><div class=\"form-group col-md-3\"><div id=\"lfb_stripe_cvc-element\" class=\"form-control\"><\/div><\/div><div id=\"lfb_stripe_card-error\" class=\"col-md-12\"><\/div><div class=\"form-group col-md-12\"><input placeholder=\"Nome do titular do cart\u00e3o\" name=\"ownerName\" class=\"form-control\" type=\"text\"\/><\/div><\/div><input type=\"hidden\" name=\"trp-form-language\" value=\"pt\"\/><\/form><div class=\"text-center lfb_stripeLogoContainer\"><img decoding=\"async\" class=\"lfb_stripeLogo\" src=\"https:\/\/startmeabiz.com\/wp-content\/plugins\/WP_Estimation_Form\/assets\/img\/powered_by_stripe@2x.png\" alt=\"Com tecnologia Stripe\" \/><\/div><\/div><div data-panel=\"loading\"><div class=\"text-center\"><span class=\"fas fa-hourglass-half big\"><\/span><\/div><\/div><div data-panel=\"fail\"><div class=\"text-center\"><p><span class=\"fas fa-times big\"><\/span><\/p><div>O pagamento n\u00e3o p\u00f4de ser efetuado.<\/div><div data-info=\"error\" class=\"text-center\"><\/div><\/div><\/div><\/div><div class=\"modal-footer\"><a href=\"javascript:\" data-action=\"pay\"  class=\"btn btn-primary\"><span class=\"fas fa-check\"><\/span>Pagar agora<\/a><\/div><\/div><\/div><\/div><div id=\"lfb_verificationModal\" class=\"modal\" data-backdrop=\"\"><div class=\"modal-dialog\"><div class=\"modal-content\"><div class=\"modal-body\"><div class=\"form-group\"><label>Insira o c\u00f3digo que voc\u00ea recebeu por e-mail.<\/label><div class=\"lfb_verification-code-inputs\"><input type=\"text\" class=\"form-control lfb_verification-char\" maxlength=\"1\" name=\"verificationCode[]\" \/><input type=\"text\" class=\"form-control lfb_verification-char\" maxlength=\"1\" name=\"verificationCode[]\" \/><input type=\"text\" class=\"form-control lfb_verification-char\" maxlength=\"1\" name=\"verificationCode[]\" \/><input type=\"text\" class=\"form-control lfb_verification-char\" maxlength=\"1\" name=\"verificationCode[]\" \/><input type=\"text\" class=\"form-control lfb_verification-char\" maxlength=\"1\" name=\"verificationCode[]\" \/><input type=\"text\" class=\"form-control lfb_verification-char\" maxlength=\"1\" name=\"verificationCode[]\" \/><\/div><\/div><\/div><\/div><\/div><\/div><a id=\"lfb_close_btn\" href=\"javascript:\"><span class=\"fas fa-times\"><\/span><\/a>\r\n                <div id=\"lfb_panel\">\r\n                <div class=\"container-fluid\">\r\n                    <div class=\"row\">\r\n                        <div class=\"\" ><p class=\"lfb_startBtnContainer lfb-hidden\">\r\n                                <a href=\"javascript:\"  class=\"btn btn-large btn-primary\" id=\"lfb_btnStart\"><span class=\"fa fa-check\"><\/span>RECONHE\u00c7A AS RECEITAS PERDIDAS E CONSERTE MEU SITE GRATUITAMENTE<\/a>\r\n                            <\/p> <div id=\"genPrice\" class=\"genPrice lfb-hidden\">\r\n                                <div class=\"progress\">\r\n                                    <div class=\"progress-bar\">\r\n                                        <div class=\"progress-bar-price\">\r\n                                            <span>0$<\/span>\r\n                                            \r\n                                        <\/div>\r\n                                    <\/div>\r\n\r\n                                <\/div>\r\n                            <\/div>\r\n                            <!-- \/genPrice --><div id=\"finalText\" class=\"lfb_stepTitle\">Avisaremos voc\u00ea assim que o pr\u00f3ximo projeto secreto do Code Cracker estiver dispon\u00edvel!<\/div>\r\n                        <\/div>\r\n                        <!-- \/col -->\r\n                    <\/div>\r\n                    <!-- \/row -->\r\n                <div id=\"lfb_mainPanel\" class=\"palette-clouds\" data-savecart=\"0\"> <input type=\"hidden\" name=\"action\" value=\"lfb_upload_form\"\/>\r\n                <input type=\"hidden\" id=\"lfb_formSession\" name=\"formSession\" value=\"69f236a157b5c\"\/><div class=\"lfb_genSlide\" id=\"finalSlide\" data-stepid=\"final\" data-title=\"Code Cracker's Secret Missions\">\r\n                <div class=\"lfb_stepTitle\">Miss\u00f5es Secretas do Decifrador de C\u00f3digos<\/div>\r\n                <div class=\"lfb_genContent container\">\r\n                    <div class=\"row lfb_row lfb_genContentSlide active  lfb_sortable\">\r\n                        <p id=\"lfb_finalLabel\" class=\"lfb-hidden\">Avise-me quando o Code Cracker lan\u00e7ar uma nova automa\u00e7\u00e3o.<\/p><div id=\"lfb_finalPrice\" class=\"lfb-hidden\"><span><\/span><\/div><div id=\"lfb_subTxtValue\" class=\"lfb_dynamicHide\"><\/div><div class=\"lfb_itemBloc lfb_richtext  col-md-12  lfb_item lfb_itemContainer_446\" data-showinsummary=\"true\"  data-id=\"446\" data-itemtype=\"richtext\" data-itemid=\"446\" data-title=\"Alert Me\"    ><div class=\"lfb_richTextContent\"><p style=\"text-align: center; \"><span style=\"font-size: 24px;\"><b>Avise-me quando o Code Cracker lan\u00e7ar uma nova automa\u00e7\u00e3o.<\/b><\/span><\/p><\/div><\/div><div class=\"lfb_itemBloc col-md-2  lfb_item lfb_itemContainer_442\" data-alignment=\"0\" data-id=\"442\" data-itemtype=\"textfield\"><div class=\"form-group\"><label>Nome<\/label>\r\n                 <div class=\"input-group\"><span class=\"input-group-addon\" id=\"basic-addon1\"><span class=\"fas fa-user-tie\"><\/span><\/span><input   data-prefill=\"\" data-urlvariable=\"1\" data-sentattribute=\"\"  data-variablename=\"\"  data-type=\"textfield\" type=\"text\"  data-autocomplete=\"0\" placeholder=\"\" data-fieldtype=\"firstName\"           data-itemid=\"442\"   data-showinsummary=\"true\"  class=\"form-control\"   data-title=\"Name\" data-originaltitle=\"Name\"  data-originallabel=\"Name\"  \/><\/div><\/div><\/div><div class=\"lfb_itemBloc col-md-2  lfb_item lfb_itemContainer_444\" data-alignment=\"0\" data-id=\"444\" data-itemtype=\"textfield\"><div class=\"form-group\"><label>E-mail<\/label>\r\n                 <div class=\"input-group\"><span class=\"input-group-addon\" id=\"basic-addon1\"><span class=\"fas fa-envelope\"><\/span><\/span><input   data-prefill=\"\" data-urlvariable=\"1\" data-sentattribute=\"\"  data-variablename=\"\"  data-type=\"textfield\" type=\"text\" data-validation=\"email\" data-autocomplete=\"0\" placeholder=\"\" data-fieldtype=\"email\"       autocomplete=\"on\" name=\"email\"     data-itemid=\"444\"   data-showinsummary=\"true\"  class=\"form-control\" data-required=\"true\"  data-title=\"Email\" data-originaltitle=\"Email\"  data-originallabel=\"Email\"  \/><\/div><\/div><\/div><div class=\"lfb_itemBloc col-md-2  lfb_item lfb_itemContainer_443\" data-alignment=\"0\" data-id=\"443\" data-itemtype=\"textfield\"><div class=\"form-group\"><label>Telefone<\/label>\r\n                 <div class=\"input-group\"><span class=\"input-group-addon\" id=\"basic-addon1\"><span class=\"fas fa-phone\"><\/span><\/span><input   data-prefill=\"\" data-urlvariable=\"1\" data-sentattribute=\"\" data-mask=\"(000) 000 -0000\"  data-variablename=\"\"  data-type=\"textfield\" type=\"text\" data-validation=\"mask\" data-autocomplete=\"0\" placeholder=\"\" data-fieldtype=\"phone\"           data-itemid=\"443\"   data-showinsummary=\"true\"  class=\"form-control\"   data-title=\"Phone\" data-originaltitle=\"Phone\"  data-originallabel=\"Phone\"  \/><\/div><\/div><\/div><div class=\"lfb_itemBloc col-md-2  lfb_item lfb_itemContainer_445\" data-alignment=\"0\" data-id=\"445\" data-itemtype=\"textfield\"><div class=\"form-group\"><label>Site<\/label>\r\n                 <div class=\"input-group\"><span class=\"input-group-addon\" id=\"basic-addon1\"><span class=\"fa-solid fa-computer-mouse\"><\/span><\/span><input   data-prefill=\"website\" data-urlvariable=\"1\" data-sentattribute=\"\"  data-variablename=\"\"  data-type=\"textfield\" type=\"text\"  data-autocomplete=\"0\" placeholder=\"\" data-fieldtype=\"url\"           data-itemid=\"445\"   data-showinsummary=\"true\"  class=\"form-control\" data-required=\"true\"  data-title=\"Website\" data-originaltitle=\"Website\"  data-originallabel=\"Website\"  \/><\/div><\/div><\/div>\r\n                   <div id=\"lfb_summary\" class=\"lfb_summary table-responsive lfb-hidden\">\r\n                        <h3>Resumo<\/h3>\r\n                        <table class=\"table table-bordered\">\r\n                            <thead>\r\n                                <th>Descri\u00e7\u00e3o<\/th>\r\n                                <th class=\"lfb_valueTh\">Informa\u00e7\u00e3o<\/th>\r\n                                <th class=\"lfb_quantityTh\">Quantidade<\/th>\r\n                                <th class=\"lfb_priceTh\">Pre\u00e7o<\/th>\r\n                            <\/thead>\r\n                            <tbody>\r\n                                <tr id=\"lfb_summaryDiscountTr\" class=\"lfb_static\"><th colspan=\"3\">Desconto:<\/th><th id=\"lfb_summaryDiscount\"><span><\/span><\/th><\/tr>\r\n                                <tr id=\"lfb_summaryTotalTr\" class=\"lfb_static\"><th colspan=\"3\">Total:<\/th><th id=\"lfb_summaryTotal\"><span><\/span><\/th><\/tr>\r\n                            <\/tbody>\r\n                        <\/table>\r\n                    <\/div><div id=\"lfb_lastStepDown\"><\/div><div class=\"text-center lfb_btnNextContainer\"><a href=\"javascript:\" id=\"lfb_btnOrder\" class=\"btn btn-wide btn-primary\"><span class=\"far fa-paper-plane\"><\/span>ME AVISE<\/a><\/div><div class=\"clearfix\" data-tldinit=\"true\"><\/div><\/div><\/div><\/div><\/div><\/div><\/div><\/div><\/div>","protected":false},"excerpt":{"rendered":"","protected":false},"author":1,"featured_media":0,"parent":12609,"menu_order":0,"comment_status":"closed","ping_status":"closed","template":"","meta":{"slim_seo":{"title":"Code Cracker's Secret Missions - Start Me A Biz","description":"Efetuar pagamento Total a pagar: $5 O pagamento n\u00e3o p\u00f4de ser efetuado Pagar agora Insira o c\u00f3digo que voc\u00ea recebeu por e-mail ENCONTRE A RECEITA PERDIDA E CONSERTE MEU SITE GRATUITAMENTE 0$ N\u00f3s vamos em"},"footnotes":""},"class_list":["post-12679","page","type-page","status-publish","hentry"],"_links":{"self":[{"href":"https:\/\/startmeabiz.com\/pt\/wp-json\/wp\/v2\/pages\/12679","targetHints":{"allow":["GET"]}}],"collection":[{"href":"https:\/\/startmeabiz.com\/pt\/wp-json\/wp\/v2\/pages"}],"about":[{"href":"https:\/\/startmeabiz.com\/pt\/wp-json\/wp\/v2\/types\/page"}],"author":[{"embeddable":true,"href":"https:\/\/startmeabiz.com\/pt\/wp-json\/wp\/v2\/users\/1"}],"replies":[{"embeddable":true,"href":"https:\/\/startmeabiz.com\/pt\/wp-json\/wp\/v2\/comments?post=12679"}],"version-history":[{"count":0,"href":"https:\/\/startmeabiz.com\/pt\/wp-json\/wp\/v2\/pages\/12679\/revisions"}],"up":[{"embeddable":true,"href":"https:\/\/startmeabiz.com\/pt\/wp-json\/wp\/v2\/pages\/12609"}],"wp:attachment":[{"href":"https:\/\/startmeabiz.com\/pt\/wp-json\/wp\/v2\/media?parent=12679"}],"curies":[{"name":"wp","href":"https:\/\/api.w.org\/{rel}","templated":true}]}}