{"id":111,"date":"2019-07-16T17:28:20","date_gmt":"2019-07-16T22:28:20","guid":{"rendered":"https:\/\/startmeabiz.com\/?page_id=111"},"modified":"2026-01-14T02:56:22","modified_gmt":"2026-01-14T07:56:22","slug":"contato","status":"publish","type":"page","link":"https:\/\/startmeabiz.com\/pt\/contato\/","title":{"rendered":"Contate-nos"},"content":{"rendered":"<style>\n        body {<br \/>            font-family: Arial, sans-serif;<br \/>            background: #f9fafb;<br \/>            margin: 0;<br \/>            padding: 0 20px;<br \/>            color: #333;<br \/>        }<br \/>        header {<br \/>            text-align: center;<br \/>            padding: 40px 0 20px;<br \/>            background-color: #ff6f00; \/* brand orange *\/<br \/>            color: white;<br \/>        }<br \/>        header h1 {<br \/>            margin: 0;<br \/>            font-weight: 700;<br \/>            font-size: 2.5rem;<br \/>        }<br \/>        main {<br \/>            max-width: 700px;<br \/>            margin: 40px auto;<br \/>            background: white;<br \/>            padding: 30px 40px;<br \/>            border-radius: 8px;<br \/>            box-shadow: 0 4px 12px rgba(0,0,0,0.1);<br \/>        }<br \/>        section {<br \/>            margin-bottom: 30px;<br \/>        }<br \/>        h2 {<br \/>            color: #ff6f00;<br \/>            margin-bottom: 15px;<br \/>            border-bottom: 2px solid #ff6f00;<br \/>            padding-bottom: 8px;<br \/>            font-weight: 600;<br \/>        }<br \/>        p, li {<br \/>            font-size: 1.1rem;<br \/>            line-height: 1.6;<br \/>        }<br \/>        ul {<br \/>            list-style: none;<br \/>            padding-left: 0;<br \/>        }<br \/>        ul li {<br \/>            margin-bottom: 10px;<br \/>            display: flex;<br \/>            align-items: center;<br \/>            gap: 12px;<br \/>        }<br \/>        a.contact-link {<br \/>            color: #ff6f00;<br \/>            text-decoration: none;<br \/>            font-weight: 600;<br \/>        }<br \/>        a.contact-link:hover {<br \/>            text-decoration: underline;<br \/>        }<br \/>        .icon {<br \/>            font-size: 1.4rem;<br \/>            color: #ff6f00;<br \/>        }<br \/>        footer {<br \/>            text-align: center;<br \/>            padding: 20px 10px;<br \/>            font-size: 0.9rem;<br \/>            color: #777;<br \/>        }<br \/>        @media (max-width: 480px) {<br \/>            main {<br \/>                padding: 20px 20px;<br \/>            }<br \/>            header h1 {<br \/>                font-size: 1.8rem;<br \/>            }<br \/>        }<br \/>    <\/style>\n<p style=\"text-align: center;\"><strong><span style=\"font-size: 25.92px; color: #333333;\">Entre em contato com Start Me A Biz<\/span><\/strong><\/p>\n<h2 style=\"text-align: center;\">Estamos aqui para ajudar voc\u00ea a iniciar, expandir e automatizar seu neg\u00f3cio!<\/h2>\n<p>&nbsp;<\/p>\n<section>\n<h2 style=\"text-align: center;\">Entre em contato a qualquer momento.<\/h2>\n<p style=\"text-align: center;\">Valorizamos suas perguntas, coment\u00e1rios e necessidades comerciais. Escolha o m\u00e9todo que melhor lhe convier e nossa equipe responder\u00e1 prontamente.<\/p>\n<\/section>\n<section>\n<h2>Informa\u00e7\u00f5es de contato<\/h2>\n<ul>\n<li><span class=\"icon\">\ud83d\udcde<\/span> Telefone e SMS: <a class=\"contact-link\" href=\"tel:+13053845639\">+1 (305) 384-5639<\/a><\/li>\n<li><span class=\"icon\">\ud83d\udcac<\/span> WhatsApp: <a class=\"contact-link\" href=\"https:\/\/wa.me\/13095320532\" target=\"_blank\" rel=\"noopener\">+1 (309) 532-0532<\/a><\/li>\n<li><span class=\"icon\">\u2709\ufe0f<\/span> E-mail: <a class=\"contact-link\" href=\"mailto:support@startmeabiz.com\">support@startmeabiz.com<\/a><\/li>\n<\/ul>\n<p>Prefere ajuda instant\u00e2nea? Clique no \u00edcone de chat no canto inferior de qualquer p\u00e1gina do nosso site para iniciar um bate-papo ao vivo com nossa equipe de suporte.<\/p>\n<\/section>\n<section>\n<h2 style=\"text-align: center;\"><div id=\"lfb_bootstraped\" class=\"lfb_bootstraped notranslate\"><div id=\"lfb_form\" data-usevisual=\"0\" data-progressbar=\"2\" data-qttype=\"0\" data-imgtitlesstyle=\"\" data-emaillaststep=\"0\" data-showsteps=\"true\"      data-formtitle=\"Send Us A Message\" data-formsession=\"69f1fdb89d276\" data-autoclick=\"1\"  data-subs=\"\" data-form=\"9\" class=\"lfb_bootstraped\" data-stylefields=\"light\" data-animspeed=\"0\" data-sumstepsclick=\"0\" data-sumhidesteps=\"0\">\r\n                <div id=\"lfb_loader\"><div class=\"lfb_spinner\"><div class=\"double-bounce1\"><\/div><div class=\"double-bounce2\"><\/div><\/div><\/div><div id=\"lfb_passModal\" class=\"modal\" data-backdrop=\"\"><div class=\"modal-dialog\"><div class=\"modal-content\"><div class=\"modal-header\"><span class=\"fas fa-lock\"><\/span><span><\/span><a href=\"javascript:\" class=\"close\" data-bs-dismiss=\"modal\" aria-label=\"Fechar\"><span class=\"fas fa-times\"><\/span><\/a><\/div> <div class=\"modal-body p-0\"><\/div><div class=\"modal-footer\"><a href=\"javascript:\"  data-bs-dismiss=\"modal\" class=\"btn btn-primary btn-circle\"><span class=\"fas fa-check\"><\/span><\/a><\/div><\/div><\/div><\/div><div id=\"lfb_stripeModal\" class=\"modal\" data-backdrop=\"\"><div class=\"modal-dialog\"><div class=\"modal-content\"><div class=\"modal-header\"><div><span class=\"fab fa-cc-stripe\"><\/span><span>Efetuar um pagamento<\/span><\/div><a href=\"javascript:\" class=\"close\" data-bs-dismiss=\"modal\" aria-label=\"Fechar\"><span class=\"fas fa-times\"><\/span><\/a><\/div> <div class=\"modal-body p-0\"><div data-panel=\"form\" class=\"p-2\"><div class=\"lfb_amountTextContainer\"><div class=\"m-0 lfb_amountText text-center pb-2\">Total a pagar:<br\/> <strong data-info=\"amount\">$5<\/strong><\/div><\/div><form method=\"post\" id=\"lfb_stripePaymentForm\" class=\"pl-4 pr-4 pt-3\" action=\"\" ><div class=\"row\"><div class=\"form-group col-md-6\"><div id=\"lfb_stripe_card-element\" class=\"form-control\"><\/div><\/div><div class=\"form-group col-md-3\"><div id=\"lfb_stripe_expiration-element\" class=\"form-control\"><\/div><\/div><div class=\"form-group col-md-3\"><div id=\"lfb_stripe_cvc-element\" class=\"form-control\"><\/div><\/div><div id=\"lfb_stripe_card-error\" class=\"col-md-12\"><\/div><div class=\"form-group col-md-12\"><input placeholder=\"Nome do titular do cart\u00e3o\" name=\"ownerName\" class=\"form-control\" type=\"text\"\/><\/div><\/div><input type=\"hidden\" name=\"trp-form-language\" value=\"pt\"\/><\/form><div class=\"text-center lfb_stripeLogoContainer\"><img decoding=\"async\" class=\"lfb_stripeLogo\" src=\"https:\/\/startmeabiz.com\/wp-content\/plugins\/WP_Estimation_Form\/assets\/img\/powered_by_stripe@2x.png\" alt=\"Com tecnologia Stripe\" \/><\/div><\/div><div data-panel=\"loading\"><div class=\"text-center\"><span class=\"fas fa-hourglass-half big\"><\/span><\/div><\/div><div data-panel=\"fail\"><div class=\"text-center\"><p><span class=\"fas fa-times big\"><\/span><\/p><div>O pagamento n\u00e3o p\u00f4de ser efetuado.<\/div><div data-info=\"error\" class=\"text-center\"><\/div><\/div><\/div><\/div><div class=\"modal-footer\"><a href=\"javascript:\" data-action=\"pay\"  class=\"btn btn-primary\"><span class=\"fas fa-check\"><\/span>Pagar agora<\/a><\/div><\/div><\/div><\/div><div id=\"lfb_verificationModal\" class=\"modal\" data-backdrop=\"\"><div class=\"modal-dialog\"><div class=\"modal-content\"><div class=\"modal-body\"><div class=\"form-group\"><label>Insira o c\u00f3digo que voc\u00ea recebeu por e-mail.<\/label><div class=\"lfb_verification-code-inputs\"><input type=\"text\" class=\"form-control lfb_verification-char\" maxlength=\"1\" name=\"verificationCode[]\" \/><input type=\"text\" class=\"form-control lfb_verification-char\" maxlength=\"1\" name=\"verificationCode[]\" \/><input type=\"text\" class=\"form-control lfb_verification-char\" maxlength=\"1\" name=\"verificationCode[]\" \/><input type=\"text\" class=\"form-control lfb_verification-char\" maxlength=\"1\" name=\"verificationCode[]\" \/><input type=\"text\" class=\"form-control lfb_verification-char\" maxlength=\"1\" name=\"verificationCode[]\" \/><input type=\"text\" class=\"form-control lfb_verification-char\" maxlength=\"1\" name=\"verificationCode[]\" \/><\/div><\/div><\/div><\/div><\/div><\/div><a id=\"lfb_close_btn\" href=\"javascript:\"><span class=\"fas fa-times\"><\/span><\/a>\r\n                <div id=\"lfb_panel\">\r\n                <div class=\"container-fluid\">\r\n                    <div class=\"row\">\r\n                        <div class=\"\" ><p class=\"lfb_startBtnContainer lfb-hidden\">\r\n                                <a href=\"javascript:\"  class=\"btn btn-large btn-primary\" id=\"lfb_btnStart\"><span class=\"fa fa-check\"><\/span>COMECE J\u00c1<\/a>\r\n                            <\/p> <div id=\"genPrice\" class=\"genPrice lfb-hidden\">\r\n                                <div class=\"progress\">\r\n                                    <div class=\"progress-bar\">\r\n                                        <div class=\"progress-bar-price\">\r\n                                            <span>0$<\/span>\r\n                                            \r\n                                        <\/div>\r\n                                    <\/div>\r\n\r\n                                <\/div>\r\n                            <\/div>\r\n                            <!-- \/genPrice --><h2 id=\"finalText\" class=\"lfb_stepTitle\">Obrigado, entraremos em contato em breve!<\/h2>\r\n                        <\/div>\r\n                        <!-- \/col -->\r\n                    <\/div>\r\n                    <!-- \/row -->\r\n                <div id=\"lfb_mainPanel\" class=\"palette-clouds\" data-savecart=\"0\"> <input type=\"hidden\" name=\"action\" value=\"lfb_upload_form\"\/>\r\n                <input type=\"hidden\" id=\"lfb_formSession\" name=\"formSession\" value=\"69f1fdb89d276\"\/><div class=\"lfb_genSlide\" id=\"finalSlide\" data-stepid=\"final\" data-title=\"Contact us !\">\r\n                <h2 class=\"lfb_stepTitle\">Contate-nos !<\/h2>\r\n                <div class=\"lfb_genContent container\">\r\n                    <div class=\"row lfb_row lfb_genContentSlide active  lfb_sortable\">\r\n                        <p id=\"lfb_finalLabel\" class=\"lfb-hidden\">O pre\u00e7o final estimado \u00e9:<\/p><div id=\"lfb_finalPrice\" class=\"lfb-hidden\"><span><\/span><\/div><div id=\"lfb_subTxtValue\" class=\"lfb_dynamicHide\"><\/div><div class=\"lfb_itemBloc col-md-2  lfb_item lfb_itemContainer_287\" data-alignment=\"0\" data-id=\"287\" data-itemtype=\"textfield\"><div class=\"form-group\"><label>Nome<\/label>\r\n                 <div class=\"input-group\"><span class=\"input-group-addon\" id=\"basic-addon1\"><span class=\"fas fa-user-tie\"><\/span><\/span><input   data-prefill=\"\" data-urlvariable=\"1\" data-sentattribute=\"\"  data-variablename=\"\"  data-type=\"textfield\" type=\"text\"  data-autocomplete=\"0\" placeholder=\"\" data-fieldtype=\"firstName\"           data-itemid=\"287\"   data-showinsummary=\"true\"  class=\"form-control\"   data-title=\"Name\" data-originaltitle=\"Name\"  data-originallabel=\"Name\"  \/><\/div><\/div><\/div><div class=\"lfb_itemBloc col-md-2  lfb_item lfb_itemContainer_292\" data-alignment=\"0\" data-id=\"292\" data-itemtype=\"textfield\"><div class=\"form-group\"><label>E-mail<\/label>\r\n                 <div class=\"input-group\"><span class=\"input-group-addon\" id=\"basic-addon1\"><span class=\"fas fa-envelope\"><\/span><\/span><input   data-prefill=\"\" data-urlvariable=\"1\" data-sentattribute=\"\"  data-variablename=\"\"  data-type=\"textfield\" type=\"text\" data-validation=\"email\" data-autocomplete=\"0\" placeholder=\"\" data-fieldtype=\"email\"       autocomplete=\"on\" name=\"email\"     data-itemid=\"292\"   data-showinsummary=\"true\"  class=\"form-control\" data-required=\"true\"  data-title=\"Email\" data-originaltitle=\"Email\"  data-originallabel=\"Email\"  \/><\/div><\/div><\/div><div class=\"lfb_itemBloc col-md-2  lfb_item lfb_itemContainer_291\" data-alignment=\"0\" data-id=\"291\" data-itemtype=\"textfield\"><div class=\"form-group\"><label>Telefone<\/label>\r\n                 <div class=\"input-group\"><span class=\"input-group-addon\" id=\"basic-addon1\"><span class=\"fas fa-phone\"><\/span><\/span><input   data-prefill=\"\" data-urlvariable=\"1\" data-sentattribute=\"\"  data-variablename=\"\"  data-type=\"textfield\" type=\"text\" data-validation=\"number\" data-autocomplete=\"0\" placeholder=\"\" data-fieldtype=\"phone\"           data-itemid=\"291\"   data-showinsummary=\"true\"  class=\"form-control\"   data-title=\"Phone\" data-originaltitle=\"Phone\"  data-originallabel=\"Phone\"  \/><\/div><\/div><\/div><div class=\"lfb_itemBloc col-md-12  lfb_item lfb_itemContainer_293\" data-alignment=\"0\" data-id=\"293\" data-itemtype=\"textarea\"><div class=\"form-group\"><label>How can we assist you?<\/label>\r\n                 <textarea    data-prefill=\"\" data-urlvariable=\"1\" data-sentattribute=\"\"  data-variablename=\"\" placeholder=\"\"  data-type=\"textarea\" data-itemid=\"293\"          data-showinsummary=\"true\"  class=\"form-control\"  data-title=\"How can we assist you?\" data-originaltitle=\"How can we assist you?\"  data-originallabel=\"How can we assist you?\" ><\/textarea><\/div><\/div>\r\n                   <div id=\"lfb_summary\" class=\"lfb_summary table-responsive lfb-hidden\">\r\n                        <h3>Resumo<\/h3>\r\n                        <table class=\"table table-bordered\">\r\n                            <thead>\r\n                                <th>Descri\u00e7\u00e3o<\/th>\r\n                                <th class=\"lfb_valueTh\">Informa\u00e7\u00e3o<\/th>\r\n                                <th class=\"lfb_quantityTh\">Quantidade<\/th>\r\n                                <th class=\"lfb_priceTh\">Pre\u00e7o<\/th>\r\n                            <\/thead>\r\n                            <tbody>\r\n                                <tr id=\"lfb_summaryDiscountTr\" class=\"lfb_static\"><th colspan=\"3\">Desconto:<\/th><th id=\"lfb_summaryDiscount\"><span><\/span><\/th><\/tr>\r\n                                <tr id=\"lfb_summaryTotalTr\" class=\"lfb_static\"><th colspan=\"3\">Total:<\/th><th id=\"lfb_summaryTotal\"><span><\/span><\/th><\/tr>\r\n                            <\/tbody>\r\n                        <\/table>\r\n                    <\/div><div id=\"lfb_lastStepDown\"><\/div><div class=\"text-center lfb_btnNextContainer\"><a href=\"javascript:\" id=\"lfb_btnOrder\" class=\"btn btn-wide btn-primary\"><span class=\"far fa-paper-plane\"><\/span>Enviar<\/a><\/div><div class=\"clearfix\" data-tldinit=\"true\"><\/div><\/div><\/div><\/div><\/div><\/div><\/div><\/div><\/div><\/h2>\n<\/section>","protected":false},"excerpt":{"rendered":"<p>Contact Start Me A Biz We&#8217;re here to help you start, grow, and automate your business! &nbsp; Reach Out Anytime We value your questions, feedback, and business needs. Choose the method that works best for you, and our team will respond promptly. Contact Information \ud83d\udcde Phone &amp; Text: +1 (305) 384-5639 \ud83d\udcac WhatsApp: +1 (309) [&#8230;]\n","protected":false},"author":1,"featured_media":9380,"parent":0,"menu_order":0,"comment_status":"closed","ping_status":"closed","template":"","meta":{"slim_seo":{"title":"Contact Us - Start Me A Biz","description":"Entre em contato com a Start Me A Biz! Estamos aqui para ajudar voc\u00ea a iniciar, expandir e automatizar seu neg\u00f3cio! Fale conosco a qualquer momento. Valorizamos suas perguntas, seu feedback e sua parceria."},"footnotes":""},"class_list":["post-111","page","type-page","status-publish","has-post-thumbnail","hentry"],"_links":{"self":[{"href":"https:\/\/startmeabiz.com\/pt\/wp-json\/wp\/v2\/pages\/111","targetHints":{"allow":["GET"]}}],"collection":[{"href":"https:\/\/startmeabiz.com\/pt\/wp-json\/wp\/v2\/pages"}],"about":[{"href":"https:\/\/startmeabiz.com\/pt\/wp-json\/wp\/v2\/types\/page"}],"author":[{"embeddable":true,"href":"https:\/\/startmeabiz.com\/pt\/wp-json\/wp\/v2\/users\/1"}],"replies":[{"embeddable":true,"href":"https:\/\/startmeabiz.com\/pt\/wp-json\/wp\/v2\/comments?post=111"}],"version-history":[{"count":0,"href":"https:\/\/startmeabiz.com\/pt\/wp-json\/wp\/v2\/pages\/111\/revisions"}],"wp:featuredmedia":[{"embeddable":true,"href":"https:\/\/startmeabiz.com\/pt\/wp-json\/wp\/v2\/media\/9380"}],"wp:attachment":[{"href":"https:\/\/startmeabiz.com\/pt\/wp-json\/wp\/v2\/media?parent=111"}],"curies":[{"name":"wp","href":"https:\/\/api.w.org\/{rel}","templated":true}]}}