{"id":949,"date":"2022-07-06T09:00:38","date_gmt":"2022-07-06T14:00:38","guid":{"rendered":"https:\/\/startmeabiz.com\/product\/uvc-sterilization-mini-portable-air-conditioner-humidifier-air-cooler-personal-space-air-cooling-usb-rechargeable-home-desk-fan\/"},"modified":"2025-12-03T04:21:20","modified_gmt":"2025-12-03T10:21:20","slug":"climatiseur-et-purificateur-dair-usb-haute-vitesse","status":"publish","type":"product","link":"https:\/\/startmeabiz.com\/fr\/produit\/climatiseur-et-purificateur-dair-usb-haute-vitesse\/","title":{"rendered":"Climatiseur et purificateur d&#039;air USB haute vitesse"},"content":{"rendered":"<div>\n<h1 style=\"text-align: center;\">OBTENEZ UN PRODUIT PHARE <em><strong>MINI CLIMATISEUR USB<\/strong><\/em> POUR 41% OFF<\/h1>\n<p style=\"text-align: center;\">Obtenez notre tr\u00e8s recherch\u00e9 <strong>Refroidisseur et purificateur d&#039;air USB<\/strong> \u00e0 prix r\u00e9duit \u2014 MAINTENANT. Notre vente \u00e0 dur\u00e9e limit\u00e9e vous donne l&#039;occasion de faire des \u00e9conomies. <span class=\"ads-addon-you_save\" data-currency=\"USD\">$14.95<\/span>.<\/p>\n<p style=\"text-align: center;\"><span style=\"font-family: -apple-system, BlinkMacSystemFont, 'Segoe UI', Roboto, Oxygen, Ubuntu, Cantarell, 'Open Sans', 'Helvetica Neue', sans-serif;\">Faites vos achats dans notre magasin en toute tranquillit\u00e9 d&#039;esprit et avec enti\u00e8re satisfaction. Nous vous assurons que\u00a0:<\/span><\/p>\n<ul>\n<li>Vous serez 100% satisfait de votre achat.<\/li>\n<li>Votre colis arrivera sain et sauf.<\/li>\n<li>Votre achat est sans risque (notre politique de retour vous couvre).<\/li>\n<\/ul>\n<p style=\"text-align: center;\">Pr\u00eat \u00e0 acheter ? <span style=\"color: #2dc26b;\"><strong><span class=\"ads-addon-add-to-cart\">AJOUTER AU PANIER<\/span><\/strong><\/span> maintenant avant que nos stocks ne soient \u00e9puis\u00e9s !<\/p>\n<p><img decoding=\"async\" class=\"aligncenter\" src=\"\/\/ae01.alicdn.com\/kf\/Ha7f0511f53774ec4a6b55ddbd40aec84r.jpg\" width=\"801\" height=\"1367\" \/><\/p>\n<p style=\"text-align: center;\"><a href=\"#addtocart\" class=\"button primary is-primary is-medium\" >\n\t\t<span>PROCUREZ-VOUS LE V\u00d4TRE !<\/span>\n\t<\/a>\n\n<hr \/>\n<\/div>\n<div>\n<div id=\"266714652339\" data-previewurl=\"\/\/img.alicdn.com\/imgextra\/i3\/6000000006418\/O1CN0113ulNF1xHUYNCfYd2_!!6000000006418-0-tbvideo.jpg\">\n<h2 style=\"text-align: center;\"><strong>Plus de d\u00e9tails sur les purificateurs et refroidisseurs d&#039;air USB<\/strong><\/h2>\n<div style=\"text-align: center;\" data-spm-anchor-id=\"a2g0o.detail.1000023.i3.e6e694b8xueC6o\"><span style=\"font-size: 16px;\"><span style=\"font-weight: 700 !important;\"><span style=\"max-width: 100%;\">Caract\u00e9ristiques:<\/span><\/span><\/span><\/div>\n<div data-spm-anchor-id=\"a2g0o.detail.1000023.i3.e6e694b8xueC6o\"><\/div>\n<div data-spm-anchor-id=\"a2g0o.detail.1000023.i3.e6e694b8xueC6o\">\n<ul>\n<li><strong><span style=\"font-size: 16px;\">Lampe germicide ultraviolette UV-C : <\/span><\/strong>Irradier l&#039;int\u00e9rieur sous tous les angles pour \u00e9liminer efficacement les bact\u00e9ries pr\u00e9sentes dans l&#039;eau, r\u00e9duire les bact\u00e9ries fix\u00e9es au filtre et maintenir un air pur.<\/li>\n<li><strong><span style=\"font-size: 16px;\">Technologie de r\u00e9frig\u00e9ration rapide<\/span><\/strong><span style=\"font-size: 16px;\">Syst\u00e8me de refroidissement rapide par eau et brume de glace nano : \u00e0 mesure que la glace s&#039;\u00e9vapore, la puissance du ventilateur assure un refroidissement puissant et imm\u00e9diat.<\/span><\/li>\n<li><strong><span style=\"font-size: 16px;\">Technologie ultrasonique atomis\u00e9e par nano-pulv\u00e9risation\u00a0: <\/span><\/strong><span style=\"font-size: 16px;\">La peau est efficacement hydrat\u00e9e et le produit p\u00e9n\u00e8tre l\u00e9g\u00e8rement. Gr\u00e2ce \u00e0 son atomiseur am\u00e9lior\u00e9, le volume de pulv\u00e9risation est plus important et la brume plus froide.<\/span><\/li>\n<li><strong><span style=\"font-size: 16px;\">Lumi\u00e8res LED 7 couleurs, huiles essentielles utilisables<\/span><\/strong><span style=\"font-size: 16px;\">\u00c9clairage LED 7 couleurs\u00a0: choisissez l\u2019ambiance qui vous convient. Remplissez le r\u00e9servoir d\u2019eau d\u2019huiles essentielles pour l\u2019utiliser comme diffuseur d\u2019huiles essentielles. Son fonctionnement silencieux (r\u00e9duction du bruit gr\u00e2ce \u00e0 la technologie 30%) vous garantit un sommeil paisible.<\/span><\/li>\n<li><strong><span style=\"font-size: 16px;\">Filtre de st\u00e9rilisation aux ions argent : <\/span><\/strong><span style=\"font-size: 16px;\">Ce filtre utilise la technologie de st\u00e9rilisation aux ions d&#039;argent pour une meilleure \u00e9limination des moisissures et des bact\u00e9ries pr\u00e9sentes dans l&#039;air. Il absorbe davantage d&#039;eau et favorise l&#039;\u00e9vaporation. Facile \u00e0 d\u00e9monter et \u00e0 nettoyer.<\/span><\/li>\n<\/ul>\n<div style=\"text-align: center;\"><strong><span style=\"font-size: 16px;\">Liste de colisage:<\/span><\/strong><\/div>\n<ul>\n<li><span style=\"font-size: 16px;\">1 x Refroidisseur d&#039;air.<\/span><\/li>\n<li><span style=\"font-size: 16px;\">1 x Filtre pour refroidisseur d&#039;air,<\/span><span style=\"font-size: 16px;\"> C\u00e2ble USB et utilisateur<\/span><span style=\"font-size: 16px;\"> Manuel.<\/span><\/li>\n<\/ul>\n<div>\n<p><img decoding=\"async\" class=\"aligncenter\" src=\"\/\/ae01.alicdn.com\/kf\/H0e9560c15fe046fe8e6dbda115cec7c2w.jpg\" width=\"800\" height=\"1179\" \/><\/p>\n<p style=\"text-align: center;\"><a href=\"#addtocart\" class=\"button primary is-primary is-medium\" >\n\t\t<span>PROCUREZ-VOUS LE V\u00d4TRE !<\/span>\n\t<\/a>\n\n<hr \/>\n<\/div>\n<div><\/div>\n<\/div>\n<div>\n<div data-spm-anchor-id=\"a2g0o.detail.1000023.i3.e6e694b8xueC6o\"><\/div>\n<\/div>\n<h2 style=\"text-align: center;\"><span style=\"color: #666666; font-size: 1.25rem;\"><strong>Questions et r\u00e9ponses sur les refroidisseurs et purificateurs d&#039;air USB<\/strong><br \/>\n<\/span><\/h2>\n<\/div>\n<\/div>\n<p style=\"text-align: center;\"><span class=\"qa-item-question\"><strong>Pourquoi puis-je consid\u00e9rer votre climatiseur portable \u00e0 faible consommation d&#039;\u00e9nergie et moteur \u00e0 grande vitesse comme \u00e9tant bien meilleur que ceux vendus dans d&#039;autres magasins\u00a0?<\/strong><\/span><br \/>\n<span class=\"qa-item-answer\">En achetant le climatiseur Mini USB, nos clients peuvent avoir la certitude d&#039;obtenir un produit de haute qualit\u00e9 \u00e0 un prix juste, car nous sommes fiers de satisfaire nos clients en leur offrant des produits de qualit\u00e9 \u00e0 bas prix.<\/span><\/p>\n<p><img decoding=\"async\" class=\"aligncenter\" src=\"\/\/ae01.alicdn.com\/kf\/He457895a4e0348c7ab8e76dfc3f80219t.jpg\" width=\"800\" height=\"1068\" \/><\/p>\n<p style=\"text-align: center;\"><span class=\"qa-item-question\"><strong>Votre fournisseur utilise-t-il des mat\u00e9riaux toxiques lors de la production des mini-climatiseurs haute efficacit\u00e9 ?<\/strong><\/span><br \/>\n<span class=\"qa-item-answer\">Nous accordons une grande importance \u00e0 la qualit\u00e9 de nos produits, notamment du climatiseur mini USB. C&#039;est pourquoi tout ce que nous vendons est durable et s\u00fbr.<\/span><\/p>\n<p><img decoding=\"async\" class=\"aligncenter\" src=\"\/\/ae01.alicdn.com\/kf\/H56927c6b72654842992eaf83706be9e2X.jpg\" width=\"800\" height=\"867\" \/><\/p>\n<p style=\"text-align: center;\"><span class=\"qa-item-question\"><strong>Combien?<\/strong><\/span><br \/>\n<span class=\"qa-item-answer\">Vous pouvez commander cet article pour <span class=\"ads-addon-price\" data-currency=\"USD\">$19.95<\/span>.<\/span><\/p>\n<p><img decoding=\"async\" class=\"aligncenter\" src=\"\/\/ae01.alicdn.com\/kf\/H4727605d55af400787c1499c8435aff2J.jpg\" width=\"800\" height=\"1353\" \/><\/p>\n<h4 style=\"text-align: center;\"><span class=\"qa-item-question\"><strong>Le prix inclut-il les taxes\u00a0?<\/strong><\/span><br \/>\n<span class=\"qa-item-answer\">Le prix final, taxes comprises (le cas \u00e9ch\u00e9ant), s&#039;affichera sur la page de paiement. Autrement dit, vous pourrez v\u00e9rifier si des frais suppl\u00e9mentaires sont \u00e0 pr\u00e9voir avant de confirmer votre commande.<\/span><\/h4>\n<p><img decoding=\"async\" class=\"aligncenter\" src=\"\/\/ae01.alicdn.com\/kf\/H72ebb3f03a904804920ab47ba4b4f2d9Q.jpg\" width=\"800\" height=\"983\" \/><\/p>\n<p style=\"text-align: center;\"><span class=\"qa-item-question\"><strong>Ce produit pr\u00e9sente-t-il des atouts selon ses pr\u00e9c\u00e9dents acheteurs\u00a0?<\/strong><\/span><br \/>\n<span class=\"qa-item-answer\">Nos clients sont ravis de notre mini refroidisseur d&#039;air USB et appr\u00e9cient sa qualit\u00e9 exceptionnelle et son design attrayant. N&#039;h\u00e9sitez plus, commandez d\u00e8s maintenant\u00a0!<\/span><\/p>\n<p><img decoding=\"async\" class=\"aligncenter\" src=\"\/\/ae01.alicdn.com\/kf\/Hd33959edd0f6420985eaa1b4acc0bccbD.jpg\" width=\"800\" height=\"1068\" \/><\/p>\n<p style=\"text-align: center;\"><span class=\"qa-item-question\"><strong>Je souhaite faire part de mon avis sur ce produit \u00e0 vos futurs clients. Est-ce que cela vous convient\u00a0?<\/strong><\/span><br \/>\n<span class=\"qa-item-answer\">Nous respectons l&#039;avis de nos clients. N&#039;h\u00e9sitez donc pas \u00e0 partager votre exp\u00e9rience pour nous aider \u00e0 nous am\u00e9liorer.<\/span><\/p>\n<div>\n<div style=\"text-align: center;\">\n<hr \/>\n<p><strong><span style=\"font-size: 23.04px;\">POLITIQUES DE COMMANDE ET DE MAGASIN<\/span><\/strong><\/p>\n<\/div>\n<\/div>\n<p style=\"text-align: center;\"><span class=\"qa-item-question\"><strong>Puis-je me faire livrer mon purificateur d&#039;air USB \u00e0 une autre adresse\u00a0? Autrement dit, pas \u00e0 mon domicile\u00a0?<\/strong><\/span><br \/>\n<span class=\"qa-item-answer\">L&#039;acheteur et le destinataire n&#039;ont pas besoin d&#039;\u00eatre identiques\u00a0; nous pouvons donc livrer votre colis \u00e0 l&#039;adresse de votre choix. Merci.<\/span><\/p>\n<p><img decoding=\"async\" class=\"aligncenter\" src=\"\/\/ae01.alicdn.com\/kf\/He6177aa57a904be8a29ce6f0cd2b0f5ey.jpg\" width=\"801\" height=\"764\" \/><\/p>\n<h4 style=\"text-align: center;\"><span class=\"qa-item-question\"><strong>Que se passe-t-il si un probl\u00e8me survient avec ma commande pendant le transport\u00a0?<\/strong><\/span><br \/>\n<span class=\"qa-item-answer\">Contactez-nous en cas de probl\u00e8me avec votre colis pendant le transport. Rassurez-vous, vous serez int\u00e9gralement rembours\u00e9 en cas de perte ou d&#039;endommagement de votre colis.<\/span><\/h4>\n<p><img decoding=\"async\" class=\"aligncenter\" src=\"\/\/ae01.alicdn.com\/kf\/H2e281a70fdcd486d8722ef1022c94d82u.jpg\" width=\"800\" height=\"1118\" \/><\/p>\n<h4 style=\"text-align: center;\"><span class=\"qa-item-question\"><strong>Combien en avons-nous en stock ?<\/strong><\/span><br \/>\n<span class=\"qa-item-answer\">Les stocks de climatiseurs portables avec filtre de st\u00e9rilisation aux ions d&#039;argent vont commencer \u00e0 s&#039;\u00e9puiser dans les 3 \u00e0 4 prochains jours, c&#039;est pourquoi nous vous recommandons de passer votre commande d\u00e8s que possible.<\/span><\/h4>\n<p><img decoding=\"async\" class=\"aligncenter\" src=\"\/\/ae01.alicdn.com\/kf\/H1dc1f7c18f2246deb93548b9f827707ar.jpg\" width=\"800\" height=\"1017\" \/><\/p>\n<p style=\"text-align: center;\"><span class=\"qa-item-question\"><strong>Que faire si je dois changer la couleur ou annuler ma commande\u00a0?<\/strong><\/span><br \/>\n<span class=\"qa-item-answer\">N&#039;h\u00e9sitez pas \u00e0 contacter notre service client. Nos experts se feront un plaisir de vous aider avec votre commande.<\/span><\/p>\n<p><img decoding=\"async\" class=\"aligncenter\" src=\"\/\/ae01.alicdn.com\/kf\/H218c91baf01b44b8b237be43020a92acW.jpg\" width=\"799\" height=\"1066\" \/><\/p>\n<p style=\"text-align: center;\"><span class=\"qa-item-question\"><strong>Vous avez de beaux produits, mais puis-je faire confiance \u00e0 votre magasin ?<\/strong><\/span><br \/>\n<span class=\"qa-item-answer\">Notre magasin jouit d&#039;une excellente r\u00e9putation en tant que fournisseur fiable. C&#039;est pourquoi, si vous consultez les avis de nos clients pr\u00e9c\u00e9dents, vous constaterez que de nombreux clients actuels ont d\u00e9j\u00e0 fait appel \u00e0 nos services.<\/span><\/p>\n<p><img decoding=\"async\" class=\"aligncenter\" src=\"https:\/\/ae01.alicdn.com\/kf\/H389d8757f6a248cab284b0697e3a3c23Y\/UVC-Sterilization-Mini-Portable-Air-Conditioner-Humidifier-Air-Cooler-Personal-Space-Air-Cooling-USB-Rechargeable-Home.jpg_800x800q80.jpg.webp\" \/><\/p>\n<p style=\"text-align: center;\"><span class=\"qa-item-question\"><strong>Est-il impossible d&#039;acheter le mini climatiseur haute efficacit\u00e9 en magasin\u00a0?<\/strong><\/span><br \/>\n<span class=\"qa-item-answer\">Les magasins physiques proposent une gamme de produits plus restreinte en termes de variantes disponibles. De plus, ils ont tendance \u00e0 pratiquer des prix plus \u00e9lev\u00e9s pour un m\u00eame mini refroidisseur d&#039;air USB.<\/span><\/p>\n<p><img decoding=\"async\" class=\"aligncenter\" src=\"\/\/ae01.alicdn.com\/kf\/Hb8d065012e374b02be4e3ec4ea8822edL.jpg\" width=\"797\" height=\"1116\" \/><\/p>\n<p style=\"text-align: center;\"><a href=\"#addtocart\" class=\"button primary is-primary is-medium\" >\n\t\t<span>PROCUREZ-VOUS LE V\u00d4TRE !<\/span>\n\t<\/a>\n\n<hr \/>\n<p><img decoding=\"async\" class=\"aligncenter\" src=\"\/\/ae01.alicdn.com\/kf\/H02f2536b66fa4cb2bf8078baaca73e49r.jpg\" width=\"800\" height=\"1303\" \/><\/p>\n<hr \/>\n<h2 class=\"uppercase\" style=\"text-align: center;\"><span style=\"color: #ff0000;\"><strong>Tout l&#039;\u00e9quipement d&#039;entra\u00eenement \u00e0 domicile jusqu&#039;\u00e0 60% OFF<\/strong><\/span><\/h2>\n<p><a href=\"https:\/\/refuseyoulose.com\/product-category\/deals-for-men\/sportswear-for-men\/\"><img decoding=\"async\" class=\"size-full wp-image-189523 aligncenter\" src=\"https:\/\/refuseyoulose.com\/wp-content\/uploads\/2019\/06\/Long-Sleeve-Spider-Man-Workout-Shirt-size-SmallMediumLargeXL2XL3XL-Refuse-You-Lose-1.png\" alt=\"\" width=\"779\" height=\"438\" \/><\/a><\/p>\n<hr \/>\n<h2 class=\"uppercase\" style=\"text-align: center;\"><span style=\"color: #ff0000;\"><strong>Besoin d&#039;une protection contre le coronavirus ?<\/strong><\/span><\/h2>\n<p style=\"text-align: center;\"><span style=\"font-size: 110%;\">Nous avons \u00e0 c\u0153ur votre bien-\u00eatre. C&#039;est pourquoi nous avons \u00e9tabli un partenariat avec <a href=\"https:\/\/drkillpain.com\" target=\"_blank\" rel=\"noopener\">DrKillpain.com<\/a> pour vous fournir le meilleur \u00e9quipement de protection disponible.<\/span><\/p>\n<p><a href=\"https:\/\/drkillpain.com\/product-category\/protection-against-covid-19\/face-masks-face-shields\/face-masks\/jackets-with-face-mask\/\"><img decoding=\"async\" class=\"size-full wp-image-189522 aligncenter\" src=\"https:\/\/refuseyoulose.com\/wp-content\/uploads\/2019\/06\/Long-Sleeve-Spider-Man-Workout-Shirt-size-SmallMediumLargeXL2XL3XL-Refuse-You-Lose.png\" alt=\"\" width=\"1024\" height=\"576\" \/><\/a><\/p>\n<p class=\"mceTemp\" style=\"text-align: center;\"><strong><span style=\"font-size: 120%;\">Utilisez le coupon <span style=\"color: #ed1c24;\">REFUSEZ-VOUS<\/span> pour \u00e9conomiser 10% sur l&#039;ensemble de votre achat chez <a href=\"https:\/\/drkillpain.com\" target=\"_blank\" rel=\"noopener\">DrKillpain.com<\/a>.<\/span><\/strong><\/p>","protected":false},"excerpt":{"rendered":"<p>Profitez d&#039;un air frais et purifi\u00e9 dans votre chambre gr\u00e2ce \u00e0 ce mini climatiseur USB !<\/p>","protected":false},"featured_media":959,"comment_status":"open","ping_status":"closed","template":"","meta":{"slim_seo":{"title":"Climatiseur et purificateur d&#039;air USB haute vitesse","description":"Achetez un climatiseur USB haute vitesse ! Livraison gratuite dans 185 pays. Garantie satisfait ou rembours\u00e9 de 45 jours. Refroidisseur et purificateur d&#039;air USB"}},"product_brand":[],"product_cat":[28,27],"product_tag":[427,426,433,431,432,430,428,429],"class_list":{"0":"post-949","1":"product","2":"type-product","3":"status-publish","4":"has-post-thumbnail","6":"product_cat-new-arrivals","7":"product_cat-uncategorized","8":"product_tag-air-conditioner","9":"product_tag-air-cooler","10":"product_tag-air-humidifier","11":"product_tag-air-purifier","12":"product_tag-portable-air-conditioner","13":"product_tag-ultraviolet-c-sterilization","14":"product_tag-usb-air-conditioner","15":"product_tag-uv-c-sterilization","16":"tm-has-styled-variations","17":"tm-variations-only","19":"first","20":"instock","21":"sale","22":"taxable","23":"shipping-taxable","24":"purchasable","25":"product-type-variable"},"_links":{"self":[{"href":"https:\/\/startmeabiz.com\/fr\/wp-json\/wp\/v2\/product\/949","targetHints":{"allow":["GET"]}}],"collection":[{"href":"https:\/\/startmeabiz.com\/fr\/wp-json\/wp\/v2\/product"}],"about":[{"href":"https:\/\/startmeabiz.com\/fr\/wp-json\/wp\/v2\/types\/product"}],"replies":[{"embeddable":true,"href":"https:\/\/startmeabiz.com\/fr\/wp-json\/wp\/v2\/comments?post=949"}],"wp:featuredmedia":[{"embeddable":true,"href":"https:\/\/startmeabiz.com\/fr\/wp-json\/wp\/v2\/media\/959"}],"wp:attachment":[{"href":"https:\/\/startmeabiz.com\/fr\/wp-json\/wp\/v2\/media?parent=949"}],"wp:term":[{"taxonomy":"product_brand","embeddable":true,"href":"https:\/\/startmeabiz.com\/fr\/wp-json\/wp\/v2\/product_brand?post=949"},{"taxonomy":"product_cat","embeddable":true,"href":"https:\/\/startmeabiz.com\/fr\/wp-json\/wp\/v2\/product_cat?post=949"},{"taxonomy":"product_tag","embeddable":true,"href":"https:\/\/startmeabiz.com\/fr\/wp-json\/wp\/v2\/product_tag?post=949"}],"curies":[{"name":"wp","href":"https:\/\/api.w.org\/{rel}","templated":true}]}}