{"id":939,"date":"2023-02-20T10:00:28","date_gmt":"2023-02-20T16:00:28","guid":{"rendered":"https:\/\/startmeabiz.com\/product\/baseus-magnetic-car-humidifier-air-purifier-360-degree-air-outlet-handheld-auto-air-freshener-car-air-diffuser\/"},"modified":"2025-12-03T04:02:02","modified_gmt":"2025-12-03T10:02:02","slug":"humidificateur-portable-pour-voiture","status":"publish","type":"product","link":"https:\/\/startmeabiz.com\/fr\/produit\/humidificateur-portable-pour-voiture\/","title":{"rendered":"Humidificateur portable pour voiture"},"content":{"rendered":"<h1 style=\"text-align: center;\"><span style=\"color: #e03e2d;\"><em>HUMIDIFICATEUR PORTABLE POUR VOITURE<\/em> EN VENTE MAINTENANT : 38% DE R\u00c9DUCTION !<\/span><\/h1>\n<p style=\"text-align: center;\">Agissez vite et obtenez une offre exclusive <span style=\"color: #e03e2d;\"><strong>38% <\/strong><span style=\"color: #000000;\">\u00e9teint<\/span><\/span> notre <strong>Humidificateur portable pour voiture !<\/strong><\/p>\n<p style=\"text-align: center;\"><span style=\"font-family: -apple-system, BlinkMacSystemFont, 'Segoe UI', Roboto, Oxygen, Ubuntu, Cantarell, 'Open Sans', 'Helvetica Neue', sans-serif;\">Nous proposons une offre \u00e0 dur\u00e9e limit\u00e9e sur notre d\u00e9sodorisant humidificateur de voiture \u00e0 seulement <\/span><span style=\"font-family: -apple-system, BlinkMacSystemFont, 'Segoe UI', Roboto, Oxygen, Ubuntu, Cantarell, 'Open Sans', 'Helvetica Neue', sans-serif; color: #2dc26b;\"><strong><span class=\"ads-addon-price\" data-currency=\"USD\">$24.95<\/span><\/strong><span style=\"color: #000000;\">. D\u00e9couvrez pourquoi ce magasin propose la meilleure s\u00e9lection et une qualit\u00e9 imbattable\u00a0:<\/span><\/span><\/p>\n<p><img decoding=\"async\" class=\"aligncenter\" src=\"\/\/ae01.alicdn.com\/kf\/Hef8ba89af7f444608fe1176c88b70fc4c.jpg\" width=\"800\" height=\"1266\" \/><\/p>\n<p style=\"text-align: center;\"><span class=\"qa-item-answer\"><a href=\"#addtocart\" class=\"button primary is-primary is-medium\" >\n\t\t<span>ACHETEZ MAINTENANT !<\/span>\n\t<\/a>\n<\/span><\/p>\n<div>\n<hr \/>\n<h2 style=\"text-align: center;\"><strong><em>HUMIDIFICATEUR PORTABLE POUR VOITURE<\/em>: REGARDER DE PLUS PR\u00c8S<\/strong><\/h2>\n<ul>\n<li><strong>Mat\u00e9riel:<\/strong> Silicone + PC + ABS.<\/li>\n<li><strong>Poids:<\/strong> 180 g.<\/li>\n<li><strong>Taper:<\/strong> Humidificateur portable<\/li>\n<\/ul>\n<p style=\"text-align: center;\">Oui, c&#039;est exactement ce que vous obtenez en achetant chez nous. Alors, ne ratez pas cette occasion d&#039;acqu\u00e9rir un produit de haute qualit\u00e9 \u00e0 un prix raisonnable\u00a0!<\/p>\n<p><img decoding=\"async\" class=\"aligncenter\" src=\"\/\/ae01.alicdn.com\/kf\/H4526c4ec7bf548fab6975de31bb7528aG.jpg\" width=\"800\" height=\"1209\" \/><\/p>\n<p style=\"text-align: center;\"><span class=\"qa-item-answer\"><a href=\"#addtocart\" class=\"button primary is-primary is-medium\" >\n\t\t<span>ACHETEZ MAINTENANT !<\/span>\n\t<\/a>\n<\/span><\/p>\n<\/div>\n<hr \/>\n<h2 class=\"qa-title\" style=\"text-align: center;\"><strong>Humidificateur portable pour voiture\u00a0: questions et r\u00e9ponses<\/strong><\/h2>\n<p style=\"text-align: center;\"><span class=\"qa-item-question\"><strong>Compte tenu du prix de votre d\u00e9sodorisant magn\u00e9tique USB pour voiture, de quoi est-il fait ?<\/strong><\/span><br \/>\n<span class=\"qa-item-answer\">N&#039;ayez crainte, nous utilisons uniquement des mat\u00e9riaux de premi\u00e8re qualit\u00e9 pour fabriquer l&#039;humidificateur portable pour voiture.<\/span><\/p>\n<p><img decoding=\"async\" class=\"aligncenter\" src=\"\/\/ae01.alicdn.com\/kf\/Hb085e3e493f0452bb213e4f6e7c45c05c.jpg\" width=\"801\" height=\"1617\" \/><\/p>\n<p style=\"text-align: center;\"><span class=\"qa-item-question\"><strong>Ce produit est-il conforme aux normes de fabrication de l&#039;industrie ?<\/strong><\/span><br \/>\n<span class=\"qa-item-answer\">Notre magasin accorde une attention particuli\u00e8re \u00e0 la qualit\u00e9 des produits distribu\u00e9s et \u00e0 leur conformit\u00e9 aux normes de fabrication. Vous n&#039;avez donc aucune raison de vous inqui\u00e9ter concernant l&#039;humidificateur portable pour voiture.<\/span><\/p>\n<p><img decoding=\"async\" class=\"aligncenter\" src=\"\/\/ae01.alicdn.com\/kf\/Hd0905453d293415a9d405846795c2bc8w.jpg\" width=\"800\" height=\"1314\" \/><\/p>\n<p style=\"text-align: center;\"><span class=\"qa-item-question\"><strong>Je ne suis pas s\u00fbr d&#039;\u00eatre pr\u00eat \u00e0 l&#039;acheter. Est-ce le bon prix\u00a0?<\/strong><\/span><br \/>\n<span class=\"qa-item-answer\">Nous avons analys\u00e9 le march\u00e9 et r\u00e9duit nos d\u00e9penses au maximum. C&#039;est pourquoi nous sommes certains que vous ne trouverez pas de meilleur prix.<\/span><\/p>\n<p><img decoding=\"async\" class=\"aligncenter\" src=\"\/\/ae01.alicdn.com\/kf\/H7123c00b1c564c9ab00adb15487008a7f.jpg\" width=\"800\" height=\"1495\" \/><\/p>\n<p style=\"text-align: center;\"><span class=\"qa-item-question\"><strong>Des frais suppl\u00e9mentaires s&#039;appliqueront-ils si je commande votre mini purificateur d&#039;air magn\u00e9tique pour voiture ?<\/strong><\/span><br \/>\n<span class=\"qa-item-answer\">Le prix total s&#039;affichera sur la page de paiement. Il inclura tous les frais et taxes applicables (le cas \u00e9ch\u00e9ant).<\/span><\/p>\n<p><img decoding=\"async\" class=\"aligncenter\" src=\"\/\/ae01.alicdn.com\/kf\/H96d3a25d0e7f465dbf2547cd4dfde8d1C.jpg\" width=\"801\" height=\"1038\" \/><\/p>\n<p style=\"text-align: center;\"><span class=\"qa-item-question\"><strong>Je souhaite publier une photo de mon achat sur Facebook. Est-ce possible\u00a0?<\/strong><\/span><br \/>\n<span class=\"qa-item-answer\">Nous appr\u00e9cions les avis de nos clients sur nos produits. N&#039;h\u00e9sitez donc pas \u00e0 partager votre exp\u00e9rience.<\/span><\/p>\n<p><img decoding=\"async\" class=\"aligncenter\" src=\"\/\/ae01.alicdn.com\/kf\/Hc13664d2fcca4df6bc9aec83d13640c2d.jpg\" width=\"801\" height=\"1067\" \/><\/p>\n<p style=\"text-align: center;\"><span class=\"qa-item-question\"><strong>Et si je n&#039;aime pas mon mini humidificateur de voiture USB \u00e0 360 degr\u00e9s ?<\/strong><\/span><br \/>\n<span class=\"qa-item-answer\">Vous pouvez nous contacter, nous expliquer votre probl\u00e8me et nous le r\u00e9soudrons. De plus, nous proposons une politique de remboursement avantageuse pour nos clients.<\/span><\/p>\n<div>\n<p><img decoding=\"async\" class=\"aligncenter\" src=\"\/\/ae01.alicdn.com\/kf\/Heb318ca0e7c9402e8e99a1c7dbd4d3c9o.jpg\" width=\"800\" height=\"1000\" \/><\/p>\n<\/div>\n<hr \/>\n<h2 class=\"qa-title\" style=\"text-align: center;\"><strong>POLITIQUES DE COMMANDE ET DE MAGASIN<\/strong><\/h2>\n<p style=\"text-align: center;\"><span class=\"qa-item-question\"><strong>Puis-je commander plusieurs produits \u00e0 la fois\u00a0?<\/strong><\/span><br \/>\n<span class=\"qa-item-answer\">Nous n&#039;imposons aucune limite au nombre de produits par commande, sous r\u00e9serve de disponibilit\u00e9. Alors, n&#039;h\u00e9sitez pas !<\/span><\/p>\n<p><img decoding=\"async\" class=\"aligncenter\" src=\"\/\/ae01.alicdn.com\/kf\/Hd5b49835424a4c22a592464458556233Y.jpg\" width=\"800\" height=\"1274\" \/><\/p>\n<p style=\"text-align: center;\"><span class=\"qa-item-question\"><strong>Comment emballez-vous les commandes ?<\/strong><\/span><br \/>\n<span class=\"qa-item-answer\">Nous utilisons tous les moyens possibles pour s\u00e9curiser vos colis car il est de notre plus grande responsabilit\u00e9 de les prot\u00e9ger contre tout dommage.<\/span><\/p>\n<p><img decoding=\"async\" class=\"aligncenter\" src=\"\/\/ae01.alicdn.com\/kf\/H8018bcad2bcc49c5b816e733567529eeb.jpg\" width=\"800\" height=\"733\" \/><\/p>\n<p style=\"text-align: center;\"><span class=\"qa-item-question\"><strong>Puis-je acc\u00e9l\u00e9rer le processus de livraison si j&#039;utilise un certain mode de paiement\u00a0?<\/strong><\/span><br \/>\n<span class=\"qa-item-answer\">Le mode de paiement choisi n&#039;a aucune incidence sur la rapidit\u00e9 de livraison de votre humidificateur\/d\u00e9sodorisant pour voiture. En d&#039;autres termes, choisissez celui qui vous convient le mieux.<\/span><\/p>\n<p><img decoding=\"async\" class=\"aligncenter\" src=\"https:\/\/startmeabiz.com\/wp-content\/uploads\/2021\/08\/939-36512d.jpg\" width=\"800\" height=\"500\" \/><\/p>\n<p style=\"text-align: center;\"><span class=\"qa-item-question\"><strong>Comment puis-je acheter un humidificateur portable pour voiture\u00a0?<\/strong><\/span><br \/>\n<span class=\"qa-item-answer\">Veuillez r\u00e9fl\u00e9chir au nombre d&#039;articles que vous souhaitez acheter et s\u00e9lectionner leurs variantes. Ensuite, <span class=\"ads-addon-add-to-cart\">AJOUTER AU PANIER<\/span> Veuillez s\u00e9lectionner les articles que vous avez choisis et suivre les instructions sur la page de paiement pour finaliser votre commande et r\u00e9gler votre achat. Nous recevrons ensuite ces informations et commencerons \u00e0 pr\u00e9parer votre colis.<\/span><\/p>\n<p><img decoding=\"async\" class=\"aligncenter\" src=\"\/\/ae01.alicdn.com\/kf\/Hed2cb06638af4361aa988b9a4d45cdc5L.jpg\" width=\"801\" height=\"1312\" \/><\/p>\n<p style=\"text-align: center;\"><span class=\"qa-item-question\"><strong>Qu&#039;est-ce qui vous distingue des autres magasins ?<\/strong><\/span><br \/>\n<span class=\"qa-item-answer\">Notre priorit\u00e9 est d&#039;\u00e9tablir des relations de confiance avec nos clients. Nous mettons tout en \u0153uvre pour que notre collaboration soit mutuellement avantageuse. C&#039;est pourquoi nous proposons toujours des produits de qualit\u00e9 \u00e0 des prix justes.<\/span><\/p>\n<p><img decoding=\"async\" class=\"aligncenter\" src=\"\/\/ae01.alicdn.com\/kf\/H80040b879ba945bc98920bbee5daa35cP.jpg\" width=\"800\" height=\"1150\" \/><\/p>\n<p style=\"text-align: center;\"><span class=\"qa-item-question\"><strong>Le magasin a l&#039;air super. Mais \u00eates-vous vraiment un fournisseur fiable\u00a0?<\/strong><\/span><br \/>\n<span class=\"qa-item-answer\">N&#039;h\u00e9sitez pas \u00e0 consulter \u00e0 tout moment les t\u00e9moignages de nos pr\u00e9c\u00e9dents clients. Vous constaterez ainsi que notre fiabilit\u00e9 et notre s\u00e9curit\u00e9 sont irr\u00e9prochables.<\/span><\/p>\n<div>\n<p><img decoding=\"async\" class=\"aligncenter\" src=\"\/\/ae01.alicdn.com\/kf\/Hf1e606cf380447ca88e9e3b6c59b5261q.jpg\" width=\"800\" height=\"1295\" \/><\/p>\n<p style=\"text-align: center;\"><span class=\"qa-item-answer\"><a href=\"#addtocart\" class=\"button primary is-primary is-medium\" >\n\t\t<span>ACHETEZ MAINTENANT !<\/span>\n\t<\/a>\n<\/span><\/p>\n<\/div>\n<p><iframe style=\"display: none;\" src=\"about:blank\"><\/iframe><\/p>\n<hr \/>\n<h2 class=\"uppercase\" style=\"text-align: center;\"><span style=\"color: #ff0000;\"><strong>Tout l&#039;\u00e9quipement d&#039;entra\u00eenement \u00e0 domicile jusqu&#039;\u00e0 60% OFF<\/strong><\/span><\/h2>\n<p><a href=\"https:\/\/refuseyoulose.com\/product-category\/deals-for-men\/sportswear-for-men\/\"><img decoding=\"async\" class=\"size-full wp-image-189523 aligncenter\" src=\"https:\/\/refuseyoulose.com\/wp-content\/uploads\/2019\/06\/Long-Sleeve-Spider-Man-Workout-Shirt-size-SmallMediumLargeXL2XL3XL-Refuse-You-Lose-1.png\" alt=\"\" width=\"779\" height=\"438\" \/><\/a><\/p>\n<h2 class=\"uppercase\" style=\"text-align: center;\"><\/h2>\n<hr \/>\n<h2 class=\"uppercase\" style=\"text-align: center;\"><span style=\"color: #ff0000;\"><strong>Besoin d&#039;une protection contre le coronavirus ?<\/strong><\/span><\/h2>\n<p style=\"text-align: center;\"><span style=\"font-size: 110%;\">Nous avons \u00e0 c\u0153ur votre bien-\u00eatre. C&#039;est pourquoi nous avons \u00e9tabli un partenariat avec <a href=\"https:\/\/drkillpain.com\" target=\"_blank\" rel=\"noopener\">DrKillpain.com<\/a> pour vous fournir le meilleur \u00e9quipement de protection disponible.<\/span><\/p>\n<p><a href=\"https:\/\/drkillpain.com\/product-category\/protection-against-covid-19\/face-masks-face-shields\/face-masks\/jackets-with-face-mask\/\"><img decoding=\"async\" class=\"size-full wp-image-189522 aligncenter\" src=\"https:\/\/refuseyoulose.com\/wp-content\/uploads\/2019\/06\/Long-Sleeve-Spider-Man-Workout-Shirt-size-SmallMediumLargeXL2XL3XL-Refuse-You-Lose.png\" alt=\"\" width=\"1024\" height=\"576\" \/><\/a><\/p>\n<p class=\"mceTemp\" style=\"text-align: center;\"><strong><span style=\"font-size: 120%;\">Utilisez le coupon <span style=\"color: #ed1c24;\">REFUSEZ-VOUS<\/span> pour \u00e9conomiser 10% sur l&#039;ensemble de votre achat chez <a href=\"https:\/\/drkillpain.com\" target=\"_blank\" rel=\"noopener\">DrKillpain.com<\/a>.<\/span><\/strong><\/p>","protected":false},"excerpt":{"rendered":"<p><strong>Faites de chaque trajet en voiture un moment plus confortable gr\u00e2ce \u00e0 cet humidificateur de voiture magn\u00e9tique mini USB \u00e0 360 degr\u00e9s !<\/strong><iframe style=\"display: none;\" src=\"about:blank\"><\/iframe><\/p>","protected":false},"featured_media":942,"comment_status":"open","ping_status":"closed","template":"","meta":{"slim_seo":{"title":"Humidificateur de voiture mini USB magn\u00e9tique \u00e0 360 degr\u00e9s","description":"Achetez un mini humidificateur magn\u00e9tique USB \u00e0 360\u00b0 pour voiture\u00a0! Livraison gratuite dans 185 pays. Garantie satisfait ou rembours\u00e9 de 45 jours. Humidificateur portable pour voiture"}},"product_brand":[],"product_cat":[28],"product_tag":[582,433,431,581,583,580],"class_list":{"0":"post-939","1":"product","2":"type-product","3":"status-publish","4":"has-post-thumbnail","6":"product_cat-new-arrivals","7":"product_tag-air-freshener-for-car","8":"product_tag-air-humidifier","9":"product_tag-air-purifier","10":"product_tag-air-purifier-for-car","11":"product_tag-car-purifier-fogger","12":"product_tag-humidifier-for-car","13":"tm-has-styled-variations","14":"tm-variations-only","16":"first","17":"instock","18":"sale","19":"taxable","20":"shipping-taxable","21":"purchasable","22":"product-type-variable"},"_links":{"self":[{"href":"https:\/\/startmeabiz.com\/fr\/wp-json\/wp\/v2\/product\/939","targetHints":{"allow":["GET"]}}],"collection":[{"href":"https:\/\/startmeabiz.com\/fr\/wp-json\/wp\/v2\/product"}],"about":[{"href":"https:\/\/startmeabiz.com\/fr\/wp-json\/wp\/v2\/types\/product"}],"replies":[{"embeddable":true,"href":"https:\/\/startmeabiz.com\/fr\/wp-json\/wp\/v2\/comments?post=939"}],"wp:featuredmedia":[{"embeddable":true,"href":"https:\/\/startmeabiz.com\/fr\/wp-json\/wp\/v2\/media\/942"}],"wp:attachment":[{"href":"https:\/\/startmeabiz.com\/fr\/wp-json\/wp\/v2\/media?parent=939"}],"wp:term":[{"taxonomy":"product_brand","embeddable":true,"href":"https:\/\/startmeabiz.com\/fr\/wp-json\/wp\/v2\/product_brand?post=939"},{"taxonomy":"product_cat","embeddable":true,"href":"https:\/\/startmeabiz.com\/fr\/wp-json\/wp\/v2\/product_cat?post=939"},{"taxonomy":"product_tag","embeddable":true,"href":"https:\/\/startmeabiz.com\/fr\/wp-json\/wp\/v2\/product_tag?post=939"}],"curies":[{"name":"wp","href":"https:\/\/api.w.org\/{rel}","templated":true}]}}