{"id":862,"date":"2022-07-05T17:00:39","date_gmt":"2022-07-05T22:00:39","guid":{"rendered":"https:\/\/startmeabiz.com\/product\/muti-fuction-adult-non-contact-digital-infrared-temperature-measurement-k3-forehead-with-fever-alarm-safety-survival-deviceg4\/"},"modified":"2025-12-03T04:24:48","modified_gmt":"2025-12-03T10:24:48","slug":"thermometre-sans-contact","status":"publish","type":"product","link":"https:\/\/startmeabiz.com\/fr\/produit\/thermometre-sans-contact\/","title":{"rendered":"Thermom\u00e8tre sans contact"},"content":{"rendered":"<h2 style=\"text-align: center;\"><span style=\"color: #e03e2d;\"><em>THERMOM\u00c8TRE SANS CONTACT<\/em>, 33% OFF !<\/span><\/h2>\n<p style=\"text-align: center;\">Les bonnes affaires sont rares, alors ne ratez pas notre prix exceptionnel sur <strong>un thermom\u00e8tre sans contact<\/strong>. Ce magasin garantit une s\u00e9lection de produits de qualit\u00e9, y compris notre thermom\u00e8tre, pour une exp\u00e9rience d&#039;achat exceptionnelle.<\/p>\n<p style=\"text-align: center;\">Achetez maintenant et profitez de notre livraison internationale. Consultez ensuite les sections ci-dessous pour en savoir plus sur notre produit.<\/p>\n<p><b><img decoding=\"async\" class=\"aligncenter\" src=\"\/\/ae01.alicdn.com\/kf\/H2848320421f9453fb6618c16b5af0d96e.jpg\" width=\"800\" height=\"800\" \/><\/b><\/p>\n<p style=\"text-align: center;\"><a href=\"#addtocart\" class=\"button primary is-primary is-medium\" >\n\t\t<span>PROCUREZ-VOUS LE V\u00d4TRE !<\/span>\n\t<\/a>\n\n<hr \/>\n<h2 style=\"text-align: center;\"><strong><em>THERMOM\u00c8TRE SANS CONTACT<\/em> INFORMATION<\/strong><\/h2>\n<p style=\"text-align: center;\"><strong>Caract\u00e9ristiques:<\/strong><\/p>\n<ol>\n<li>Pr\u00e9cision de mesure \u00e0 haute temp\u00e9rature, tol\u00e9rance de pr\u00e9cision\u00a0: \u00b10,2 (34~45\u00a0\u2103)<\/li>\n<li>Un voyant rouge clignote en cas de temp\u00e9rature anormale\u00a0; simple et direct, mieux vaut \u00eatre au courant des derni\u00e8res nouvelles de sa sant\u00e9.<\/li>\n<li>La mesure infrarouge sans contact que vous n&#039;avez pas besoin de prendre en main et<br \/>\nr\u00e9duit le risque d&#039;infection crois\u00e9e<\/li>\n<li>R\u00e9ponse rapide et grand \u00e9cran LCD clair offrant une excellente lisibilit\u00e9, ce qui permet<br \/>\nr\u00e9duire le temps d&#039;attente<\/li>\n<li>Facile d&#039;utilisation et adapt\u00e9 aux bureaux, aux habitations, aux supermarch\u00e9s et aux entr\u00e9es collectives.<\/li>\n<li>Mesure automatique\u00a0: distance de mesure de 5 \u00e0 10\u00a0cm<\/li>\n<li>D\u00e9lai d&#039;attente : environ une semaine<\/li>\n<li>Dimensions : 170 x 115 x 140 mm<\/li>\n<li>Alarme automatique anormale : Clignotant + son \u201c Di Di \u201d<\/li>\n<li>\u00c9cran : Affichage num\u00e9rique<\/li>\n<li>Temp\u00e9rature ambiante\u00a0: 10\u00a0\u00b0C \u00e0 40\u00a0\u00b0C (recommand\u00e9e\u00a0: 15\u00a0\u00b0C \u00e0 35\u00a0\u00b0C)<\/li>\n<li>Plage de mesure infrarouge : 0~50\u2103<\/li>\n<\/ol>\n<p><strong>Emballage inclus:<\/strong><\/p>\n<ul>\n<li>1 x Thermom\u00e8tre infrarouge sans contact.<\/li>\n<\/ul>\n<p><img decoding=\"async\" class=\"aligncenter\" src=\"\/\/ae01.alicdn.com\/kf\/Haae1693e20af49c0aff4a4893d66dde4X.jpg\" width=\"801\" height=\"801\" \/><\/p>\n<p style=\"text-align: center;\"><a href=\"#addtocart\" class=\"button primary is-primary is-medium\" >\n\t\t<span>PROCUREZ-VOUS LE V\u00d4TRE !<\/span>\n\t<\/a>\n\n<hr \/>\n<hr \/>\n<h2 class=\"qa-title\" style=\"text-align: center;\"><strong>QUESTIONS ET R\u00c9PONSES SUR LES PRODUITS<\/strong><\/h2>\n<p style=\"text-align: center;\"><span class=\"qa-item-question\"><strong>Existe-t-il d&#039;autres options ?<\/strong><\/span><br \/>\n<span class=\"qa-item-answer\">La description de <strong>Thermom\u00e8tre sans contact<\/strong> Cette section comprend toutes les variantes disponibles, mais nous la mettons r\u00e9guli\u00e8rement \u00e0 jour si de nouvelles options sont disponibles.<\/span><\/p>\n<p><img decoding=\"async\" class=\"aligncenter\" src=\"https:\/\/startmeabiz.com\/wp-content\/uploads\/2022\/07\/862-aead14.jpeg\" width=\"800\" height=\"640\" \/><\/p>\n<p style=\"text-align: center;\"><span class=\"qa-item-question\"><strong>Les couleurs des photos correspondent-elles aux couleurs r\u00e9elles\u00a0?<\/strong><\/span><br \/>\n<span class=\"qa-item-answer\">Les couleurs des images correspondent aux couleurs r\u00e9elles du produit. <strong>Thermom\u00e8tre sans contact<\/strong> Vous recevrez ceci. Cependant, veuillez noter que l&#039;\u00e9cran de la plupart des appareils peut l\u00e9g\u00e8rement alt\u00e9rer les couleurs r\u00e9elles.<\/span><\/p>\n<p><img decoding=\"async\" class=\"aligncenter\" src=\"\/\/ae01.alicdn.com\/kf\/H384b49ad99404745a028c25a425e4971u.jpg\" width=\"800\" height=\"800\" \/><\/p>\n<p style=\"text-align: center;\"><span class=\"qa-item-question\"><strong>Combien \u00e7a co\u00fbte?<\/strong><\/span><br \/>\n<span class=\"qa-item-answer\">Merci de votre int\u00e9r\u00eat ! Le prix est de <span class=\"ads-addon-price\" data-currency=\"USD\">$123.95<\/span>.<\/span><\/p>\n<p><img decoding=\"async\" class=\"aligncenter\" src=\"\/\/ae01.alicdn.com\/kf\/H0cf19db56c86460c9b6c009b98a15a6fH.jpg\" width=\"799\" height=\"799\" \/><\/p>\n<p style=\"text-align: center;\"><span class=\"qa-item-question\"><strong>Devrai-je payer des frais de livraison suppl\u00e9mentaires\u00a0?<\/strong><\/span><br \/>\n<span class=\"qa-item-answer\">Si des frais ou taxes suppl\u00e9mentaires sont \u00e0 pr\u00e9voir, ils seront indiqu\u00e9s au moment du paiement. Vous n&#039;aurez cependant aucun autre paiement \u00e0 effectuer.<\/span><\/p>\n<p><img decoding=\"async\" class=\"aligncenter\" src=\"\/\/ae01.alicdn.com\/kf\/H30af8c28a7a7438aaa9869e8e5aeb953i.jpg\" width=\"800\" height=\"800\" \/><\/p>\n<p style=\"text-align: center;\"><span class=\"qa-item-question\"><strong>Me remboursez-vous si l&#039;article ne me convient pas\u00a0?<\/strong><\/span><br \/>\n<span class=\"qa-item-answer\">Consultez attentivement les fichiers multim\u00e9dias pour examiner le produit avant de l&#039;acheter. Si toutefois vous n&#039;\u00eates toujours pas satisfait de votre thermom\u00e8tre automatique de bureau, vous pouvez demander un remboursement.<\/span><\/p>\n<p><img decoding=\"async\" class=\"aligncenter\" src=\"\/\/ae01.alicdn.com\/kf\/H205e2cb4e5114d0aa9219aa191c204403.jpg\" width=\"800\" height=\"800\" \/><\/p>\n<p style=\"text-align: center;\"><span class=\"qa-item-question\"><strong>Ce produit pr\u00e9sente-t-il des atouts selon ses pr\u00e9c\u00e9dents acheteurs\u00a0?<\/strong><\/span><br \/>\n<span class=\"qa-item-answer\">Tous nos clients ayant laiss\u00e9 un avis sont unanimes\u00a0: ce produit offre un excellent rapport qualit\u00e9-prix. De plus, son design est remarquable.<\/span><\/p>\n<p>&nbsp;<\/p>\n<p align=\"center\"><img decoding=\"async\" class=\"aligncenter\" src=\"https:\/\/startmeabiz.com\/wp-content\/uploads\/2022\/07\/862-045301.jpeg\" width=\"798\" height=\"639\" \/><\/p>\n<p align=\"center\"><a href=\"#addtocart\" class=\"button primary is-primary is-medium\" >\n\t\t<span>PROCUREZ-VOUS LE V\u00d4TRE !<\/span>\n\t<\/a>\n\n<hr \/>\n<h2 class=\"qa-title\" style=\"text-align: center;\"><strong>POLITIQUES DE COMMANDE ET DE MAGASIN<\/strong><\/h2>\n<p style=\"text-align: center;\"><span class=\"qa-item-question\"><strong>Avez-vous la possibilit\u00e9 d&#039;un remboursement int\u00e9gral si quelque chose de grave arrive \u00e0 mon colis\u00a0?<\/strong><\/span><br \/>\n<span class=\"qa-item-answer\">En cas de probl\u00e8me avec votre commande, n&#039;h\u00e9sitez pas \u00e0 nous contacter ! Nous trouverons ensemble une solution et vous rembourserons si le colis est endommag\u00e9.<\/span><\/p>\n<p><img decoding=\"async\" class=\"aligncenter\" src=\"\/\/ae01.alicdn.com\/kf\/H82ab76c99d484e24a035dc55f1ef69edj.jpg\" width=\"800\" height=\"800\" \/><\/p>\n<p style=\"text-align: center;\"><span class=\"qa-item-question\"><strong>Pouvez-vous envoyer mon thermom\u00e8tre COVID-19 avec alarme \u00e0 une adresse qui ne correspond pas \u00e0 mon adresse de r\u00e9sidence\u00a0?<\/strong><\/span><br \/>\n<span class=\"qa-item-answer\">L&#039;acheteur et le destinataire n&#039;ont pas besoin d&#039;\u00eatre identiques\u00a0; nous pouvons donc livrer votre colis \u00e0 l&#039;adresse de votre choix. Merci.<\/span><\/p>\n<p><img decoding=\"async\" class=\"aligncenter\" src=\"\/\/ae01.alicdn.com\/kf\/H540aa1a03f224fb5a016772f0231bd275.jpg\" width=\"800\" height=\"800\" \/><\/p>\n<p style=\"text-align: center;\"><span class=\"qa-item-question\"><strong>Comment passer une commande ?<\/strong><\/span><br \/>\n<span class=\"qa-item-answer\">Tout d&#039;abord, choisissez la couleur que vous pr\u00e9f\u00e9rez, indiquez le nombre d&#039;unit\u00e9s et cliquez sur <span class=\"ads-addon-add-to-cart\">AJOUTER AU PANIER<\/span> Cliquez ensuite sur le bouton. Acc\u00e9dez ensuite \u00e0 la page de paiement\u00a0: choisissez votre mode de paiement, saisissez votre adresse e-mail, votre adresse postale et les autres informations demand\u00e9es, puis confirmez votre commande. Enfin, apr\u00e8s le paiement, vous recevrez un e-mail de confirmation, et votre produit sera pr\u00e9par\u00e9 et exp\u00e9di\u00e9.<\/span><\/p>\n<p><img decoding=\"async\" class=\"aligncenter\" src=\"\/\/ae01.alicdn.com\/kf\/H0bb16956e78c4c6eb0d7088a33a789b9s.jpg\" width=\"800\" height=\"800\" \/><\/p>\n<p style=\"text-align: center;\"><span class=\"qa-item-question\"><strong>Est-ce toujours disponible ?<\/strong><\/span><br \/>\n<span class=\"qa-item-answer\">N&#039;h\u00e9sitez surtout pas \u00e0 passer commande, nous en avons suffisamment en stock. Alors, qu&#039;attendez-vous ?<\/span><\/p>\n<p><img decoding=\"async\" class=\"aligncenter\" src=\"\/\/ae01.alicdn.com\/kf\/H778b62330a3944669e84a517af8ecac0M.jpg\" width=\"801\" height=\"801\" \/><\/p>\n<p style=\"text-align: center;\"><span class=\"qa-item-question\"><strong>Est-il possible d&#039;acheter le thermom\u00e8tre de bureau infrarouge hors ligne\u00a0?<\/strong><\/span><br \/>\n<span class=\"qa-item-answer\">Vous ne trouverez probablement le m\u00eame thermom\u00e8tre sans contact en magasin que chez un revendeur. Or, cela se traduit g\u00e9n\u00e9ralement par un prix plus \u00e9lev\u00e9. C&#039;est pourquoi nous pensons vous proposer la meilleure offre du march\u00e9.<\/span><\/p>\n<p><img decoding=\"async\" class=\"aligncenter\" src=\"\/\/ae01.alicdn.com\/kf\/H3f9d862c25d747028d67319ef7de0a442.jpg\" width=\"799\" height=\"799\" \/><\/p>\n<p style=\"text-align: center;\"><span class=\"qa-item-question\"><strong>Est-ce un magasin fiable ?<\/strong><\/span><br \/>\n<span class=\"qa-item-answer\">Notre boutique est avant tout reconnue comme une destination d&#039;achat en ligne fiable. De plus, n&#039;h\u00e9sitez pas \u00e0 consulter les avis des pr\u00e9c\u00e9dents acheteurs sur les pages produits, par exemple, pour vous assurer que nous respectons nos engagements\u00a0!<\/span><b>\u00a0<\/b><\/p>\n<p align=\"center\"><img decoding=\"async\" class=\"aligncenter\" src=\"https:\/\/startmeabiz.com\/wp-content\/uploads\/2022\/07\/862-94c4e7.jpeg\" width=\"800\" height=\"640\" \/><\/p>\n<hr \/>\n<p align=\"center\"><img decoding=\"async\" class=\"aligncenter\" src=\"\/\/ae01.alicdn.com\/kf\/H7fad51c81b834fdb84f849262fe20252A.jpg\" width=\"800\" height=\"800\" \/><\/p>\n<p align=\"center\"><img decoding=\"async\" class=\"aligncenter\" src=\"\/\/ae01.alicdn.com\/kf\/H7f6f63e1b60944b1b3cb4d9874f19044M.jpg\" width=\"801\" height=\"801\" \/><\/p>\n<p align=\"center\"><img decoding=\"async\" class=\"aligncenter\" src=\"\/\/ae01.alicdn.com\/kf\/H6d25c7ec9ca24b03aaaedd108d2a0784h.jpg\" width=\"800\" height=\"800\" \/><\/p>\n<p align=\"center\"><img decoding=\"async\" class=\"aligncenter\" src=\"\/\/ae01.alicdn.com\/kf\/H1cdec85515ad4a4b89f9a5d21d558c51T.jpg\" width=\"800\" height=\"800\" \/><\/p>","protected":false},"excerpt":{"rendered":"<p><strong>Notre thermom\u00e8tre infrarouge sans contact est la meilleure fa\u00e7on de prot\u00e9ger les environnements de travail contre la COVID-19\u00a0! Procurez-vous-le d\u00e8s maintenant\u00a0! Vous ne le regretterez pas\u00a0!<\/strong><\/p>","protected":false},"featured_media":6784,"comment_status":"open","ping_status":"closed","template":"","meta":{"slim_seo":{"title":"Thermom\u00e8tre sans contact","description":"Thermom\u00e8tre sans contact disponible sur startmeabiz.com\u00a0! Livraison gratuite dans 185 pays. Garantie satisfait ou rembours\u00e9 de 45 jours. Thermom\u00e8tre sans contact."}},"product_brand":[],"product_cat":[28],"product_tag":[629,630,631,548,632],"class_list":{"0":"post-862","1":"product","2":"type-product","3":"status-publish","4":"has-post-thumbnail","6":"product_cat-new-arrivals","7":"product_tag-digital-thermometers","8":"product_tag-forehead-thermometers","9":"product_tag-temperature-measurers","10":"product_tag-thermometer-for-coronavirus","11":"product_tag-thermometers","12":"tm-has-styled-variations","13":"tm-variations-only","15":"first","16":"instock","17":"sale","18":"taxable","19":"shipping-taxable","20":"purchasable","21":"product-type-simple"},"_links":{"self":[{"href":"https:\/\/startmeabiz.com\/fr\/wp-json\/wp\/v2\/product\/862","targetHints":{"allow":["GET"]}}],"collection":[{"href":"https:\/\/startmeabiz.com\/fr\/wp-json\/wp\/v2\/product"}],"about":[{"href":"https:\/\/startmeabiz.com\/fr\/wp-json\/wp\/v2\/types\/product"}],"replies":[{"embeddable":true,"href":"https:\/\/startmeabiz.com\/fr\/wp-json\/wp\/v2\/comments?post=862"}],"wp:featuredmedia":[{"embeddable":true,"href":"https:\/\/startmeabiz.com\/fr\/wp-json\/wp\/v2\/media\/6784"}],"wp:attachment":[{"href":"https:\/\/startmeabiz.com\/fr\/wp-json\/wp\/v2\/media?parent=862"}],"wp:term":[{"taxonomy":"product_brand","embeddable":true,"href":"https:\/\/startmeabiz.com\/fr\/wp-json\/wp\/v2\/product_brand?post=862"},{"taxonomy":"product_cat","embeddable":true,"href":"https:\/\/startmeabiz.com\/fr\/wp-json\/wp\/v2\/product_cat?post=862"},{"taxonomy":"product_tag","embeddable":true,"href":"https:\/\/startmeabiz.com\/fr\/wp-json\/wp\/v2\/product_tag?post=862"}],"curies":[{"name":"wp","href":"https:\/\/api.w.org\/{rel}","templated":true}]}}