{"id":829,"date":"2022-07-06T08:00:58","date_gmt":"2022-07-06T13:00:58","guid":{"rendered":"https:\/\/startmeabiz.com\/product\/baseus-car-air-purifier-humidifier-aluminium-alloy-300ml-auto-armo-diffuser-air-freshener-humidifier-for-cars\/"},"modified":"2025-12-03T04:05:23","modified_gmt":"2025-12-03T10:05:23","slug":"humidificateur-dair-portable","status":"publish","type":"product","link":"https:\/\/startmeabiz.com\/fr\/produit\/humidificateur-dair-portable\/","title":{"rendered":"Humidificateur d&#039;air portable"},"content":{"rendered":"<div>\n<h2 style=\"text-align: center;\"><span style=\"color: #e03e2d;\">Humidificateur d&#039;air portable avec code 35% OFF : Achetez maintenant et payez moins cher<\/span><\/h2>\n<p style=\"text-align: center;\">Seulement dans notre magasin et pour une dur\u00e9e limit\u00e9e, vous pouvez acheter l&#039;incroyable humidificateur d&#039;air portable et faire des \u00e9conomies. <span class=\"ads-addon-you_save\" data-currency=\"USD\">$20.95<\/span>. Alors, ne perdez pas de temps \u2013 cliquez sur <span style=\"color: #2dc26b;\"><strong><span class=\"ads-addon-add-to-cart\">AJOUTER AU PANIER<\/span><\/strong><\/span> bouton et obtenez cet article fantastique avec <span style=\"color: #e03e2d;\"><strong>35% <\/strong><span style=\"color: #000000;\">d\u00e9sactiv\u00e9<\/span><\/span>.<\/p>\n<p style=\"text-align: center;\">De plus, en achetant ce produit chez nous, vous b\u00e9n\u00e9ficiez \u00e9galement de\u00a0:<\/p>\n<ul>\n<li><strong>Une qualit\u00e9 imbattable.<\/strong><\/li>\n<li><strong>Conception experte.<\/strong><\/li>\n<li><strong>Satisfaction de l&#039;acheteur 100%.<\/strong><\/li>\n<li><strong>Exp\u00e9dition s\u00e9curis\u00e9e.<\/strong><\/li>\n<li><strong>Une politique de retour simple.<\/strong><\/li>\n<\/ul>\n<p style=\"text-align: center;\">Gr\u00e2ce \u00e0 notre r\u00e9duction, vous ne payez que <span style=\"color: #2dc26b;\"><strong><span class=\"ads-addon-price\" data-currency=\"USD\">$37.95<\/span><\/strong>\u00a0<span style=\"color: #000000;\">Choisissez votre humidificateur d&#039;air pour voiture. Profitez-en vite, cette offre est limit\u00e9e\u00a0!<\/span><\/span><\/p>\n<p><img decoding=\"async\" class=\"aligncenter\" src=\"\/\/ae01.alicdn.com\/kf\/Hdd6a4f19b44b40f79528db3b4f441a4c2.jpg\" width=\"799\" height=\"1407\" \/><\/p>\n<p style=\"text-align: center;\"><a href=\"#addtocart\" class=\"button primary is-primary is-medium\" >\n\t\t<span>ACHETEZ LE V\u00d4TRE !<\/span>\n\t<\/a>\n\n<hr \/>\n<h2 style=\"text-align: center;\"><strong>D\u00c9TAILS DE L&#039;HUMIDIFICATEUR D&#039;AIR PORTABLE<\/strong><\/h2>\n<div>\n<div>\n<ul>\n<li><strong>Caract\u00e9ristiques:<\/strong><\/li>\n<li>Id\u00e9al pour le t\u00e9l\u00e9travail<\/li>\n<li>Dimensions : 70 x 70 x 152,5 mm<\/li>\n<\/ul>\n<p>De plus, nous livrons votre purificateur d&#039;air \u00e9lectrique dans le pays et le lieu de votre choix. Profitez donc sans h\u00e9siter de cette offre limit\u00e9e\u00a0: si le produit ne vous convient pas, vous pouvez demander un remboursement\u00a0!<\/p>\n<p><img decoding=\"async\" class=\"aligncenter\" src=\"\/\/ae01.alicdn.com\/kf\/H5da4aa40e33345deb91216f7dd3c9c64Y.jpg\" width=\"800\" height=\"1714\" \/><\/p>\n<p style=\"text-align: center;\"><a href=\"#addtocart\" class=\"button primary is-primary is-medium\" >\n\t\t<span>ACHETEZ LE V\u00d4TRE !<\/span>\n\t<\/a>\n\n<hr \/>\n<\/div>\n<\/div>\n<h2 class=\"qa-title\" style=\"text-align: center;\"><strong>POLITIQUES DE COMMANDE ET DE MAGASIN<\/strong><\/h2>\n<p style=\"text-align: center;\"><span class=\"qa-item-question\"><strong>Puis-je vous acheter plusieurs articles ?<\/strong><\/span><br \/>\n<span class=\"qa-item-answer\">Bien entendu, nous ne limitons pas la valeur de votre commande, vous pouvez donc acheter autant de produits que vous le souhaitez.<\/span><\/p>\n<p><img decoding=\"async\" class=\"aligncenter\" src=\"\/\/ae01.alicdn.com\/kf\/Hdcf80da27e6442ecaf946e13856cc50cM.jpg\" width=\"799\" height=\"1424\" \/><\/p>\n<p style=\"text-align: center;\"><span class=\"qa-item-question\"><strong>Emballez-vous correctement les commandes ?<\/strong><\/span><br \/>\n<span class=\"qa-item-answer\">Nous accordons une attention toute particuli\u00e8re au choix des mat\u00e9riaux d&#039;emballage et aux m\u00e9thodes de fixation des articles. Ainsi, votre commande b\u00e9n\u00e9ficiera d&#039;une protection optimale durant le transport.<\/span><\/p>\n<p><img decoding=\"async\" class=\"aligncenter\" src=\"\/\/ae01.alicdn.com\/kf\/H869ea590781e4d319145ef021e54d836c.jpg\" width=\"801\" height=\"1253\" \/><\/p>\n<p style=\"text-align: center;\"><span class=\"qa-item-question\"><strong>Combien en avez-vous ?<\/strong><\/span><br \/>\n<span class=\"qa-item-answer\">Il reste suffisamment d&#039;articles pour une commande de taille moyenne. Cependant, nous vous recommandons vivement de passer commande au plus vite, car les stocks devraient \u00eatre limit\u00e9s d&#039;ici la fin de la semaine.<\/span><\/p>\n<p><img decoding=\"async\" class=\"aligncenter\" src=\"\/\/ae01.alicdn.com\/kf\/H2b72e8a309e04012ac653f919f4418273.jpg\" width=\"800\" height=\"1345\" \/><\/p>\n<h4 style=\"text-align: center;\"><span class=\"qa-item-question\"><strong>Comment puis-je l&#039;acheter ?<\/strong><\/span><br \/>\n<span class=\"qa-item-answer\">Tout d&#039;abord, ajoutez le produit \u00e0 votre panier et suivez la proc\u00e9dure de commande. Ensuite, indiquez l&#039;adresse de livraison exacte, le mode de paiement et les autres informations requises. Enfin, confirmez votre commande et effectuez le paiement. Un e-mail de confirmation vous sera automatiquement envoy\u00e9 et nous commencerons \u00e0 pr\u00e9parer votre d\u00e9sodorisant \u00e9lectrique pour voiture.<\/span><\/h4>\n<p><img decoding=\"async\" class=\"aligncenter\" src=\"\/\/ae01.alicdn.com\/kf\/H7634a4bdcb27461dbd9425121f7331abe.jpg\" width=\"801\" height=\"1263\" \/><\/p>\n<p style=\"text-align: center;\"><span class=\"qa-item-question\"><strong>Vendez-vous l&#039;humidificateur en toute l\u00e9galit\u00e9 ?<\/strong><\/span><br \/>\n<span class=\"qa-item-answer\">Nous poss\u00e9dons bien s\u00fbr toutes les licences requises. De plus, notre magasin est pleinement autoris\u00e9 \u00e0 collaborer avec les fabricants agr\u00e9\u00e9s qui nous fournissent ces produits et d&#039;autres encore.<\/span><\/p>\n<p><img decoding=\"async\" class=\"aligncenter\" src=\"\/\/ae01.alicdn.com\/kf\/Hf9029c5b8a7746309a2fea099a1b3148W.jpg\" width=\"800\" height=\"1205\" \/><\/p>\n<p style=\"text-align: center;\"><span class=\"qa-item-question\"><strong>Puis-je acheter l&#039;humidificateur d&#039;air portable dans un magasin physique\u00a0?<\/strong><\/span><br \/>\n<span class=\"qa-item-answer\">En r\u00e8gle g\u00e9n\u00e9rale, les magasins physiques proposent une gamme de produits plus restreinte. De plus, leurs prix sont g\u00e9n\u00e9ralement beaucoup plus \u00e9lev\u00e9s en raison de leurs frais d&#039;exploitation suppl\u00e9mentaires consid\u00e9rables.<\/span><\/p>\n<\/div>\n<div>\n<p style=\"text-align: center;\"><img decoding=\"async\" class=\"aligncenter\" src=\"\/\/ae01.alicdn.com\/kf\/H3cacd85ee5ee460187c455746be7ef23f.jpg\" width=\"801\" height=\"1394\" \/><\/p>\n<hr \/>\n<p style=\"text-align: center;\"><strong style=\"font-size: 23.04px; color: #333333;\">QUESTIONS ET R\u00c9PONSES SUR LES PRODUITS<\/strong><\/p>\n<\/div>\n<div>\n<p style=\"text-align: center;\"><span class=\"qa-item-question\"><strong>Avez-vous d&#039;autres options ? Je veux dire en termes de couleur.<\/strong><\/span><br \/>\n<span class=\"qa-item-answer\">Vous trouverez toutes les variantes disponibles de l&#039;humidificateur d&#039;air portable sur la page produit. Choisissez celle qui vous convient le mieux.<\/span><\/p>\n<p><img decoding=\"async\" class=\"aligncenter\" src=\"\/\/ae01.alicdn.com\/kf\/H7c7c466977584d96951473b4ca9e687e6.jpg\" width=\"799\" height=\"1310\" \/><\/p>\n<p style=\"text-align: center;\"><span class=\"qa-item-question\"><strong>De quoi est-il fait ?<\/strong><\/span><br \/>\n<span class=\"qa-item-answer\">Ne vous inqui\u00e9tez pas ; nous utilisons uniquement des mat\u00e9riaux de premi\u00e8re qualit\u00e9 pour fabriquer le <strong>Humidificateur d&#039;air.<\/strong><\/span><\/p>\n<p><img decoding=\"async\" class=\"aligncenter\" src=\"\/\/ae01.alicdn.com\/kf\/Hb87ca87b085d4fad911dc750d34b7940k.jpg\" width=\"800\" height=\"1227\" \/><\/p>\n<h4 style=\"text-align: center;\"><span class=\"qa-item-question\"><strong>Je ne vois pas le prix.<\/strong><\/span><br \/>\n<span class=\"qa-item-answer\">Int\u00e9ress\u00e9(e)\u00a0? Notre prix pour ce produit est de <span class=\"ads-addon-price\" data-currency=\"USD\">$11.95<\/span>.<\/span><\/h4>\n<p><img decoding=\"async\" class=\"aligncenter\" src=\"\/\/ae01.alicdn.com\/kf\/H01b55b531dd246acbe770385e401efdaB.jpg\" width=\"800\" height=\"1201\" \/><\/p>\n<p style=\"text-align: center;\"><span class=\"qa-item-question\"><strong>Dois-je payer des frais suppl\u00e9mentaires ?<\/strong><\/span><br \/>\n<span class=\"qa-item-answer\">Le co\u00fbt total de votre commande, taxes comprises (le cas \u00e9ch\u00e9ant), s&#039;affichera sur la page de paiement. Aucun autre frais ne sera donc \u00e0 pr\u00e9voir.<\/span><\/p>\n<p><img decoding=\"async\" class=\"aligncenter\" src=\"\/\/ae01.alicdn.com\/kf\/Hb7a9e0abdde34a358326161965ba57f5g.jpg\" width=\"800\" height=\"1349\" \/><\/p>\n<p style=\"text-align: center;\"><span class=\"qa-item-question\"><strong>Est-ce que je fais le bon choix ?<\/strong><\/span><br \/>\n<span class=\"qa-item-answer\">La premi\u00e8re impression est souvent la bonne. Alors, si vous le souhaitez, passez commande !<\/span><\/p>\n<p><img decoding=\"async\" class=\"aligncenter\" src=\"\/\/ae01.alicdn.com\/kf\/H6a08d658184e4b4691e53c546c20b5a8P.jpg\" width=\"799\" height=\"758\" \/><\/p>\n<p style=\"text-align: center;\"><span class=\"qa-item-question\"><strong>Que disaient les clients pr\u00e9c\u00e9dents \u00e0 propos de votre humidificateur d&#039;air portable\u00a0?<\/strong><\/span><br \/>\n<span class=\"qa-item-answer\">Les clients pr\u00e9c\u00e9dents ont principalement soulign\u00e9 les nombreux avantages de ce produit, et notamment son excellent rapport qualit\u00e9-prix. Vous pouvez \u00e9galement consulter les avis dans la section \u201c\u00a0Tests\u00a0\u201d.<\/span><\/p>\n<\/div>\n<p>&nbsp;<\/p>\n<p style=\"text-align: center;\"><a href=\"#addtocart\" class=\"button primary is-primary is-medium\" >\n\t\t<span>ACHETEZ LE V\u00d4TRE !<\/span>\n\t<\/a>\n\n<div>\n<hr \/>\n<\/div>\n<div>\n<p><a href=\"https:\/\/refuseyoulose.com\/product-category\/deals-for-men\/sportswear-for-men\/\"><img decoding=\"async\" class=\"size-full wp-image-189523 aligncenter\" src=\"https:\/\/refuseyoulose.com\/wp-content\/uploads\/2019\/06\/Long-Sleeve-Spider-Man-Workout-Shirt-size-SmallMediumLargeXL2XL3XL-Refuse-You-Lose-1.png\" alt=\"\" width=\"779\" height=\"438\" \/><\/a><\/p>\n<hr \/>\n<div style=\"clear: both;\">\n<p><a href=\"https:\/\/drkillpain.com\/product-category\/protection-against-covid-19\/face-masks-face-shields\/face-masks\/jackets-with-face-mask\/\"><img decoding=\"async\" class=\"size-full wp-image-189522 aligncenter\" src=\"https:\/\/refuseyoulose.com\/wp-content\/uploads\/2019\/06\/Long-Sleeve-Spider-Man-Workout-Shirt-size-SmallMediumLargeXL2XL3XL-Refuse-You-Lose.png\" alt=\"\" width=\"1024\" height=\"576\" \/><\/a><\/p>\n<\/div>\n<\/div>","protected":false},"excerpt":{"rendered":"<p><strong>Cet humidificateur d&#039;air pour le t\u00e9l\u00e9travail est plus confortable que jamais ! Transformez n&#039;importe quelle pi\u00e8ce de votre maison en bureau personnel !<\/strong><iframe style=\"display: none;\" src=\"about:blank\"><\/iframe><\/p>","protected":false},"featured_media":6786,"comment_status":"open","ping_status":"closed","template":"","meta":{"slim_seo":{"title":"Humidificateur d&#039;air portable","description":"Achetez un humidificateur d&#039;air portable sur startmeabiz.com\u00a0! Livraison gratuite dans 185 pays. Garantie satisfait ou rembours\u00e9 de 45 jours. D\u00e9sodorisant \u00e9lectrique pour voiture."}},"product_brand":[],"product_cat":[28],"product_tag":[396,398,399,400,393,395,394,392],"class_list":{"0":"post-829","1":"product","2":"type-product","3":"status-publish","4":"has-post-thumbnail","6":"product_cat-new-arrivals","7":"product_tag-air-diffuser","8":"product_tag-air-freshener","9":"product_tag-car-air-diffuser","10":"product_tag-car-air-purifier","11":"product_tag-car-diffuser","12":"product_tag-car-freshener","13":"product_tag-car-humidifier","14":"product_tag-car-purifier","15":"tm-has-styled-variations","16":"tm-variations-only","18":"first","19":"instock","20":"sale","21":"taxable","22":"shipping-taxable","23":"purchasable","24":"product-type-variable"},"_links":{"self":[{"href":"https:\/\/startmeabiz.com\/fr\/wp-json\/wp\/v2\/product\/829","targetHints":{"allow":["GET"]}}],"collection":[{"href":"https:\/\/startmeabiz.com\/fr\/wp-json\/wp\/v2\/product"}],"about":[{"href":"https:\/\/startmeabiz.com\/fr\/wp-json\/wp\/v2\/types\/product"}],"replies":[{"embeddable":true,"href":"https:\/\/startmeabiz.com\/fr\/wp-json\/wp\/v2\/comments?post=829"}],"wp:featuredmedia":[{"embeddable":true,"href":"https:\/\/startmeabiz.com\/fr\/wp-json\/wp\/v2\/media\/6786"}],"wp:attachment":[{"href":"https:\/\/startmeabiz.com\/fr\/wp-json\/wp\/v2\/media?parent=829"}],"wp:term":[{"taxonomy":"product_brand","embeddable":true,"href":"https:\/\/startmeabiz.com\/fr\/wp-json\/wp\/v2\/product_brand?post=829"},{"taxonomy":"product_cat","embeddable":true,"href":"https:\/\/startmeabiz.com\/fr\/wp-json\/wp\/v2\/product_cat?post=829"},{"taxonomy":"product_tag","embeddable":true,"href":"https:\/\/startmeabiz.com\/fr\/wp-json\/wp\/v2\/product_tag?post=829"}],"curies":[{"name":"wp","href":"https:\/\/api.w.org\/{rel}","templated":true}]}}