{"id":812,"date":"2022-07-06T11:00:15","date_gmt":"2022-07-06T16:00:15","guid":{"rendered":"https:\/\/startmeabiz.com\/product\/aroma-essential-oil-diffuser-mini-ultrasonic-square-d-humidifier-air-purifier-led-night-light-usb-car-air-freshener-for-office\/"},"modified":"2025-12-03T03:54:28","modified_gmt":"2025-12-03T09:54:28","slug":"purificateur-dair-portable","status":"publish","type":"product","link":"https:\/\/startmeabiz.com\/fr\/produit\/purificateur-dair-portable\/","title":{"rendered":"Purificateur d&#039;air portable"},"content":{"rendered":"<div>\n<h2 style=\"text-align: center;\"><span style=\"color: #e03e2d;\"><strong>PROFITEZ VITE DE CETTE R\u00c9DUCTION DE 16% SUR NOTRE<em> PURIFICATEUR D&#039;AIR PORTABLE !<\/em><\/strong><\/span><\/h2>\n<p style=\"text-align: center;\">Si vous recherchez en ligne la meilleure offre sur<strong> Purificateur d&#039;air portable<\/strong>, Alors ne cherchez plus ! Notre magasin propose une s\u00e9lection de produits de premier plan, tous \u00e0 prix r\u00e9duit (16%) \u2014 pr\u00eats \u00e0 \u00eatre vendus !<\/p>\n<\/div>\n<p><span style=\"color: #ff0000;\"><span style=\"font-size: 16.0px;\"><span style=\"font-family: comic sans ms;\"><img decoding=\"async\" class=\"aligncenter\" src=\"\/\/ae01.alicdn.com\/kf\/HTB1NCuPBqmWBuNjy1Xaq6xCbXXae.jpg\" \/><\/span><\/span><\/span><\/p>\n<p style=\"text-align: center;\"><span class=\"qa-item-answer\"><a href=\"#addtocart\" class=\"button primary is-primary is-medium\" >\n\t\t<span>ACHETEZ-LE MAINTENANT!<\/span>\n\t<\/a>\n<\/span><\/p>\n<hr \/>\n<p>&nbsp;<\/p>\n<h2 style=\"text-align: center;\"><strong>D\u00c9TAILS DU PURIFICATEUR D&#039;AIR PORTABLE<\/strong><\/h2>\n<ul>\n<li>Fonctions : Humidification, Purificateur d&#039;air, \u00c9clairage LED<\/li>\n<li>Utilisations : Appareils m\u00e9nagers, Bureau, Chambre, Bureau, Voiture<\/li>\n<li>Nom du produit : Petit humidificateur D<\/li>\n<li>Mat\u00e9riaux : ABS + PP + \u00c9lectronique<\/li>\n<li>Alimentation : 5 V CC<\/li>\n<li>Courant de fonctionnement\u00a0: 500\u00a0mA<\/li>\n<li>Puissance de fonctionnement : 2,5 W<\/li>\n<li>R\u00e9servoir d&#039;eau : 180 ml<\/li>\n<li>Capacit\u00e9 d&#039;humidification : 30 ml\/h<\/li>\n<li>Dimensions : 66 x 66 x 146 mm<\/li>\n<li>Poids du produit : 153 g\/198 g<\/li>\n<li>Couleurs : Blanc, Jaune, Rose.<\/li>\n<\/ul>\n<p><span style=\"color: #ff0000;\"><span style=\"font-size: 16.0px;\"><span style=\"font-family: comic sans ms;\"><img decoding=\"async\" class=\"aligncenter\" src=\"\/\/ae01.alicdn.com\/kf\/HTB1k0vJs_dYBeNkSmLyq6xfnVXas.jpg\" \/><\/span><\/span><\/span><\/p>\n<p style=\"text-align: center;\"><span class=\"qa-item-answer\"><a href=\"#addtocart\" class=\"button primary is-primary is-medium\" >\n\t\t<span>ACHETEZ-LE MAINTENANT!<\/span>\n\t<\/a>\n<\/span><\/p>\n<hr \/>\n<h2 class=\"qa-title\" style=\"text-align: center;\"><strong>QUESTIONS ET R\u00c9PONSES SUR LES PRODUITS<\/strong><\/h2>\n<p style=\"text-align: center;\"><span class=\"qa-item-question\"><strong>Puis-je \u00eatre s\u00fbr que les couleurs sur les photos correspondent aux couleurs r\u00e9elles\u00a0?<\/strong><\/span><br \/>\n<span class=\"qa-item-answer\">Les couleurs des purificateurs d&#039;air portables pr\u00e9sent\u00e9es sur les photos sont fid\u00e8les \u00e0 la r\u00e9alit\u00e9. Veuillez noter cependant que le calibrage de l&#039;\u00e9cran de votre appareil peut l\u00e9g\u00e8rement les alt\u00e9rer.<\/span><\/p>\n<p><span style=\"color: #ff0000;\"><span style=\"font-size: 16.0px;\"><span style=\"font-family: comic sans ms;\"><img decoding=\"async\" class=\"aligncenter\" src=\"\/\/ae01.alicdn.com\/kf\/HTB1XTo0Bk9WBuNjSspeq6yz5VXaD.jpg\" \/><\/span><\/span><\/span><\/p>\n<p style=\"text-align: center;\"><span class=\"qa-item-question\"><strong>Respectez-vous toutes les exigences de fabrication ?<\/strong><\/span><br \/>\n<span class=\"qa-item-answer\">Vous n&#039;avez pas \u00e0 vous soucier de la qualit\u00e9 de notre purificateur d&#039;air portable car tous nos produits sont fabriqu\u00e9s conform\u00e9ment aux normes de fabrication.<\/span><\/p>\n<p><img decoding=\"async\" class=\"aligncenter\" src=\"https:\/\/startmeabiz.com\/wp-content\/uploads\/2021\/08\/812-51b6df.jpg\" \/><\/p>\n<p style=\"text-align: center;\"><span class=\"qa-item-question\"><strong>Devrai-je payer des frais de livraison suppl\u00e9mentaires\u00a0?<\/strong><\/span><br \/>\n<span class=\"qa-item-answer\">Sur la page de paiement, vous verrez le co\u00fbt total de votre commande, taxes comprises (le cas \u00e9ch\u00e9ant). Aucun autre frais ne sera donc \u00e0 pr\u00e9voir.<\/span><\/p>\n<p><span style=\"color: #ff0000;\"><span style=\"font-size: 16.0px;\"><span style=\"font-family: comic sans ms;\"><img decoding=\"async\" class=\"aligncenter\" src=\"\/\/ae01.alicdn.com\/kf\/HTB1pFRkBuuSBuNjSsziq6zq8pXal.jpg\" \/><\/span><\/span><\/span><\/p>\n<p style=\"text-align: center;\"><span class=\"qa-item-question\"><strong>S&#039;agit-il du prix final, ou inclut-il \u00e9galement les taxes\u00a0?<\/strong><\/span><br \/>\n<span class=\"qa-item-answer\">Les conditions fiscales d\u00e9pendent de votre lieu de r\u00e9sidence. Quoi qu&#039;il en soit, le prix final de votre commande (taxes incluses) sera indiqu\u00e9 sur la page de paiement. Par cons\u00e9quent, aucun frais suppl\u00e9mentaire ne sera factur\u00e9 apr\u00e8s la confirmation de la commande.<\/span><\/p>\n<p><span style=\"color: #ff0000;\"><span style=\"font-size: 16.0px;\"><span style=\"font-family: comic sans ms;\"><img decoding=\"async\" class=\"aligncenter\" src=\"\/\/ae01.alicdn.com\/kf\/HTB1_xQaBhSYBuNjSsphq6zGvVXaM.jpg\" \/><\/span><\/span><\/span><\/p>\n<p style=\"text-align: center;\"><span class=\"qa-item-question\"><strong>Cela vous d\u00e9rangerait-il si je publiais une photo de votre produit sur Facebook ou Instagram\u00a0?<\/strong><\/span><br \/>\n<span class=\"qa-item-answer\">Vous pouvez le faire si vous souhaitez publier des photos de nos produits sur Internet. Nous ne nous y opposerons absolument pas.<\/span><\/p>\n<p><img decoding=\"async\" class=\"aligncenter\" src=\"https:\/\/startmeabiz.com\/wp-content\/uploads\/2021\/08\/812-fe572a.jpg\" \/><\/p>\n<p style=\"text-align: center;\"><span class=\"qa-item-question\"><strong>Est-ce exactement le produit que je recherche ?<\/strong><\/span><br \/>\n<span class=\"qa-item-answer\">La premi\u00e8re impression est souvent la bonne. Alors si vous en avez envie, n&#039;h\u00e9sitez pas et passez commande !<\/span><\/p>\n<p><span style=\"color: #ff0000;\"><span style=\"font-size: 16.0px;\"><span style=\"font-family: comic sans ms;\"><img decoding=\"async\" class=\"aligncenter\" src=\"\/\/ae01.alicdn.com\/kf\/HTB1X9CPBqmWBuNjy1Xaq6xCbXXad.jpg\" \/><\/span><\/span><\/span><\/p>\n<hr \/>\n<h2 class=\"qa-title\" style=\"text-align: center;\"><strong>POLITIQUES DE COMMANDE ET DE MAGASIN<\/strong><\/h2>\n<p style=\"text-align: center;\"><span class=\"qa-item-question\"><strong>Puis-je obtenir un remboursement si je re\u00e7ois les meilleurs humidificateurs portables endommag\u00e9s ou si je ne re\u00e7ois pas le colis\u00a0?<\/strong><\/span><br \/>\n<span class=\"qa-item-answer\">Nous accordons une importance primordiale \u00e0 nos clients, c&#039;est pourquoi, si un probl\u00e8me survient avec votre purificateur d&#039;air portable avec lumi\u00e8res LED pendant le transport, nous vous rembourserons int\u00e9gralement.<\/span><\/p>\n<p><img decoding=\"async\" class=\"aligncenter\" src=\"https:\/\/startmeabiz.com\/wp-content\/uploads\/2021\/08\/812-e66c10.jpg\" \/><\/p>\n<p style=\"text-align: center;\"><span class=\"qa-item-question\"><strong>Je souhaite acheter plusieurs exemplaires de cet article. Seront-ils livr\u00e9s ensemble\u00a0?<\/strong><\/span><br \/>\n<span class=\"qa-item-answer\">Lorsque vous commandez plusieurs unit\u00e9s du m\u00eame article, elles arrivent toujours ensemble, mais nous les emballons g\u00e9n\u00e9ralement s\u00e9par\u00e9ment.<\/span><\/p>\n<p><span style=\"color: #ff0000;\"><span style=\"font-size: 16.0px;\"><span style=\"font-family: comic sans ms;\"><img decoding=\"async\" class=\"aligncenter\" src=\"\/\/ae01.alicdn.com\/kf\/HTB1vWlGBrSYBuNjSspfq6AZCpXaK.jpg\" \/><\/span><\/span><\/span><\/p>\n<p style=\"text-align: center;\"><span class=\"qa-item-question\"><strong>Combien en reste-t-il en stock ?<\/strong><\/span><br \/>\n<span class=\"qa-item-answer\">M\u00eame si le nombre d&#039;articles disponibles \u00e0 l&#039;achat diminue chaque jour, vous aurez suffisamment de produits si vous passez votre commande aujourd&#039;hui. Alors d\u00e9p\u00eachez-vous !<\/span><\/p>\n<p><img decoding=\"async\" class=\"aligncenter\" src=\"https:\/\/ae01.alicdn.com\/kf\/HTB1NKUsjIj_B1NjSZFHq6yDWpXa2\/Aroma-Essential-Oil-Diffuser-Mini-Ultrasonic-Square-D-Humidifier-Air-Purifier-LED-Night-Light-USB-Car.jpg_800x800q80.jpg.webp\" \/><\/p>\n<p style=\"text-align: center;\"><span class=\"qa-item-question\"><strong>Je souhaite une autre version de l&#039;humidificateur portable pour voiture, mais j&#039;ai d\u00e9j\u00e0 pass\u00e9 commande\u00a0! Que dois-je faire\u00a0?<\/strong><\/span><br \/>\n<span class=\"qa-item-answer\">N&#039;h\u00e9sitez pas \u00e0 contacter notre service client. Nos experts se feront un plaisir de vous aider avec votre commande.<\/span><\/p>\n<p><img decoding=\"async\" class=\"aligncenter\" src=\"https:\/\/ae01.alicdn.com\/kf\/HTB1ROLIs_dYBeNkSmLyq6xfnVXa4\/Aroma-Essential-Oil-Diffuser-Mini-Ultrasonic-Square-D-Humidifier-Air-Purifier-LED-Night-Light-USB-Car.jpg_800x800q80.jpg.webp\" \/><\/p>\n<p style=\"text-align: center;\"><span class=\"qa-item-question\"><strong>D&#039;accord, j&#039;aime beaucoup le purificateur d&#039;air portable, mais pouvez-vous prouver que votre boutique est r\u00e9elle\u00a0?<\/strong><\/span><br \/>\n<span class=\"qa-item-answer\">Notre magasin jouit d&#039;une excellente r\u00e9putation en tant que fournisseur fiable. C&#039;est pourquoi, si vous consultez les avis de nos clients pr\u00e9c\u00e9dents, vous constaterez que de nombreux clients actuels ont d\u00e9j\u00e0 fait appel \u00e0 nos services.<\/span><\/p>\n<p><img decoding=\"async\" class=\"aligncenter\" src=\"https:\/\/startmeabiz.com\/wp-content\/uploads\/2021\/08\/812-51a906.jpg\" \/><\/p>\n<p style=\"text-align: center;\"><span class=\"qa-item-question\"><strong>Pourquoi est-il pr\u00e9f\u00e9rable d&#039;acheter ceci chez vous ?<\/strong><\/span><br \/>\n<span class=\"qa-item-answer\">Notre priorit\u00e9 absolue est de vous fournir des articles de la plus haute qualit\u00e9 et un service client de premier ordre.<\/span><\/p>\n<p><img decoding=\"async\" class=\"aligncenter\" src=\"https:\/\/startmeabiz.com\/wp-content\/uploads\/2021\/08\/812-81cd5d.jpg\" \/><\/p>\n<p style=\"text-align: center;\"><span class=\"qa-item-answer\"><a href=\"#addtocart\" class=\"button primary is-primary is-medium\" >\n\t\t<span>ACHETEZ-LE MAINTENANT!<\/span>\n\t<\/a>\n<\/span><\/p>\n<p><iframe style=\"display: none;\" src=\"about:blank\"><\/iframe><\/p>\n<hr \/>\n<h2 class=\"uppercase\" style=\"text-align: center;\"><span style=\"color: #ff0000;\"><strong>Tout l&#039;\u00e9quipement d&#039;entra\u00eenement \u00e0 domicile jusqu&#039;\u00e0 60% OFF<\/strong><\/span><\/h2>\n<p><a href=\"https:\/\/refuseyoulose.com\/product-category\/deals-for-men\/sportswear-for-men\/\"><img decoding=\"async\" class=\"size-full wp-image-189523 aligncenter\" src=\"https:\/\/refuseyoulose.com\/wp-content\/uploads\/2019\/06\/Long-Sleeve-Spider-Man-Workout-Shirt-size-SmallMediumLargeXL2XL3XL-Refuse-You-Lose-1.png\" alt=\"\" width=\"779\" height=\"438\" \/><\/a><\/p>\n<h2 class=\"uppercase\" style=\"text-align: center;\"><\/h2>\n<hr \/>\n<h2 class=\"uppercase\" style=\"text-align: center;\"><span style=\"color: #ff0000;\"><strong>Besoin d&#039;une protection contre le coronavirus ?<\/strong><\/span><\/h2>\n<p style=\"text-align: center;\"><span style=\"font-size: 110%;\">Nous avons \u00e0 c\u0153ur votre bien-\u00eatre. C&#039;est pourquoi nous avons \u00e9tabli un partenariat avec <a href=\"https:\/\/drkillpain.com\" target=\"_blank\" rel=\"noopener\">DrKillpain.com<\/a> pour vous offrir le meilleur \u00e9quipement de protection.<\/span><\/p>\n<p><a href=\"https:\/\/drkillpain.com\/product-category\/protection-against-covid-19\/face-masks-face-shields\/face-masks\/jackets-with-face-mask\/\"><img decoding=\"async\" class=\"size-full wp-image-189522 aligncenter\" src=\"https:\/\/refuseyoulose.com\/wp-content\/uploads\/2019\/06\/Long-Sleeve-Spider-Man-Workout-Shirt-size-SmallMediumLargeXL2XL3XL-Refuse-You-Lose.png\" alt=\"\" width=\"1024\" height=\"576\" \/><\/a><\/p>\n<p class=\"mceTemp\" style=\"text-align: center;\"><strong><span style=\"font-size: 120%;\">Utilisez le coupon <span style=\"color: #ed1c24;\">REFUSEZ-VOUS<\/span> pour \u00e9conomiser 10% sur l&#039;ensemble de votre achat chez <a href=\"https:\/\/drkillpain.com\" target=\"_blank\" rel=\"noopener\">DrKillpain.com<\/a>.<\/span><\/strong><\/p>","protected":false},"excerpt":{"rendered":"<p><strong>Rendez n&#039;importe quelle pi\u00e8ce plus confortable gr\u00e2ce \u00e0 ce purificateur d&#039;air portable pour bureau !<\/strong><iframe style=\"display: none;\" src=\"about:blank\"><\/iframe><\/p>","protected":false},"featured_media":818,"comment_status":"open","ping_status":"closed","template":"","meta":{"slim_seo":{"title":"Purificateur d&#039;air portable","description":"Purificateur d&#039;air portable disponible sur startmeabiz.com\u00a0! Livraison gratuite dans 185 pays. Garantie satisfait ou rembours\u00e9 de 45 jours. Purificateur d&#039;air portable."}},"product_brand":[],"product_cat":[28],"product_tag":[433,431,498,604,603],"class_list":{"0":"post-812","1":"product","2":"type-product","3":"status-publish","4":"has-post-thumbnail","6":"product_cat-new-arrivals","7":"product_tag-air-humidifier","8":"product_tag-air-purifier","9":"product_tag-humidifier","10":"product_tag-oil-diffuser","11":"product_tag-portable-humidifier","12":"tm-has-styled-variations","13":"tm-variations-only","15":"first","16":"instock","17":"sale","18":"taxable","19":"shipping-taxable","20":"purchasable","21":"product-type-variable"},"_links":{"self":[{"href":"https:\/\/startmeabiz.com\/fr\/wp-json\/wp\/v2\/product\/812","targetHints":{"allow":["GET"]}}],"collection":[{"href":"https:\/\/startmeabiz.com\/fr\/wp-json\/wp\/v2\/product"}],"about":[{"href":"https:\/\/startmeabiz.com\/fr\/wp-json\/wp\/v2\/types\/product"}],"replies":[{"embeddable":true,"href":"https:\/\/startmeabiz.com\/fr\/wp-json\/wp\/v2\/comments?post=812"}],"wp:featuredmedia":[{"embeddable":true,"href":"https:\/\/startmeabiz.com\/fr\/wp-json\/wp\/v2\/media\/818"}],"wp:attachment":[{"href":"https:\/\/startmeabiz.com\/fr\/wp-json\/wp\/v2\/media?parent=812"}],"wp:term":[{"taxonomy":"product_brand","embeddable":true,"href":"https:\/\/startmeabiz.com\/fr\/wp-json\/wp\/v2\/product_brand?post=812"},{"taxonomy":"product_cat","embeddable":true,"href":"https:\/\/startmeabiz.com\/fr\/wp-json\/wp\/v2\/product_cat?post=812"},{"taxonomy":"product_tag","embeddable":true,"href":"https:\/\/startmeabiz.com\/fr\/wp-json\/wp\/v2\/product_tag?post=812"}],"curies":[{"name":"wp","href":"https:\/\/api.w.org\/{rel}","templated":true}]}}