{"id":776,"date":"2021-07-25T17:58:24","date_gmt":"2021-07-25T22:58:24","guid":{"rendered":"https:\/\/startmeabiz.com\/product\/5-inch-touch-screen-wifi-temperature-measurement-face-recognition-terminal-employee-time-attendance-face-dynamic-access-control\/"},"modified":"2025-12-03T04:26:47","modified_gmt":"2025-12-03T10:26:47","slug":"thermometre-a-reconnaissance-faciale","status":"publish","type":"product","link":"https:\/\/startmeabiz.com\/fr\/produit\/thermometre-a-reconnaissance-faciale\/","title":{"rendered":"Thermom\u00e8tre \u00e0 reconnaissance faciale"},"content":{"rendered":"<h2 style=\"text-align: center;\"><span style=\"color: #e03e2d;\"><strong><em>THERMOM\u00c8TRE \u00c0 RECONNAISSANCE FACIALE<\/em>: D\u00c9COUVREZ NOTRE <\/strong><strong>NOUVEAUT\u00c9 !<\/strong><\/span><\/h2>\n<p style=\"text-align: center;\">\u00c7a y est enfin ! \u2014 Pr\u00e9sentation <em><strong>Thermom\u00e8tre \u00e0 reconnaissance faciale<\/strong><\/em> dans notre magasin \u00e0 <span class=\"ads-addon-price\" data-currency=\"USD\">$59.95<\/span>.<\/p>\n<p style=\"text-align: center;\">Voici ce que vous obtenez lorsque vous achetez notre <em><strong>Thermom\u00e8tre avec reconnaissance faciale<\/strong>:<\/em><\/p>\n<ul style=\"text-align: center;\">\n<li style=\"text-align: left;\">De plus, nous vous garantissons que vous rejoindrez notre communaut\u00e9 de clients satisfaits.<\/li>\n<li style=\"text-align: left;\">Service client \u00e0 votre disposition<\/li>\n<\/ul>\n<p style=\"text-align: center;\">Vous pouvez ainsi en apprendre davantage sur notre <em><strong>Thermom\u00e8tre \u00e0 reconnaissance faciale<\/strong><\/em> ci-dessous.<\/p>\n<p><img decoding=\"async\" class=\"aligncenter\" src=\"https:\/\/ae01.alicdn.com\/kf\/H38be8f9018e24329bab9d3f4d8df8b69d\/5-inch-Touch-Screen-wifi-Temperature-measurement-face-recognition-terminal-Employee-Time-attendance-face-dynamic-access.jpg\" width=\"800\" height=\"800\" \/><\/p>\n<p style=\"text-align: center;\"><a href=\"#addtocart\" class=\"button primary is-primary is-medium\" >\n\t\t<span>COMMANDEZ MAINTENANT !<\/span>\n\t<\/a>\n\n<hr \/>\n<p style=\"text-align: center;\" align=\"left\"><span style=\"font-family: arial, helvetica, sans-serif;\"><span style=\"font-size: 20px;\"><strong>CARACT\u00c9RISTIQUES:<\/strong><\/span><\/span><\/p>\n<ul>\n<li><strong>Mat\u00e9riel:<\/strong> PC<\/li>\n<li><strong>Processeur<\/strong>Processeur quadric\u0153ur ARM Cortex-A7, 1,2 GHz<\/li>\n<li><strong>\u00c9cran LCD : <\/strong>\u00c9cran tactile haute d\u00e9finition de 5 pouces<\/li>\n<li><strong>Type d&#039;\u00e9cran\u00a0:<\/strong> \u00c9cran tactile<\/li>\n<li><strong>Temp\u00e9rature de fonctionnement :<\/strong> 0\u00b0C-40\u00b0C<\/li>\n<li><strong>M\u00e9thode de reconnaissance\u00a0:<\/strong> Affronter<\/li>\n<li>Langue : chinois \/ anglais<\/li>\n<\/ul>\n<p align=\"left\" data-spm-anchor-id=\"a2g0o.detail.1000023.i1.6a01541aOunroC\"><img decoding=\"async\" class=\"aligncenter\" src=\"https:\/\/ae01.alicdn.com\/kf\/Hf5d7e9eec02546d18df5688b2a607ca5g\/5-inch-Touch-Screen-wifi-Temperature-measurement-face-recognition-terminal-Employee-Time-attendance-face-dynamic-access.jpg\" width=\"719\" height=\"719\" \/><\/p>\n<hr \/>\n<h2 class=\"qa-title\" style=\"text-align: center;\"><strong>QUESTIONS ET R\u00c9PONSES SUR LES PRODUITS<\/strong><\/h2>\n<p style=\"text-align: center;\"><span class=\"qa-item-question\"><strong>Existe-t-il d&#039;autres variantes parmi lesquelles choisir\u00a0?<\/strong><\/span><br \/>\n<span class=\"qa-item-answer\">Dans la description de <em><strong>Terminal tactile de mesure de temp\u00e9rature avec reconnaissance faciale<\/strong><\/em>, Vous pouvez consulter les donn\u00e9es relatives aux diff\u00e9rentes variantes du produit. Choisissez celle qui vous convient.<\/span><\/p>\n<p><img decoding=\"async\" class=\"aligncenter\" src=\"https:\/\/startmeabiz.com\/wp-content\/uploads\/2021\/07\/776-4957d7.jpg\" width=\"751\" height=\"751\" \/><\/p>\n<p style=\"text-align: center;\"><span class=\"qa-item-question\"><strong>Vos produits sont-ils conformes aux normes de fabrication ?<\/strong><\/span><br \/>\n<span class=\"qa-item-answer\">Nous savons que la qualit\u00e9 est essentielle. C&#039;est pourquoi nous produisons nos <em><strong>Terminal tactile de mesure de temp\u00e9rature avec reconnaissance faciale<\/strong><\/em> aux normes les plus \u00e9lev\u00e9es de l&#039;industrie.<\/span><\/p>\n<p><img decoding=\"async\" class=\"aligncenter\" src=\"https:\/\/startmeabiz.com\/wp-content\/uploads\/2021\/07\/776-c744aa.jpg\" width=\"801\" height=\"801\" \/><\/p>\n<p style=\"text-align: center;\"><span class=\"qa-item-question\"><strong>Je ne suis pas s\u00fbr d&#039;\u00eatre pr\u00eat \u00e0 l&#039;acheter. Est-ce le bon prix\u00a0?<\/strong><\/span><br \/>\n<span class=\"qa-item-answer\"><span class=\"ads-addon-price\" data-currency=\"USD\">$59.95<\/span> Notre prix est plus avantageux que celui pratiqu\u00e9 par d&#039;autres boutiques en ligne pour des produits similaires. Nous estimons donc qu&#039;il est juste.<\/span><\/p>\n<p><img decoding=\"async\" class=\"aligncenter\" src=\"https:\/\/startmeabiz.com\/wp-content\/uploads\/2021\/07\/776-fabca2.jpg\" width=\"800\" height=\"800\" \/><\/p>\n<p style=\"text-align: center;\"><span class=\"qa-item-question\"><strong>Devrai-je payer des frais suppl\u00e9mentaires lors de l&#039;achat de votre Intelligent<em> Thermom\u00e8tre \u00e0 reconnaissance faciale<\/em>?<\/strong><\/span><br \/>\n<span class=\"qa-item-answer\">Lors de votre commande, le prix final s&#039;affiche. Aucun frais suppl\u00e9mentaire ne sera ensuite appliqu\u00e9.<\/span><\/p>\n<p><img decoding=\"async\" class=\"aligncenter\" src=\"https:\/\/startmeabiz.com\/wp-content\/uploads\/2021\/07\/776-f7b916.jpg\" width=\"800\" height=\"800\" \/><\/p>\n<p style=\"text-align: center;\"><span class=\"qa-item-question\"><strong>Est-il judicieux de faire cet achat ?<\/strong><\/span><br \/>\n<span class=\"qa-item-answer\">C&#039;est un produit tr\u00e8s appr\u00e9ci\u00e9 que nous vendons r\u00e9guli\u00e8rement. De plus, nos clients sont g\u00e9n\u00e9ralement tr\u00e8s satisfaits de leur choix. Alors n&#039;h\u00e9sitez pas !<\/span><\/p>\n<p><img decoding=\"async\" class=\"aligncenter\" src=\"https:\/\/startmeabiz.com\/wp-content\/uploads\/2021\/07\/776-f7d6ac.jpg\" width=\"800\" height=\"800\" \/><\/p>\n<p style=\"text-align: center;\"><span class=\"qa-item-question\"><strong>Cela vous d\u00e9range-t-il si je r\u00e9dige un avis sur cet article\u00a0?<\/strong><\/span><br \/>\n<span class=\"qa-item-answer\">Les avis clients sont essentiels pour toute boutique en ligne. N&#039;h\u00e9sitez donc pas \u00e0 nous faire part de vos commentaires par e-mail ou \u00e0 les partager sur toute plateforme externe\u00a0!<\/span><\/p>\n<p><img decoding=\"async\" class=\"aligncenter\" src=\"https:\/\/startmeabiz.com\/wp-content\/uploads\/2021\/07\/776-c0f24f.jpg\" width=\"800\" height=\"800\" \/><\/p>\n<p style=\"text-align: center;\"><a href=\"#addtocart\" class=\"button primary is-primary is-medium\" >\n\t\t<span>COMMANDEZ MAINTENANT !<\/span>\n\t<\/a>\n\n<hr \/>\n<h2 class=\"qa-title\" style=\"text-align: center;\"><strong>POLITIQUES DE COMMANDE ET DE MAGASIN<\/strong><\/h2>\n<p style=\"text-align: center;\"><span class=\"qa-item-question\"><strong>Pouvez-vous livrer mon colis \u00e0 une adresse diff\u00e9rente de mon domicile ?<\/strong><\/span><br \/>\n<span class=\"qa-item-answer\">Le colis sera livr\u00e9 \u00e0 l&#039;adresse de votre choix. Vous pouvez donc faire livrer votre commande \u00e0 une autre personne en toute s\u00e9curit\u00e9.<\/span><\/p>\n<p><img decoding=\"async\" class=\"aligncenter\" src=\"https:\/\/ae01.alicdn.com\/kf\/Hb750b54512bd46ccb4da88d3db618e2dp\/5-inch-Touch-Screen-wifi-Temperature-measurement-face-recognition-terminal-Employee-Time-attendance-face-dynamic-access.jpg\" width=\"800\" height=\"725\" \/><\/p>\n<p style=\"text-align: center;\"><span class=\"qa-item-question\"><strong>Pouvez-vous me garantir que mon <em>Thermom\u00e8tre \u00e0 reconnaissance faciale<\/em> arrivera-t-il sain et sauf ?<\/strong><\/span><br \/>\n<span class=\"qa-item-answer\">Nous emballons soigneusement toutes les commandes afin d&#039;\u00e9viter que vos achats ne soient endommag\u00e9s pendant le transport, vous n&#039;avez donc pas \u00e0 vous inqui\u00e9ter.<\/span><\/p>\n<p><img decoding=\"async\" class=\"aligncenter\" src=\"https:\/\/startmeabiz.com\/wp-content\/uploads\/2021\/07\/776-8a57c2.jpg\" width=\"800\" height=\"800\" \/><\/p>\n<p>&nbsp;<\/p>\n<p style=\"text-align: center;\"><span class=\"qa-item-question\"><strong>La livraison prendra-t-elle le temps promis\u00a0?<\/strong><\/span><br \/>\n<span class=\"qa-item-answer\">Nous mettons tout en \u0153uvre pour calculer le d\u00e9lai de livraison avec la plus grande pr\u00e9cision possible. Toutefois, des facteurs externes affectant le fonctionnement de votre bureau de poste local peuvent entra\u00eener de l\u00e9g\u00e8res variations de ce d\u00e9lai.<\/span><\/p>\n<p><img decoding=\"async\" class=\"aligncenter\" src=\"https:\/\/startmeabiz.com\/wp-content\/uploads\/2021\/07\/776-62b4d2.jpg\" width=\"801\" height=\"801\" \/><\/p>\n<p style=\"text-align: center;\"><span class=\"qa-item-question\"><strong>J&#039;ai quelques questions. Puis-je les poser quelque part\u00a0?<\/strong><\/span><br \/>\n<span class=\"qa-item-answer\">Vous pouvez nous contacter rapidement via les moyens indiqu\u00e9s en bas de page. Nous vous r\u00e9pondrons ensuite dans les plus brefs d\u00e9lais et r\u00e9pondrons \u00e0 toutes vos questions.<\/span><\/p>\n<p style=\"text-align: center;\"><img decoding=\"async\" class=\"aligncenter\" src=\"https:\/\/startmeabiz.com\/wp-content\/uploads\/2021\/07\/776-9dfd1d.jpg\" width=\"801\" height=\"801\" \/><\/p>\n<p style=\"text-align: center;\"><span class=\"qa-item-question\"><strong>Vous avez de tr\u00e8s beaux produits, mais puis-je faire confiance \u00e0 votre magasin ?<\/strong><\/span><br \/>\n<span class=\"qa-item-answer\">Notre magasin jouit d&#039;une excellente r\u00e9putation en tant que fournisseur fiable. C&#039;est pourquoi, si vous consultez les avis de nos clients pr\u00e9c\u00e9dents, vous constaterez que de nombreux clients actuels ont d\u00e9j\u00e0 fait appel \u00e0 nos services.<\/span><\/p>\n<p><img decoding=\"async\" class=\"aligncenter\" src=\"https:\/\/startmeabiz.com\/wp-content\/uploads\/2021\/07\/776-a970c2.jpg\" width=\"801\" height=\"801\" \/><\/p>\n<p>&nbsp;<\/p>\n<p style=\"text-align: center;\"><span class=\"qa-item-question\"><strong>Ces m\u00eames choses ne sont-elles pas disponibles hors ligne ?<\/strong><\/span><br \/>\n<span class=\"qa-item-answer\">En g\u00e9n\u00e9ral, les magasins physiques proposent une gamme de produits plus restreinte et des prix moins avantageux. Ils peuvent donc vous sembler une option moins int\u00e9ressante.<\/span><\/p>\n<hr \/>\n<p><img decoding=\"async\" class=\"aligncenter\" src=\"https:\/\/ae01.alicdn.com\/kf\/H354270194b0a4e92b4dd402cd33a9479t\/5-inch-Touch-Screen-wifi-Temperature-measurement-face-recognition-terminal-Employee-Time-attendance-face-dynamic-access.jpg\" width=\"800\" height=\"800\" \/><img decoding=\"async\" class=\"aligncenter\" src=\"https:\/\/ae01.alicdn.com\/kf\/Hf5d7e9eec02546d18df5688b2a607ca5g\/5-inch-Touch-Screen-wifi-Temperature-measurement-face-recognition-terminal-Employee-Time-attendance-face-dynamic-access.jpg\" width=\"801\" height=\"801\" \/><img decoding=\"async\" class=\"aligncenter\" src=\"https:\/\/startmeabiz.com\/wp-content\/uploads\/2021\/07\/776-786d98.jpg\" width=\"799\" height=\"1066\" \/><img decoding=\"async\" class=\"aligncenter\" src=\"https:\/\/startmeabiz.com\/wp-content\/uploads\/2021\/07\/776-ea415c.jpg\" width=\"800\" height=\"800\" \/><img decoding=\"async\" class=\"aligncenter\" src=\"https:\/\/startmeabiz.com\/wp-content\/uploads\/2021\/07\/776-f7b916.jpg\" width=\"799\" height=\"799\" \/><img decoding=\"async\" class=\"aligncenter\" src=\"https:\/\/startmeabiz.com\/wp-content\/uploads\/2021\/07\/776-839b82.jpg\" width=\"800\" height=\"800\" \/><\/p>\n<p style=\"text-align: center;\"><a href=\"#addtocart\" class=\"button primary is-primary is-medium\" >\n\t\t<span>COMMANDEZ MAINTENANT !<\/span>\n\t<\/a>\n\n<hr \/>\n<p>&nbsp;<\/p>\n<p><a href=\"http:\/\/drkillpain.com\"><br \/>\n<img decoding=\"async\" class=\"aligncenter wp-image-199808 size-full\" src=\"https:\/\/refuseyoulose.com\/wp-content\/uploads\/2022\/07\/Gold-Silver-or-Black-Eagle-Ring-metal-color-blackGoldSilver-Refuse-You-Lose.gif\" alt=\"Refuser, c&#039;est perdre\" width=\"800\" height=\"450\" \/><\/a><\/p>\n<hr \/>\n<p><a href=\"http:\/\/https:\/\/ineedaclean.com\"><img decoding=\"async\" class=\"aligncenter wp-image-199858\" src=\"https:\/\/refuseyoulose.com\/wp-content\/uploads\/2022\/07\/IMB_KqYTpT-1.gif\" alt=\"J&#039;ai besoin d&#039;un gif propre\" width=\"801\" height=\"450\" \/><\/a><\/p>","protected":false},"excerpt":{"rendered":"<p>Avec ceci <em><strong>Terminal tactile de mesure de temp\u00e9rature avec reconnaissance faciale<\/strong><\/em>, Vous et vos proches serez prot\u00e9g\u00e9s au maximum !<\/p>","protected":false},"featured_media":779,"comment_status":"open","ping_status":"closed","template":"","meta":{"slim_seo":{"title":"Thermom\u00e8tre \u00e0 reconnaissance faciale","description":"Thermom\u00e8tre \u00e0 reconnaissance faciale disponible sur startmeabiz.com\u00a0! Livraison gratuite dans 185 pays. Garantie satisfait ou rembours\u00e9 de 45 jours."}},"product_brand":[],"product_cat":[28],"product_tag":[416,417,411,415,413,414,412,410],"class_list":{"0":"post-776","1":"product","2":"type-product","3":"status-publish","4":"has-post-thumbnail","6":"product_cat-new-arrivals","7":"product_tag-covid-precautions","8":"product_tag-covid-safe","9":"product_tag-face-recognition","10":"product_tag-intelligent-temperature-measurement","11":"product_tag-intelligent-touch-screen","12":"product_tag-recognition-terminal","13":"product_tag-temperature-measurement","14":"product_tag-touch-screen","15":"tm-no-options","17":"first","18":"instock","19":"sale","20":"taxable","21":"shipping-taxable","22":"purchasable","23":"product-type-simple"},"_links":{"self":[{"href":"https:\/\/startmeabiz.com\/fr\/wp-json\/wp\/v2\/product\/776","targetHints":{"allow":["GET"]}}],"collection":[{"href":"https:\/\/startmeabiz.com\/fr\/wp-json\/wp\/v2\/product"}],"about":[{"href":"https:\/\/startmeabiz.com\/fr\/wp-json\/wp\/v2\/types\/product"}],"replies":[{"embeddable":true,"href":"https:\/\/startmeabiz.com\/fr\/wp-json\/wp\/v2\/comments?post=776"}],"wp:featuredmedia":[{"embeddable":true,"href":"https:\/\/startmeabiz.com\/fr\/wp-json\/wp\/v2\/media\/779"}],"wp:attachment":[{"href":"https:\/\/startmeabiz.com\/fr\/wp-json\/wp\/v2\/media?parent=776"}],"wp:term":[{"taxonomy":"product_brand","embeddable":true,"href":"https:\/\/startmeabiz.com\/fr\/wp-json\/wp\/v2\/product_brand?post=776"},{"taxonomy":"product_cat","embeddable":true,"href":"https:\/\/startmeabiz.com\/fr\/wp-json\/wp\/v2\/product_cat?post=776"},{"taxonomy":"product_tag","embeddable":true,"href":"https:\/\/startmeabiz.com\/fr\/wp-json\/wp\/v2\/product_tag?post=776"}],"curies":[{"name":"wp","href":"https:\/\/api.w.org\/{rel}","templated":true}]}}