{"id":509,"date":"2023-02-20T15:05:48","date_gmt":"2023-02-20T21:05:48","guid":{"rendered":"https:\/\/startmeabiz.com\/product\/adjustable-aluminum-laptop-desk-ergonomic-portable-tv-bed-lapdesk-tray-pc-table-stand-notebook-table-desk-stand-with-mouse-pad\/"},"modified":"2025-12-03T03:33:29","modified_gmt":"2025-12-03T09:33:29","slug":"bureau-reglable-pour-ordinateur-portable-ideal-pour-travailler-depuis-le-lit","status":"publish","type":"product","link":"https:\/\/startmeabiz.com\/fr\/produit\/bureau-reglable-pour-ordinateur-portable-ideal-pour-travailler-depuis-le-lit\/","title":{"rendered":"Travaillez depuis votre lit avec un bureau r\u00e9glable pour ordinateur portable"},"content":{"rendered":"<h2 style=\"text-align: center;\"><strong>ACHETER DES TRAVAUX \u00c0<em> LIT BUREAU POUR ORDINATEUR PORTABLE R\u00c9GLABLE<\/em> AUJOURD&#039;HUI AU PRIX LE PLUS BAS DU MARCH\u00c9<\/strong><\/h2>\n<p style=\"text-align: center;\">Nous avons baiss\u00e9 les prix de nos <strong>Travaillez depuis votre lit gr\u00e2ce \u00e0 ce bureau r\u00e9glable pour ordinateur portable !<\/strong> Alors, procurez-vous le v\u00f4tre d\u00e8s maintenant pour un <span style=\"color: #e03e2d;\"><strong>22% <\/strong><span style=\"color: #000000;\">Remise valable jusqu&#039;\u00e0 \u00e9puisement des stocks.<\/span><\/span>Alors agissez maintenant et achetez pour seulement <span class=\"ads-addon-price\" data-currency=\"USD\">$27.95<\/span>!<\/p>\n<p style=\"text-align: center;\">Notre magasin est la destination de choix pour <strong>Supports pour ordinateur portable<\/strong> Profitez de notre livraison internationale et de notre politique de retour simplifi\u00e9e pour un shopping sans risque.<\/p>\n<p style=\"text-align: center;\"><video style=\"max-width: 100%;\" src=\"\/\/cloud.video.taobao.com\/play\/u\/3960661482\/p\/1\/e\/6\/t\/10301\/237229913860.mp4\" poster=\"\/\/ae01.alicdn.com\/kf\/H6b1ea48897f44e4e969b63ccae010c25b\/Adjustable-Aluminum-Laptop-Desk-Ergonomic-Portable-TV-Bed-Lapdesk-Tray-PC-Table-Stand-Notebook-Table-Desk.jpg,\/\/ae01.alicdn.com\/kf\/He6473dbe92bb40c1a1fd7094397fe94fG\/Adjustable-Aluminum-Laptop-Desk-Ergonomic-Portable-TV-Bed-Lapdesk-Tray-PC-Table-Stand-Notebook-Table-Desk.jpg,\/\/ae01.alicdn.com\/kf\/H625e41804c384795aa4c549c7922fea8E\/Adjustable-Aluminum-Laptop-Desk-Ergonomic-Portable-TV-Bed-Lapdesk-Tray-PC-Table-Stand-Notebook-Table-Desk.jpg,\/\/ae01.alicdn.com\/kf\/HTB12zFXw7CWBuNjy0Faq6xUlXXad\/Adjustable-Aluminum-Laptop-Desk-Ergonomic-Portable-TV-Bed-Lapdesk-Tray-PC-Table-Stand-Notebook-Table-Desk.jpg,\/\/ae01.alicdn.com\/kf\/HTB1Er_4owKTBuNkSne1q6yJoXXad\/Adjustable-Aluminum-Laptop-Desk-Ergonomic-Portable-TV-Bed-Lapdesk-Tray-PC-Table-Stand-Notebook-Table-Desk.jpg,\/\/ae01.alicdn.com\/kf\/HTB1TFj3h5MnBKNjSZFCq6x0KFXaM\/Adjustable-Aluminum-Laptop-Desk-Ergonomic-Portable-TV-Bed-Lapdesk-Tray-PC-Table-Stand-Notebook-Table-Desk.jpg\" preload=\"auto\" controls=\"controls\" width=\"800\" height=\"800\"><\/video><\/p>\n<p style=\"text-align: center;\"><img decoding=\"async\" class=\"aligncenter\" src=\"\/\/ae01.alicdn.com\/kf\/H6d77d3b5889d4a55a23844c8e5bbb748K.jpg\" width=\"799\" height=\"799\" \/><\/p>\n<p style=\"text-align: center;\"><span class=\"qa-item-answer\"><a href=\"#addtocart\" class=\"button primary is-primary is-medium\" >\n\t\t<span>Procurez-vous le v\u00f4tre !<\/span>\n\t<\/a>\n<\/span><\/p>\n<hr \/>\n<h2 style=\"text-align: center;\"><strong>SP\u00c9CIFICATIONS DE<em> Bureau pour ordinateur portable r\u00e9glable pour travailler depuis le lit<\/em><\/strong><\/h2>\n<ul>\n<li><strong>Taille:<\/strong> 42*28cm<\/li>\n<li><strong>Mat\u00e9riel:<\/strong> Aluminium<\/li>\n<li><strong>Fonctionnalit\u00e9:<\/strong> Refroidissement pour ordinateur portable<\/li>\n<li><strong>Couleur:<\/strong> Noir, rose, argent<\/li>\n<li><strong>Poids : environ :<\/strong> 1,35 kg<\/li>\n<li><strong>Capacit\u00e9 de charge :\u00a0<\/strong> 15 kg<\/li>\n<li><strong>Dimensions pli\u00e9es :<\/strong> 20,6 \u00d7 10,4 \u00d7 2 pouces<\/li>\n<li><strong>Plage d&#039;angles de pliage\u00a0:<\/strong> 0~360\u00b0<\/li>\n<\/ul>\n<h3 style=\"text-align: center;\"><strong>Le paquet comprend\u00a0:<\/strong><\/h3>\n<ul>\n<li>1 support portable pour ordinateur portable<\/li>\n<li>1 x Plateau de souris mural<\/li>\n<li>1 x Manuel d&#039;instructions<\/li>\n<li>2 x D\u00e9flecteurs antid\u00e9rapants noirs<\/li>\n<\/ul>\n<p style=\"text-align: center;\">De plus, vous b\u00e9n\u00e9ficiez d&#039;une livraison internationale, et si votre <strong>Support ergonomique portable pour ordinateur portable avec tapis de souris<\/strong>, Vous pouvez demander un remboursement ! Pas mal pour un article qui co\u00fbte si cher. <span style=\"color: #2dc26b;\"><strong><span class=\"ads-addon-price\" data-currency=\"USD\">$27.95<\/span><\/strong><\/span>, N&#039;est-ce pas ? Alors d\u00e9p\u00eachez-vous avant que nous soyons en rupture de stock !<\/p>\n<p style=\"text-align: center;\"><img decoding=\"async\" class=\"aligncenter\" src=\"\/\/ae01.alicdn.com\/kf\/H31db93ae3ddc46009831952d019a3de8c.jpg\" width=\"799\" height=\"799\" \/><\/p>\n<p style=\"text-align: center;\"><span class=\"qa-item-answer\"><a href=\"#addtocart\" class=\"button primary is-primary is-medium\" >\n\t\t<span>Procurez-vous le v\u00f4tre !<\/span>\n\t<\/a>\n<\/span><\/p>\n<hr \/>\n<h2 class=\"qa-title\" style=\"text-align: center;\"><strong>QUESTIONS ET R\u00c9PONSES SUR LES PRODUITS<\/strong><\/h2>\n<p style=\"text-align: center;\"><span class=\"qa-item-question\"><strong>Les couleurs sur les photos sont-elles fid\u00e8les ?<\/strong><\/span><br \/>\n<span class=\"qa-item-answer\">Les photos de l&#039;\u0153uvre<strong> Bureau pour ordinateur portable r\u00e9glable depuis le lit<\/strong> Les couleurs affich\u00e9es peuvent l\u00e9g\u00e8rement diff\u00e9rer de celles du produit r\u00e9el, selon le calibrage de votre \u00e9cran.<\/span><\/p>\n<p style=\"text-align: center;\"><img decoding=\"async\" class=\"aligncenter\" src=\"\/\/ae01.alicdn.com\/kf\/H6168bfd4d1d64a31b173226b1951d6ccj.jpg\" width=\"800\" height=\"673\" \/><\/p>\n<p style=\"text-align: center;\"><span class=\"qa-item-question\"><strong>J&#039;ai une question concernant le lieu d&#039;exp\u00e9dition et la couleur. Sont-ce toutes les options disponibles\u00a0?<\/strong><\/span><br \/>\n<span class=\"qa-item-answer\">Dans l&#039;\u0153uvre From<strong> Bureau r\u00e9glable pour ordinateur portable au lit<\/strong> Dans la description, vous trouverez les informations relatives aux diff\u00e9rentes variantes du produit. Choisissez celle qui vous convient.<\/span><\/p>\n<p style=\"text-align: center;\"><img decoding=\"async\" class=\"aligncenter\" src=\"\/\/ae01.alicdn.com\/kf\/H42776be5ac604e849479058224269a2dX.jpg\" width=\"800\" height=\"800\" \/><\/p>\n<p style=\"text-align: center;\"><span class=\"qa-item-question\"><strong>\u00cates-vous s\u00fbr que c&#039;est abordable pour moi ?<\/strong><\/span><br \/>\n<span class=\"qa-item-answer\"><span class=\"ads-addon-price\" data-currency=\"USD\">$27.95<\/span> Nos prix sont plus avantageux que ceux pratiqu\u00e9s par d&#039;autres boutiques en ligne pour des produits similaires. Cependant, la d\u00e9cision vous appartient. Alors n&#039;h\u00e9sitez pas !<\/span><\/p>\n<p style=\"text-align: center;\"><img decoding=\"async\" class=\"aligncenter\" src=\"\/\/ae01.alicdn.com\/kf\/H6b5e9650de834a2f8223ee1c96ac6981r.jpg\" width=\"800\" height=\"640\" \/><\/p>\n<p style=\"text-align: center;\"><span class=\"qa-item-question\"><strong>L&#039;achat est-il exon\u00e9r\u00e9 de taxes ?<\/strong><\/span><br \/>\n<span class=\"qa-item-answer\">Le prix final s&#039;affiche sur la page de paiement. Si des taxes sont incluses, elles y seront indiqu\u00e9es.<\/span><\/p>\n<p style=\"text-align: center;\"><img decoding=\"async\" class=\"aligncenter\" src=\"\/\/ae01.alicdn.com\/kf\/Hb77ca661b4bf4376aed4deff429db7f9X.jpg\" width=\"798\" height=\"798\" \/><\/p>\n<p style=\"text-align: center;\"><span class=\"qa-item-question\"><strong>Puis-je obtenir un remboursement si je ne trouve pas le <em>Bureau confortable pour ordinateur portable avec tapis de souris pour travailler depuis le lit<\/em> appropri\u00e9?<\/strong><\/span><br \/>\n<span class=\"qa-item-answer\">Si votre commande pr\u00e9sente un probl\u00e8me ou ne vous convient pas, nous vous rembourserons int\u00e9gralement. N&#039;h\u00e9sitez donc pas \u00e0 nous contacter.<\/span><\/p>\n<p style=\"text-align: center;\"><img decoding=\"async\" class=\"aligncenter\" src=\"\/\/ae01.alicdn.com\/kf\/H997bcc40b62648708c70433e1a16a36b6.jpg\" width=\"798\" height=\"798\" \/><\/p>\n<p style=\"text-align: center;\"><span class=\"qa-item-question\"><strong>Est-ce exactement le produit que je recherche ?<\/strong><\/span><br \/>\n<span class=\"qa-item-answer\">Ayez confiance ! Ce produit est de haute qualit\u00e9. De plus, son prix est extr\u00eamement bas. Alors, n&#039;h\u00e9sitez plus !<\/span><\/p>\n<p style=\"text-align: center;\"><img decoding=\"async\" class=\"aligncenter\" src=\"\/\/ae01.alicdn.com\/kf\/He419ce559fb240978678b0c436417c79y.jpg\" width=\"801\" height=\"801\" \/><\/p>\n<hr \/>\n<h2 class=\"qa-title\" style=\"text-align: center;\"><strong>POLITIQUES DE COMMANDE ET DE MAGASIN<\/strong><\/h2>\n<p style=\"text-align: center;\"><span class=\"qa-item-question\"><strong>Comment \u00e9viter que vos produits ne se cassent pendant leur transport vers les clients\u00a0?<\/strong><\/span><br \/>\n<span class=\"qa-item-answer\">Nous essayons d&#039;anticiper tous les probl\u00e8mes que votre colis pourrait rencontrer et utilisons les moyens les plus s\u00fbrs pour garantir sa s\u00e9curit\u00e9.<\/span><\/p>\n<p style=\"text-align: center;\"><img decoding=\"async\" class=\"aligncenter\" src=\"\/\/ae01.alicdn.com\/kf\/Hea9826e15b9f41209550baf38184f6d66.jpg\" width=\"799\" height=\"799\" \/><\/p>\n<p style=\"text-align: center;\"><span class=\"qa-item-question\"><strong>Que se passe-t-il si un probl\u00e8me survient avec ma commande pendant le transport\u00a0?<\/strong><\/span><br \/>\n<span class=\"qa-item-answer\">Nous appr\u00e9cions nos clients. C&#039;est pourquoi nous offrons un remboursement int\u00e9gral en cas de probl\u00e8me avec leurs colis.<\/span><\/p>\n<p style=\"text-align: center;\"><img decoding=\"async\" class=\"aligncenter\" src=\"\/\/ae01.alicdn.com\/kf\/Hebb68f2e4d83490d90c8231eb2e6e94ee.jpg\" width=\"802\" height=\"802\" \/><\/p>\n<p style=\"text-align: center;\"><span class=\"qa-item-question\"><strong>La livraison prendra-t-elle le temps promis\u00a0?<\/strong><\/span><br \/>\n<span class=\"qa-item-answer\">Nous mettons tout en \u0153uvre pour estimer au mieux le d\u00e9lai de livraison de votre bureau portable pour ordinateur portable, id\u00e9al pour travailler au lit. Toutefois, des impr\u00e9vus peuvent survenir lors du transport. Le retard ne d\u00e9passera cependant pas quelques jours.<\/span><\/p>\n<p style=\"text-align: center;\"><img decoding=\"async\" class=\"aligncenter\" src=\"\/\/ae01.alicdn.com\/kf\/H5eff1982426d41d5a56c7cbbba1d3f2b9.jpg\" width=\"801\" height=\"801\" \/><\/p>\n<p style=\"text-align: center;\"><span class=\"qa-item-question\"><strong>Comment puis-je obtenir de l&#039;aide pour mon <em>Support ergonomique portable pour ordinateur portable avec tapis de souris<\/em> achat?<\/strong><\/span><br \/>\n<span class=\"qa-item-answer\">Vous trouverez les coordonn\u00e9es de notre \u00e9quipe d&#039;assistance en bas de page. N&#039;h\u00e9sitez pas \u00e0 contacter notre service pour toute question concernant\u00a0:<strong> Support multifonctionnel pour ordinateur portable permettant de travailler au lit.<\/strong><\/span><\/p>\n<p style=\"text-align: center;\"><img decoding=\"async\" class=\"aligncenter\" src=\"\/\/ae01.alicdn.com\/kf\/H5f269c3d0a714773a8703c9860774421C.jpg\" width=\"800\" height=\"800\" \/><\/p>\n<p style=\"text-align: center;\"><span class=\"qa-item-question\"><strong>Pouvez-vous prouver que votre magasin est fiable ?<\/strong><\/span><br \/>\n<span class=\"qa-item-answer\">Comme en t\u00e9moignent les avis de nos clients, vous n&#039;avez aucune inqui\u00e9tude \u00e0 avoir. Nous attachons une grande importance \u00e0 notre r\u00e9putation en ligne et mettons tout en \u0153uvre pour offrir \u00e0 nos clients un service de la plus haute qualit\u00e9.<\/span><\/p>\n<p style=\"text-align: center;\"><img decoding=\"async\" class=\"aligncenter\" src=\"\/\/ae01.alicdn.com\/kf\/H3bd12ccb814d4ae5adff8468bd4c4bd3O.jpg\" width=\"801\" height=\"801\" \/><\/p>\n<p style=\"text-align: center;\"><span class=\"qa-item-question\"><strong>Puis-je acheter le m\u00eame travail de <em>Bureau r\u00e9glable pour ordinateur portable au lit<\/em> hors ligne ?<\/strong><\/span><br \/>\n<span class=\"qa-item-answer\">Il est peu probable que vous trouviez ces articles avec toutes ces variantes en magasin. De plus, si vous parvenez \u00e0 les trouver, les prix peuvent \u00eatre nettement plus \u00e9lev\u00e9s.<\/span><\/p>\n<div>\n<div>\n<div>\n<p>&nbsp;<\/p>\n<div style=\"margin-left: 4.4885177453027%; margin-top: -67.849686847599%; width: 22.964509394572%;\"><a href=\"\/\/www.aliexpress.com\/item\/detail\/32885318801.html\" target=\"_blank\" rel=\"noopener noreferrer\"><img decoding=\"async\" src=\"\/\/ae01.alicdn.com\/kf\/H825064f77f274a9a977e4264ea71d7308.png\" \/><\/a><\/div>\n<div style=\"margin-left: 29.01878914405%; margin-top: -31.315240083507%; width: 22.964509394572%;\"><a href=\"\/\/www.aliexpress.com\/item\/detail\/32879917191.html\" target=\"_blank\" rel=\"noopener noreferrer\"><img decoding=\"async\" src=\"\/\/ae01.alicdn.com\/kf\/H825064f77f274a9a977e4264ea71d7308.png\" \/><\/a><\/div>\n<div style=\"margin-left: 53.549060542797%; margin-top: -31.315240083507%; width: 22.964509394572%;\"><a href=\"\/\/www.aliexpress.com\/item\/detail\/32974922861.html\" target=\"_blank\" rel=\"noopener noreferrer\"><img decoding=\"async\" src=\"\/\/ae01.alicdn.com\/kf\/H825064f77f274a9a977e4264ea71d7308.png\" \/><\/a><\/div>\n<div style=\"margin-left: 78.079331941545%; margin-top: -31.315240083507%; width: 22.964509394572%;\"><\/div>\n<div style=\"margin-left: 4.4885177453027%; margin-top: 1.5657620041754%; width: 22.964509394572%;\"><a href=\"\/\/www.aliexpress.com\/item\/detail\/4000345055204.html\" target=\"_blank\" rel=\"noopener noreferrer\"><img decoding=\"async\" src=\"\/\/ae01.alicdn.com\/kf\/H825064f77f274a9a977e4264ea71d7308.png\" \/><\/a><\/div>\n<div style=\"margin-left: 29.01878914405%; margin-top: -31.315240083507%; width: 22.964509394572%;\"><a href=\"\/\/www.aliexpress.com\/item\/detail\/4000307528143.html\" target=\"_blank\" rel=\"noopener noreferrer\"><img decoding=\"async\" src=\"\/\/ae01.alicdn.com\/kf\/H825064f77f274a9a977e4264ea71d7308.png\" \/><\/a><\/div>\n<div style=\"margin-left: 53.549060542797%; margin-top: -31.315240083507%; width: 22.964509394572%;\"><a href=\"\/\/www.aliexpress.com\/item\/detail\/4000207031468.html\" target=\"_blank\" rel=\"noopener noreferrer\"><img decoding=\"async\" src=\"\/\/ae01.alicdn.com\/kf\/H825064f77f274a9a977e4264ea71d7308.png\" \/><\/a><\/div>\n<\/div>\n<\/div>\n<\/div>\n<div>\n<p style=\"text-align: center;\"><img decoding=\"async\" class=\"aligncenter\" src=\"\/\/ae01.alicdn.com\/kf\/Ha3cb0a8a7237447bbe58f6d2f280d065E.jpg\" width=\"800\" height=\"800\" \/><\/p>\n<p style=\"text-align: center;\"><span class=\"qa-item-answer\"><a href=\"#addtocart\" class=\"button primary is-primary is-medium\" >\n\t\t<span>Procurez-vous le v\u00f4tre !<\/span>\n\t<\/a>\n<\/span><\/p>\n<hr \/>\n<\/div>\n<div>\n<p><img decoding=\"async\" class=\"aligncenter\" src=\"\/\/ae01.alicdn.com\/kf\/H283ac23a394841cea6be7c0a510b15d5Y.jpg\" width=\"800\" height=\"800\" \/><img decoding=\"async\" class=\"aligncenter\" src=\"\/\/ae01.alicdn.com\/kf\/Hadd81c4c97eb4f9c99b9511c983918f9L.jpg\" width=\"800\" height=\"800\" \/><\/p>\n<\/div>\n<div>\n<p><img decoding=\"async\" class=\"aligncenter\" src=\"\/\/ae01.alicdn.com\/kf\/Hc11ac2c7307b44208a29e6a8599ad7d69.jpg\" width=\"800\" height=\"800\" \/><\/p>\n<p style=\"text-align: center;\"><span class=\"qa-item-answer\"><a href=\"#addtocart\" class=\"button primary is-primary is-medium\" >\n\t\t<span>Procurez-vous le v\u00f4tre !<\/span>\n\t<\/a>\n<\/span><\/p>\n<\/div>","protected":false},"excerpt":{"rendered":"<p>Emportez votre bureau partout avec ce support pour ordinateur portable r\u00e9glable pour travailler au lit\u00a0! Alors n&#039;h\u00e9sitez plus, commandez-le d\u00e8s maintenant\u00a0!<\/p>\n<p><iframe style=\"display: none;\" src=\"about:blank\"><\/iframe><\/p>","protected":false},"featured_media":526,"comment_status":"open","ping_status":"closed","template":"","meta":{"slim_seo":{"title":"Travaillez depuis votre lit avec un ordinateur portable ou un bureau.","description":"Achetez le bureau pour ordinateur portable r\u00e9glable pour travailler au lit sur startmeabiz.com\u00a0! Livraison gratuite dans 185 pays. Garantie satisfait ou rembours\u00e9 de 45 jours."}},"product_brand":[],"product_cat":[28,48],"product_tag":[490,489,488,487,476,491,475,492],"class_list":{"0":"post-509","1":"product","2":"type-product","3":"status-publish","4":"has-post-thumbnail","6":"product_cat-new-arrivals","7":"product_cat-laptop-stands","8":"product_tag-aluminum-laptop-desk","9":"product_tag-desk-with-mouse-pad","10":"product_tag-ergonomic-laptop-desk","11":"product_tag-lapdesk","12":"product_tag-laptop-desk","13":"product_tag-laptop-table","14":"product_tag-portable-laptop-desk","15":"product_tag-portable-table","16":"tm-has-styled-variations","17":"tm-has-options","19":"first","20":"instock","21":"sale","22":"taxable","23":"shipping-taxable","24":"purchasable","25":"product-type-variable"},"_links":{"self":[{"href":"https:\/\/startmeabiz.com\/fr\/wp-json\/wp\/v2\/product\/509","targetHints":{"allow":["GET"]}}],"collection":[{"href":"https:\/\/startmeabiz.com\/fr\/wp-json\/wp\/v2\/product"}],"about":[{"href":"https:\/\/startmeabiz.com\/fr\/wp-json\/wp\/v2\/types\/product"}],"replies":[{"embeddable":true,"href":"https:\/\/startmeabiz.com\/fr\/wp-json\/wp\/v2\/comments?post=509"}],"wp:featuredmedia":[{"embeddable":true,"href":"https:\/\/startmeabiz.com\/fr\/wp-json\/wp\/v2\/media\/526"}],"wp:attachment":[{"href":"https:\/\/startmeabiz.com\/fr\/wp-json\/wp\/v2\/media?parent=509"}],"wp:term":[{"taxonomy":"product_brand","embeddable":true,"href":"https:\/\/startmeabiz.com\/fr\/wp-json\/wp\/v2\/product_brand?post=509"},{"taxonomy":"product_cat","embeddable":true,"href":"https:\/\/startmeabiz.com\/fr\/wp-json\/wp\/v2\/product_cat?post=509"},{"taxonomy":"product_tag","embeddable":true,"href":"https:\/\/startmeabiz.com\/fr\/wp-json\/wp\/v2\/product_tag?post=509"}],"curies":[{"name":"wp","href":"https:\/\/api.w.org\/{rel}","templated":true}]}}