{"id":457,"date":"2019-11-30T13:41:23","date_gmt":"2019-11-30T19:41:23","guid":{"rendered":"https:\/\/startmeabiz.com\/product\/laptop-desk-portable-adjustable-aluminum-ergonomic-tv-bed-laptop-tray-pc-table-stand-notebook-table-desk-stand-with-mouse-pad\/"},"modified":"2023-06-15T11:16:42","modified_gmt":"2023-06-15T16:16:42","slug":"bureau-portable-pour-la-maison","status":"publish","type":"product","link":"https:\/\/startmeabiz.com\/fr\/produit\/bureau-portable-pour-la-maison\/","title":{"rendered":"Bureau portable pour la maison"},"content":{"rendered":"<h2 style=\"text-align: center;\">ACHETER <em><strong>BUREAU DE MAISON PORTABLE<\/strong><\/em> &amp; SAUVEGARDER <span class=\"ads-addon-you_save\" data-currency=\"USD\">$16.95<\/span>!<\/h2>\n<p style=\"text-align: center;\">Obtenez le <strong>Bureau portable pour la maison<\/strong> Vous voulez ce que vous voulez \u00e0 un prix que vous \u00eates pr\u00eat \u00e0 payer\u00a0? C\u2019est pourquoi nous vous proposons notre s\u00e9lection de claviers \u00e0 seulement\u2026 <span class=\"ads-addon-price\" data-currency=\"USD\">$45.95<\/span>, vous donnant <span style=\"color: #e03e2d;\">26% <span style=\"color: #000000;\">r\u00e9duction sur le prix de d\u00e9tail r\u00e9gulier<\/span><\/span>!<\/p>\n<p style=\"text-align: left;\">Achetez chez nous et b\u00e9n\u00e9ficiez de cette garantie :<\/p>\n<ul>\n<li style=\"text-align: left;\">Produits de qualit\u00e9 sup\u00e9rieure<\/li>\n<li style=\"text-align: left;\">Livraison rapide dans le monde entier<\/li>\n<li style=\"text-align: left;\">Une \u00e9quipe de service client\u00e8le aimable est pr\u00eate \u00e0 r\u00e9pondre \u00e0 toutes vos questions concernant nos produits ou vos commandes.<\/li>\n<li style=\"text-align: left;\">Une politique de retour flexible<\/li>\n<\/ul>\n<p style=\"text-align: center;\">D\u00e9couvrez d\u00e8s aujourd&#039;hui notre s\u00e9lection exclusive de mod\u00e8les et tendances haut de gamme, le tout \u00e0 prix r\u00e9duit pour une dur\u00e9e limit\u00e9e. Qu&#039;attendez-vous ?<\/p>\n<p style=\"text-align: center;\"><img decoding=\"async\" class=\"aligncenter\" src=\"\/\/ae01.alicdn.com\/kf\/HTB1xGoDd8Kw3KVjSZTEq6AuRpXaS.jpg\" \/><\/p>\n<p style=\"text-align: center;\"><a href=\"#addtocart\" class=\"button primary is-primary is-medium\" >\n\t\t<span>Procurez-vous le v\u00f4tre !<\/span>\n\t<\/a>\n\n<hr \/>\n<h2 style=\"text-align: center;\"><strong><em>BUREAU DE MAISON PORTABLE<\/em> INFORMATION<\/strong><\/h2>\n<ul>\n<li>\n<div><strong>Poids:<\/strong> Environ 1,50 kg<\/div>\n<\/li>\n<li>\n<div><strong>Mat\u00e9riel:<\/strong> Aluminium, plastique<\/div>\n<\/li>\n<li>\n<div><strong>Dimensions pli\u00e9es :<\/strong> 48 x 26 cm \/ 18,7 x 10,1 pouces (L x l)<\/div>\n<\/li>\n<li>\n<div><strong>Plage d&#039;angles de pliage\u00a0:<\/strong> 0~360\u00b0<\/div>\n<\/li>\n<li>\n<div>Une seconde rotation de verrouillage \u00e0 360 degr\u00e9s, pratique gr\u00e2ce \u00e0 sa conception \u00e0 engrenages et \u00e0 son \u00e9chelle pr\u00e9cise, permet un r\u00e9glage pr\u00e9cis de l&#039;angle et de la hauteur.<\/div>\n<\/li>\n<\/ul>\n<div>\n<div style=\"text-align: center;\">\u00c7a a l&#039;air super ! Cependant, d\u00e9p\u00eachez-vous et <span style=\"color: #2dc26b;\"><strong><span class=\"ads-addon-add-to-cart\">AJOUTER AU PANIER<\/span><\/strong><\/span> Cette offre exceptionnelle est encore valable !<\/div>\n<\/div>\n<div>\n<p><span style=\"font-size: 16px;\"><span style=\"font-size: 16px;\"><img decoding=\"async\" class=\"aligncenter\" src=\"\/\/ae01.alicdn.com\/kf\/HTB1Jzswd21G3KVjSZFkq6yK4XXaa.jpg\" \/><\/span><\/span><\/p>\n<hr \/>\n<\/div>\n<div style=\"text-align: center;\">\n<h2 class=\"qa-title\" style=\"text-align: center;\"><strong>QUESTIONS ET R\u00c9PONSES SUR LES PRODUITS<\/strong><\/h2>\n<p style=\"text-align: center;\"><span class=\"qa-item-question\"><strong>Je souhaiterais probablement examiner d&#039;autres variantes. Comment puis-je proc\u00e9der\u00a0?<\/strong><\/span><br \/>\n<span class=\"qa-item-answer\">Nous affichons toutes les variantes disponibles sur la page produit, n&#039;h\u00e9sitez donc pas \u00e0 consulter la description. <strong>Bureau portable pour la maison !<\/strong><\/span><\/p>\n<p style=\"text-align: center;\"><span class=\"qa-item-question\"><strong>Les couleurs sont-elles fid\u00e8les ?<\/strong><\/span><br \/>\n<span class=\"qa-item-answer\">Les photos du produit pr\u00e9sentent les couleurs r\u00e9elles du bureau portable pour la maison. Toutefois, les couleurs affich\u00e9es sur votre \u00e9cran peuvent l\u00e9g\u00e8rement diff\u00e9rer en raison des param\u00e8tres de votre \u00e9cran.<\/span><\/p>\n<p style=\"text-align: center;\"><img decoding=\"async\" class=\"aligncenter\" src=\"\/\/ae01.alicdn.com\/kf\/HTB1URgwd21G3KVjSZFkq6yK4XXaK.jpg\" \/><\/p>\n<p style=\"text-align: center;\"><span class=\"qa-item-question\"><strong>Puis-je me le permettre ?<\/strong><\/span><br \/>\n<span class=\"qa-item-answer\">La d\u00e9cision vous appartient. Toutefois, nous sommes convaincus qu&#039;en comparant ce prix avec ceux propos\u00e9s sur le march\u00e9, vous constaterez qu&#039;il s&#039;agit d&#039;une offre all\u00e9chante.<\/span><\/p>\n<p style=\"text-align: center;\"><span class=\"qa-item-question\"><strong>Si je commande votre <em>Bureau portable en aluminium<\/em>, Des frais suppl\u00e9mentaires s&#039;appliqueront-ils\u00a0?<\/strong><\/span><br \/>\n<span class=\"qa-item-answer\">Le prix final de votre bureau portable pour la maison comprend tous les frais et taxes \u00e9ventuels ; vous le verrez donc sur la page de paiement.<\/span><\/p>\n<p style=\"text-align: center;\"><img decoding=\"async\" class=\"aligncenter\" src=\"\/\/ae01.alicdn.com\/kf\/HTB1QrQvd.GF3KVjSZFmq6zqPXXai.jpg\" \/><\/p>\n<p style=\"text-align: center;\"><span class=\"qa-item-question\"><strong>Je ne suis pas s\u00fbr(e) de le vouloir vraiment. Devrais-je l&#039;acheter ?<\/strong><\/span><br \/>\n<span class=\"qa-item-answer\">La premi\u00e8re impression est souvent la bonne. Alors si vous en avez envie, n&#039;h\u00e9sitez pas et passez commande !<\/span><\/p>\n<p style=\"text-align: center;\"><span class=\"qa-item-question\"><strong>Et si je n&#039;aime pas mon <em>Bureau portable pour bureau \u00e0 domicile<\/em>?<\/strong><\/span><br \/>\n<span class=\"qa-item-answer\">N&#039;h\u00e9sitez pas \u00e0 nous contacter si un \u00e9l\u00e9ment de votre commande ne vous convient pas ou ne r\u00e9pond pas \u00e0 vos attentes. Notre politique de remboursement est avantageuse pour nos clients. Vous obtiendrez donc rapidement un d\u00e9dommagement.<\/span><\/p>\n<p style=\"text-align: center;\"><img decoding=\"async\" class=\"aligncenter\" src=\"\/\/ae01.alicdn.com\/kf\/HTB1BP70aMFY.1VjSZFqq6ydbXXak.jpg\" \/><\/p>\n<p style=\"text-align: center;\">\n<a href=\"#addtocart\" class=\"button primary is-primary is-medium\" >\n\t\t<span>Procurez-vous le v\u00f4tre !<\/span>\n\t<\/a>\n\n<hr \/>\n<h2 class=\"qa-title\" style=\"text-align: center;\"><strong>POLITIQUES DE COMMANDE ET DE MAGASIN<\/strong><\/h2>\n<p style=\"text-align: center;\"><span class=\"qa-item-question\"><strong>Pouvez-vous livrer mon colis \u00e0 une adresse diff\u00e9rente de mon domicile ?<\/strong><\/span><br \/>\n<span class=\"qa-item-answer\">N&#039;h\u00e9sitez pas \u00e0 demander la livraison \u00e0 n&#039;importe quelle adresse, car ce n&#039;est pas grave si elle ne correspond pas \u00e0 votre domicile.<\/span><\/p>\n<p style=\"text-align: center;\"><span class=\"qa-item-question\"><strong>Si j&#039;ach\u00e8te plusieurs unit\u00e9s du m\u00eame produit, me les enverrez-vous individuellement\u00a0?<\/strong><\/span><br \/>\n<span class=\"qa-item-answer\">Pas de souci, car si vous commandez plusieurs unit\u00e9s, elles arriveront simultan\u00e9ment.<\/span><\/p>\n<p style=\"text-align: center;\"><img decoding=\"async\" class=\"aligncenter\" src=\"\/\/ae01.alicdn.com\/kf\/HTB14X3EdWSs3KVjSZPiq6AsiVXai.jpg\" \/><\/p>\n<p style=\"text-align: center;\"><span class=\"qa-item-question\"><strong>Que faire si je dois changer la couleur ou annuler ma commande\u00a0?<\/strong><\/span><br \/>\n<span class=\"qa-item-answer\">Vous pouvez facilement apporter les modifications n\u00e9cessaires ou annuler votre commande en contactant notre service client. Alors n&#039;ayez crainte.<\/span><\/p>\n<p style=\"text-align: center;\"><span class=\"qa-item-question\"><strong>Est-ce disponible maintenant ?<\/strong><\/span><br \/>\n<span class=\"qa-item-answer\">L&#039;article est disponible \u00e0 l&#039;achat d\u00e8s maintenant, nous avons donc h\u00e2te de travailler sur votre commande !<\/span><\/p>\n<p style=\"text-align: center;\"><img decoding=\"async\" class=\"aligncenter\" src=\"\/\/ae01.alicdn.com\/kf\/HTB1RdZvd.GF3KVjSZFoq6zmpFXad.jpg\" \/><\/p>\n<p style=\"text-align: center;\"><span class=\"qa-item-question\"><strong>\u00cates-vous autoris\u00e9\u00a0? Vais-je recevoir un produit l\u00e9gal si je commande mon <em>Bureau portable en aluminium<\/em>?<\/strong><\/span><br \/>\n<span class=\"qa-item-answer\">Vous n&#039;avez aucune raison de vous inqui\u00e9ter d&#039;\u00e9ventuels probl\u00e8mes juridiques, car nous respectons toutes les exigences officielles. Alors, rassurez-vous.<\/span><\/p>\n<p style=\"text-align: center;\"><span class=\"qa-item-question\"><strong>Puis-je trouver la m\u00eame chose ? <em>Bureau portable pour la maison<\/em> dans un magasin ordinaire ?<\/strong><\/span><br \/>\n<span class=\"qa-item-answer\">\u00c0 notre connaissance, les articles similaires vendus en magasin offrent un choix plus restreint et des prix moins attractifs. Nous sommes donc convaincus d&#039;\u00eatre la meilleure option\u00a0!<\/span><\/p>\n<\/div>\n<div><\/div>\n<div>\n<p><img decoding=\"async\" class=\"aligncenter\" src=\"\/\/ae01.alicdn.com\/kf\/HTB1O7k0aMFY.1VjSZFqq6ydbXXa1.jpg\" \/><\/p>\n<hr \/>\n<p><img decoding=\"async\" class=\"aligncenter\" src=\"\/\/ae01.alicdn.com\/kf\/HTB1krMDd8Kw3KVjSZTEq6AuRpXaO.jpg\" \/><\/p>\n<p style=\"text-align: center;\"><a href=\"#addtocart\" class=\"button primary is-primary is-medium\" >\n\t\t<span>Procurez-vous le v\u00f4tre !<\/span>\n\t<\/a>\n\n<\/div>","protected":false},"excerpt":{"rendered":"<p>Procurez-vous ce bureau d&#039;affaires multifonctionnel portable et assurez-vous de pouvoir utiliser votre ordinateur portable confortablement n&#039;importe o\u00f9 !<\/p>\n<p><iframe style=\"display: none;\" src=\"about:blank\"><\/iframe><\/p>","protected":false},"featured_media":464,"comment_status":"open","ping_status":"closed","template":"","meta":{"slim_seo":{"title":"Bureau portable pour la maison","description":"Achetez votre bureau portable pour la maison sur startmeabiz.com\u00a0! Livraison gratuite dans 185 pays. Garantie satisfait ou rembours\u00e9 de 45 jours. N&#039;attendez plus\u00a0!"}},"product_brand":[],"product_cat":[28,50],"product_tag":[510,511,476,491,509,492],"class_list":{"0":"post-457","1":"product","2":"type-product","3":"status-publish","4":"has-post-thumbnail","6":"product_cat-new-arrivals","7":"product_cat-keyboards","8":"product_tag-flexible-desk","9":"product_tag-flexible-table","10":"product_tag-laptop-desk","11":"product_tag-laptop-table","12":"product_tag-portable-desk","13":"product_tag-portable-table","14":"tm-has-styled-variations","15":"tm-has-options","17":"first","18":"instock","19":"sale","20":"taxable","21":"shipping-taxable","22":"purchasable","23":"product-type-variable"},"_links":{"self":[{"href":"https:\/\/startmeabiz.com\/fr\/wp-json\/wp\/v2\/product\/457","targetHints":{"allow":["GET"]}}],"collection":[{"href":"https:\/\/startmeabiz.com\/fr\/wp-json\/wp\/v2\/product"}],"about":[{"href":"https:\/\/startmeabiz.com\/fr\/wp-json\/wp\/v2\/types\/product"}],"replies":[{"embeddable":true,"href":"https:\/\/startmeabiz.com\/fr\/wp-json\/wp\/v2\/comments?post=457"}],"wp:featuredmedia":[{"embeddable":true,"href":"https:\/\/startmeabiz.com\/fr\/wp-json\/wp\/v2\/media\/464"}],"wp:attachment":[{"href":"https:\/\/startmeabiz.com\/fr\/wp-json\/wp\/v2\/media?parent=457"}],"wp:term":[{"taxonomy":"product_brand","embeddable":true,"href":"https:\/\/startmeabiz.com\/fr\/wp-json\/wp\/v2\/product_brand?post=457"},{"taxonomy":"product_cat","embeddable":true,"href":"https:\/\/startmeabiz.com\/fr\/wp-json\/wp\/v2\/product_cat?post=457"},{"taxonomy":"product_tag","embeddable":true,"href":"https:\/\/startmeabiz.com\/fr\/wp-json\/wp\/v2\/product_tag?post=457"}],"curies":[{"name":"wp","href":"https:\/\/api.w.org\/{rel}","templated":true}]}}