{"id":446,"date":"2023-02-21T12:38:09","date_gmt":"2023-02-21T18:38:09","guid":{"rendered":"https:\/\/startmeabiz.com\/product\/folding-laptop-holder-pc-stand-with-stretching-legs-and-adjusting-angles-for-1116-inch-computer-notebook-portable-lapdesk\/"},"modified":"2025-12-03T03:26:50","modified_gmt":"2025-12-03T09:26:50","slug":"support-pliable-pour-ordinateur-portable-ou-tablette-ideal-pour-voyager","status":"publish","type":"product","link":"https:\/\/startmeabiz.com\/fr\/produit\/support-pliable-pour-ordinateur-portable-ou-tablette-ideal-pour-voyager\/","title":{"rendered":"Support pliable pour ordinateur portable ou tablette, id\u00e9al pour voyager."},"content":{"rendered":"<div>\n<h2 style=\"text-align: center;\"><strong>D\u00c9PENSEZ MOINS, \u00c9CONOMISEZ PLUS\u00a0! ACHETEZ UN <em>SUPPORT PLIABLE POUR ORDINATEUR PORTABLE OU TABLETTE, FACILE \u00c0 TRANSPORTER EN VOYAGE<\/em> PROFITEZ-EN MAINTENANT ET \u00c9CONOMISEZ <\/strong><span class=\"ads-addon-you_save\" data-currency=\"USD\">$10.95<\/span><\/h2>\n<p style=\"text-align: center;\">Nous baissons les prix pour vous permettre de faire des \u00e9conomies ! Alors si vous \u00eates \u00e0 la recherche du produit parfait, c&#039;est le moment !<strong> Support pliable pour ordinateur portable ou tablette, id\u00e9al pour voyager.<\/strong>, d\u00e9couvrez notre s\u00e9lection d\u00e8s maintenant pour <span style=\"color: #e03e2d;\"><strong>30% <\/strong><span style=\"color: #000000;\">d\u00e9sactiv\u00e9<\/span><\/span> et \u00e9conomisez <span class=\"ads-addon-you_save\" data-currency=\"USD\">$10.95<\/span>. Alors, qu&#039;attendez-vous ?<\/p>\n<p style=\"text-align: center;\">Notre magasin s&#039;engage \u00e0 vous offrir une exp\u00e9rience d&#039;achat optimale. C&#039;est pourquoi nous nous engageons \u00e0 respecter les points suivants\u00a0:<\/p>\n<ul>\n<li>100% Satisfaction<\/li>\n<li>Paiement s\u00e9curis\u00e9 100%<\/li>\n<li>Politique de retour facile pour 100%<\/li>\n<\/ul>\n<p style=\"text-align: center;\">Cette offre ne durera pas \u00e9ternellement, alors <span style=\"color: #2dc26b;\"><strong><span class=\"ads-addon-add-to-cart\">AJOUTER AU PANIER<\/span><\/strong> <\/span>maintenant!<\/p>\n<p><center><img decoding=\"async\" class=\"aligncenter\" style=\"font-family: arial , helvetica , sans-serif; margin: 0.0px; padding: 0.0px; border: 0.0px; font-style: inherit; font-weight: inherit; font-size: 0.0px; line-height: inherit; vertical-align: middle; color: transparent; width: 800.0px;\" src=\"\/\/ae01.alicdn.com\/kf\/HTB1I3gVrIuYBuNkSmRyq6AA3pXad.jpg?width=800&amp;height=800&amp;hash=1600\" alt=\"Support pliable pour ordinateur portable ou tablette, id\u00e9al pour voyager.\" width=\"800\" height=\"800\" \/><\/center><center><a href=\"#addtocart\" class=\"button secondary is-secondary is-medium\" >\n\t\t<span>ACHETEZ MAINTENANT !<\/span>\n\t<\/a>\n<\/center><\/p>\n<hr \/>\n<h2 style=\"text-align: center;\"><strong>PLUS D&#039;INFORMATIONS SUR <em>SUPPORT PLIABLE POUR ORDINATEUR PORTABLE OU TABLETTE, FACILE \u00c0 TRANSPORTER EN VOYAGE<\/em><\/strong><\/h2>\n<ul style=\"text-align: center;\">\n<li style=\"text-align: left;\"><strong>Couleur:<\/strong> Noir\/Blanc<\/li>\n<li style=\"text-align: left;\"><strong>Taille de l&#039;article\u00a0:<\/strong> 20 x 5 x 2 cm<\/li>\n<li style=\"text-align: left;\"><strong>Dimensions de l&#039;emballage\u00a0:<\/strong> 21*6*3 cm<\/li>\n<li style=\"text-align: left;\"><strong>Mat\u00e9riel:<\/strong>\u00a0 ABS + m\u00e9tal<\/li>\n<\/ul>\n<p><center><img decoding=\"async\" class=\"aligncenter\" style=\"font-family: arial , helvetica , sans-serif; margin: 0.0px; padding: 0.0px; border: 0.0px; font-style: inherit; font-weight: inherit; font-size: 0.0px; line-height: inherit; vertical-align: middle; color: transparent; width: 800.0px;\" src=\"\/\/ae01.alicdn.com\/kf\/HTB1zO0hAgaTBuNjSszfq6xgfpXaU.jpg?width=800&amp;height=800&amp;hash=1600\" alt=\"Support pliable pour ordinateur portable ou tablette, id\u00e9al pour voyager.\" width=\"800\" height=\"800\" \/><\/center><\/p>\n<div style=\"text-align: center;\"><strong><span style=\"color: #000000; font-family: arial, helvetica, sans-serif;\">Caract\u00e9ristiques:<\/span><\/strong><\/div>\n<ul>\n<li><span style=\"color: #000000; font-family: arial, helvetica, sans-serif;\">100%, tout neuf et de haute qualit\u00e9.<\/span><\/li>\n<li><span style=\"color: #000000; font-family: arial, helvetica, sans-serif;\">Pliage multifonctionnel pour une utilisation portable et pratique.<\/span><\/li>\n<li><span style=\"color: #000000; font-family: arial, helvetica, sans-serif;\">Con\u00e7u avec un pied secondaire repliable, inclin\u00e9 de fa\u00e7on optimale pour la frappe sur le clavier virtuel d&#039;un ordinateur portable.<\/span><\/li>\n<li><span style=\"color: #000000; font-family: arial, helvetica, sans-serif;\">Il est sp\u00e9cialement con\u00e7u pour ceux qui souhaitent travailler sur leur ordinateur portable.<\/span><\/li>\n<li><span style=\"color: #000000; font-family: arial, helvetica, sans-serif;\">Professionnel pour ordinateur portable.<\/span><\/li>\n<li><span style=\"color: #000000; font-family: arial, helvetica, sans-serif;\">Pratique, durable et parfait pour un usage quotidien.<\/span><\/li>\n<li><span style=\"color: #000000; font-family: arial, helvetica, sans-serif;\">Elle pr\u00e9sente une belle apparence et se plie pour un format compact.<\/span><\/li>\n<\/ul>\n<p><center><img decoding=\"async\" class=\"aligncenter\" src=\"\/\/sc02.alicdn.com\/kf\/HTB1VACqtuSSBuNjy0Flq6zBpVXav\/202114827\/HTB1VACqtuSSBuNjy0Flq6zBpVXav.jpg\" alt=\"Support pliable pour ordinateur portable ou tablette, id\u00e9al pour voyager.\" width=\"789\" height=\"593\" \/><\/center><\/p>\n<div>\n<p style=\"text-align: center;\"><strong>Le paquet comprend\u00a0:<\/strong><\/p>\n<ul>\n<li>1 support pour ordinateur portable<\/li>\n<\/ul>\n<\/div>\n<p style=\"text-align: center;\"><img decoding=\"async\" class=\"aligncenter\" src=\"\/\/sc02.alicdn.com\/kf\/HTB1HnYzRXXXXXa3XVXXq6xXFXXXx\/202114827\/HTB1HnYzRXXXXXa3XVXXq6xXFXXXx.jpg\" alt=\"Support pliable pour ordinateur portable ou tablette, id\u00e9al pour voyager.\" width=\"787\" height=\"538\" \/><\/p>\n<p style=\"text-align: center;\">De plus, n&#039;oubliez pas que nous vous rembourserons si vous n&#039;\u00eates pas satisfait de votre achat, alors passez commande d\u00e8s maintenant !<\/p>\n<p><center><img decoding=\"async\" class=\"aligncenter\" style=\"font-family: arial , helvetica , sans-serif; margin: 0.0px; padding: 0.0px; border: 0.0px; font-style: inherit; font-weight: inherit; font-size: 0.0px; line-height: inherit; vertical-align: middle; color: transparent; width: 800.0px;\" src=\"\/\/ae01.alicdn.com\/kf\/HTB1E20RAeuSBuNjSsplq6ze8pXa6.jpg?width=800&amp;height=800&amp;hash=1600\" alt=\"Support pliable pour ordinateur portable ou tablette, id\u00e9al pour voyager.\" width=\"800\" height=\"800\" \/><\/center><center><a href=\"#addtocart\" class=\"button secondary is-secondary is-medium\" >\n\t\t<span>ACHETEZ MAINTENANT !<\/span>\n\t<\/a>\n<\/center><\/p>\n<hr \/>\n<h2 class=\"qa-title\" style=\"text-align: center;\"><strong>QUESTIONS ET R\u00c9PONSES SUR LES PRODUITS<\/strong><\/h2>\n<p style=\"text-align: center;\"><span class=\"qa-item-question\"><strong>Puis-je \u00eatre s\u00fbr que les couleurs sur les photos correspondent aux couleurs r\u00e9elles\u00a0?<\/strong><\/span><br \/>\n<span class=\"qa-item-answer\">Les photos de <strong>Support pliable pour ordinateur portable ou tablette, id\u00e9al pour voyager.<\/strong> Les couleurs affich\u00e9es peuvent l\u00e9g\u00e8rement diff\u00e9rer des couleurs r\u00e9elles du produit. Toutefois, selon le calibrage de votre \u00e9cran, il est possible que la teinte affich\u00e9e soit l\u00e9g\u00e8rement diff\u00e9rente.<\/span><\/p>\n<p><center><img decoding=\"async\" class=\"aligncenter\" style=\"margin: -15px 0px 0px; padding: 0px; border: 0px; font-style: inherit; font-weight: inherit; font-size: 0px; line-height: inherit; vertical-align: middle; color: transparent; width: 655px; height: 655px;\" src=\"\/\/sc01.alicdn.com\/kf\/HTB1tYDPRXXXXXXFXFXXq6xXFXXXt\/202114827\/HTB1tYDPRXXXXXXFXFXXq6xXFXXXt.jpg\" alt=\"Support pliable pour ordinateur portable ou tablette, id\u00e9al pour voyager.\" width=\"1000\" height=\"1000\" \/><\/center><\/p>\n<p style=\"text-align: center;\"><span class=\"qa-item-question\"><strong>Vos produits sont-ils conformes aux normes de fabrication ?<\/strong><\/span><br \/>\n<span class=\"qa-item-answer\">Il n&#039;y a pas lieu de s&#039;inqui\u00e9ter car notre fournisseur fabrique le <strong>Support pliable pour ordinateur portable ou tablette, id\u00e9al pour voyager.<\/strong> respectant toutes les normes requises. Alors, n&#039;ayez crainte.<\/span><\/p>\n<p style=\"text-align: center;\"><span class=\"qa-item-question\"><strong>J&#039;aime votre <em>Support pour ordinateur portable l\u00e9ger et r\u00e9glable<\/em>Quel est le prix ?<\/strong><\/span><br \/>\n<span class=\"qa-item-answer\">Le prix est <span class=\"ads-addon-price\" data-currency=\"USD\">$22.95<\/span>. Alors, profitez bien de votre achat !<\/span><\/p>\n<p><center><img decoding=\"async\" class=\"aligncenter\" src=\"\/\/sc02.alicdn.com\/kf\/HTB1CobiRXXXXXb7apXXq6xXFXXXO\/202114827\/HTB1CobiRXXXXXb7apXXq6xXFXXXO.jpg\" alt=\"Support pliable pour ordinateur portable ou tablette, id\u00e9al pour voyager.\" width=\"750\" height=\"465\" \/><\/center><\/p>\n<p style=\"text-align: center;\"><span class=\"qa-item-question\"><strong>Devrai-je payer des frais suppl\u00e9mentaires lors de l&#039;achat de votre <em>Support pliable pour ordinateur portable ou tablette ?<\/em><\/strong><\/span><br \/>\n<span class=\"qa-item-answer\">La section \u00ab\u00a0Prix total\u00a0\u00bb de la page de paiement affiche tous les frais applicables. Aucun paiement suppl\u00e9mentaire ne sera requis ensuite. Vous n&#039;avez donc aucun souci \u00e0 vous faire.<\/span><\/p>\n<p><center><img decoding=\"async\" class=\"aligncenter\" style=\"margin: 0px; padding: 0px; border: 0px; font-style: inherit; font-weight: inherit; font-size: 0px; line-height: inherit; vertical-align: middle; color: transparent; width: 799px; height: 940px;\" src=\"\/\/sc01.alicdn.com\/kf\/HTB1fXbFRXXXXXcUXFXXq6xXFXXXj\/202114827\/HTB1fXbFRXXXXXcUXFXXq6xXFXXXj.jpg\" alt=\"Support pliable pour ordinateur portable ou tablette, id\u00e9al pour voyager.\" width=\"750\" height=\"825\" \/><\/center><\/p>\n<p style=\"text-align: center;\"><span class=\"qa-item-question\"><strong>Que disent les autres acheteurs de votre Compact et <em>Un mini-support fiable pour iPad, tablettes ou ordinateurs portables ?<\/em><\/strong><\/span><br \/>\n<span class=\"qa-item-answer\">Nous avons re\u00e7u de nombreux commentaires positifs concernant notre <strong>Support portable pour ordinateur portable en alliage d&#039;aluminium<\/strong> car ils sont tous ravis de leur achat et le trouvent vraiment g\u00e9nial, louant son excellent rapport qualit\u00e9-prix.\u00a0<\/span><\/p>\n<p style=\"text-align: center;\"><img decoding=\"async\" class=\"aligncenter\" src=\"\/\/sc02.alicdn.com\/kf\/HTB1n_byRXXXXXccXVXXq6xXFXXXM\/202114827\/HTB1n_byRXXXXXccXVXXq6xXFXXXM.jpg\" alt=\"Support pliable pour ordinateur portable ou tablette, id\u00e9al pour voyager.\" width=\"800\" height=\"800\" \/><\/p>\n<p style=\"text-align: center;\"><span class=\"qa-item-question\"><strong>J&#039;esp\u00e8re que vous autorisez vos clients \u00e0 laisser des avis sur vos produits.<\/strong><\/span><br \/>\n<span class=\"qa-item-answer\">Nous respectons l&#039;avis de nos clients. N&#039;h\u00e9sitez donc pas \u00e0 partager votre exp\u00e9rience pour nous aider \u00e0 nous am\u00e9liorer. Vous n&#039;avez donc aucune inqui\u00e9tude \u00e0 avoir.<\/span><\/p>\n<p><center><img decoding=\"async\" class=\"aligncenter\" style=\"font-family: arial , helvetica , sans-serif; margin: 0.0px; padding: 0.0px; border: 0.0px; font-style: inherit; font-weight: inherit; font-size: 0.0px; line-height: inherit; vertical-align: middle; color: transparent; width: 800.0px;\" src=\"\/\/ae01.alicdn.com\/kf\/HTB1uXXGAf9TBuNjy0Fcq6zeiFXam.jpg?width=800&amp;height=800&amp;hash=1600\" alt=\"Support pliable pour ordinateur portable ou tablette, id\u00e9al pour voyager.\" width=\"800\" height=\"800\" \/><\/center><center><a href=\"#addtocart\" class=\"button secondary is-secondary is-medium\" >\n\t\t<span>ACHETEZ MAINTENANT !<\/span>\n\t<\/a>\n<\/center><\/p>\n<hr \/>\n<h2 class=\"qa-title\" style=\"text-align: center;\"><strong>POLITIQUES DE COMMANDE ET DE MAGASIN<\/strong><\/h2>\n<p style=\"text-align: center;\"><span class=\"qa-item-question\"><strong>Je souhaite acheter plusieurs exemplaires de cet article. Seront-ils livr\u00e9s ensemble\u00a0?<\/strong><\/span><br \/>\n<span class=\"qa-item-answer\">Lorsque vous commandez plusieurs unit\u00e9s du m\u00eame article, elles arrivent toujours ensemble, mais nous les emballons g\u00e9n\u00e9ralement s\u00e9par\u00e9ment.<\/span><\/p>\n<p style=\"text-align: center;\"><img decoding=\"async\" class=\"aligncenter\" src=\"\/\/sc01.alicdn.com\/kf\/HTB1ZejBRXXXXXavXVXXq6xXFXXX5\/202114827\/HTB1ZejBRXXXXXavXVXXq6xXFXXX5.jpg\" alt=\"Support pliable pour ordinateur portable ou tablette, id\u00e9al pour voyager.\" width=\"750\" height=\"821\" \/><\/p>\n<p style=\"text-align: center;\"><span class=\"qa-item-question\"><strong>Comment s&#039;assurer qu&#039;il n&#039;arrive rien au <em>Support robuste et compact pour tablette ou ordinateur portable<\/em> pendant le transport ?<\/strong><\/span><br \/>\n<span class=\"qa-item-answer\">Nous emballons correctement toutes les commandes afin d&#039;\u00e9viter que vos achats ne soient endommag\u00e9s pendant le transport, vous n&#039;avez donc pas \u00e0 vous inqui\u00e9ter.<\/span><\/p>\n<p><center><img decoding=\"async\" class=\"aligncenter\" style=\"font-family: arial , helvetica , sans-serif; margin: 0.0px; padding: 0.0px; border: 0.0px; font-style: inherit; font-weight: inherit; font-size: 0.0px; line-height: inherit; vertical-align: middle; color: transparent; width: 800.0px;\" src=\"\/\/ae01.alicdn.com\/kf\/HTB1_FXGAf9TBuNjy0Fcq6zeiFXa2.jpg?width=679&amp;height=679&amp;hash=1358\" alt=\"Support pliable pour ordinateur portable ou tablette, id\u00e9al pour voyager.\" width=\"679\" height=\"679\" \/><\/center><\/p>\n<p style=\"text-align: center;\"><span class=\"qa-item-question\"><strong>Puis-je recevoir ma commande plus rapidement si j&#039;utilise un mode de paiement sp\u00e9cifique\u00a0?<\/strong><\/span><br \/>\n<span class=\"qa-item-answer\">Nous mettons tout en \u0153uvre pour traiter votre commande au plus vite. Vous pouvez choisir le mode de paiement qui vous convient, sans incidence sur le d\u00e9lai de livraison. Choisissez donc l&#039;option qui vous arrange le mieux\u00a0!<\/span><\/p>\n<p style=\"text-align: center;\"><img decoding=\"async\" class=\"aligncenter\" src=\"\/\/sc01.alicdn.com\/kf\/HTB1n_ngRXXXXXb_apXXq6xXFXXXf\/202114827\/HTB1n_ngRXXXXXb_apXXq6xXFXXXf.jpg\" alt=\"Support pliable pour ordinateur portable ou tablette, id\u00e9al pour voyager.\" width=\"867\" height=\"599\" \/><\/p>\n<p style=\"text-align: center;\"><span class=\"qa-item-question\"><strong>Je souhaite commander, mais combien d&#039;entre eux sont en stock ?<\/strong><\/span><br \/>\n<span class=\"qa-item-answer\">Le nombre de ces produits en stock varie quotidiennement en fonction de l&#039;activit\u00e9 des acheteurs et des fabricants. Il n&#039;y a donc pas lieu de s&#039;inqui\u00e9ter\u00a0: si la mention \u2019\u00a0Rupture de stock\u00a0\u2019 n&#039;appara\u00eet pas sur la page du produit, cela signifie qu&#039;il est disponible. <strong>Support pour ordinateur portable l\u00e9ger et r\u00e9glable<\/strong> peut \u00eatre achet\u00e9 en toute s\u00e9curit\u00e9.<\/span><\/p>\n<p><center><img decoding=\"async\" class=\"aligncenter\" style=\"font-family: arial, helvetica, sans-serif; margin: 0px; padding: 0px; border: 0px; font-style: inherit; font-weight: inherit; font-size: 0px; line-height: inherit; vertical-align: middle; color: transparent; width: 799px;\" src=\"\/\/ae01.alicdn.com\/kf\/HTB1xwuqAhSYBuNjSspjq6x73VXas.jpg?width=1024&amp;height=1024&amp;hash=2048\" alt=\"Support pliable pour ordinateur portable ou tablette, id\u00e9al pour voyager.\" width=\"1024\" height=\"799\" \/><\/center><\/p>\n<p style=\"text-align: center;\"><span class=\"qa-item-question\"><strong>Est-ce une transaction s\u00fbre ?<\/strong><\/span><br \/>\n<span class=\"qa-item-answer\">Nous attachons une grande importance \u00e0 notre r\u00e9putation et souhaitons satisfaire pleinement chacun de nos clients. Consultez leurs avis\u00a0: vous constaterez qu\u2019ils ont \u00e9t\u00e9 pleinement satisfaits\u00a0! Alors, n\u2019ayez aucune inqui\u00e9tude\u00a0!<\/span><\/p>\n<p><img decoding=\"async\" class=\"aligncenter\" src=\"\/\/sc01.alicdn.com\/kf\/HTB10pDhRXXXXXbVapXXq6xXFXXXr\/202114827\/HTB10pDhRXXXXXbVapXXq6xXFXXXr.jpg\" alt=\"Support pliable pour ordinateur portable ou tablette, id\u00e9al pour voyager.\" width=\"790\" height=\"757\" \/><\/p>\n<p style=\"text-align: center;\"><span class=\"qa-item-question\"><strong>Vendez-vous ces produits l\u00e9galement ?<\/strong><\/span><br \/>\n<span class=\"qa-item-answer\">Tous nos produits, y compris le support pliable pour ordinateur portable ou tablette id\u00e9al pour les voyages, sont distribu\u00e9s l\u00e9galement. En d&#039;autres termes, vous n&#039;avez aucune raison de vous inqui\u00e9ter.<\/span><\/p>\n<\/div>\n<p><iframe style=\"display: none;\" src=\"about:blank\"><\/iframe><\/p>\n<p><iframe style=\"display: none;\" src=\"about:blank\"><\/iframe><\/p>","protected":false},"excerpt":{"rendered":"<p>D\u00e9sormais, vous pouvez travailler confortablement o\u00f9 que vous soyez gr\u00e2ce \u00e0 ceci. <strong>Support pliable pour ordinateur portable ou tablette, id\u00e9al pour voyager facilement !\u00a0<\/strong>Obtenez-le maintenant !<\/p>\n<p><iframe style=\"display: none;\" src=\"about:blank\"><\/iframe><\/p>\n<p><iframe style=\"display: none;\" src=\"about:blank\"><\/iframe><\/p>","protected":false},"featured_media":449,"comment_status":"open","ping_status":"closed","template":"","meta":{"slim_seo":{"title":"Support pliable pour ordinateur portable ou tablette, id\u00e9al pour voyager.","description":"Achetez un support pliable pour ordinateur portable ou tablette, id\u00e9al pour voyager l\u00e9ger, sur startmeabiz.com\u00a0! Livraison gratuite dans 185 pays. Garantie satisfait ou rembours\u00e9 de 45 jours."}},"product_brand":[],"product_cat":[28,48,35],"product_tag":[461,462,460,81,79,82,80],"class_list":{"0":"post-446","1":"product","2":"type-product","3":"status-publish","4":"has-post-thumbnail","6":"product_cat-new-arrivals","7":"product_cat-laptop-stands","8":"product_cat-tablet-stands","9":"product_tag-compact-stand","10":"product_tag-computer-stand","11":"product_tag-foldable-stand","12":"product_tag-laptop-accessories","13":"product_tag-laptop-stands","14":"product_tag-tablet-accessories","15":"product_tag-tablet-stands","16":"tm-has-styled-variations","17":"tm-variations-only","19":"first","20":"instock","21":"sale","22":"taxable","23":"shipping-taxable","24":"purchasable","25":"product-type-variable"},"_links":{"self":[{"href":"https:\/\/startmeabiz.com\/fr\/wp-json\/wp\/v2\/product\/446","targetHints":{"allow":["GET"]}}],"collection":[{"href":"https:\/\/startmeabiz.com\/fr\/wp-json\/wp\/v2\/product"}],"about":[{"href":"https:\/\/startmeabiz.com\/fr\/wp-json\/wp\/v2\/types\/product"}],"replies":[{"embeddable":true,"href":"https:\/\/startmeabiz.com\/fr\/wp-json\/wp\/v2\/comments?post=446"}],"wp:featuredmedia":[{"embeddable":true,"href":"https:\/\/startmeabiz.com\/fr\/wp-json\/wp\/v2\/media\/449"}],"wp:attachment":[{"href":"https:\/\/startmeabiz.com\/fr\/wp-json\/wp\/v2\/media?parent=446"}],"wp:term":[{"taxonomy":"product_brand","embeddable":true,"href":"https:\/\/startmeabiz.com\/fr\/wp-json\/wp\/v2\/product_brand?post=446"},{"taxonomy":"product_cat","embeddable":true,"href":"https:\/\/startmeabiz.com\/fr\/wp-json\/wp\/v2\/product_cat?post=446"},{"taxonomy":"product_tag","embeddable":true,"href":"https:\/\/startmeabiz.com\/fr\/wp-json\/wp\/v2\/product_tag?post=446"}],"curies":[{"name":"wp","href":"https:\/\/api.w.org\/{rel}","templated":true}]}}