{"id":394,"date":"2022-07-05T16:00:28","date_gmt":"2022-07-05T21:00:28","guid":{"rendered":"https:\/\/startmeabiz.com\/product\/bluetooth-laser-keyboard-wireless-virtual-projection-keyboard-portable-for-iphone-android-smart-phone-ipad-tablet-pc-notebook\/"},"modified":"2025-12-03T04:22:40","modified_gmt":"2025-12-03T10:22:40","slug":"clavier-laser-bluetooth","status":"publish","type":"product","link":"https:\/\/startmeabiz.com\/fr\/produit\/clavier-laser-bluetooth\/","title":{"rendered":"Clavier laser Bluetooth"},"content":{"rendered":"<h1 style=\"text-align: center;\"><strong>IL EST TEMPS D&#039;\u00c9CONOMISER 50% SUR <em>CLAVIER DE PROJECTION LASER PORTABLE<\/em>\u00a0<\/strong><\/h1>\n<p style=\"text-align: center;\">Les soldes sont synonymes d&#039;\u00e9conomies. <strong>Note le clavier de projection laser portable<\/strong> Vous cherchiez le produit id\u00e9al\u00a0? Profitez d&#039;une r\u00e9duction exceptionnelle sur le 50%\u00a0! Achetez en toute confiance dans notre boutique\u00a0: prix le plus bas et satisfaction garantie.<\/p>\n<p style=\"text-align: center;\">De plus, nous pouvons livrer tous nos produits, y compris les <strong>Clavier de projection virtuelle Bluetooth<\/strong>, vers n&#039;importe quel pays, et si quelque chose ne vous convient pas concernant votre commande, n&#039;h\u00e9sitez pas \u00e0 demander un remboursement et \u00e0 profiter de notre politique de retour avantageuse pour l&#039;acheteur.<\/p>\n<p style=\"text-align: center;\">Toutefois, avant de commander, veuillez vous assurer d&#039;avoir choisi le bon produit.<\/p>\n<p><span style=\"font-size: 18px;\"><img decoding=\"async\" class=\"aligncenter\" src=\"\/\/ae01.alicdn.com\/kf\/HTB1SJ3OQ4TpK1RjSZFMq6zG_VXaD.jpg\" width=\"801\" height=\"801\" \/><\/span><\/p>\n<p style=\"text-align: center;\"><a href=\"#addtocart\" class=\"button primary is-primary is-medium\" >\n\t\t<span>COMMANDEZ LE V\u00d4TRE !<\/span>\n\t<\/a>\n\n<hr \/>\n<h2 style=\"text-align: center;\"><strong><em>Clavier \u00e0 projection laser<\/em> D\u00e9tails:<\/strong><\/h2>\n<p><u><strong>Sp\u00e9cification:<\/strong><\/u><br \/>\n1. Projecteur de motifs\u00a0: disposition du clavier (espacement d&#039;environ 19\u00a0mm), source lumineuse\u00a0: laser rouge<br \/>\n2. Dimensions du clavier (souris)\u00a0: Largeur\u00a0: environ 240\u00a0mm, Hauteur\u00a0: environ 100\u00a0mm<br \/>\n3. Emplacement du clavier (souris)\u00a0: \u00e0 environ 80\u00a0mm du bas de l\u2019appareil<br \/>\n4. Surface du projet : Surface plane, opaque et non r\u00e9fl\u00e9chissante<br \/>\n5. Taux de reconnaissance : environ jusqu&#039;\u00e0 350 caract\u00e8res par minute<br \/>\n6. Surface de travail : Toute surface plane et ferme<br \/>\n7. Alimentation externe\u00a0: alimentation USB \/ moins de 5\u00a0V 500\u00a0mA<br \/>\n8. Batterie et capacit\u00e9 : Batterie lithium-ion polym\u00e8re, 700 mAh (max.) \u00e0 3,7 V<br \/>\n9. Autonomie de la batterie : environ 150 min<br \/>\n10. Temps de charge de la batterie\u00a0: environ 90\u00a0minutes<br \/>\n11. Bluetooth (bm20730) : V3.0, profil HID version 1.0<br \/>\n12. Plage de fr\u00e9quences : 2402-2480 MHz<br \/>\n13 Canal : 79<br \/>\n14. Dimensions du produit (mm) : 78 mm x 40 mm x 20 mm<br \/>\n15. Poids du produit (g) : 60 g<\/p>\n<p style=\"text-align: center;\"><u><strong>Emballage inclus:<\/strong><\/u><\/p>\n<ul>\n<li style=\"text-align: left;\">1 x Clavier \u00e0 projection laser.<\/li>\n<li style=\"text-align: left;\">1 c\u00e2ble USB et manuel d&#039;utilisation.<span style=\"font-size: 18px;\"><img decoding=\"async\" class=\"aligncenter\" src=\"https:\/\/startmeabiz.com\/wp-content\/uploads\/2022\/07\/394-649ca6.jpeg\" width=\"801\" height=\"601\" \/><\/span><\/li>\n<\/ul>\n<p style=\"text-align: center;\"><a href=\"#addtocart\" class=\"button primary is-primary is-medium\" >\n\t\t<span>COMMANDEZ LE V\u00d4TRE !<\/span>\n\t<\/a>\n\n<hr \/>\n<h2 class=\"qa-title\" style=\"text-align: center;\"><strong>QUESTIONS ET R\u00c9PONSES SUR LES PRODUITS<\/strong><\/h2>\n<p style=\"text-align: center;\"><span class=\"qa-item-question\"><strong>Les couleurs sur les photos diff\u00e8rent-elles des couleurs r\u00e9elles\u00a0?<\/strong><\/span><br \/>\n<span class=\"qa-item-answer\">Les couleurs des images de nos<strong> Clavier de projection laser portable<\/strong> Les couleurs sont r\u00e9elles. Certains appareils peuvent l\u00e9g\u00e8rement diff\u00e9rer. Assurez-vous donc que le v\u00f4tre affiche la r\u00e9alit\u00e9.<\/span><\/p>\n<p style=\"text-align: center;\"><span class=\"qa-item-question\"><strong>Vos produits sont-ils conformes aux normes de fabrication ?<\/strong><\/span><br \/>\n<span class=\"qa-item-answer\">Assur\u00e9ment, il n&#039;y a pas lieu de s&#039;inqui\u00e9ter car notre fournisseur fabrique le <strong>Clavier de projection laser portable<\/strong> Conform\u00e9ment \u00e0 toutes les normes requises. Il n&#039;y a donc pas lieu de s&#039;inqui\u00e9ter.<\/span><\/p>\n<p><span style=\"font-size: 18px;\"><img decoding=\"async\" class=\"aligncenter\" src=\"\/\/ae01.alicdn.com\/kf\/HTB1a0cGQ3TqK1RjSZPhq6xfOFXaD.jpg\" width=\"800\" height=\"800\" \/><\/span><\/p>\n<p style=\"text-align: center;\"><span class=\"qa-item-question\"><strong>J&#039;ai des doutes quant \u00e0 son accessibilit\u00e9 financi\u00e8re.<\/strong><\/span><br \/>\n<span class=\"qa-item-answer\">D&#039;apr\u00e8s nos recherches, <span class=\"ads-addon-price\" data-currency=\"USD\">$49.95<\/span> Ce prix est tout \u00e0 fait raisonnable pour un tel produit. De plus, nombre de nos concurrents pratiquent des prix plus \u00e9lev\u00e9s. Nous vous proposons donc la meilleure offre\u00a0!<\/span><\/p>\n<p style=\"text-align: center;\"><span class=\"qa-item-question\"><strong>Cela ne co\u00fbte que <span class=\"ads-addon-price\" data-currency=\"USD\">$49.95<\/span>. Quel est le pi\u00e8ge ?<\/strong><\/span><br \/>\n<span class=\"qa-item-answer\">Nous mettons tout en \u0153uvre pour r\u00e9duire les co\u00fbts de stockage, de transport, etc. C&#039;est pourquoi nous pouvons vous proposer le meilleur prix\u00a0! Sans surprise\u00a0!<\/span><\/p>\n<p style=\"text-align: center;\"><span class=\"qa-item-question\"><strong>Puis-je obtenir un remboursement si je ne trouve pas le<em> Clavier de projection laser portable<\/em> appropri\u00e9?<\/strong><\/span><br \/>\n<span class=\"qa-item-answer\">N&#039;h\u00e9sitez pas \u00e0 nous faire part de tout probl\u00e8me concernant votre commande. Nous trouverons ensemble une solution\u00a0! De plus, si cela ne suffit pas, nous vous rembourserons int\u00e9gralement. Vous \u00eates entre de bonnes mains\u00a0!<\/span><\/p>\n<p><span style=\"font-size: 18px;\"><img decoding=\"async\" class=\"aligncenter\" src=\"\/\/ae01.alicdn.com\/kf\/HTB1.KoOQ4TpK1RjSZFMq6zG_VXax.jpg\" width=\"800\" height=\"800\" \/><\/span><\/p>\n<hr \/>\n<h2 style=\"text-align: center;\"><strong><span style=\"color: #666666; font-size: 1.25rem;\">POLITIQUES DE COMMANDE ET DE MAGASIN<\/span><\/strong><\/h2>\n<p style=\"text-align: center;\"><span class=\"qa-item-question\"><strong>Pouvez-vous me garantir que mon <em>Clavier de projection laser portable<\/em> arrivera-t-il sain et sauf ?<\/strong><\/span><br \/>\n<span class=\"qa-item-answer\">Tout d&#039;abord, nous appliquons une politique stricte de fabrication d&#039;emballages r\u00e9sistants et s\u00e9curis\u00e9s afin d&#039;\u00e9viter tout dommage aux articles command\u00e9s. Vous avez ainsi la garantie de recevoir votre commande en parfait \u00e9tat.<\/span><\/p>\n<p style=\"text-align: center;\"><span class=\"qa-item-question\"><strong>Ne puis-je pas simplement acheter le<em> Clavier de projection virtuelle Bluetooth<\/em> hors ligne ?<\/strong><\/span><br \/>\n<span class=\"qa-item-answer\">En r\u00e8gle g\u00e9n\u00e9rale, les magasins physiques proposent une gamme de produits plus restreinte. De plus, leurs prix sont g\u00e9n\u00e9ralement beaucoup plus \u00e9lev\u00e9s en raison des nombreux frais d&#039;exploitation suppl\u00e9mentaires.<\/span><\/p>\n<p><span style=\"font-size: 18px;\"><img decoding=\"async\" class=\"aligncenter\" src=\"\/\/ae01.alicdn.com\/kf\/HTB1GtcMQ8LoK1RjSZFuq6xn0XXaK.jpg\" width=\"801\" height=\"801\" \/><\/span><\/p>\n<p style=\"text-align: center;\"><strong>Est-ce une transaction s\u00fbre ?<\/strong><br \/>\nNous attachons une grande importance \u00e0 notre r\u00e9putation et souhaitons satisfaire pleinement chacun de nos clients. Consultez d&#039;ailleurs les avis de nos clients\u00a0: vous constaterez qu&#039;ils ont obtenu exactement ce qu&#039;ils attendaient\u00a0! Alors, n&#039;ayez aucune inqui\u00e9tude\u00a0!<\/p>\n<p style=\"text-align: center;\"><span class=\"qa-item-question\"><strong>La vente de ces produits est-elle parfaitement l\u00e9gale ?<\/strong><\/span><br \/>\n<span class=\"qa-item-answer\">Vous n&#039;avez absolument aucune raison de vous inqui\u00e9ter d&#039;\u00e9ventuels probl\u00e8mes juridiques, car nous respectons toutes les exigences officielles. Alors, rassurez-vous !<\/span><\/p>\n<p><span style=\"font-size: 18px;\"><img decoding=\"async\" class=\"aligncenter\" src=\"\/\/ae01.alicdn.com\/kf\/HTB18OQQQ7zoK1RjSZFlq6yi4VXaj.jpg\" width=\"800\" height=\"800\" \/><\/span><\/p>\n<p style=\"text-align: center;\"><a href=\"#addtocart\" class=\"button primary is-primary is-medium\" >\n\t\t<span>COMMANDEZ LE V\u00d4TRE !<\/span>\n\t<\/a>\n\n<hr \/>\n<p><a href=\"https:\/\/refuseyoulose.com\/product-category\/deals-for-men\/sportswear-for-men\/\"><img decoding=\"async\" class=\"wp-image-189523 aligncenter\" src=\"https:\/\/refuseyoulose.com\/wp-content\/uploads\/2019\/06\/Long-Sleeve-Spider-Man-Workout-Shirt-size-SmallMediumLargeXL2XL3XL-Refuse-You-Lose-1.png\" alt=\"\" width=\"800\" height=\"450\" \/><\/a><\/p>\n<hr \/>\n<div style=\"clear: both;\">\n<p><a href=\"https:\/\/drkillpain.com\/product-category\/protection-against-covid-19\/face-masks-face-shields\/face-masks\/jackets-with-face-mask\/\"><img decoding=\"async\" class=\"wp-image-189522 aligncenter\" src=\"https:\/\/refuseyoulose.com\/wp-content\/uploads\/2019\/06\/Long-Sleeve-Spider-Man-Workout-Shirt-size-SmallMediumLargeXL2XL3XL-Refuse-You-Lose.png\" alt=\"\" width=\"800\" height=\"450\" \/><\/a><\/p>\n<\/div>","protected":false},"excerpt":{"rendered":"<p><strong>Ce clavier laser Bluetooth est la solution la plus performante et la plus moderne pour saisir du texte sur vos tablettes et smartphones\u00a0! Procurez-vous le v\u00f4tre et d\u00e9couvrez-le par vous-m\u00eame\u00a0!<\/strong><\/p>","protected":false},"featured_media":6787,"comment_status":"open","ping_status":"closed","template":"","meta":{"slim_seo":{"title":"Clavier laser Bluetooth","description":"Clavier laser Bluetooth disponible sur startmeabiz.com\u00a0! Livraison gratuite dans 185 pays. Garantie satisfait ou rembours\u00e9 de 45 jours. Clavier \u00e0 projection laser."}},"product_brand":[],"product_cat":[28,50],"product_tag":[623,622,625,624,626,627,628],"class_list":{"0":"post-394","1":"product","2":"type-product","3":"status-publish","4":"has-post-thumbnail","6":"product_cat-new-arrivals","7":"product_cat-keyboards","8":"product_tag-bluetooth-keyboards","9":"product_tag-keyboards","10":"product_tag-laser-bluetooth-keyboards","11":"product_tag-laser-keyboards","12":"product_tag-portable-keyboards","13":"product_tag-portable-laser-keyboards","14":"product_tag-portable-laser-projection-keyboards","15":"tm-no-options","17":"first","18":"instock","19":"sale","20":"taxable","21":"shipping-taxable","22":"purchasable","23":"product-type-simple"},"_links":{"self":[{"href":"https:\/\/startmeabiz.com\/fr\/wp-json\/wp\/v2\/product\/394","targetHints":{"allow":["GET"]}}],"collection":[{"href":"https:\/\/startmeabiz.com\/fr\/wp-json\/wp\/v2\/product"}],"about":[{"href":"https:\/\/startmeabiz.com\/fr\/wp-json\/wp\/v2\/types\/product"}],"replies":[{"embeddable":true,"href":"https:\/\/startmeabiz.com\/fr\/wp-json\/wp\/v2\/comments?post=394"}],"wp:featuredmedia":[{"embeddable":true,"href":"https:\/\/startmeabiz.com\/fr\/wp-json\/wp\/v2\/media\/6787"}],"wp:attachment":[{"href":"https:\/\/startmeabiz.com\/fr\/wp-json\/wp\/v2\/media?parent=394"}],"wp:term":[{"taxonomy":"product_brand","embeddable":true,"href":"https:\/\/startmeabiz.com\/fr\/wp-json\/wp\/v2\/product_brand?post=394"},{"taxonomy":"product_cat","embeddable":true,"href":"https:\/\/startmeabiz.com\/fr\/wp-json\/wp\/v2\/product_cat?post=394"},{"taxonomy":"product_tag","embeddable":true,"href":"https:\/\/startmeabiz.com\/fr\/wp-json\/wp\/v2\/product_tag?post=394"}],"curies":[{"name":"wp","href":"https:\/\/api.w.org\/{rel}","templated":true}]}}