{"id":385,"date":"2023-02-21T17:26:57","date_gmt":"2023-02-21T23:26:57","guid":{"rendered":"https:\/\/startmeabiz.com\/product\/lingchen-foldable-laptop-stand-holder-for-macbook-notebook-aluminium-alloy-adjustable-tablets-stand-bracket-holder-for-ipad-pc\/"},"modified":"2025-12-03T03:15:53","modified_gmt":"2025-12-03T09:15:53","slug":"support-reglable-pour-tablette-ou-ordinateur-portable-destine-aux-entreprises","status":"publish","type":"product","link":"https:\/\/startmeabiz.com\/fr\/produit\/support-reglable-pour-tablette-ou-ordinateur-portable-destine-aux-entreprises\/","title":{"rendered":"Support r\u00e9glable pour tablette ou ordinateur portable destin\u00e9 aux chefs d&#039;entreprise"},"content":{"rendered":"<div style=\"text-align: center;\">\n<h2 style=\"text-align: center;\">ACHETEZ UN <em><strong>SUPPORT POUR ORDINATEUR PORTABLE R\u00c9GLABLE POUR LES PROFESSIONNELS<\/strong><\/em> PROPRI\u00c9TAIRES ET \u00c9CONOMIES <span class=\"ads-addon-you_save\" data-currency=\"USD\">$30.95<\/span>!<\/h2>\n<p>Obtenez le<strong> Support r\u00e9glable pour ordinateur portable destin\u00e9 aux chefs d&#039;entreprise<\/strong> Vous voulez ce que vous voulez au prix que vous \u00eates pr\u00eat \u00e0 payer\u00a0? Nous vous proposons notre s\u00e9lection de nouveaut\u00e9s \u00e0 seulement\u2026 <span class=\"ads-addon-price\" data-currency=\"USD\">$29.95<\/span>, vous donnant <span style=\"color: #e03e2d;\"><strong>50% <\/strong><span style=\"color: #000000;\">r\u00e9duction sur le prix de d\u00e9tail r\u00e9gulier<\/span><\/span>!<\/p>\n<p>D\u00e9couvrez d\u00e8s aujourd&#039;hui dans notre boutique une s\u00e9lection exclusive de mod\u00e8les et de tendances haut de gamme, le tout \u00e0 prix r\u00e9duit pour une dur\u00e9e limit\u00e9e.<\/p>\n<p><img decoding=\"async\" class=\"aligncenter\" style=\"margin-bottom: 10px;\" src=\"\/\/ae01.alicdn.com\/kf\/Hedccc9c190de42e9ad510928aaf412b58.jpg\" width=\"800\" height=\"1515\" \/><\/p>\n<a href=\"#addtocart\" class=\"button secondary is-secondary is-medium\" >\n\t\t<span>ACHETEZ-LE MAINTENANT !<\/span>\n\t<\/a>\n\n<hr \/>\n<h2><strong><em>SUPPORT POUR ORDINATEUR PORTABLE R\u00c9GLABLE POUR LES PROFESSIONNELS<\/em> CARACT\u00c9RISTIQUES<\/strong><\/h2>\n<ul>\n<li style=\"text-align: left;\"><strong>Mat\u00e9riel:<\/strong> M\u00e9tal<\/li>\n<li style=\"text-align: left;\"><strong>Marque:<\/strong> Lancez-moi une entreprise<\/li>\n<li style=\"text-align: left;\"><strong>Taper: <\/strong>Support pour ordinateur portable<\/li>\n<\/ul>\n<p>Cela semble \u00eatre une offre exceptionnelle, mais elle ne durera pas \u00e9ternellement. Par cons\u00e9quent, <span style=\"color: #2dc26b;\"><strong><span class=\"ads-addon-add-to-cart\">AJOUTER AU PANIER<\/span><\/strong><\/span> ton <strong>Support r\u00e9glable pour iPad destin\u00e9 aux chefs d&#039;entreprise<\/strong> Profitez-en d\u00e8s maintenant avant qu&#039;il ne soit trop tard !<\/p>\n<p><img decoding=\"async\" class=\"aligncenter\" style=\"margin-bottom: 10px;\" src=\"\/\/ae01.alicdn.com\/kf\/H23b6ae0360f9453fb68a4376297830ffU.jpg\" width=\"799\" height=\"1347\" \/><\/p>\n<a href=\"#addtocart\" class=\"button secondary is-secondary is-medium\" >\n\t\t<span>ACHETEZ-LE MAINTENANT !<\/span>\n\t<\/a>\n\n<hr \/>\n<h2 class=\"qa-title\"><strong>QUESTIONS ET R\u00c9PONSES SUR LES PRODUITS<\/strong><\/h2>\n<p><span class=\"qa-item-question\"><strong>Pourquoi puis-je prendre en consid\u00e9ration votre <em>Support pour tablette ou ordinateur portable pour travailler<\/em> On The Go est bien meilleur que ce que vendent les autres magasins ?<\/strong><\/span><br \/>\n<span class=\"qa-item-answer\">C&#039;est un excellent choix si vous recherchez un bon rapport qualit\u00e9-prix, car nous surveillons le march\u00e9 et les offres des autres boutiques en ligne, et nous savons que nous proposons un prix attractif. <strong>Support r\u00e9glable pour ordinateur portable destin\u00e9 aux chefs d&#039;entreprise.<\/strong><\/span><\/p>\n<p><span class=\"qa-item-question\"><strong>La couleur de la photo correspondra-t-elle \u00e0 celle du produit r\u00e9el\u00a0?<\/strong><\/span><br \/>\n<span class=\"qa-item-answer\">Les couleurs de<strong> Support r\u00e9glable pour ordinateur portable destin\u00e9 aux chefs d&#039;entreprise<\/strong> Les couleurs affich\u00e9es sur les photos correspondent aux couleurs r\u00e9elles. Veuillez toutefois v\u00e9rifier que les param\u00e8tres de votre \u00e9cran permettent un affichage correct des couleurs.<\/span><\/p>\n<p><img decoding=\"async\" class=\"aligncenter\" style=\"margin-bottom: 10px;\" src=\"\/\/ae01.alicdn.com\/kf\/Hbec550beda3849a39d7bf458a7332626I.jpg\" width=\"800\" height=\"1407\" \/><\/p>\n<p><span class=\"qa-item-question\"><strong>Pourquoi cela ne co\u00fbte-t-il que <span class=\"ads-addon-price\" data-currency=\"USD\">$29.95<\/span> si c&#039;est si bon ?<\/strong><\/span><br \/>\n<span class=\"qa-item-answer\">Notre magasin travaille directement avec le fabricant. Par cons\u00e9quent, nous r\u00e9duisons nos frais li\u00e9s aux interm\u00e9diaires.<\/span><\/p>\n<p><span class=\"qa-item-question\"><strong>Je ne suis pas s\u00fbr de pouvoir me le permettre. Des suggestions\u00a0?<\/strong><\/span><br \/>\n<span class=\"qa-item-answer\">Compte tenu des prix pratiqu\u00e9s dans d&#039;autres magasins en ligne et physiques, c&#039;est une bonne offre, vous aurez donc peu de chances d&#039;en trouver une meilleure.<\/span><\/p>\n<p><img decoding=\"async\" class=\"aligncenter\" style=\"margin-bottom: 10px;\" src=\"\/\/ae01.alicdn.com\/kf\/H94afa208765f41238b03aec2b6fe6f6cQ.jpg\" width=\"800\" height=\"1484\" \/><\/p>\n<p><span class=\"qa-item-question\"><strong>Quel est le meilleur aspect de votre <em>Support r\u00e9glable pour ordinateur portable destin\u00e9 aux chefs d&#039;entreprise<\/em> Du point de vue des pr\u00e9c\u00e9dents acheteurs ?<\/strong><\/span><br \/>\n<span class=\"qa-item-answer\">La plupart de nos clients \u00e9taient satisfaits de leur achat. De plus, ils ont mentionn\u00e9 l&#039;excellente qualit\u00e9 et le prix abordable comme les atouts les plus appr\u00e9ci\u00e9s du produit.<\/span><\/p>\n<p><span class=\"qa-item-question\"><strong><img decoding=\"async\" class=\"aligncenter\" style=\"margin-bottom: 10px;\" src=\"\/\/ae01.alicdn.com\/kf\/H25a1c892a85c4632a0ab70db962c18059.jpg\" width=\"801\" height=\"1455\" \/>Je partage toujours mon exp\u00e9rience sur mon blog lorsque j&#039;ach\u00e8te quelque chose en ligne. Est-ce que cela vous convient aussi pour vos produits\u00a0?<\/strong><\/span><br \/>\n<span class=\"qa-item-answer\">Nous serions ravis que vous montriez nos produits \u00e0 vos amis, alors n&#039;h\u00e9sitez pas !<\/span><\/p>\n<p><img decoding=\"async\" class=\"aligncenter\" style=\"margin-bottom: 10px;\" src=\"\/\/ae01.alicdn.com\/kf\/H59d8acd8d9304571886391a3767d141ea.jpg\" width=\"800\" height=\"1372\" \/><\/p>\n<hr \/>\n<h2 class=\"qa-title\"><strong>POLITIQUES DE COMMANDE ET DE MAGASIN<\/strong><\/h2>\n<p><span class=\"qa-item-question\"><strong>Dois-je utiliser mon adresse de r\u00e9sidence\u00a0? Ou puis-je faire livrer ma commande \u00e0 une autre adresse\u00a0?<\/strong><\/span><br \/>\n<span class=\"qa-item-answer\">Le colis sera livr\u00e9 \u00e0 l&#039;adresse de votre choix. Vous pouvez donc faire livrer votre commande \u00e0 une autre personne en toute s\u00e9curit\u00e9.<\/span><\/p>\n<p><span class=\"qa-item-question\"><strong>Est-il possible d&#039;ajouter plusieurs articles au panier\u00a0?<\/strong><\/span><br \/>\n<span class=\"qa-item-answer\">Il n&#039;y a aucune limite quant au nombre d&#039;articles que vous souhaitez commander, alors n&#039;h\u00e9sitez pas et achetez-en autant que vous le souhaitez.<\/span><\/p>\n<p><img decoding=\"async\" class=\"aligncenter\" style=\"margin-bottom: 10px;\" src=\"\/\/ae01.alicdn.com\/kf\/Hea590efeca2741ec852ea9907aba9e4e8.jpg\" width=\"800\" height=\"1459\" \/><\/p>\n<p><span class=\"qa-item-question\"><strong>J&#039;ai fait une erreur, je dois donc la corriger. Comment puis-je modifier ma commande\u00a0?<\/strong><\/span><br \/>\n<span class=\"qa-item-answer\">Il serait pr\u00e9f\u00e9rable d&#039;informer notre \u00e9quipe d&#039;assistance du probl\u00e8me que vous rencontrez pour modifier ou annuler votre commande.<\/span><\/p>\n<h4><span class=\"qa-item-question\"><strong>Combien d&#039;exemplaires sont disponibles \u00e0 l&#039;achat ?<\/strong><\/span><br \/>\n<span class=\"qa-item-answer\">Si vous souhaitez acheter aujourd&#039;hui, il y a suffisamment d&#039;articles disponibles\u00a0! Cependant, dans les 2 \u00e0 4 prochains jours, les stocks devraient \u00eatre limit\u00e9s\u00a0; il est donc conseill\u00e9 de passer votre commande au plus vite.<\/span><\/h4>\n<p><img decoding=\"async\" class=\"aligncenter\" style=\"margin-bottom: 10px;\" src=\"\/\/ae01.alicdn.com\/kf\/H2536f4ab0b274838b7595156ca1789e2k.jpg\" width=\"800\" height=\"1445\" \/><\/p>\n<p><span class=\"qa-item-question\"><strong>Pourquoi acheter dans votre magasin ?<\/strong><\/span><br \/>\n<span class=\"qa-item-answer\">Notre priorit\u00e9 est d&#039;\u00e9tablir des relations de confiance avec nos clients. Nous mettons tout en \u0153uvre pour que notre collaboration soit mutuellement avantageuse. C&#039;est pourquoi nous proposons toujours des produits de qualit\u00e9 \u00e0 des prix justes.<\/span><\/p>\n<p><img decoding=\"async\" class=\"aligncenter\" style=\"margin-bottom: 10px;\" src=\"\/\/ae01.alicdn.com\/kf\/H96714552f96e44b9a0d0b80e58f9153fe.jpg\" width=\"800\" height=\"1501\" \/><\/p>\n<p><span class=\"qa-item-question\"><strong>Puis-je trouver le m\u00eame<em>Support l\u00e9ger et portable pour tablettes ou ordinateurs portables<\/em> dans un magasin ordinaire ?<\/strong><\/span><br \/>\n<span class=\"qa-item-answer\">\u00c0 notre connaissance, les articles similaires vendus dans les magasins physiques offrent un choix plus limit\u00e9 et des prix moins attractifs.<\/span><\/p>\n<\/div>\n<div><\/div>\n<div>\n<p style=\"text-align: center;\"><img decoding=\"async\" class=\"aligncenter\" style=\"margin-bottom: 10px;\" src=\"\/\/ae01.alicdn.com\/kf\/Ha694332dc7804157bb16cf03143b1f5ev.jpg\" width=\"800\" height=\"736\" \/><a href=\"#addtocart\" class=\"button secondary is-secondary is-medium\" >\n\t\t<span>ACHETEZ-LE MAINTENANT !<\/span>\n\t<\/a>\n\n<hr \/>\n<\/div>","protected":false},"excerpt":{"rendered":"<p><strong>Support r\u00e9glable pour tablette ou ordinateur portable destin\u00e9 aux chefs d&#039;entreprise<\/strong> Ce support est r\u00e9glable sur six hauteurs. C&#039;est un accessoire indispensable pour tout chef d&#039;entreprise, entrepreneur ou personne en d\u00e9placement. Il est \u00e9galement id\u00e9al pour les \u00e9tudiants\u00a0!<\/p>\n<p><iframe style=\"display: none;\" src=\"about:blank\"><\/iframe><\/p>","protected":false},"featured_media":387,"comment_status":"open","ping_status":"closed","template":"","meta":{"slim_seo":{"title":"Support r\u00e9glable pour tablette ou ordinateur portable destin\u00e9 aux chefs d&#039;entreprise","description":"Achetez un support r\u00e9glable pour tablette ou ordinateur portable pour les professionnels sur startmeabiz.com\u00a0! Livraison gratuite dans 185 pays. Garantie satisfait ou rembours\u00e9 de 45 jours."}},"product_brand":[],"product_cat":[28,48,35],"product_tag":[525,79,527,526,80],"class_list":{"0":"post-385","1":"product","2":"type-product","3":"status-publish","4":"has-post-thumbnail","6":"product_cat-new-arrivals","7":"product_cat-laptop-stands","8":"product_cat-tablet-stands","9":"product_tag-laptop-products","10":"product_tag-laptop-stands","11":"product_tag-stands","12":"product_tag-tablet-products","13":"product_tag-tablet-stands","14":"tm-no-options","16":"first","17":"instock","18":"sale","19":"taxable","20":"shipping-taxable","21":"purchasable","22":"product-type-simple"},"_links":{"self":[{"href":"https:\/\/startmeabiz.com\/fr\/wp-json\/wp\/v2\/product\/385","targetHints":{"allow":["GET"]}}],"collection":[{"href":"https:\/\/startmeabiz.com\/fr\/wp-json\/wp\/v2\/product"}],"about":[{"href":"https:\/\/startmeabiz.com\/fr\/wp-json\/wp\/v2\/types\/product"}],"replies":[{"embeddable":true,"href":"https:\/\/startmeabiz.com\/fr\/wp-json\/wp\/v2\/comments?post=385"}],"wp:featuredmedia":[{"embeddable":true,"href":"https:\/\/startmeabiz.com\/fr\/wp-json\/wp\/v2\/media\/387"}],"wp:attachment":[{"href":"https:\/\/startmeabiz.com\/fr\/wp-json\/wp\/v2\/media?parent=385"}],"wp:term":[{"taxonomy":"product_brand","embeddable":true,"href":"https:\/\/startmeabiz.com\/fr\/wp-json\/wp\/v2\/product_brand?post=385"},{"taxonomy":"product_cat","embeddable":true,"href":"https:\/\/startmeabiz.com\/fr\/wp-json\/wp\/v2\/product_cat?post=385"},{"taxonomy":"product_tag","embeddable":true,"href":"https:\/\/startmeabiz.com\/fr\/wp-json\/wp\/v2\/product_tag?post=385"}],"curies":[{"name":"wp","href":"https:\/\/api.w.org\/{rel}","templated":true}]}}