{"id":1078,"date":"2020-08-28T17:25:25","date_gmt":"2020-08-28T22:25:25","guid":{"rendered":"https:\/\/startmeabiz.com\/product\/laptop-stand-9-angles-adjustable-desktop-standing-lapdesk-smartphone-notebook-riser-holder-for-macbook-air-pro-up-to-17\/"},"modified":"2025-12-03T03:38:35","modified_gmt":"2025-12-03T09:38:35","slug":"bureau-portable-universel-pour-ordinateur-portable-avec-telecommande-et-2-supports-pour-telephone","status":"publish","type":"product","link":"https:\/\/startmeabiz.com\/fr\/produit\/bureau-portable-universel-pour-ordinateur-portable-avec-telecommande-et-2-supports-pour-telephone\/","title":{"rendered":"Bureau universel portable pour ordinateur portable avec 2 supports pour t\u00e9l\u00e9phone"},"content":{"rendered":"<div>\n<h2 style=\"text-align: center;\">OBTENEZ UN PRODUIT PHARE<em><strong> SUPPORT POUR ORDINATEUR PORTABLE AVEC 2 SUPPORTS POUR T\u00c9L\u00c9PHONE<\/strong><\/em> POUR 54% OFF<\/h2>\n<p style=\"text-align: center;\">Obtenez notre prix tr\u00e8s convoit\u00e9 <strong>Support portable pour ordinateur portable avec 2 t\u00e9l\u00e9phones<\/strong> Des \u00e9tuis \u00e0 prix r\u00e9duit \u2014 MAINTENANT. Notre vente \u00e0 dur\u00e9e limit\u00e9e vous donne l&#039;occasion de faire des \u00e9conomies. <span class=\"ads-addon-you_save\" data-currency=\"USD\">$69.95<\/span>.<\/p>\n<p style=\"text-align: center;\"><span style=\"font-family: -apple-system, BlinkMacSystemFont, 'Segoe UI', Roboto, Oxygen, Ubuntu, Cantarell, 'Open Sans', 'Helvetica Neue', sans-serif;\">Faites vos achats dans notre magasin en toute tranquillit\u00e9 d&#039;esprit et avec enti\u00e8re satisfaction. Nous vous assurons que\u00a0:<\/span><\/p>\n<ul>\n<li>Vous serez 100 % satisfait de votre achat.<\/li>\n<li>Votre colis arrivera en parfait \u00e9tat.<\/li>\n<li>Votre achat est sans risque (notre politique de retour vous couvre).<\/li>\n<\/ul>\n<p style=\"text-align: center;\">Pr\u00eat \u00e0 acheter ? <span style=\"color: #2dc26b;\"><strong><span class=\"ads-addon-add-to-cart\">AJOUTER AU PANIER<\/span><\/strong><\/span> maintenant avant que nos stocks ne soient \u00e9puis\u00e9s !<\/p>\n<p style=\"text-align: center;\"><img decoding=\"async\" class=\"aligncenter\" src=\"https:\/\/ae01.alicdn.com\/kf\/H939e275bb4074c06bf9c30829d2842c6U\/Laptop-Stand-9-Angles-Adjustable-Desktop-Standing-Lapdesk-Smartphone-Notebook-Riser-Holder-for-MacBook-Air-Pro.jpg_800x800q80.jpg.webp\" width=\"801\" height=\"801\" \/><\/p>\n<p style=\"text-align: center;\"><a href=\"#addtocart\" class=\"button primary is-BUY NOW! is-medium\" >\n\t\t<span>Bouton moyen<\/span>\n\t<\/a>\n\n<hr \/>\n<h2 style=\"text-align: center;\"><strong><em>SUPPORT POUR ORDINATEUR PORTABLE AVEC 2 SUPPORTS POUR T\u00c9L\u00c9PHONE<\/em> D\u00c9TAILS<\/strong><\/h2>\n<p style=\"text-align: center;\">Vous ne voulez pas rater cette offre car rien ne dure \u00e9ternellement ! <span style=\"color: #2dc26b;\"><strong><span class=\"ads-addon-add-to-cart\">AJOUTER AU PANIER<\/span><\/strong> <\/span>Choisissez la variante de produit que vous souhaitez et devenez un heureux propri\u00e9taire !<\/p>\n<ul>\n<li><strong>Marque<\/strong>Lancez-moi une entreprise<\/li>\n<li><strong>Taper:<\/strong> Support pour ordinateur portable<\/li>\n<li><strong>Couleur:<\/strong> Blanc<\/li>\n<\/ul>\n<p style=\"text-align: center;\"><img decoding=\"async\" class=\"aligncenter\" style=\"margin-bottom: 10px;\" src=\"\/\/ae01.alicdn.com\/kf\/H97ed031440d14ffda809402e5c857aa0I.jpg\" \/><\/p>\n<p style=\"text-align: center;\"><a href=\"#addtocart\" class=\"button primary is-BUY NOW! is-medium\" >\n\t\t<span>Bouton moyen<\/span>\n\t<\/a>\n\n<hr \/>\n<h2 class=\"qa-title\" style=\"text-align: center;\"><strong>QUESTIONS ET R\u00c9PONSES SUR LES PRODUITS<\/strong><\/h2>\n<p style=\"text-align: center;\"><span class=\"qa-item-question\"><strong>Quels mat\u00e9riaux votre fournisseur utilise-t-il pour fabriquer vos<em> Bureau universel portable pour ordinateur portable avec 2 supports pour t\u00e9l\u00e9phone<\/em>?<\/strong><\/span><br \/>\n<span class=\"qa-item-answer\">Nous fabriquons tous nos produits, y compris les <strong>Support pour ordinateur portable avec 2 supports pour t\u00e9l\u00e9phone<\/strong>, en utilisant les meilleurs mat\u00e9riaux disponibles, car nous ne voulons offrir que la plus haute qualit\u00e9.<\/span><\/p>\n<p style=\"text-align: center;\"><span class=\"qa-item-question\"><strong>Pouvez-vous garantir que vos produits sont nettement meilleurs que dans les autres magasins ?<\/strong><\/span><br \/>\n<span class=\"qa-item-answer\">Nous travaillons avec des fournisseurs de premier plan. C&#039;est pourquoi nous pouvons garantir la qualit\u00e9 exceptionnelle de <strong>Support pour ordinateur portable avec 2 supports pour t\u00e9l\u00e9phone,<\/strong> et nous tenons \u00e0 souligner qu&#039;il offre un rapport qualit\u00e9-prix acceptable.<\/span><\/p>\n<p style=\"text-align: center;\"><span class=\"qa-item-question\"><strong>Le <em>Support portable pour ordinateur portable avec 2 supports pour t\u00e9l\u00e9phone<\/em>\u00a0Ce n&#039;est pas possible que ce soit si bon march\u00e9. Alors, faites-vous des \u00e9conomies sur la qualit\u00e9\u00a0?<\/strong><\/span><br \/>\n<span class=\"qa-item-answer\">Aucun d\u00e9faut cach\u00e9 ! \ud83d\ude09 Nous pouvons proposer des prix avantageux pour les acheteurs car nous r\u00e9duisons les frais li\u00e9s aux stocks.<\/span><\/p>\n<p style=\"text-align: center;\"><img decoding=\"async\" class=\"aligncenter\" style=\"margin-bottom: 10px;\" src=\"\/\/ae01.alicdn.com\/kf\/H26961507363240eeb755e0b026bbddb18.jpg\" \/><\/p>\n<p style=\"text-align: center;\"><span class=\"qa-item-question\"><strong>Et les imp\u00f4ts ?<\/strong><\/span><br \/>\n<span class=\"qa-item-answer\">Tous les frais suppl\u00e9mentaires sont inclus dans le prix final de votre commande. Vous pouvez le constater sur la page de paiement. Les taxes, le cas \u00e9ch\u00e9ant, y seront \u00e9galement indiqu\u00e9es.<\/span><\/p>\n<p style=\"text-align: center;\"><span class=\"qa-item-question\"><strong>Puis-je publier une photo de mon achat sur les r\u00e9seaux sociaux\u00a0?<\/strong><\/span><br \/>\n<span class=\"qa-item-answer\">Vous pouvez publier les photos de nos produits o\u00f9 vous le souhaitez. De plus, nous vous serions reconnaissants de parler de nos produits et de notre boutique \u00e0 vos amis.<\/span><\/p>\n<p style=\"text-align: center;\"><span class=\"qa-item-question\"><strong>Puis-je partager mes commentaires sur le produit\u00a0?<\/strong><\/span><br \/>\n<span class=\"qa-item-answer\">Notre magasin utilise les commentaires de ses clients pour am\u00e9liorer la qualit\u00e9 de ses produits et de ses services. C&#039;est pourquoi nous serions ravis de recevoir vos suggestions.<\/span><\/p>\n<p style=\"text-align: center;\"><img decoding=\"async\" class=\"aligncenter\" style=\"margin-bottom: 10px;\" src=\"\/\/ae01.alicdn.com\/kf\/He5cc872fd29745a2bd67011e835b738fp.jpg\" \/><\/p>\n<p style=\"text-align: center;\"><a href=\"#addtocart\" class=\"button primary is-BUY NOW! is-medium\" >\n\t\t<span>Bouton moyen<\/span>\n\t<\/a>\n\n<hr \/>\n<h2 class=\"qa-title\" style=\"text-align: center;\"><strong>POLITIQUES DE COMMANDE ET DE MAGASIN<\/strong><\/h2>\n<p style=\"text-align: center;\"><span class=\"qa-item-question\"><strong>Pouvez-vous envoyer le colis \u00e0 une adresse diff\u00e9rente de mon domicile ?<\/strong><\/span><br \/>\n<span class=\"qa-item-answer\">Si votre adresse ne correspond pas \u00e0 l&#039;adresse de livraison, ce n&#039;est pas un probl\u00e8me\u00a0! Nous enverrons votre colis \u00e0 l&#039;adresse que vous nous indiquerez.<\/span><\/p>\n<p style=\"text-align: center;\"><span class=\"qa-item-question\"><strong>Puis-je vous acheter plusieurs articles ?<\/strong><\/span><br \/>\n<span class=\"qa-item-answer\">Nous n&#039;imposons aucune limite au nombre de produits par commande, sous r\u00e9serve de disponibilit\u00e9. Alors, n&#039;h\u00e9sitez pas !<\/span><\/p>\n<p style=\"text-align: center;\"><span class=\"qa-item-question\"><strong>Est-ce disponible maintenant ?<\/strong><\/span><br \/>\n<span class=\"qa-item-answer\">Le produit est disponible, n&#039;h\u00e9sitez pas \u00e0 l&#039;ajouter \u00e0 votre panier.<\/span><\/p>\n<p style=\"text-align: center;\"><img decoding=\"async\" class=\"aligncenter\" style=\"margin-bottom: 10px;\" src=\"\/\/ae01.alicdn.com\/kf\/H4b5f1f3b8f2349e4aa798305374b6f32L.jpg\" \/><\/p>\n<p style=\"text-align: center;\"><span class=\"qa-item-question\"><strong>J&#039;ai fait une erreur dans mon formulaire de commande. Comment la corriger ?<\/strong><\/span><br \/>\n<span class=\"qa-item-answer\">N\u2019ayez crainte, vous pouvez facilement apporter les modifications n\u00e9cessaires ou annuler votre commande en contactant notre \u00e9quipe d\u2019assistance.<\/span><\/p>\n<p style=\"text-align: center;\"><span class=\"qa-item-question\"><strong>Est-ce une transaction s\u00fbre ?<\/strong><\/span><br \/>\n<span class=\"qa-item-answer\">Toutes les transactions effectu\u00e9es dans cette boutique sont trait\u00e9es en toute s\u00e9curit\u00e9, dans le respect de la confidentialit\u00e9 de vos donn\u00e9es personnelles et financi\u00e8res. Comme en t\u00e9moignent les avis de nos pr\u00e9c\u00e9dents clients, nous tenons nos promesses\u00a0!<\/span><\/p>\n<p style=\"text-align: center;\"><span class=\"qa-item-question\"><strong>Avez-vous l&#039;autorisation de vendre ceci ?<\/strong><\/span><br \/>\n<span class=\"qa-item-answer\">Vous n&#039;avez aucune raison de vous inqui\u00e9ter de l&#039;aspect l\u00e9gal de notre activit\u00e9 car nous sommes autoris\u00e9s \u00e0 vendre tous les produits list\u00e9s dans notre magasin.<\/span><\/p>\n<\/div>\n<div>\n<p><img decoding=\"async\" class=\"aligncenter\" style=\"margin-bottom: 10px;\" src=\"\/\/ae01.alicdn.com\/kf\/Ha0b82f2082c340019f612d4b6da5274ec.jpg\" \/><\/p>\n<p style=\"text-align: center;\"><a href=\"#addtocart\" class=\"button primary is-BUY NOW! is-medium\" >\n\t\t<span>Bouton moyen<\/span>\n\t<\/a>\n\n<hr \/>\n<\/div>\n<p>&nbsp;<\/p>","protected":false},"excerpt":{"rendered":"<p>Obtenez ceci <strong>Bureau universel portable pour ordinateur portable avec 2 supports pour t\u00e9l\u00e9phone\u00a0<\/strong>et travaillez de la mani\u00e8re la plus confortable possible, o\u00f9 que vous soyez !<\/p>","protected":false},"featured_media":1080,"comment_status":"open","ping_status":"closed","template":"","meta":{"slim_seo":{"title":"Support portable pour ordinateur portable avec 2 supports pour t\u00e9l\u00e9phone","description":"Achetez le bureau portable universel pour ordinateur portable avec 2 supports pour t\u00e9l\u00e9phone sur startmeabiz.com\u00a0! Livraison gratuite dans 185 pays. Garantie satisfait ou rembours\u00e9 de 45 jours."}},"product_brand":[],"product_cat":[28,48],"product_tag":[476,636,635,637],"class_list":{"0":"post-1078","1":"product","2":"type-product","3":"status-publish","4":"has-post-thumbnail","6":"product_cat-new-arrivals","7":"product_cat-laptop-stands","8":"product_tag-laptop-desk","9":"product_tag-laptop-stand-with-2-phone-holders","10":"product_tag-portable-universal-remote-work-laptop-desk-with-2-phone-holders","11":"product_tag-remote-work-laptop-stand","12":"tm-no-options","14":"first","15":"instock","16":"sale","17":"taxable","18":"shipping-taxable","19":"purchasable","20":"product-type-simple"},"_links":{"self":[{"href":"https:\/\/startmeabiz.com\/fr\/wp-json\/wp\/v2\/product\/1078","targetHints":{"allow":["GET"]}}],"collection":[{"href":"https:\/\/startmeabiz.com\/fr\/wp-json\/wp\/v2\/product"}],"about":[{"href":"https:\/\/startmeabiz.com\/fr\/wp-json\/wp\/v2\/types\/product"}],"replies":[{"embeddable":true,"href":"https:\/\/startmeabiz.com\/fr\/wp-json\/wp\/v2\/comments?post=1078"}],"wp:featuredmedia":[{"embeddable":true,"href":"https:\/\/startmeabiz.com\/fr\/wp-json\/wp\/v2\/media\/1080"}],"wp:attachment":[{"href":"https:\/\/startmeabiz.com\/fr\/wp-json\/wp\/v2\/media?parent=1078"}],"wp:term":[{"taxonomy":"product_brand","embeddable":true,"href":"https:\/\/startmeabiz.com\/fr\/wp-json\/wp\/v2\/product_brand?post=1078"},{"taxonomy":"product_cat","embeddable":true,"href":"https:\/\/startmeabiz.com\/fr\/wp-json\/wp\/v2\/product_cat?post=1078"},{"taxonomy":"product_tag","embeddable":true,"href":"https:\/\/startmeabiz.com\/fr\/wp-json\/wp\/v2\/product_tag?post=1078"}],"curies":[{"name":"wp","href":"https:\/\/api.w.org\/{rel}","templated":true}]}}