{"id":265,"date":"2019-07-16T23:39:37","date_gmt":"2019-07-17T04:39:37","guid":{"rendered":"https:\/\/startmeabiz.com\/?page_id=230"},"modified":"2024-02-13T06:06:43","modified_gmt":"2024-02-13T12:06:43","slug":"livraison","status":"publish","type":"page","link":"https:\/\/startmeabiz.com\/fr\/livraison\/","title":{"rendered":"Exp\u00e9dition et livraison"},"content":{"rendered":"<div class=\"shipping-page-content-with-icons\">\n<div class=\"shipping-page-item\">\n<div class=\"shipping-page-item__image\">\u00a0<\/div>\n<div class=\"shipping-page-item__text\">\n<h3>LIVRAISON GRATUITE<\/h3>\n<p>Nous sommes ravis d&#039;offrir \u00e0 nos clients un excellent rapport qualit\u00e9-prix et un service irr\u00e9prochable. C&#039;est pourquoi nous proposons la livraison gratuite depuis nos entrep\u00f4ts en Chine par ePacket ou EMS et depuis les \u00c9tats-Unis par USPS.<\/p>\n<\/div>\n<\/div>\n<div class=\"shipping-page-item\">\n<div class=\"shipping-page-item__image\">\n<p>\u00a0<\/p>\n<\/div>\n<div class=\"shipping-page-item__text\">\n<h3>LIVRAISON DANS PLUS DE 200 PAYS<\/h3>\n<p>Nous sommes fiers de proposer des services de livraison internationale. Cependant, certaines destinations ne sont pas desservies. Si vous r\u00e9sidez dans l&#039;un de ces pays, nous vous contacterons.<\/p>\n<\/div>\n<\/div>\n<div class=\"shipping-page-item\">\n<div class=\"shipping-page-item__image\">\n<p>\u00a0<\/p>\n<\/div>\n<div class=\"shipping-page-item__text\">\n<h3>DOUANE<\/h3>\n<p>Nous ne sommes pas responsables des frais de douane une fois les articles exp\u00e9di\u00e9s. En achetant nos produits, vous acceptez que votre commande puisse \u00eatre exp\u00e9di\u00e9e en un ou plusieurs colis et que des frais de douane puissent s&#039;appliquer \u00e0 leur arriv\u00e9e dans votre pays.<\/p>\n<\/div>\n<\/div>\n<div class=\"shipping-page-item\">\n<div class=\"shipping-page-item__image\">\n<p>\u00a0<\/p>\n<\/div>\n<div class=\"shipping-page-item__text\">\n<h3>D\u00c9LAI DE LIVRAISON<\/h3>\n<p>Les d\u00e9lais de livraison varient selon le lieu. Voici nos estimations\u00a0:<\/p>\n<div class=\"table-responsive\">\n<table class=\"table table-striped\">\n<thead>\n<tr>\n<th>Emplacement<\/th>\n<th>*D\u00e9lai de livraison estim\u00e9<\/th>\n<\/tr>\n<\/thead>\n<tbody>\n<tr>\n<td>\u00c9tats-Unis<\/td>\n<td>10 \u00e0 30 jours ouvrables<\/td>\n<\/tr>\n<tr>\n<td>Canada, Europe<\/td>\n<td>10 \u00e0 30 jours ouvrables<\/td>\n<\/tr>\n<tr>\n<td>Australie, Nouvelle-Z\u00e9lande<\/td>\n<td>10 \u00e0 30 jours ouvrables<\/td>\n<\/tr>\n<tr>\n<td>Mexique, Am\u00e9rique centrale, Am\u00e9rique du Sud<\/td>\n<td>15 \u00e0 30 jours ouvrables<\/td>\n<\/tr>\n<\/tbody>\n<\/table>\n<div class=\"info-no-italic\">D\u00e9lai de livraison maximum\u00a0: 45 jours ouvrables.<\/div>\n<p><span class=\"info\">*Ceci n&#039;inclut pas notre d\u00e9lai de traitement de 2 \u00e0 5 jours.<\/span><\/p>\n<\/div>\n<\/div>\n<\/div>\n<div class=\"shipping-page-item\">\n<div class=\"shipping-page-item__image\">\n<p>\u00a0<\/p>\n<\/div>\n<div class=\"shipping-page-item__text\">\n<h3>INFORMATIONS DE SUIVI<\/h3>\n<p>Vous recevrez un courriel avec un num\u00e9ro de suivi d\u00e8s l&#039;exp\u00e9dition de votre commande. Cependant, le suivi n&#039;est parfois pas disponible pour les envois gratuits. Pour des raisons logistiques, les articles d&#039;une m\u00eame commande peuvent \u00eatre exp\u00e9di\u00e9s s\u00e9par\u00e9ment, m\u00eame si vous avez opt\u00e9 pour l&#039;exp\u00e9dition group\u00e9e.<\/p>\n<p>Si vous avez d&#039;autres questions, n&#039;h\u00e9sitez pas \u00e0 nous contacter et nous ferons de notre mieux pour vous aider.<\/p>\n<\/div>\n<\/div>\n<\/div>","protected":false},"excerpt":{"rendered":"","protected":false},"author":1,"featured_media":0,"parent":0,"menu_order":13,"comment_status":"closed","ping_status":"closed","template":"","meta":{"slim_seo":{"title":"Shipping & delivery - Start Me A Biz","description":"\u00a0 LIVRAISON GRATUITE Nous sommes ravis d&#039;offrir \u00e0 nos clients un excellent rapport qualit\u00e9-prix et un service irr\u00e9prochable. C&#039;est pourquoi nous proposons la livraison gratuite depuis nos entrep\u00f4ts en Chine par ePacket ou EMS."},"footnotes":""},"class_list":["post-265","page","type-page","status-publish","hentry"],"_links":{"self":[{"href":"https:\/\/startmeabiz.com\/fr\/wp-json\/wp\/v2\/pages\/265","targetHints":{"allow":["GET"]}}],"collection":[{"href":"https:\/\/startmeabiz.com\/fr\/wp-json\/wp\/v2\/pages"}],"about":[{"href":"https:\/\/startmeabiz.com\/fr\/wp-json\/wp\/v2\/types\/page"}],"author":[{"embeddable":true,"href":"https:\/\/startmeabiz.com\/fr\/wp-json\/wp\/v2\/users\/1"}],"replies":[{"embeddable":true,"href":"https:\/\/startmeabiz.com\/fr\/wp-json\/wp\/v2\/comments?post=265"}],"version-history":[{"count":0,"href":"https:\/\/startmeabiz.com\/fr\/wp-json\/wp\/v2\/pages\/265\/revisions"}],"wp:attachment":[{"href":"https:\/\/startmeabiz.com\/fr\/wp-json\/wp\/v2\/media?parent=265"}],"curies":[{"name":"wp","href":"https:\/\/api.w.org\/{rel}","templated":true}]}}