{"id":263,"date":"2019-07-16T23:39:37","date_gmt":"2019-07-17T04:39:37","guid":{"rendered":"https:\/\/startmeabiz.com\/?page_id=210"},"modified":"2019-07-16T23:39:37","modified_gmt":"2019-07-17T04:39:37","slug":"politique-de-confidentialite","status":"publish","type":"page","link":"https:\/\/startmeabiz.com\/fr\/politique-de-confidentialite\/","title":{"rendered":"politique de confidentialit\u00e9"},"content":{"rendered":"<p>startmeabiz.com est conforme au R\u00e8glement g\u00e9n\u00e9ral sur la protection des donn\u00e9es (RGPD) (UE) 2016\/679.<\/p>\n<p>Cela signifie que nous sommes transparents quant \u00e0 nos m\u00e9thodes de suivi et d&#039;utilisation des donn\u00e9es personnelles des visiteurs, et que vous pouvez librement v\u00e9rifier ce que nous en faisons exactement.<\/p>\n<p>Sur startmeabiz.com, nous collectons\u00a0:<\/p>\n<ul>\n<li>Votre nom et pr\u00e9nom<\/li>\n<li>Votre adresse e-mail<\/li>\n<li>Votre adresse physique<\/li>\n<li>Votre num\u00e9ro de t\u00e9l\u00e9phone<\/li>\n<li>Les donn\u00e9es relatives au navigateur et \u00e0 l&#039;appareil que vous utilisez pour consulter la boutique<\/li>\n<li>La fa\u00e7on dont vous vous d\u00e9placez dans le magasin<\/li>\n<\/ul>\n<p>Nous recueillons vos coordonn\u00e9es car elles sont n\u00e9cessaires pour accepter et traiter vos commandes, et pour nous assurer que vous recevez vos colis.<\/p>\n<p>Nous recueillons des informations sur votre \u00e9quipement technique et votre comportement sur place afin de rendre notre magasin plus convivial et de personnaliser nos services (par exemple, en basculant automatiquement le magasin vers la version mobile).<\/p>\n<p>Notre boutique collabore avec des entreprises externes qui nous aident \u00e0 vous offrir le meilleur service. Ces tiers utilisent \u00e9galement certaines de vos donn\u00e9es personnelles. Nous limitons l&#039;acc\u00e8s \u00e0 ces donn\u00e9es aux seules donn\u00e9es n\u00e9cessaires \u00e0 l&#039;ex\u00e9cution de leurs obligations.<\/p>\n<ul>\n<li>Les services de paiement utilisent votre num\u00e9ro de carte de cr\u00e9dit, votre nom et pr\u00e9nom pour v\u00e9rifier et traiter vos paiements pour nos produits.<\/li>\n<li>Nos fabricants et nos gestionnaires de stock utilisent les donn\u00e9es relatives au contenu de votre commande pour composer le colis n\u00e9cessaire.<\/li>\n<li>Les services postaux utilisent vos nom, pr\u00e9nom et adresse postale pour organiser la livraison de votre produit.<\/li>\n<li>Les services d&#039;envoi de courriels en masse utilisent votre adresse \u00e9lectronique pour vous envoyer des courriels (si vous y \u00eates abonn\u00e9).<\/li>\n<\/ul>\n<p>Si vous continuez \u00e0 naviguer sur notre boutique en ligne apr\u00e8s avoir lu cette politique de confidentialit\u00e9, vous nous autorisez \u00e0 utiliser vos donn\u00e9es personnelles aux fins expliqu\u00e9es ci-dessus.<\/p>\n<p>Si vous n&#039;acceptez pas ces conditions, veuillez quitter le site web.<\/p>\n<p>Vous pouvez nous envoyer un courriel \u00e0 support@startmeabiz.com et nous poser vos questions\u00a0:<\/p>\n<ul>\n<li>Pour recevoir une copie des informations personnelles que nous avons recueillies vous concernant<\/li>\n<li>Pour supprimer vos donn\u00e9es personnelles de notre syst\u00e8me<\/li>\n<li>Pour retirer votre consentement (si vous aviez pr\u00e9c\u00e9demment accept\u00e9 de nous fournir les donn\u00e9es, mais que vous avez ensuite chang\u00e9 d&#039;avis)<\/li>\n<\/ul>\n<p>Nous mettons tout en \u0153uvre pour garantir la s\u00e9curit\u00e9 de vos donn\u00e9es personnelles lors de leur conservation et de leur utilisation.<\/p>\n<p>Merci de votre coop\u00e9ration !<\/p>","protected":false},"excerpt":{"rendered":"<p>startmeabiz.com is compliant with The General Data Protection Regulation (GDPR) (EU) 2016\/679. It means that we are open about our methods of tracking and use of the visitors\u2019 personal data, and you can freely check what exactly we\u2019re doing to it. At startmeabiz.com, we collect: Your name and surname Your email address Your physical address [&#8230;]\n","protected":false},"author":1,"featured_media":0,"parent":0,"menu_order":11,"comment_status":"closed","ping_status":"closed","template":"page-templates\/page-semi-narrow.php","meta":{"slim_seo":{"title":"Privacy Policy - Start Me A Biz","description":"startmeabiz.com est conforme au R\u00e8glement g\u00e9n\u00e9ral sur la protection des donn\u00e9es (RGPD) (UE) 2016\/679. Cela signifie que nous sommes transparents quant \u00e0 nos m\u00e9thodes de suivi et d&#039;utilisation des donn\u00e9es."},"footnotes":""},"class_list":["post-263","page","type-page","status-publish","hentry"],"_links":{"self":[{"href":"https:\/\/startmeabiz.com\/fr\/wp-json\/wp\/v2\/pages\/263","targetHints":{"allow":["GET"]}}],"collection":[{"href":"https:\/\/startmeabiz.com\/fr\/wp-json\/wp\/v2\/pages"}],"about":[{"href":"https:\/\/startmeabiz.com\/fr\/wp-json\/wp\/v2\/types\/page"}],"author":[{"embeddable":true,"href":"https:\/\/startmeabiz.com\/fr\/wp-json\/wp\/v2\/users\/1"}],"replies":[{"embeddable":true,"href":"https:\/\/startmeabiz.com\/fr\/wp-json\/wp\/v2\/comments?post=263"}],"version-history":[{"count":0,"href":"https:\/\/startmeabiz.com\/fr\/wp-json\/wp\/v2\/pages\/263\/revisions"}],"wp:attachment":[{"href":"https:\/\/startmeabiz.com\/fr\/wp-json\/wp\/v2\/media?parent=263"}],"curies":[{"name":"wp","href":"https:\/\/api.w.org\/{rel}","templated":true}]}}