{"id":261,"date":"2019-07-16T23:39:37","date_gmt":"2019-07-17T04:39:37","guid":{"rendered":"https:\/\/startmeabiz.com\/?page_id=180"},"modified":"2019-07-16T23:39:37","modified_gmt":"2019-07-17T04:39:37","slug":"questions-frequemment-posees","status":"publish","type":"page","link":"https:\/\/startmeabiz.com\/fr\/questions-frequemment-posees\/","title":{"rendered":"Foire aux questions"},"content":{"rendered":"<h3>Comment rechercher des produits ?<\/h3>\n<p>Recherchez des produits en saisissant leur nom ou un mot-cl\u00e9 dans le champ pr\u00e9vu \u00e0 cet effet. <em>Barre de recherche<\/em> En haut de chaque page, saisissez une description g\u00e9n\u00e9rale. Plus vous utilisez de mots-cl\u00e9s, moins vous obtiendrez de r\u00e9sultats. Lorsque vous trouvez un produit qui vous int\u00e9resse, cliquez simplement sur son nom ou son image pour obtenir plus de d\u00e9tails.<\/p>\n<h3>Comment sont calcul\u00e9s les frais de livraison\u00a0?<\/h3>\n<p>Les frais de livraison sont calcul\u00e9s en fonction du mode de transport (a\u00e9rien, maritime ou terrestre) et du poids\/volume du produit. Les tarifs varient d&#039;une compagnie de transport \u00e0 l&#039;autre\u00a0; il est donc conseill\u00e9 de comparer les offres afin de trouver la plus avantageuse. Pour plus d&#039;informations sur le calcul des frais de livraison, veuillez consulter [lien\/adresse manquante]. <u><a href=\"\/contact-us\/\">Contactez-nous<\/a><\/u> directement.<\/p>\n<h3>Qu\u2019est-ce que la protection des acheteurs\u00a0?<\/h3>\n<p>La Protection des Acheteurs est un ensemble de garanties qui permet aux acheteurs de faire leurs achats en toute confiance sur notre site web.<\/p>\n<p>Vous \u00eates prot\u00e9g\u00e9 lorsque :<\/p>\n<ul>\n<li>L&#039;article que vous avez command\u00e9 n&#039;est pas arriv\u00e9 dans les d\u00e9lais promis par le vendeur.<\/li>\n<li>L&#039;article que vous avez re\u00e7u n&#039;\u00e9tait pas conforme \u00e0 la description.<\/li>\n<li>L&#039;article que vous avez re\u00e7u, et qui vous a \u00e9t\u00e9 assur\u00e9 \u00eatre authentique, \u00e9tait en fait une contrefa\u00e7on.<\/li>\n<\/ul>","protected":false},"excerpt":{"rendered":"<p>How to search products? Search for products by entering the product name or keyword into the Search Bar at the top of any page. Try to enter a general description. The more keywords you use, the less products you will get in the results page. When you find a product you\u2019re interested in, simply click [&#8230;]\n","protected":false},"author":1,"featured_media":0,"parent":0,"menu_order":8,"comment_status":"closed","ping_status":"closed","template":"page-templates\/page-narrow.php","meta":{"slim_seo":{"title":"Frequently asked questions - Start Me A Biz","description":"Comment rechercher des produits\u00a0? Recherchez des produits en saisissant leur nom ou un mot-cl\u00e9 dans la barre de recherche situ\u00e9e en haut de chaque page. Essayez de saisir une description g\u00e9n\u00e9rale."},"footnotes":""},"class_list":["post-261","page","type-page","status-publish","hentry"],"_links":{"self":[{"href":"https:\/\/startmeabiz.com\/fr\/wp-json\/wp\/v2\/pages\/261","targetHints":{"allow":["GET"]}}],"collection":[{"href":"https:\/\/startmeabiz.com\/fr\/wp-json\/wp\/v2\/pages"}],"about":[{"href":"https:\/\/startmeabiz.com\/fr\/wp-json\/wp\/v2\/types\/page"}],"author":[{"embeddable":true,"href":"https:\/\/startmeabiz.com\/fr\/wp-json\/wp\/v2\/users\/1"}],"replies":[{"embeddable":true,"href":"https:\/\/startmeabiz.com\/fr\/wp-json\/wp\/v2\/comments?post=261"}],"version-history":[{"count":0,"href":"https:\/\/startmeabiz.com\/fr\/wp-json\/wp\/v2\/pages\/261\/revisions"}],"wp:attachment":[{"href":"https:\/\/startmeabiz.com\/fr\/wp-json\/wp\/v2\/media?parent=261"}],"curies":[{"name":"wp","href":"https:\/\/api.w.org\/{rel}","templated":true}]}}