{"id":977,"date":"2020-07-06T08:00:24","date_gmt":"2020-07-06T13:00:24","guid":{"rendered":"https:\/\/startmeabiz.com\/product\/air-conditioner-mini-usb-air-cooler-portable-arctic-air-conditioners-room-cooling-7-colors-led-light-cooler-small-table-fans\/"},"modified":"2025-12-03T04:19:30","modified_gmt":"2025-12-03T10:19:30","slug":"aire-acondicionado-usb-personal-con-luz-nocturna","status":"publish","type":"product","link":"https:\/\/startmeabiz.com\/es\/product\/aire-acondicionado-usb-personal-con-luz-nocturna\/","title":{"rendered":"Aire acondicionado USB personal con luz nocturna"},"content":{"rendered":"<div>\n<h2 style=\"text-align: center;\"><span style=\"color: #e03e2d;\"><em>AIRE ACONDICIONADO PERSONAL USB CON <\/em><\/span><\/h2>\n<h2 style=\"text-align: center;\"><span style=\"color: #e03e2d;\"><em>LUZ DE NOCHE<\/em>:50% \u00a1DESACTIVADO!<\/span><\/h2>\n<p style=\"text-align: center;\">Buscando<\/p>\n<p style=\"text-align: center;\">el perfecto<strong> \u00bfAire acondicionado personal USB con luz nocturna?<\/strong> Eche un vistazo a nuestra cuidada selecci\u00f3n de productos y c\u00f3mprelos por <span style=\"color: #e03e2d;\"><strong>50% <\/strong><span style=\"color: #000000;\">apagado<\/span><\/span>. \u00bfEntonces, qu\u00e9 est\u00e1s esperando?<\/p>\n<p style=\"text-align: center;\">El inventario se est\u00e1 agotando, as\u00ed que date prisa. Nuestra tienda garantiza calidad y una selecci\u00f3n inigualable, todo con una pol\u00edtica de satisfacci\u00f3n 100%. As\u00ed que, <strong><span style=\"color: #2dc26b;\"><span class=\"ads-addon-add-to-cart\">A\u00d1ADIR A LA CESTA<\/span><\/span><\/strong> \u00a1ahora!<\/p>\n<p><img decoding=\"async\" class=\"aligncenter\" style=\"margin-bottom: 10px;\" src=\"\/\/ae01.alicdn.com\/kf\/H84d375b319f742ea9899041e13f2f731d.jpg?width=800&amp;height=807&amp;hash=1607\" \/><\/p>\n<p style=\"text-align: center;\"><a href=\"#addtocart\" class=\"button primary is-primary is-medium\" >\n\t\t<span>\u00a1COMPRA EL TUYO AHORA!<\/span>\n\t<\/a>\n\n<\/div>\n<div>\n<div>\n<hr \/>\n<h2 style=\"text-align: center;\"><strong><em>AIRE ACONDICIONADO PERSONAL USB CON LUZ NOCTURNA<\/em> DETALLES<\/strong><\/h2>\n<ol>\n<li>Crea una zona de enfriamiento personal.<\/li>\n<li>Enfr\u00eda la temperatura del espacio personal hasta entre 6 y 8 grados<\/li>\n<li>Viento fuerte pero funcionamiento silencioso<\/li>\n<li>Elija entre 3 velocidades y ajuste el flujo de aire.<\/li>\n<li>Hasta 6-8 horas de tiempo de humidificaci\u00f3n<\/li>\n<li>Bajo consumo de energ\u00eda<\/li>\n<li>Agregue agua, con\u00e9ctelo y enci\u00e9ndalo.<\/li>\n<li>Apagado autom\u00e1tico cuando se queda sin agua<\/li>\n<li>No est\u00e1 dise\u00f1ado para enfriar toda la habitaci\u00f3n.<\/li>\n<\/ol>\n<div style=\"text-align: center;\"><strong><span style=\"font-size: 20px;\">Presupuesto: <\/span><\/strong><\/div>\n<div>\n<ul>\n<li>+Potencia nominal: 5W<\/li>\n<li>+Voltaje y corriente: 5V-1A<\/li>\n<li>+Pantalla digital LCD<\/li>\n<li>+Velocidad del viento: 5 marchas, l\u00e1mpara de dedo LED<\/li>\n<li>+Velocidad del viento: 3 marchas<\/li>\n<li>+Capacidad del tanque de agua: 375 ml<\/li>\n<li data-spm-anchor-id=\"a2g0o.detail.1000023.i0.6aea555bB5U5if\">Modo: Trabajo\/Sue\u00f1o. Luces de colores, USB, temporizador ajustable de 1 a 12 horas.<\/li>\n<\/ul>\n<\/div>\n<div><\/div>\n<div style=\"text-align: center;\"><strong><span style=\"font-size: 20px;\"> Aviso: <\/span><\/strong><\/div>\n<ol>\n<li>Mantenga el peque\u00f1o enfriador de aire personal en equilibrio, no lo incline mientras trabaja.<\/li>\n<li>Agregue agua pura o agua del grifo para evitar afectar la funci\u00f3n de enfriamiento.<\/li>\n<li>Lo mejor es agregar 3\/4 de agua al tanque, no lo llene completamente.<\/li>\n<li>Por favor, deje sin agua cada vez para evitar que en el tanque de agua quede algo de sarro.<\/li>\n<li>Use un cepillo de taza o un cepillo de dientes para limpiar el tanque de agua una vez por semana. Mant\u00e9ngalo limpio y en buen estado.<\/li>\n<\/ol>\n<div style=\"text-align: center;\"><strong>El paquete incluye:<\/strong><\/div>\n<ul>\n<li>*1 x Enfriador de aire personal.<\/li>\n<li>*1 x Adaptador USB y manual de usuario en ingl\u00e9s.<\/li>\n<\/ul>\n<p><img decoding=\"async\" class=\"aligncenter\" src=\"\/\/ae01.alicdn.com\/kf\/H8952ee315ed0490bad122dc8a67a8ee3P.jpg?width=800&amp;height=800&amp;hash=1600\" \/><\/p>\n<p style=\"text-align: center;\"><a href=\"#addtocart\" class=\"button primary is-primary is-medium\" >\n\t\t<span>\u00a1COMPRA EL TUYO AHORA!<\/span>\n\t<\/a>\n\n<\/div>\n<\/div>\n<div>\n<div>\n<hr \/>\n<h2 class=\"qa-title\" style=\"text-align: center;\"><strong>PREGUNTAS Y RESPUESTAS SOBRE PRODUCTOS<\/strong><\/h2>\n<p style=\"text-align: center;\"><span class=\"qa-item-question\"><strong>\u00bfSon precisos los colores?<\/strong><\/span><br \/>\n<span class=\"qa-item-answer\">Podemos garantizar que los colores de las im\u00e1genes coinciden con los colores reales del<strong> Aire acondicionado personal USB con luz nocturna.<\/strong> Sin embargo, no olvides que las pantallas de la mayor\u00eda de los dispositivos tienden a distorsionar los colores reales.<\/span><\/p>\n<p><img decoding=\"async\" class=\"aligncenter\" src=\"\/\/ae01.alicdn.com\/kf\/H0ea7f941c0e349a0ba8f2c164eea0fbf5.jpg?width=800&amp;height=800&amp;hash=1600\" \/><\/p>\n<p style=\"text-align: center;\"><span class=\"qa-item-question\"><strong>\u00bfPuedo obtener otro color para este art\u00edculo?<\/strong><\/span><br \/>\n<span class=\"qa-item-answer\">Puede elegir entre las variaciones que se muestran en la p\u00e1gina del producto, pero aseg\u00farese de verificar qu\u00e9 tipo de<strong> Aire acondicionado USB personal con luz nocturna<\/strong> Estas ordenando antes de confirmarlo.<\/span><\/p>\n<p><img decoding=\"async\" class=\"aligncenter\" style=\"margin-bottom: 10px;\" src=\"\/\/ae01.alicdn.com\/kf\/H50ed1a330683415f8da18bd76bf4244fc.jpg?width=800&amp;height=800&amp;hash=1600\" \/><\/p>\n<p style=\"text-align: center;\"><span class=\"qa-item-question\"><strong>\u00bfEst\u00e1s seguro de que este producto es asequible?<\/strong><\/span><br \/>\n<span class=\"qa-item-answer\">Principalmente, solo t\u00fa puedes saber con certeza si esta compra se ajusta a tu presupuesto. Sin embargo, considera lo siguiente: <span class=\"ads-addon-price\" data-currency=\"USD\">$60.95<\/span> Es moderado si lo comparamos con otras alternativas de productos.<\/span><\/p>\n<p><img decoding=\"async\" class=\"aligncenter\" style=\"margin-bottom: 10px;\" src=\"\/\/ae01.alicdn.com\/kf\/H2076ce2d12d74679b5c1b2a64174598c2.jpg?width=800&amp;height=800&amp;hash=1600\" \/><\/p>\n<p style=\"text-align: center;\"><span class=\"qa-item-question\"><strong>\u00bfCuanto pago por ello?<\/strong><\/span><br \/>\n<span class=\"qa-item-answer\">Nos alegra que est\u00e9s interesado. Por lo tanto, el precio es... <span class=\"ads-addon-price\" data-currency=\"USD\">$60.95<\/span>.<\/span><\/p>\n<p><img decoding=\"async\" class=\"aligncenter\" src=\"https:\/\/startmeabiz.com\/wp-content\/uploads\/2022\/07\/977-d6f19c.jpeg\" \/><\/p>\n<p style=\"text-align: center;\"><span class=\"qa-item-question\"><strong>Si he tomado fotograf\u00edas de su producto, \u00bfpuedo ponerlas en Internet?<\/strong><\/span><br \/>\n<span class=\"qa-item-answer\">De hecho, puedes publicar fotos de nuestros productos libremente en redes sociales. No tenemos ninguna objeci\u00f3n. Gracias.<\/span><\/p>\n<p><img decoding=\"async\" class=\"aligncenter\" style=\"margin-bottom: 10px;\" src=\"\/\/ae01.alicdn.com\/kf\/Hf500865dc83449fc8ad890156d8a3b03L.jpg?width=800&amp;height=800&amp;hash=1600\" \/><\/p>\n<p style=\"text-align: center;\"><span class=\"qa-item-question\"><strong>\u00bfEs posible dejar una rese\u00f1a? Primero, quiero compartir mi experiencia.<\/strong><\/span><br \/>\n<span class=\"qa-item-answer\">Tu opini\u00f3n sobre nuestros productos es fundamental para nosotros. Por eso, nos encantar\u00eda que la compartieras con otras personas.<\/span><\/p>\n<\/div>\n<div style=\"text-align: center;\">\n<p><img decoding=\"async\" class=\"aligncenter\" src=\"\/\/ae01.alicdn.com\/kf\/H5afc7914167348f79df159ad990e55e6e.jpg?width=1000&amp;height=1000&amp;hash=2000\" width=\"799\" height=\"799\" \/><a href=\"#addtocart\" class=\"button primary is-primary is-medium\" >\n\t\t<span>\u00a1COMPRA EL TUYO AHORA!<\/span>\n\t<\/a>\n\n<div style=\"text-align: center;\">\n<div>\n<hr \/>\n<h2 class=\"qa-title\"><strong>POL\u00cdTICAS DE PEDIDOS Y TIENDA<\/strong><\/h2>\n<p><span class=\"qa-item-question\"><strong>\u00bfPuedo solicitar un reembolso si el paquete con mi <em>Aire acondicionado USB personal con luz nocturna<\/em> \u00bfSe da\u00f1a o se pierde?<\/strong><\/span><br \/>\n<span class=\"qa-item-answer\">No te preocupes porque incluso si algo le pasa a tu paquete, garantizamos un reembolso completo.<\/span><\/p>\n<p><img decoding=\"async\" class=\"aligncenter\" src=\"\/\/ae01.alicdn.com\/kf\/H63002b76c6a14da1b7c485b5a5cbe5ca9.jpg?width=800&amp;height=800&amp;hash=1600\" \/><\/p>\n<p><span class=\"qa-item-question\"><strong>\u00bfPuedo comprar varios art\u00edculos de usted?<\/strong><\/span><br \/>\n<span class=\"qa-item-answer\">B\u00e1sicamente, la cantidad de productos que puedes comprar es ilimitada.<\/span><\/p>\n<p><img decoding=\"async\" class=\"aligncenter\" src=\"\/\/ae01.alicdn.com\/kf\/H3f3169036c3e49f894797747803f004cO.jpg?width=1000&amp;height=1000&amp;hash=2000\" width=\"801\" height=\"801\" \/><\/p>\n<p><span class=\"qa-item-question\"><strong>Quiero hacer un pedido ahora. \u00bfPuedo?<\/strong><\/span><br \/>\n<span class=\"qa-item-answer\">El producto est\u00e1 disponible para su compra, por lo que le invitamos a <span class=\"ads-addon-add-to-cart\">A\u00d1ADIR A LA CESTA<\/span> el n\u00famero deseado de unidades.<\/span><\/p>\n<p><img decoding=\"async\" class=\"aligncenter\" src=\"\/\/ae01.alicdn.com\/kf\/Hb0d8917fbe7a4874b0397f0e431d0567L.jpg?width=1000&amp;height=1000&amp;hash=2000\" width=\"800\" height=\"800\" \/><\/p>\n<p><span class=\"qa-item-question\"><strong>No estoy seguro de qu\u00e9 m\u00e9todo de pago elegir. \u00bfInfluye en el plazo de entrega?<\/strong><\/span><br \/>\n<span class=\"qa-item-answer\">El tiempo de env\u00edo no depende del m\u00e9todo de pago que utilices. Elige el que prefieras.<\/span><\/p>\n<p><img decoding=\"async\" class=\"aligncenter\" src=\"\/\/ae01.alicdn.com\/kf\/Hf954c898ef6a4639b19b294b14167f0eU.jpg?width=1000&amp;height=1000&amp;hash=2000\" width=\"800\" height=\"800\" \/><\/p>\n<p><span class=\"qa-item-question\"><strong>\u00bfAlguien vende estos fuera de l\u00ednea?<\/strong><\/span><br \/>\n<span class=\"qa-item-answer\">Principalmente, las tiendas f\u00edsicas ofrecen una gama de productos m\u00e1s limitada en cuanto a las variaciones disponibles. Adem\u00e1s, es probable que fijen precios m\u00e1s altos para el mismo mini aire acondicionado de bajo consumo.<\/span><\/p>\n<p><img decoding=\"async\" class=\"aligncenter\" src=\"\/\/ae01.alicdn.com\/kf\/Hdab05731c8574a499e62b3f0fc800486C.jpg?width=800&amp;height=800&amp;hash=1600\" \/><\/p>\n<p><span class=\"qa-item-question\"><strong>\u00bfPuedes demostrar que tu tienda es confiable?<\/strong><\/span><br \/>\n<span class=\"qa-item-answer\">De hecho, nuestra tienda es conocida como un sitio de compras en l\u00ednea confiable. Por lo tanto, no dude en consultar las rese\u00f1as de otros compradores en las p\u00e1ginas de productos, por ejemplo, para asegurarse de que cumplimos lo prometido.<\/span><\/p>\n<\/div>\n<\/div>\n<\/div>\n<\/div>","protected":false},"excerpt":{"rendered":"<p><strong>\u00a1Transforma cualquier habitaci\u00f3n en la opci\u00f3n m\u00e1s c\u00f3moda con este Aire Acondicionado Personal USB con Luz Nocturna!<\/strong><iframe style=\"display: none;\" src=\"about:blank\"><\/iframe><\/p>","protected":false},"featured_media":983,"comment_status":"open","ping_status":"closed","template":"","meta":{"slim_seo":{"title":"Aire acondicionado USB personal con luz nocturna","description":"\u00a1Compra tu aire acondicionado USB personal con luz nocturna en startmeabiz.com! Env\u00edo gratuito a 185 pa\u00edses. Garant\u00eda de devoluci\u00f3n de dinero de 45 d\u00edas."}},"product_brand":[],"product_cat":[28],"product_tag":[427,426,433,497,498],"class_list":{"0":"post-977","1":"product","2":"type-product","3":"status-publish","4":"has-post-thumbnail","6":"product_cat-new-arrivals","7":"product_tag-air-conditioner","8":"product_tag-air-cooler","9":"product_tag-air-humidifier","10":"product_tag-conditioner","11":"product_tag-humidifier","12":"tm-has-styled-variations","13":"tm-variations-only","15":"first","16":"instock","17":"sale","18":"taxable","19":"shipping-taxable","20":"purchasable","21":"product-type-simple"},"_links":{"self":[{"href":"https:\/\/startmeabiz.com\/es\/wp-json\/wp\/v2\/product\/977","targetHints":{"allow":["GET"]}}],"collection":[{"href":"https:\/\/startmeabiz.com\/es\/wp-json\/wp\/v2\/product"}],"about":[{"href":"https:\/\/startmeabiz.com\/es\/wp-json\/wp\/v2\/types\/product"}],"replies":[{"embeddable":true,"href":"https:\/\/startmeabiz.com\/es\/wp-json\/wp\/v2\/comments?post=977"}],"wp:featuredmedia":[{"embeddable":true,"href":"https:\/\/startmeabiz.com\/es\/wp-json\/wp\/v2\/media\/983"}],"wp:attachment":[{"href":"https:\/\/startmeabiz.com\/es\/wp-json\/wp\/v2\/media?parent=977"}],"wp:term":[{"taxonomy":"product_brand","embeddable":true,"href":"https:\/\/startmeabiz.com\/es\/wp-json\/wp\/v2\/product_brand?post=977"},{"taxonomy":"product_cat","embeddable":true,"href":"https:\/\/startmeabiz.com\/es\/wp-json\/wp\/v2\/product_cat?post=977"},{"taxonomy":"product_tag","embeddable":true,"href":"https:\/\/startmeabiz.com\/es\/wp-json\/wp\/v2\/product_tag?post=977"}],"curies":[{"name":"wp","href":"https:\/\/api.w.org\/{rel}","templated":true}]}}