{"id":949,"date":"2022-07-06T09:00:38","date_gmt":"2022-07-06T14:00:38","guid":{"rendered":"https:\/\/startmeabiz.com\/product\/uvc-sterilization-mini-portable-air-conditioner-humidifier-air-cooler-personal-space-air-cooling-usb-rechargeable-home-desk-fan\/"},"modified":"2025-12-03T04:21:20","modified_gmt":"2025-12-03T10:21:20","slug":"aire-acondicionado-y-purificador-usb-de-alta-velocidad","status":"publish","type":"product","link":"https:\/\/startmeabiz.com\/es\/product\/aire-acondicionado-y-purificador-usb-de-alta-velocidad\/","title":{"rendered":"Aire acondicionado y purificador USB de alta velocidad"},"content":{"rendered":"<div>\n<h1 style=\"text-align: center;\">CONSIGUE UN SUPERVENTAS <em><strong>MINI AIRE ACONDICIONADO USB<\/strong><\/em> PARA 41% DE DESCUENTO<\/h1>\n<p style=\"text-align: center;\">Consigue nuestro codiciado <strong>Enfriador y purificador de aire USB<\/strong> Por una fracci\u00f3n del costo, \u00a1AHORA! Nuestra oferta por tiempo limitado te da la oportunidad de ahorrar. <span class=\"ads-addon-you_save\" data-currency=\"USD\">$14.95<\/span>.<\/p>\n<p style=\"text-align: center;\"><span style=\"font-family: -apple-system, BlinkMacSystemFont, 'Segoe UI', Roboto, Oxygen, Ubuntu, Cantarell, 'Open Sans', 'Helvetica Neue', sans-serif;\">Compre en nuestra tienda y disfrute de su tranquilidad y satisfacci\u00f3n. Le aseguramos que:<\/span><\/p>\n<ul>\n<li>Estar\u00e1 100% satisfecho con su compra.<\/li>\n<li>Su paquete llegar\u00e1 sano y salvo.<\/li>\n<li>Su compra est\u00e1 libre de riesgos en 100% (nuestra pol\u00edtica de devoluciones lo cubre).<\/li>\n<\/ul>\n<p style=\"text-align: center;\">\u00bfListo para comprar? Solo <span style=\"color: #2dc26b;\"><strong><span class=\"ads-addon-add-to-cart\">A\u00d1ADIR A LA CESTA<\/span><\/strong><\/span> \u00a1Ahora antes de que se agote nuestro inventario!<\/p>\n<p><img decoding=\"async\" class=\"aligncenter\" src=\"\/\/ae01.alicdn.com\/kf\/Ha7f0511f53774ec4a6b55ddbd40aec84r.jpg\" width=\"801\" height=\"1367\" \/><\/p>\n<p style=\"text-align: center;\"><a href=\"#addtocart\" class=\"button primary is-primary is-medium\" >\n\t\t<span>\u00a1CONSIGUE EL TUYO!<\/span>\n\t<\/a>\n\n<hr \/>\n<\/div>\n<div>\n<div id=\"266714652339\" data-previewurl=\"\/\/img.alicdn.com\/imgextra\/i3\/6000000006418\/O1CN0113ulNF1xHUYNCfYd2_!!6000000006418-0-tbvideo.jpg\">\n<h2 style=\"text-align: center;\"><strong>M\u00c1S detalles del enfriador y purificador de aire USB<\/strong><\/h2>\n<div style=\"text-align: center;\" data-spm-anchor-id=\"a2g0o.detail.1000023.i3.e6e694b8xueC6o\"><span style=\"font-size: 16px;\"><span style=\"font-weight: 700 !important;\"><span style=\"max-width: 100%;\">Caracter\u00edsticas:<\/span><\/span><\/span><\/div>\n<div data-spm-anchor-id=\"a2g0o.detail.1000023.i3.e6e694b8xueC6o\"><\/div>\n<div data-spm-anchor-id=\"a2g0o.detail.1000023.i3.e6e694b8xueC6o\">\n<ul>\n<li><strong><span style=\"font-size: 16px;\">L\u00e1mpara germicida ultravioleta UV-C: <\/span><\/strong>Irradiar el interior desde todos los \u00e1ngulos para matar eficazmente las bacterias en el agua, reducir las bacterias adheridas al filtro y mantener el aire limpio.<\/li>\n<li><strong><span style=\"font-size: 16px;\">Tecnolog\u00eda de refrigeraci\u00f3n r\u00e1pida<\/span><\/strong><span style=\"font-size: 16px;\">Sistema de enfriamiento r\u00e1pido enfriado por agua con niebla de hielo nano, a medida que el hielo se evapora, la energ\u00eda e\u00f3lica del ventilador logra un enfriamiento poderoso y se enfr\u00eda sin esperar.<\/span><\/li>\n<li><strong><span style=\"font-size: 16px;\">Tecnolog\u00eda ultras\u00f3nica atomizada Nano Spray: <\/span><\/strong><span style=\"font-size: 16px;\">Hidrata eficazmente la piel y penetra suavemente. Atomizador mejorado, con un volumen de pulverizaci\u00f3n m\u00e1s grande y m\u00e1s fr\u00edo.<\/span><\/li>\n<li><strong><span style=\"font-size: 16px;\">Luces LED de 7 colores, se pueden utilizar aceites esenciales<\/span><\/strong><span style=\"font-size: 16px;\">Iluminaci\u00f3n LED de 7 colores; puedes elegir seg\u00fan tu estado de \u00e1nimo. A\u00f1ade aceite esencial al tanque de agua, que puede usarse en lugar de un aparato de aromaterapia. Su dise\u00f1o silencioso, que reduce el ruido en 30%, te permite dormir pl\u00e1cidamente.<\/span><\/li>\n<li><strong><span style=\"font-size: 16px;\">Filtro de esterilizaci\u00f3n de iones de plata: <\/span><\/strong><span style=\"font-size: 16px;\">El filtro utiliza tecnolog\u00eda de esterilizaci\u00f3n por iones de plata para eliminar mejor el moho y las bacterias del aire. Absorbe m\u00e1s agua y aumenta la evaporaci\u00f3n. Es f\u00e1cil de desmontar y limpiar.<\/span><\/li>\n<\/ul>\n<div style=\"text-align: center;\"><strong><span style=\"font-size: 16px;\">Lista de embalaje:<\/span><\/strong><\/div>\n<ul>\n<li><span style=\"font-size: 16px;\">1 x enfriador de aire.<\/span><\/li>\n<li><span style=\"font-size: 16px;\">1 x filtro de enfriador de aire,<\/span><span style=\"font-size: 16px;\"> L\u00ednea USB y usuario<\/span><span style=\"font-size: 16px;\"> Manual.<\/span><\/li>\n<\/ul>\n<div>\n<p><img decoding=\"async\" class=\"aligncenter\" src=\"\/\/ae01.alicdn.com\/kf\/H0e9560c15fe046fe8e6dbda115cec7c2w.jpg\" width=\"800\" height=\"1179\" \/><\/p>\n<p style=\"text-align: center;\"><a href=\"#addtocart\" class=\"button primary is-primary is-medium\" >\n\t\t<span>\u00a1CONSIGUE EL TUYO!<\/span>\n\t<\/a>\n\n<hr \/>\n<\/div>\n<div><\/div>\n<\/div>\n<div>\n<div data-spm-anchor-id=\"a2g0o.detail.1000023.i3.e6e694b8xueC6o\"><\/div>\n<\/div>\n<h2 style=\"text-align: center;\"><span style=\"color: #666666; font-size: 1.25rem;\"><strong>Preguntas y respuestas sobre el enfriador y purificador de aire USB<\/strong><br \/>\n<\/span><\/h2>\n<\/div>\n<\/div>\n<p style=\"text-align: center;\"><span class=\"qa-item-question\"><strong>\u00bfPor qu\u00e9 puedo considerar que su enfriador de aire port\u00e1til de bajo consumo de energ\u00eda con motor de alta velocidad es mucho mejor que los que venden otras tiendas?<\/strong><\/span><br \/>\n<span class=\"qa-item-answer\">Al comprar el Aire Acondicionado Mini USB, nuestros clientes pueden estar seguros de que obtienen un producto de alta calidad a un precio justo, ya que estamos orgullosos de hacer felices a nuestros clientes ofreci\u00e9ndoles buena calidad y precios bajos.<\/span><\/p>\n<p><img decoding=\"async\" class=\"aligncenter\" src=\"\/\/ae01.alicdn.com\/kf\/He457895a4e0348c7ab8e76dfc3f80219t.jpg\" width=\"800\" height=\"1068\" \/><\/p>\n<p style=\"text-align: center;\"><span class=\"qa-item-question\"><strong>\u00bfSu proveedor utiliza alg\u00fan material t\u00f3xico durante la producci\u00f3n de mini acondicionadores de aire de alta eficiencia?<\/strong><\/span><br \/>\n<span class=\"qa-item-answer\">Prestamos mucha atenci\u00f3n a la calidad de nuestros productos, incluyendo el aire acondicionado mini USB. Por eso, todos nuestros productos son duraderos y seguros.<\/span><\/p>\n<p><img decoding=\"async\" class=\"aligncenter\" src=\"\/\/ae01.alicdn.com\/kf\/H56927c6b72654842992eaf83706be9e2X.jpg\" width=\"800\" height=\"867\" \/><\/p>\n<p style=\"text-align: center;\"><span class=\"qa-item-question\"><strong>\u00bfCu\u00e1nto cuesta?<\/strong><\/span><br \/>\n<span class=\"qa-item-answer\">Puedes pedir este art\u00edculo por <span class=\"ads-addon-price\" data-currency=\"USD\">$19.95<\/span>.<\/span><\/p>\n<p><img decoding=\"async\" class=\"aligncenter\" src=\"\/\/ae01.alicdn.com\/kf\/H4727605d55af400787c1499c8435aff2J.jpg\" width=\"800\" height=\"1353\" \/><\/p>\n<h4 style=\"text-align: center;\"><span class=\"qa-item-question\"><strong>\u00bfEl precio incluye impuestos?<\/strong><\/span><br \/>\n<span class=\"qa-item-answer\">Ver\u00e1s el precio final de la compra junto con los impuestos (si corresponde) en la p\u00e1gina de pago. Es decir, podr\u00e1s ver si tienes que pagar algo m\u00e1s antes de confirmar el pedido.<\/span><\/h4>\n<p><img decoding=\"async\" class=\"aligncenter\" src=\"\/\/ae01.alicdn.com\/kf\/H72ebb3f03a904804920ab47ba4b4f2d9Q.jpg\" width=\"800\" height=\"983\" \/><\/p>\n<p style=\"text-align: center;\"><span class=\"qa-item-question\"><strong>\u00bfTiene este producto alg\u00fan punto fuerte seg\u00fan los compradores anteriores?<\/strong><\/span><br \/>\n<span class=\"qa-item-answer\">Los clientes est\u00e1n satisfechos con nuestro mini enfriador de aire USB y destacan su excepcional calidad y atractivo dise\u00f1o. \u00a1No dude en pedirlo!<\/span><\/p>\n<p><img decoding=\"async\" class=\"aligncenter\" src=\"\/\/ae01.alicdn.com\/kf\/Hd33959edd0f6420985eaa1b4acc0bccbD.jpg\" width=\"800\" height=\"1068\" \/><\/p>\n<p style=\"text-align: center;\"><span class=\"qa-item-question\"><strong>Quiero ofrecerles a sus futuros clientes una rese\u00f1a de este producto. \u00bfEst\u00e1 bien?<\/strong><\/span><br \/>\n<span class=\"qa-item-answer\">Respetamos las opiniones de nuestros clientes. Por eso, no dudes en compartir tu experiencia para ayudarnos a mejorar.<\/span><\/p>\n<div>\n<div style=\"text-align: center;\">\n<hr \/>\n<p><strong><span style=\"font-size: 23.04px;\">POL\u00cdTICAS DE PEDIDOS Y TIENDA<\/span><\/strong><\/p>\n<\/div>\n<\/div>\n<p style=\"text-align: center;\"><span class=\"qa-item-question\"><strong>\u00bfPuedo recibir mi enfriador y purificador de aire USB en otra direcci\u00f3n? Es decir, \u00bfno en mi domicilio?<\/strong><\/span><br \/>\n<span class=\"qa-item-answer\">No es necesario que el comprador y el destinatario coincidan, por lo que podemos entregar su paquete donde usted nos indique. Gracias.<\/span><\/p>\n<p><img decoding=\"async\" class=\"aligncenter\" src=\"\/\/ae01.alicdn.com\/kf\/He6177aa57a904be8a29ce6f0cd2b0f5ey.jpg\" width=\"801\" height=\"764\" \/><\/p>\n<h4 style=\"text-align: center;\"><span class=\"qa-item-question\"><strong>\u00bfQu\u00e9 pasa si ocurre alg\u00fan problema con mi pedido durante el transporte?<\/strong><\/span><br \/>\n<span class=\"qa-item-answer\">Cont\u00e1ctanos si ocurre alg\u00fan problema con tu paquete durante el traslado. No te preocupes, recibir\u00e1s un reembolso completo si tu paquete se pierde o se da\u00f1a.<\/span><\/h4>\n<p><img decoding=\"async\" class=\"aligncenter\" src=\"\/\/ae01.alicdn.com\/kf\/H2e281a70fdcd486d8722ef1022c94d82u.jpg\" width=\"800\" height=\"1118\" \/><\/p>\n<h4 style=\"text-align: center;\"><span class=\"qa-item-question\"><strong>\u00bfCu\u00e1ntos de estos hay en stock?<\/strong><\/span><br \/>\n<span class=\"qa-item-answer\">El stock del Aire Acondicionado Port\u00e1til con Filtro Esterilizador de Iones de Plata est\u00e1 a punto de comenzar a agotarse en los pr\u00f3ximos 3-4 d\u00edas, por eso te recomendamos que realices tu pedido lo antes posible.<\/span><\/h4>\n<p><img decoding=\"async\" class=\"aligncenter\" src=\"\/\/ae01.alicdn.com\/kf\/H1dc1f7c18f2246deb93548b9f827707ar.jpg\" width=\"800\" height=\"1017\" \/><\/p>\n<p style=\"text-align: center;\"><span class=\"qa-item-question\"><strong>\u00bfQu\u00e9 pasa si necesito cambiar el color o cancelar mi pedido?<\/strong><\/span><br \/>\n<span class=\"qa-item-answer\">Le invitamos a contactar con el servicio de atenci\u00f3n al cliente. Nuestros expertos estar\u00e1n encantados de ayudarle con su pedido.<\/span><\/p>\n<p><img decoding=\"async\" class=\"aligncenter\" src=\"\/\/ae01.alicdn.com\/kf\/H218c91baf01b44b8b237be43020a92acW.jpg\" width=\"799\" height=\"1066\" \/><\/p>\n<p style=\"text-align: center;\"><span class=\"qa-item-question\"><strong>Tienes algunos buenos productos, pero \u00bfpuedo confiar en tu tienda?<\/strong><\/span><br \/>\n<span class=\"qa-item-answer\">Nuestra tienda tiene la reputaci\u00f3n de ser un proveedor confiable. Por lo tanto, si revisa los comentarios de nuestros clientes anteriores, ver\u00e1 que muchos de ellos ya han sido atendidos por nosotros.<\/span><\/p>\n<p><img decoding=\"async\" class=\"aligncenter\" src=\"https:\/\/ae01.alicdn.com\/kf\/H389d8757f6a248cab284b0697e3a3c23Y\/UVC-Sterilization-Mini-Portable-Air-Conditioner-Humidifier-Air-Cooler-Personal-Space-Air-Cooling-USB-Rechargeable-Home.jpg_800x800q80.jpg.webp\" \/><\/p>\n<p style=\"text-align: center;\"><span class=\"qa-item-question\"><strong>\u00bfNo puedo comprar el mini aire acondicionado de alta eficiencia sin conexi\u00f3n?<\/strong><\/span><br \/>\n<span class=\"qa-item-answer\">Las tiendas f\u00edsicas ofrecen una gama de productos m\u00e1s limitada en cuanto a las variantes disponibles. Adem\u00e1s, es probable que fijen precios m\u00e1s altos para el mismo mini enfriador de aire USB.<\/span><\/p>\n<p><img decoding=\"async\" class=\"aligncenter\" src=\"\/\/ae01.alicdn.com\/kf\/Hb8d065012e374b02be4e3ec4ea8822edL.jpg\" width=\"797\" height=\"1116\" \/><\/p>\n<p style=\"text-align: center;\"><a href=\"#addtocart\" class=\"button primary is-primary is-medium\" >\n\t\t<span>\u00a1CONSIGUE EL TUYO!<\/span>\n\t<\/a>\n\n<hr \/>\n<p><img decoding=\"async\" class=\"aligncenter\" src=\"\/\/ae01.alicdn.com\/kf\/H02f2536b66fa4cb2bf8078baaca73e49r.jpg\" width=\"800\" height=\"1303\" \/><\/p>\n<hr \/>\n<h2 class=\"uppercase\" style=\"text-align: center;\"><span style=\"color: #ff0000;\"><strong>Todos los equipos para entrenar en casa hasta 60% con descuento<\/strong><\/span><\/h2>\n<p><a href=\"https:\/\/refuseyoulose.com\/product-category\/deals-for-men\/sportswear-for-men\/\"><img decoding=\"async\" class=\"size-full wp-image-189523 aligncenter\" src=\"https:\/\/refuseyoulose.com\/wp-content\/uploads\/2019\/06\/Long-Sleeve-Spider-Man-Workout-Shirt-size-SmallMediumLargeXL2XL3XL-Refuse-You-Lose-1.png\" alt=\"\" width=\"779\" height=\"438\" \/><\/a><\/p>\n<hr \/>\n<h2 class=\"uppercase\" style=\"text-align: center;\"><span style=\"color: #ff0000;\"><strong>\u00bfNecesita protecci\u00f3n contra el coronavirus?<\/strong><\/span><\/h2>\n<p style=\"text-align: center;\"><span style=\"font-size: 110%;\">Nos preocupamos por usted. Por eso, nos asociamos con <a href=\"https:\/\/drkillpain.com\" target=\"_blank\" rel=\"noopener\">DrKillpain.com<\/a> para ofrecerle el mejor equipo de protecci\u00f3n disponible.<\/span><\/p>\n<p><a href=\"https:\/\/drkillpain.com\/product-category\/protection-against-covid-19\/face-masks-face-shields\/face-masks\/jackets-with-face-mask\/\"><img decoding=\"async\" class=\"size-full wp-image-189522 aligncenter\" src=\"https:\/\/refuseyoulose.com\/wp-content\/uploads\/2019\/06\/Long-Sleeve-Spider-Man-Workout-Shirt-size-SmallMediumLargeXL2XL3XL-Refuse-You-Lose.png\" alt=\"\" width=\"1024\" height=\"576\" \/><\/a><\/p>\n<p class=\"mceTemp\" style=\"text-align: center;\"><strong><span style=\"font-size: 120%;\">Usar cup\u00f3n <span style=\"color: #ed1c24;\">NEGARTE A TI MISMO<\/span> para ahorrar 10% en toda tu compra desde <a href=\"https:\/\/drkillpain.com\" target=\"_blank\" rel=\"noopener\">DrKillpain.com<\/a>.<\/span><\/strong><\/p>","protected":false},"excerpt":{"rendered":"<p>\u00a1Disfruta de tener aire fresco y purificado en la habitaci\u00f3n con este Aire Acondicionado Mini USB!<\/p>","protected":false},"featured_media":959,"comment_status":"open","ping_status":"closed","template":"","meta":{"slim_seo":{"title":"Aire acondicionado y purificador USB de alta velocidad","description":"\u00a1Compra un aire acondicionado USB de alta velocidad! Env\u00edo gratuito a 185 pa\u00edses. Garant\u00eda de devoluci\u00f3n de dinero de 45 d\u00edas. Enfriador y purificador de aire USB."}},"product_brand":[],"product_cat":[28,27],"product_tag":[427,426,433,431,432,430,428,429],"class_list":{"0":"post-949","1":"product","2":"type-product","3":"status-publish","4":"has-post-thumbnail","6":"product_cat-new-arrivals","7":"product_cat-uncategorized","8":"product_tag-air-conditioner","9":"product_tag-air-cooler","10":"product_tag-air-humidifier","11":"product_tag-air-purifier","12":"product_tag-portable-air-conditioner","13":"product_tag-ultraviolet-c-sterilization","14":"product_tag-usb-air-conditioner","15":"product_tag-uv-c-sterilization","16":"tm-has-styled-variations","17":"tm-variations-only","19":"first","20":"instock","21":"sale","22":"taxable","23":"shipping-taxable","24":"purchasable","25":"product-type-variable"},"_links":{"self":[{"href":"https:\/\/startmeabiz.com\/es\/wp-json\/wp\/v2\/product\/949","targetHints":{"allow":["GET"]}}],"collection":[{"href":"https:\/\/startmeabiz.com\/es\/wp-json\/wp\/v2\/product"}],"about":[{"href":"https:\/\/startmeabiz.com\/es\/wp-json\/wp\/v2\/types\/product"}],"replies":[{"embeddable":true,"href":"https:\/\/startmeabiz.com\/es\/wp-json\/wp\/v2\/comments?post=949"}],"wp:featuredmedia":[{"embeddable":true,"href":"https:\/\/startmeabiz.com\/es\/wp-json\/wp\/v2\/media\/959"}],"wp:attachment":[{"href":"https:\/\/startmeabiz.com\/es\/wp-json\/wp\/v2\/media?parent=949"}],"wp:term":[{"taxonomy":"product_brand","embeddable":true,"href":"https:\/\/startmeabiz.com\/es\/wp-json\/wp\/v2\/product_brand?post=949"},{"taxonomy":"product_cat","embeddable":true,"href":"https:\/\/startmeabiz.com\/es\/wp-json\/wp\/v2\/product_cat?post=949"},{"taxonomy":"product_tag","embeddable":true,"href":"https:\/\/startmeabiz.com\/es\/wp-json\/wp\/v2\/product_tag?post=949"}],"curies":[{"name":"wp","href":"https:\/\/api.w.org\/{rel}","templated":true}]}}