{"id":939,"date":"2023-02-20T10:00:28","date_gmt":"2023-02-20T16:00:28","guid":{"rendered":"https:\/\/startmeabiz.com\/product\/baseus-magnetic-car-humidifier-air-purifier-360-degree-air-outlet-handheld-auto-air-freshener-car-air-diffuser\/"},"modified":"2025-12-03T04:02:02","modified_gmt":"2025-12-03T10:02:02","slug":"humidificador-portatil-para-coche","status":"publish","type":"product","link":"https:\/\/startmeabiz.com\/es\/product\/humidificador-portatil-para-coche\/","title":{"rendered":"Humidificador port\u00e1til para coche"},"content":{"rendered":"<h1 style=\"text-align: center;\"><span style=\"color: #e03e2d;\"><em>HUMIDIFICADOR PORT\u00c1TIL PARA COCHE<\/em> \u00a1YA A LA VENTA: 38% DE DESCUENTO!<\/span><\/h1>\n<p style=\"text-align: center;\">Act\u00faa r\u00e1pido y obt\u00e9n una exclusiva <span style=\"color: #e03e2d;\"><strong>38% <\/strong><span style=\"color: #000000;\">apagado encendido<\/span><\/span> nuestro <strong>\u00a1Humidificador port\u00e1til para coche!<\/strong><\/p>\n<p style=\"text-align: center;\"><span style=\"font-family: -apple-system, BlinkMacSystemFont, 'Segoe UI', Roboto, Oxygen, Ubuntu, Cantarell, 'Open Sans', 'Helvetica Neue', sans-serif;\">Estamos realizando una venta por tiempo limitado de nuestro ambientador humidificador para autom\u00f3vil por solo <\/span><span style=\"font-family: -apple-system, BlinkMacSystemFont, 'Segoe UI', Roboto, Oxygen, Ubuntu, Cantarell, 'Open Sans', 'Helvetica Neue', sans-serif; color: #2dc26b;\"><strong><span class=\"ads-addon-price\" data-currency=\"USD\">$24.95<\/span><\/strong><span style=\"color: #000000;\">. Descubra por qu\u00e9 esta tienda tiene la mejor selecci\u00f3n y una calidad inigualable.<\/span><\/span><\/p>\n<p><img decoding=\"async\" class=\"aligncenter\" src=\"\/\/ae01.alicdn.com\/kf\/Hef8ba89af7f444608fe1176c88b70fc4c.jpg\" width=\"800\" height=\"1266\" \/><\/p>\n<p style=\"text-align: center;\"><span class=\"qa-item-answer\"><a href=\"#addtocart\" class=\"button primary is-primary is-medium\" >\n\t\t<span>\u00a1COMPRAR AHORA!<\/span>\n\t<\/a>\n<\/span><\/p>\n<div>\n<hr \/>\n<h2 style=\"text-align: center;\"><strong><em>HUMIDIFICADOR PORT\u00c1TIL PARA COCHE<\/em>: UNA MIRADA M\u00c1S DE CERCA<\/strong><\/h2>\n<ul>\n<li><strong>Material:<\/strong> Silicona+pc+abs.<\/li>\n<li><strong>Peso:<\/strong> 180 gramos.<\/li>\n<li><strong>Tipo:<\/strong> Humidificador port\u00e1til<\/li>\n<\/ul>\n<p style=\"text-align: center;\">S\u00ed, eso es exactamente lo que obtienes al comprar con nosotros. \u00a1As\u00ed que no pierdas la oportunidad de comprar un producto de alta calidad a un precio razonable!<\/p>\n<p><img decoding=\"async\" class=\"aligncenter\" src=\"\/\/ae01.alicdn.com\/kf\/H4526c4ec7bf548fab6975de31bb7528aG.jpg\" width=\"800\" height=\"1209\" \/><\/p>\n<p style=\"text-align: center;\"><span class=\"qa-item-answer\"><a href=\"#addtocart\" class=\"button primary is-primary is-medium\" >\n\t\t<span>\u00a1COMPRAR AHORA!<\/span>\n\t<\/a>\n<\/span><\/p>\n<\/div>\n<hr \/>\n<h2 class=\"qa-title\" style=\"text-align: center;\"><strong>Humidificador port\u00e1til para coche: preguntas y respuestas<\/strong><\/h2>\n<p style=\"text-align: center;\"><span class=\"qa-item-question\"><strong>Teniendo en cuenta el precio de tu Ambientador Magn\u00e9tico USB para Coche, \u00bfde qu\u00e9 est\u00e1 hecho?<\/strong><\/span><br \/>\n<span class=\"qa-item-answer\">No te preocupes, porque utilizamos \u00fanicamente materiales de primera calidad para fabricar el humidificador port\u00e1til para coche.<\/span><\/p>\n<p><img decoding=\"async\" class=\"aligncenter\" src=\"\/\/ae01.alicdn.com\/kf\/Hb085e3e493f0452bb213e4f6e7c45c05c.jpg\" width=\"801\" height=\"1617\" \/><\/p>\n<p style=\"text-align: center;\"><span class=\"qa-item-question\"><strong>\u00bfEste art\u00edculo cumple con los est\u00e1ndares de fabricaci\u00f3n de la industria?<\/strong><\/span><br \/>\n<span class=\"qa-item-answer\">En nuestra tienda, prestamos especial atenci\u00f3n a la calidad de los productos distribuidos y al cumplimiento de los est\u00e1ndares de fabricaci\u00f3n. Por lo tanto, no tiene por qu\u00e9 preocuparse por el humidificador port\u00e1til para coche.<\/span><\/p>\n<p><img decoding=\"async\" class=\"aligncenter\" src=\"\/\/ae01.alicdn.com\/kf\/Hd0905453d293415a9d405846795c2bc8w.jpg\" width=\"800\" height=\"1314\" \/><\/p>\n<p style=\"text-align: center;\"><span class=\"qa-item-question\"><strong>No estoy seguro de estar listo para comprarlo. \u00bfEs este el precio correcto?<\/strong><\/span><br \/>\n<span class=\"qa-item-answer\">Hemos analizado el mercado y hemos reducido nuestros gastos al m\u00e1ximo. Por eso estamos seguros de que no encontrar\u00e1 un mejor precio.<\/span><\/p>\n<p><img decoding=\"async\" class=\"aligncenter\" src=\"\/\/ae01.alicdn.com\/kf\/H7123c00b1c564c9ab00adb15487008a7f.jpg\" width=\"800\" height=\"1495\" \/><\/p>\n<p style=\"text-align: center;\"><span class=\"qa-item-question\"><strong>\u00bfSe aplicar\u00e1n cargos adicionales si solicito su mini purificador y nebulizador magn\u00e9tico para autom\u00f3vil?<\/strong><\/span><br \/>\n<span class=\"qa-item-answer\">Ver\u00e1s el precio total en la p\u00e1gina de pago. Es decir, incluye todos los cargos e impuestos necesarios (si corresponde a tu ubicaci\u00f3n).<\/span><\/p>\n<p><img decoding=\"async\" class=\"aligncenter\" src=\"\/\/ae01.alicdn.com\/kf\/H96d3a25d0e7f465dbf2547cd4dfde8d1C.jpg\" width=\"801\" height=\"1038\" \/><\/p>\n<p style=\"text-align: center;\"><span class=\"qa-item-question\"><strong>Quiero publicar una foto de mi compra en Facebook. \u00bfEst\u00e1 bien?<\/strong><\/span><br \/>\n<span class=\"qa-item-answer\">Apreciamos las opiniones de nuestros clientes sobre nuestros productos. No dude en compartir su experiencia.<\/span><\/p>\n<p><img decoding=\"async\" class=\"aligncenter\" src=\"\/\/ae01.alicdn.com\/kf\/Hc13664d2fcca4df6bc9aec83d13640c2d.jpg\" width=\"801\" height=\"1067\" \/><\/p>\n<p style=\"text-align: center;\"><span class=\"qa-item-question\"><strong>\u00bfQu\u00e9 pasa si no me gusta mi humidificador para autom\u00f3vil mini USB de 360 grados?<\/strong><\/span><br \/>\n<span class=\"qa-item-answer\">Puedes contactarnos, explicarnos tu problema y lo solucionaremos. Adem\u00e1s, contamos con una pol\u00edtica de reembolsos muy accesible.<\/span><\/p>\n<div>\n<p><img decoding=\"async\" class=\"aligncenter\" src=\"\/\/ae01.alicdn.com\/kf\/Heb318ca0e7c9402e8e99a1c7dbd4d3c9o.jpg\" width=\"800\" height=\"1000\" \/><\/p>\n<\/div>\n<hr \/>\n<h2 class=\"qa-title\" style=\"text-align: center;\"><strong>POL\u00cdTICAS DE PEDIDOS Y TIENDA<\/strong><\/h2>\n<p style=\"text-align: center;\"><span class=\"qa-item-question\"><strong>\u00bfPuedo pedir varios productos a la vez?<\/strong><\/span><br \/>\n<span class=\"qa-item-answer\">No hay l\u00edmite de productos por pedido, siempre que haya suficientes en stock. \u00a1Listo!<\/span><\/p>\n<p><img decoding=\"async\" class=\"aligncenter\" src=\"\/\/ae01.alicdn.com\/kf\/Hd5b49835424a4c22a592464458556233Y.jpg\" width=\"800\" height=\"1274\" \/><\/p>\n<p style=\"text-align: center;\"><span class=\"qa-item-question\"><strong>\u00bfC\u00f3mo embal\u00e1is los pedidos?<\/strong><\/span><br \/>\n<span class=\"qa-item-answer\">Utilizamos todos los m\u00e9todos posibles para asegurar sus paquetes porque es nuestra mayor responsabilidad protegerlos de da\u00f1os.<\/span><\/p>\n<p><img decoding=\"async\" class=\"aligncenter\" src=\"\/\/ae01.alicdn.com\/kf\/H8018bcad2bcc49c5b816e733567529eeb.jpg\" width=\"800\" height=\"733\" \/><\/p>\n<p style=\"text-align: center;\"><span class=\"qa-item-question\"><strong>\u00bfPuedo acelerar el proceso de entrega si uso una opci\u00f3n de pago determinada?<\/strong><\/span><br \/>\n<span class=\"qa-item-answer\">Tu m\u00e9todo de pago no influye en la rapidez del env\u00edo del humidificador para coche. En otras palabras, elige el que te resulte m\u00e1s c\u00f3modo.<\/span><\/p>\n<p><img decoding=\"async\" class=\"aligncenter\" src=\"https:\/\/startmeabiz.com\/wp-content\/uploads\/2021\/08\/939-36512d.jpg\" width=\"800\" height=\"500\" \/><\/p>\n<p style=\"text-align: center;\"><span class=\"qa-item-question\"><strong>\u00bfC\u00f3mo puedo comprar el Humidificador Port\u00e1til para Coche?<\/strong><\/span><br \/>\n<span class=\"qa-item-answer\">Piensa en la cantidad de art\u00edculos que quieres comprar y selecciona sus variantes. Luego, <span class=\"ads-addon-add-to-cart\">A\u00d1ADIR A LA CESTA<\/span> Selecciona lo que has elegido y sigue las instrucciones en la p\u00e1gina de pago para completar tu pedido y pagar la compra. Inmediatamente despu\u00e9s, recibiremos estos datos y comenzaremos a preparar el paquete.<\/span><\/p>\n<p><img decoding=\"async\" class=\"aligncenter\" src=\"\/\/ae01.alicdn.com\/kf\/Hed2cb06638af4361aa988b9a4d45cdc5L.jpg\" width=\"801\" height=\"1312\" \/><\/p>\n<p style=\"text-align: center;\"><span class=\"qa-item-question\"><strong>\u00bfQu\u00e9 te hace mejor que otras tiendas?<\/strong><\/span><br \/>\n<span class=\"qa-item-answer\">Nuestra principal prioridad es construir relaciones amistosas con nuestros clientes. Nos esforzamos al m\u00e1ximo para que nuestro negocio sea mutuamente beneficioso tanto para ellos como para nosotros. Por eso siempre ofrecemos productos de calidad y precios justos.<\/span><\/p>\n<p><img decoding=\"async\" class=\"aligncenter\" src=\"\/\/ae01.alicdn.com\/kf\/H80040b879ba945bc98920bbee5daa35cP.jpg\" width=\"800\" height=\"1150\" \/><\/p>\n<p style=\"text-align: center;\"><span class=\"qa-item-question\"><strong>La tienda se ve genial. Pero, \u00bferes un proveedor confiable?<\/strong><\/span><br \/>\n<span class=\"qa-item-answer\">No dude en consultar los comentarios de nuestros clientes anteriores en cualquier momento. As\u00ed comprobar\u00e1 que no hay motivo de preocupaci\u00f3n por nuestra fiabilidad y seguridad.<\/span><\/p>\n<div>\n<p><img decoding=\"async\" class=\"aligncenter\" src=\"\/\/ae01.alicdn.com\/kf\/Hf1e606cf380447ca88e9e3b6c59b5261q.jpg\" width=\"800\" height=\"1295\" \/><\/p>\n<p style=\"text-align: center;\"><span class=\"qa-item-answer\"><a href=\"#addtocart\" class=\"button primary is-primary is-medium\" >\n\t\t<span>\u00a1COMPRAR AHORA!<\/span>\n\t<\/a>\n<\/span><\/p>\n<\/div>\n<p><iframe style=\"display: none;\" src=\"about:blank\"><\/iframe><\/p>\n<hr \/>\n<h2 class=\"uppercase\" style=\"text-align: center;\"><span style=\"color: #ff0000;\"><strong>Todos los equipos para entrenar en casa hasta 60% con descuento<\/strong><\/span><\/h2>\n<p><a href=\"https:\/\/refuseyoulose.com\/product-category\/deals-for-men\/sportswear-for-men\/\"><img decoding=\"async\" class=\"size-full wp-image-189523 aligncenter\" src=\"https:\/\/refuseyoulose.com\/wp-content\/uploads\/2019\/06\/Long-Sleeve-Spider-Man-Workout-Shirt-size-SmallMediumLargeXL2XL3XL-Refuse-You-Lose-1.png\" alt=\"\" width=\"779\" height=\"438\" \/><\/a><\/p>\n<h2 class=\"uppercase\" style=\"text-align: center;\"><\/h2>\n<hr \/>\n<h2 class=\"uppercase\" style=\"text-align: center;\"><span style=\"color: #ff0000;\"><strong>\u00bfNecesita protecci\u00f3n contra el coronavirus?<\/strong><\/span><\/h2>\n<p style=\"text-align: center;\"><span style=\"font-size: 110%;\">Nos preocupamos por usted. Por eso, nos asociamos con <a href=\"https:\/\/drkillpain.com\" target=\"_blank\" rel=\"noopener\">DrKillpain.com<\/a> para ofrecerle el mejor equipo de protecci\u00f3n disponible.<\/span><\/p>\n<p><a href=\"https:\/\/drkillpain.com\/product-category\/protection-against-covid-19\/face-masks-face-shields\/face-masks\/jackets-with-face-mask\/\"><img decoding=\"async\" class=\"size-full wp-image-189522 aligncenter\" src=\"https:\/\/refuseyoulose.com\/wp-content\/uploads\/2019\/06\/Long-Sleeve-Spider-Man-Workout-Shirt-size-SmallMediumLargeXL2XL3XL-Refuse-You-Lose.png\" alt=\"\" width=\"1024\" height=\"576\" \/><\/a><\/p>\n<p class=\"mceTemp\" style=\"text-align: center;\"><strong><span style=\"font-size: 120%;\">Usar cup\u00f3n <span style=\"color: #ed1c24;\">NEGARTE A TI MISMO<\/span> para ahorrar 10% en toda tu compra desde <a href=\"https:\/\/drkillpain.com\" target=\"_blank\" rel=\"noopener\">DrKillpain.com<\/a>.<\/span><\/strong><\/p>","protected":false},"excerpt":{"rendered":"<p><strong>\u00a1Aseg\u00farate de que cualquier momento en tu autom\u00f3vil sea ahora un momento m\u00e1s c\u00f3modo con este mini humidificador magn\u00e9tico para autom\u00f3vil USB de 360 grados!<\/strong><iframe style=\"display: none;\" src=\"about:blank\"><\/iframe><\/p>","protected":false},"featured_media":942,"comment_status":"open","ping_status":"closed","template":"","meta":{"slim_seo":{"title":"Humidificador USB mini magn\u00e9tico de 360 grados para coche","description":"\u00a1Compra el minihumidificador USB magn\u00e9tico de 360 grados para coche! Env\u00edo gratuito a 185 pa\u00edses. Garant\u00eda de devoluci\u00f3n de dinero de 45 d\u00edas. Humidificador port\u00e1til para coche."}},"product_brand":[],"product_cat":[28],"product_tag":[582,433,431,581,583,580],"class_list":{"0":"post-939","1":"product","2":"type-product","3":"status-publish","4":"has-post-thumbnail","6":"product_cat-new-arrivals","7":"product_tag-air-freshener-for-car","8":"product_tag-air-humidifier","9":"product_tag-air-purifier","10":"product_tag-air-purifier-for-car","11":"product_tag-car-purifier-fogger","12":"product_tag-humidifier-for-car","13":"tm-has-styled-variations","14":"tm-variations-only","16":"first","17":"instock","18":"sale","19":"taxable","20":"shipping-taxable","21":"purchasable","22":"product-type-variable"},"_links":{"self":[{"href":"https:\/\/startmeabiz.com\/es\/wp-json\/wp\/v2\/product\/939","targetHints":{"allow":["GET"]}}],"collection":[{"href":"https:\/\/startmeabiz.com\/es\/wp-json\/wp\/v2\/product"}],"about":[{"href":"https:\/\/startmeabiz.com\/es\/wp-json\/wp\/v2\/types\/product"}],"replies":[{"embeddable":true,"href":"https:\/\/startmeabiz.com\/es\/wp-json\/wp\/v2\/comments?post=939"}],"wp:featuredmedia":[{"embeddable":true,"href":"https:\/\/startmeabiz.com\/es\/wp-json\/wp\/v2\/media\/942"}],"wp:attachment":[{"href":"https:\/\/startmeabiz.com\/es\/wp-json\/wp\/v2\/media?parent=939"}],"wp:term":[{"taxonomy":"product_brand","embeddable":true,"href":"https:\/\/startmeabiz.com\/es\/wp-json\/wp\/v2\/product_brand?post=939"},{"taxonomy":"product_cat","embeddable":true,"href":"https:\/\/startmeabiz.com\/es\/wp-json\/wp\/v2\/product_cat?post=939"},{"taxonomy":"product_tag","embeddable":true,"href":"https:\/\/startmeabiz.com\/es\/wp-json\/wp\/v2\/product_tag?post=939"}],"curies":[{"name":"wp","href":"https:\/\/api.w.org\/{rel}","templated":true}]}}