{"id":862,"date":"2022-07-05T17:00:39","date_gmt":"2022-07-05T22:00:39","guid":{"rendered":"https:\/\/startmeabiz.com\/product\/muti-fuction-adult-non-contact-digital-infrared-temperature-measurement-k3-forehead-with-fever-alarm-safety-survival-deviceg4\/"},"modified":"2025-12-03T04:24:48","modified_gmt":"2025-12-03T10:24:48","slug":"termometro-sin-contacto","status":"publish","type":"product","link":"https:\/\/startmeabiz.com\/es\/product\/termometro-sin-contacto\/","title":{"rendered":"Term\u00f3metro sin contacto"},"content":{"rendered":"<h2 style=\"text-align: center;\"><span style=\"color: #e03e2d;\"><em>TERM\u00d3METRO SIN CONTACTO<\/em>, 33% \u00a1APAGADO!<\/span><\/h2>\n<p style=\"text-align: center;\">Una buena oferta solo se presenta ocasionalmente, as\u00ed que no te pierdas nuestro precio reducido. <strong>un term\u00f3metro sin contacto<\/strong>. Esta tienda garantiza una selecci\u00f3n de productos de calidad, incluido nuestro term\u00f3metro, para una maravillosa experiencia de compra.<\/p>\n<p style=\"text-align: center;\">Compra ahora y disfruta de env\u00edos a todo el mundo. Consulta las secciones a continuaci\u00f3n para obtener m\u00e1s informaci\u00f3n sobre nuestro producto.<\/p>\n<p><b><img decoding=\"async\" class=\"aligncenter\" src=\"\/\/ae01.alicdn.com\/kf\/H2848320421f9453fb6618c16b5af0d96e.jpg\" width=\"800\" height=\"800\" \/><\/b><\/p>\n<p style=\"text-align: center;\"><a href=\"#addtocart\" class=\"button primary is-primary is-medium\" >\n\t\t<span>\u00a1CONSIGUE EL TUYO!<\/span>\n\t<\/a>\n\n<hr \/>\n<h2 style=\"text-align: center;\"><strong><em>TERM\u00d3METRO SIN CONTACTO<\/em> INFORMACI\u00d3N<\/strong><\/h2>\n<p style=\"text-align: center;\"><strong>Caracter\u00edsticas:<\/strong><\/p>\n<ol>\n<li>Precisi\u00f3n de medici\u00f3n de alta temperatura, tolerancia de precisi\u00f3n: \u00b10,2 (34 ~ 45 \u2103)<\/li>\n<li>La luz roja parpadea cuando la temperatura es anormal; simple y directo, conozca mejor la salud<\/li>\n<li>La medici\u00f3n infrarroja sin contacto que no necesita tomar en sus manos y<br \/>\nreduce el riesgo de infecci\u00f3n cruzada<\/li>\n<li>Responda r\u00e1pidamente y tenga una pantalla LCD grande y clara con excelente legibilidad, que puede<br \/>\nreducir el tiempo de espera<\/li>\n<li>F\u00e1cil de usar y adecuado para: Oficinas, viviendas, supermercados, entradas de comunidades.<\/li>\n<li>Medici\u00f3n autom\u00e1tica: Distancia de medici\u00f3n de 5 cm ~ 10 cm<\/li>\n<li>En espera: Aproximadamente una semana<\/li>\n<li>Tama\u00f1o: 170*115*140 mm<\/li>\n<li>Alarma autom\u00e1tica anormal: Parpadeo + sonido \u201cDi Di\u201d<\/li>\n<li>Pantalla: Pantalla digital<\/li>\n<li>Temperatura ambiente: 10\u2103~40\u2103 (recomendado 15\u2103~35\u2103)<\/li>\n<li>Rango de medici\u00f3n infrarroja: 0 ~ 50 \u2103<\/li>\n<\/ol>\n<p><strong>El paquete incluye:<\/strong><\/p>\n<ul>\n<li>1 x term\u00f3metro infrarrojo sin contacto.<\/li>\n<\/ul>\n<p><img decoding=\"async\" class=\"aligncenter\" src=\"\/\/ae01.alicdn.com\/kf\/Haae1693e20af49c0aff4a4893d66dde4X.jpg\" width=\"801\" height=\"801\" \/><\/p>\n<p style=\"text-align: center;\"><a href=\"#addtocart\" class=\"button primary is-primary is-medium\" >\n\t\t<span>\u00a1CONSIGUE EL TUYO!<\/span>\n\t<\/a>\n\n<hr \/>\n<hr \/>\n<h2 class=\"qa-title\" style=\"text-align: center;\"><strong>PREGUNTAS Y RESPUESTAS SOBRE PRODUCTOS<\/strong><\/h2>\n<p style=\"text-align: center;\"><span class=\"qa-item-question\"><strong>\u00bfHay m\u00e1s opciones?<\/strong><\/span><br \/>\n<span class=\"qa-item-answer\">La descripci\u00f3n de la <strong>Term\u00f3metro sin contacto<\/strong> Incluye todas las variaciones disponibles, pero actualizamos peri\u00f3dicamente esta secci\u00f3n si recibimos nuevas opciones.<\/span><\/p>\n<p><img decoding=\"async\" class=\"aligncenter\" src=\"https:\/\/startmeabiz.com\/wp-content\/uploads\/2022\/07\/862-aead14.jpeg\" width=\"800\" height=\"640\" \/><\/p>\n<p style=\"text-align: center;\"><span class=\"qa-item-question\"><strong>\u00bfLos colores de las fotos coinciden con los reales?<\/strong><\/span><br \/>\n<span class=\"qa-item-answer\">Los colores de las im\u00e1genes coinciden con los colores reales de la <strong>Term\u00f3metro sin contacto<\/strong> Recibir\u00e1s lo que buscas. Sin embargo, recuerda que la pantalla de la mayor\u00eda de los dispositivos puede distorsionar ligeramente los colores reales.<\/span><\/p>\n<p><img decoding=\"async\" class=\"aligncenter\" src=\"\/\/ae01.alicdn.com\/kf\/H384b49ad99404745a028c25a425e4971u.jpg\" width=\"800\" height=\"800\" \/><\/p>\n<p style=\"text-align: center;\"><span class=\"qa-item-question\"><strong>\u00bfCu\u00e1nto cuesta?<\/strong><\/span><br \/>\n<span class=\"qa-item-answer\">\u00a1Gracias por su inter\u00e9s! El precio es <span class=\"ads-addon-price\" data-currency=\"USD\">$123.95<\/span>.<\/span><\/p>\n<p><img decoding=\"async\" class=\"aligncenter\" src=\"\/\/ae01.alicdn.com\/kf\/H0cf19db56c86460c9b6c009b98a15a6fH.jpg\" width=\"799\" height=\"799\" \/><\/p>\n<p style=\"text-align: center;\"><span class=\"qa-item-question\"><strong>\u00bfTendr\u00e9 que pagar algo extra como tarifa de env\u00edo?<\/strong><\/span><br \/>\n<span class=\"qa-item-answer\">Si hay cargos o impuestos adicionales que pagar, los ver\u00e1s al finalizar la compra. Sin embargo, no necesitas realizar ning\u00fan pago adicional.<\/span><\/p>\n<p><img decoding=\"async\" class=\"aligncenter\" src=\"\/\/ae01.alicdn.com\/kf\/H30af8c28a7a7438aaa9869e8e5aeb953i.jpg\" width=\"800\" height=\"800\" \/><\/p>\n<p style=\"text-align: center;\"><span class=\"qa-item-question\"><strong>\u00bfMe devuelven el dinero si el art\u00edculo no me conviene?<\/strong><\/span><br \/>\n<span class=\"qa-item-answer\">Revise los archivos multimedia para examinar el producto cuidadosamente antes de comprarlo. Sin embargo, si a\u00fan no est\u00e1 satisfecho con su term\u00f3metro autom\u00e1tico para oficina, puede solicitar un reembolso.<\/span><\/p>\n<p><img decoding=\"async\" class=\"aligncenter\" src=\"\/\/ae01.alicdn.com\/kf\/H205e2cb4e5114d0aa9219aa191c204403.jpg\" width=\"800\" height=\"800\" \/><\/p>\n<p style=\"text-align: center;\"><span class=\"qa-item-question\"><strong>\u00bfTiene este producto alg\u00fan punto fuerte seg\u00fan los compradores anteriores?<\/strong><\/span><br \/>\n<span class=\"qa-item-answer\">Todos nuestros clientes que dejaron una rese\u00f1a elogian este producto y su excelente relaci\u00f3n calidad-precio. Adem\u00e1s, tiene un dise\u00f1o brillante.<\/span><\/p>\n<p>&nbsp;<\/p>\n<p align=\"center\"><img decoding=\"async\" class=\"aligncenter\" src=\"https:\/\/startmeabiz.com\/wp-content\/uploads\/2022\/07\/862-045301.jpeg\" width=\"798\" height=\"639\" \/><\/p>\n<p align=\"center\"><a href=\"#addtocart\" class=\"button primary is-primary is-medium\" >\n\t\t<span>\u00a1CONSIGUE EL TUYO!<\/span>\n\t<\/a>\n\n<hr \/>\n<h2 class=\"qa-title\" style=\"text-align: center;\"><strong>POL\u00cdTICAS DE PEDIDOS Y TIENDA<\/strong><\/h2>\n<p style=\"text-align: center;\"><span class=\"qa-item-question\"><strong>\u00bfTiene la opci\u00f3n de un reembolso completo si algo terrible le sucede a mi paquete?<\/strong><\/span><br \/>\n<span class=\"qa-item-answer\">Si algo le ocurre a tu pedido, \u00a1no dudes en contactarnos! Encontraremos una soluci\u00f3n juntos y te ofreceremos un reembolso si el paquete est\u00e1 da\u00f1ado.<\/span><\/p>\n<p><img decoding=\"async\" class=\"aligncenter\" src=\"\/\/ae01.alicdn.com\/kf\/H82ab76c99d484e24a035dc55f1ef69edj.jpg\" width=\"800\" height=\"800\" \/><\/p>\n<p style=\"text-align: center;\"><span class=\"qa-item-question\"><strong>\u00bfPueden enviar mi term\u00f3metro COVID-19 con alarma a una direcci\u00f3n que no coincide con mi direcci\u00f3n de residencia?<\/strong><\/span><br \/>\n<span class=\"qa-item-answer\">No es necesario que el comprador y el destinatario coincidan, por lo que podemos entregar su paquete donde usted nos indique. Gracias.<\/span><\/p>\n<p><img decoding=\"async\" class=\"aligncenter\" src=\"\/\/ae01.alicdn.com\/kf\/H540aa1a03f224fb5a016772f0231bd275.jpg\" width=\"800\" height=\"800\" \/><\/p>\n<p style=\"text-align: center;\"><span class=\"qa-item-question\"><strong>\u00bfC\u00f3mo realizar un pedido?<\/strong><\/span><br \/>\n<span class=\"qa-item-answer\">En primer lugar, elige el color que prefieras, especifica el n\u00famero de unidades y haz clic en el bot\u00f3n <span class=\"ads-addon-add-to-cart\">A\u00d1ADIR A LA CESTA<\/span> Bot\u00f3n. A continuaci\u00f3n, vaya a la p\u00e1gina de pago: elija el m\u00e9todo de pago, introduzca su correo electr\u00f3nico, direcci\u00f3n y dem\u00e1s datos en el formulario y confirme su pedido. Tras el pago, recibir\u00e1 un correo electr\u00f3nico de confirmaci\u00f3n y su producto ser\u00e1 empaquetado y enviado.<\/span><\/p>\n<p><img decoding=\"async\" class=\"aligncenter\" src=\"\/\/ae01.alicdn.com\/kf\/H0bb16956e78c4c6eb0d7088a33a789b9s.jpg\" width=\"800\" height=\"800\" \/><\/p>\n<p style=\"text-align: center;\"><span class=\"qa-item-question\"><strong>\u00bfEst\u00e1 todav\u00eda disponible?<\/strong><\/span><br \/>\n<span class=\"qa-item-answer\">Sin duda, puedes hacer tu pedido, ya que tenemos suficientes unidades en stock. \u00bfA qu\u00e9 esperas?<\/span><\/p>\n<p><img decoding=\"async\" class=\"aligncenter\" src=\"\/\/ae01.alicdn.com\/kf\/H778b62330a3944669e84a517af8ecac0M.jpg\" width=\"801\" height=\"801\" \/><\/p>\n<p style=\"text-align: center;\"><span class=\"qa-item-question\"><strong>\u00bfEs posible comprar el term\u00f3metro infrarrojo de oficina sin conexi\u00f3n?<\/strong><\/span><br \/>\n<span class=\"qa-item-answer\">Encontrar el mismo term\u00f3metro sin contacto en una tienda normal solo es probable si alguien revende estos productos. Sin embargo, suele implicar un precio m\u00e1s alto. Por eso, creemos que le ofrecemos la mejor oferta.<\/span><\/p>\n<p><img decoding=\"async\" class=\"aligncenter\" src=\"\/\/ae01.alicdn.com\/kf\/H3f9d862c25d747028d67319ef7de0a442.jpg\" width=\"799\" height=\"799\" \/><\/p>\n<p style=\"text-align: center;\"><span class=\"qa-item-question\"><strong>\u00bfEs una tienda confiable?<\/strong><\/span><br \/>\n<span class=\"qa-item-answer\">Nuestra tienda es conocida como un sitio de compras en l\u00ednea confiable. Adem\u00e1s, no dude en consultar las rese\u00f1as de otros compradores en las p\u00e1ginas de productos, por ejemplo, para asegurarse de que cumplimos lo prometido.<\/span><b>\u00a0<\/b><\/p>\n<p align=\"center\"><img decoding=\"async\" class=\"aligncenter\" src=\"https:\/\/startmeabiz.com\/wp-content\/uploads\/2022\/07\/862-94c4e7.jpeg\" width=\"800\" height=\"640\" \/><\/p>\n<hr \/>\n<p align=\"center\"><img decoding=\"async\" class=\"aligncenter\" src=\"\/\/ae01.alicdn.com\/kf\/H7fad51c81b834fdb84f849262fe20252A.jpg\" width=\"800\" height=\"800\" \/><\/p>\n<p align=\"center\"><img decoding=\"async\" class=\"aligncenter\" src=\"\/\/ae01.alicdn.com\/kf\/H7f6f63e1b60944b1b3cb4d9874f19044M.jpg\" width=\"801\" height=\"801\" \/><\/p>\n<p align=\"center\"><img decoding=\"async\" class=\"aligncenter\" src=\"\/\/ae01.alicdn.com\/kf\/H6d25c7ec9ca24b03aaaedd108d2a0784h.jpg\" width=\"800\" height=\"800\" \/><\/p>\n<p align=\"center\"><img decoding=\"async\" class=\"aligncenter\" src=\"\/\/ae01.alicdn.com\/kf\/H1cdec85515ad4a4b89f9a5d21d558c51T.jpg\" width=\"800\" height=\"800\" \/><\/p>","protected":false},"excerpt":{"rendered":"<p><strong>\u00a1Nuestro term\u00f3metro infrarrojo sin contacto es la mejor manera de proteger tu entorno laboral del COVID-19! \u00a1Cons\u00edguelo ya! \u00a1No te arrepentir\u00e1s!<\/strong><\/p>","protected":false},"featured_media":6784,"comment_status":"open","ping_status":"closed","template":"","meta":{"slim_seo":{"title":"Term\u00f3metro sin contacto","description":"\u00a1Compra un term\u00f3metro sin contacto en startmeabiz.com! Env\u00edo gratuito a 185 pa\u00edses. Garant\u00eda de devoluci\u00f3n de dinero de 45 d\u00edas. Term\u00f3metro sin contacto."}},"product_brand":[],"product_cat":[28],"product_tag":[629,630,631,548,632],"class_list":{"0":"post-862","1":"product","2":"type-product","3":"status-publish","4":"has-post-thumbnail","6":"product_cat-new-arrivals","7":"product_tag-digital-thermometers","8":"product_tag-forehead-thermometers","9":"product_tag-temperature-measurers","10":"product_tag-thermometer-for-coronavirus","11":"product_tag-thermometers","12":"tm-has-styled-variations","13":"tm-variations-only","15":"first","16":"instock","17":"sale","18":"taxable","19":"shipping-taxable","20":"purchasable","21":"product-type-simple"},"_links":{"self":[{"href":"https:\/\/startmeabiz.com\/es\/wp-json\/wp\/v2\/product\/862","targetHints":{"allow":["GET"]}}],"collection":[{"href":"https:\/\/startmeabiz.com\/es\/wp-json\/wp\/v2\/product"}],"about":[{"href":"https:\/\/startmeabiz.com\/es\/wp-json\/wp\/v2\/types\/product"}],"replies":[{"embeddable":true,"href":"https:\/\/startmeabiz.com\/es\/wp-json\/wp\/v2\/comments?post=862"}],"wp:featuredmedia":[{"embeddable":true,"href":"https:\/\/startmeabiz.com\/es\/wp-json\/wp\/v2\/media\/6784"}],"wp:attachment":[{"href":"https:\/\/startmeabiz.com\/es\/wp-json\/wp\/v2\/media?parent=862"}],"wp:term":[{"taxonomy":"product_brand","embeddable":true,"href":"https:\/\/startmeabiz.com\/es\/wp-json\/wp\/v2\/product_brand?post=862"},{"taxonomy":"product_cat","embeddable":true,"href":"https:\/\/startmeabiz.com\/es\/wp-json\/wp\/v2\/product_cat?post=862"},{"taxonomy":"product_tag","embeddable":true,"href":"https:\/\/startmeabiz.com\/es\/wp-json\/wp\/v2\/product_tag?post=862"}],"curies":[{"name":"wp","href":"https:\/\/api.w.org\/{rel}","templated":true}]}}