{"id":829,"date":"2022-07-06T08:00:58","date_gmt":"2022-07-06T13:00:58","guid":{"rendered":"https:\/\/startmeabiz.com\/product\/baseus-car-air-purifier-humidifier-aluminium-alloy-300ml-auto-armo-diffuser-air-freshener-humidifier-for-cars\/"},"modified":"2025-12-03T04:05:23","modified_gmt":"2025-12-03T10:05:23","slug":"humidificador-de-aire-portatil","status":"publish","type":"product","link":"https:\/\/startmeabiz.com\/es\/product\/humidificador-de-aire-portatil\/","title":{"rendered":"Humidificador de aire port\u00e1til"},"content":{"rendered":"<div>\n<h2 style=\"text-align: center;\"><span style=\"color: #e03e2d;\">HUMIDIFICADOR DE AIRE PORT\u00c1TIL CON 35% DE DESCUENTO: COMPRE AHORA Y PAGUE MENOS<\/span><\/h2>\n<p style=\"text-align: center;\">Solo en nuestra tienda y por tiempo limitado podr\u00e1s adquirir el incre\u00edble Humidificador de Aire Port\u00e1til y ahorrar <span class=\"ads-addon-you_save\" data-currency=\"USD\">$20.95<\/span>. Por lo tanto, no pierdas tiempo: haz clic en el <span style=\"color: #2dc26b;\"><strong><span class=\"ads-addon-add-to-cart\">A\u00d1ADIR A LA CESTA<\/span><\/strong><\/span> Bot\u00f3n y obt\u00e9n este fant\u00e1stico art\u00edculo con <span style=\"color: #e03e2d;\"><strong>35% <\/strong><span style=\"color: #000000;\">apagado<\/span><\/span>.<\/p>\n<p style=\"text-align: center;\">Adem\u00e1s, al comprar este producto con nosotros, tambi\u00e9n obtendr\u00e1s:<\/p>\n<ul>\n<li><strong>Una calidad inigualable.<\/strong><\/li>\n<li><strong>Dise\u00f1o experto.<\/strong><\/li>\n<li><strong>100% satisfacci\u00f3n del comprador.<\/strong><\/li>\n<li><strong>Env\u00edo seguro.<\/strong><\/li>\n<li><strong>Una pol\u00edtica de devoluci\u00f3n f\u00e1cil.<\/strong><\/li>\n<\/ul>\n<p style=\"text-align: center;\">Con nuestro descuento pagas solo <span style=\"color: #2dc26b;\"><strong><span class=\"ads-addon-price\" data-currency=\"USD\">$37.95<\/span><\/strong>\u00a0<span style=\"color: #000000;\">Para tu humidificador de aire para coche. \u00a1C\u00f3mpralo ya, porque esta oferta no es eterna!<\/span><\/span><\/p>\n<p><img decoding=\"async\" class=\"aligncenter\" src=\"\/\/ae01.alicdn.com\/kf\/Hdd6a4f19b44b40f79528db3b4f441a4c2.jpg\" width=\"799\" height=\"1407\" \/><\/p>\n<p style=\"text-align: center;\"><a href=\"#addtocart\" class=\"button primary is-primary is-medium\" >\n\t\t<span>\u00a1COMPRA EL TUYO!<\/span>\n\t<\/a>\n\n<hr \/>\n<h2 style=\"text-align: center;\"><strong>DETALLES DEL HUMIDIFICADOR DE AIRE PORT\u00c1TIL<\/strong><\/h2>\n<div>\n<div>\n<ul>\n<li><strong>Caracter\u00edsticas:<\/strong><\/li>\n<li>Perfecto para el trabajo remoto<\/li>\n<li>Tama\u00f1o: 70*70*152,5 mm<\/li>\n<\/ul>\n<p>Adem\u00e1s, te enviamos tu Respirador El\u00e9ctrico de Aire Fresco al pa\u00eds y lugar que elijas. As\u00ed que aprovecha esta oferta limitada sin dudarlo: si no te convence el producto, \u00a1puedes solicitar un reembolso!<\/p>\n<p><img decoding=\"async\" class=\"aligncenter\" src=\"\/\/ae01.alicdn.com\/kf\/H5da4aa40e33345deb91216f7dd3c9c64Y.jpg\" width=\"800\" height=\"1714\" \/><\/p>\n<p style=\"text-align: center;\"><a href=\"#addtocart\" class=\"button primary is-primary is-medium\" >\n\t\t<span>\u00a1COMPRA EL TUYO!<\/span>\n\t<\/a>\n\n<hr \/>\n<\/div>\n<\/div>\n<h2 class=\"qa-title\" style=\"text-align: center;\"><strong>POL\u00cdTICAS DE PEDIDOS Y TIENDA<\/strong><\/h2>\n<p style=\"text-align: center;\"><span class=\"qa-item-question\"><strong>\u00bfPuedo comprar varios art\u00edculos de usted?<\/strong><\/span><br \/>\n<span class=\"qa-item-answer\">Por supuesto, no limitamos el valor de tu pedido, por lo que puedes comprar tantos productos como quieras.<\/span><\/p>\n<p><img decoding=\"async\" class=\"aligncenter\" src=\"\/\/ae01.alicdn.com\/kf\/Hdcf80da27e6442ecaf946e13856cc50cM.jpg\" width=\"799\" height=\"1424\" \/><\/p>\n<p style=\"text-align: center;\"><span class=\"qa-item-question\"><strong>\u00bfEmpaquetas los pedidos correctamente?<\/strong><\/span><br \/>\n<span class=\"qa-item-answer\">Principalmente, prestamos especial atenci\u00f3n a la elecci\u00f3n de los materiales de embalaje y a los m\u00e9todos de seguridad de los art\u00edculos dentro del paquete. Como resultado, su pedido contar\u00e1 con la m\u00e1xima protecci\u00f3n durante el transporte.<\/span><\/p>\n<p><img decoding=\"async\" class=\"aligncenter\" src=\"\/\/ae01.alicdn.com\/kf\/H869ea590781e4d319145ef021e54d836c.jpg\" width=\"801\" height=\"1253\" \/><\/p>\n<p style=\"text-align: center;\"><span class=\"qa-item-question\"><strong>\u00bfCuantos de estos tienes?<\/strong><\/span><br \/>\n<span class=\"qa-item-answer\">Quedan suficientes art\u00edculos para un pedido mediano. Sin embargo, recomendamos comprar cuanto antes, ya que se espera que las existencias se agoten a finales de semana.<\/span><\/p>\n<p><img decoding=\"async\" class=\"aligncenter\" src=\"\/\/ae01.alicdn.com\/kf\/H2b72e8a309e04012ac653f919f4418273.jpg\" width=\"800\" height=\"1345\" \/><\/p>\n<h4 style=\"text-align: center;\"><span class=\"qa-item-question\"><strong>\u00bfC\u00f3mo lo compro?<\/strong><\/span><br \/>\n<span class=\"qa-item-answer\">Primero, a\u00f1ade el producto a tu carrito de compras y completa el proceso de compra. A continuaci\u00f3n, introduce la direcci\u00f3n correcta, la opci\u00f3n de pago y dem\u00e1s datos. Finalmente, confirma tu pedido y realiza el pago. Recibir\u00e1s un correo electr\u00f3nico autom\u00e1ticamente y comenzaremos a empaquetar tu ambientador el\u00e9ctrico para coche.<\/span><\/h4>\n<p><img decoding=\"async\" class=\"aligncenter\" src=\"\/\/ae01.alicdn.com\/kf\/H7634a4bdcb27461dbd9425121f7331abe.jpg\" width=\"801\" height=\"1263\" \/><\/p>\n<p style=\"text-align: center;\"><span class=\"qa-item-question\"><strong>\u00bfVend\u00e9is el humidificador de forma legal?<\/strong><\/span><br \/>\n<span class=\"qa-item-answer\">Por supuesto, contamos con todas las licencias necesarias. Adem\u00e1s, esta tienda est\u00e1 totalmente autorizada para trabajar con los fabricantes autorizados que nos suministran estos y otros productos.<\/span><\/p>\n<p><img decoding=\"async\" class=\"aligncenter\" src=\"\/\/ae01.alicdn.com\/kf\/Hf9029c5b8a7746309a2fea099a1b3148W.jpg\" width=\"800\" height=\"1205\" \/><\/p>\n<p style=\"text-align: center;\"><span class=\"qa-item-question\"><strong>\u00bfPuedo comprar el humidificador de aire port\u00e1til en una tienda f\u00edsica?<\/strong><\/span><br \/>\n<span class=\"qa-item-answer\">Generalmente, las tiendas f\u00edsicas ofrecen una gama de productos m\u00e1s limitada. Adem\u00e1s, suelen fijar precios mucho m\u00e1s altos debido a los considerables gastos comerciales adicionales.<\/span><\/p>\n<\/div>\n<div>\n<p style=\"text-align: center;\"><img decoding=\"async\" class=\"aligncenter\" src=\"\/\/ae01.alicdn.com\/kf\/H3cacd85ee5ee460187c455746be7ef23f.jpg\" width=\"801\" height=\"1394\" \/><\/p>\n<hr \/>\n<p style=\"text-align: center;\"><strong style=\"font-size: 23.04px; color: #333333;\">PREGUNTAS Y RESPUESTAS SOBRE PRODUCTOS<\/strong><\/p>\n<\/div>\n<div>\n<p style=\"text-align: center;\"><span class=\"qa-item-question\"><strong>\u00bfTienes m\u00e1s opciones? Me refiero a colores.<\/strong><\/span><br \/>\n<span class=\"qa-item-answer\">Encontrar\u00e1s todas las versiones disponibles del humidificador de aire port\u00e1til en la p\u00e1gina del producto. Elige la que m\u00e1s te guste.<\/span><\/p>\n<p><img decoding=\"async\" class=\"aligncenter\" src=\"\/\/ae01.alicdn.com\/kf\/H7c7c466977584d96951473b4ca9e687e6.jpg\" width=\"799\" height=\"1310\" \/><\/p>\n<p style=\"text-align: center;\"><span class=\"qa-item-question\"><strong>\u00bfDe qu\u00e9 est\u00e1 hecho?<\/strong><\/span><br \/>\n<span class=\"qa-item-answer\">No te preocupes, utilizamos \u00fanicamente materiales de primera calidad para fabricar el <strong>Humidificador de aire.<\/strong><\/span><\/p>\n<p><img decoding=\"async\" class=\"aligncenter\" src=\"\/\/ae01.alicdn.com\/kf\/Hb87ca87b085d4fad911dc750d34b7940k.jpg\" width=\"800\" height=\"1227\" \/><\/p>\n<h4 style=\"text-align: center;\"><span class=\"qa-item-question\"><strong>No puedo ver el precio.<\/strong><\/span><br \/>\n<span class=\"qa-item-answer\">\u00bfTe interesa? Nuestro precio para este producto es <span class=\"ads-addon-price\" data-currency=\"USD\">$11.95<\/span>.<\/span><\/h4>\n<p><img decoding=\"async\" class=\"aligncenter\" src=\"\/\/ae01.alicdn.com\/kf\/H01b55b531dd246acbe770385e401efdaB.jpg\" width=\"800\" height=\"1201\" \/><\/p>\n<p style=\"text-align: center;\"><span class=\"qa-item-question\"><strong>\u00bfTengo que pagar tarifas adicionales?<\/strong><\/span><br \/>\n<span class=\"qa-item-answer\">Ver\u00e1s el coste total del pedido en la p\u00e1gina de pago, incluyendo los impuestos correspondientes (si corresponde a tu ubicaci\u00f3n). Por lo tanto, no tendr\u00e1s que realizar ning\u00fan otro gasto.<\/span><\/p>\n<p><img decoding=\"async\" class=\"aligncenter\" src=\"\/\/ae01.alicdn.com\/kf\/Hb7a9e0abdde34a358326161965ba57f5g.jpg\" width=\"800\" height=\"1349\" \/><\/p>\n<p style=\"text-align: center;\"><span class=\"qa-item-question\"><strong>\u00bfEstoy tomando la decisi\u00f3n correcta?<\/strong><\/span><br \/>\n<span class=\"qa-item-answer\">La primera impresi\u00f3n suele ser la correcta. As\u00ed que, si te interesa, \u00a1haz tu pedido!<\/span><\/p>\n<p><img decoding=\"async\" class=\"aligncenter\" src=\"\/\/ae01.alicdn.com\/kf\/H6a08d658184e4b4691e53c546c20b5a8P.jpg\" width=\"799\" height=\"758\" \/><\/p>\n<p style=\"text-align: center;\"><span class=\"qa-item-question\"><strong>\u00bfQu\u00e9 dijeron los clientes anteriores sobre su humidificador de aire port\u00e1til?<\/strong><\/span><br \/>\n<span class=\"qa-item-answer\">Principalmente, los clientes anteriores han destacado las numerosas ventajas de este producto, y en primer lugar, su excelente relaci\u00f3n calidad-precio. Adem\u00e1s, puedes consultar las rese\u00f1as en la secci\u00f3n &quot;Opiniones&quot;.<\/span><\/p>\n<\/div>\n<p>&nbsp;<\/p>\n<p style=\"text-align: center;\"><a href=\"#addtocart\" class=\"button primary is-primary is-medium\" >\n\t\t<span>\u00a1COMPRA EL TUYO!<\/span>\n\t<\/a>\n\n<div>\n<hr \/>\n<\/div>\n<div>\n<p><a href=\"https:\/\/refuseyoulose.com\/product-category\/deals-for-men\/sportswear-for-men\/\"><img decoding=\"async\" class=\"size-full wp-image-189523 aligncenter\" src=\"https:\/\/refuseyoulose.com\/wp-content\/uploads\/2019\/06\/Long-Sleeve-Spider-Man-Workout-Shirt-size-SmallMediumLargeXL2XL3XL-Refuse-You-Lose-1.png\" alt=\"\" width=\"779\" height=\"438\" \/><\/a><\/p>\n<hr \/>\n<div style=\"clear: both;\">\n<p><a href=\"https:\/\/drkillpain.com\/product-category\/protection-against-covid-19\/face-masks-face-shields\/face-masks\/jackets-with-face-mask\/\"><img decoding=\"async\" class=\"size-full wp-image-189522 aligncenter\" src=\"https:\/\/refuseyoulose.com\/wp-content\/uploads\/2019\/06\/Long-Sleeve-Spider-Man-Workout-Shirt-size-SmallMediumLargeXL2XL3XL-Refuse-You-Lose.png\" alt=\"\" width=\"1024\" height=\"576\" \/><\/a><\/p>\n<\/div>\n<\/div>","protected":false},"excerpt":{"rendered":"<p><strong>\u00a1Este humidificador para teletrabajo es m\u00e1s c\u00f3modo que nunca! \u00a1Convierte cualquier habitaci\u00f3n de tu casa en tu oficina personal!<\/strong><iframe style=\"display: none;\" src=\"about:blank\"><\/iframe><\/p>","protected":false},"featured_media":6786,"comment_status":"open","ping_status":"closed","template":"","meta":{"slim_seo":{"title":"Humidificador de aire port\u00e1til","description":"\u00a1Compra un humidificador port\u00e1til en startmeabiz.com! Env\u00edo gratuito a 185 pa\u00edses. Garant\u00eda de devoluci\u00f3n de dinero de 45 d\u00edas. Ambientador el\u00e9ctrico para coche."}},"product_brand":[],"product_cat":[28],"product_tag":[396,398,399,400,393,395,394,392],"class_list":{"0":"post-829","1":"product","2":"type-product","3":"status-publish","4":"has-post-thumbnail","6":"product_cat-new-arrivals","7":"product_tag-air-diffuser","8":"product_tag-air-freshener","9":"product_tag-car-air-diffuser","10":"product_tag-car-air-purifier","11":"product_tag-car-diffuser","12":"product_tag-car-freshener","13":"product_tag-car-humidifier","14":"product_tag-car-purifier","15":"tm-has-styled-variations","16":"tm-variations-only","18":"first","19":"instock","20":"sale","21":"taxable","22":"shipping-taxable","23":"purchasable","24":"product-type-variable"},"_links":{"self":[{"href":"https:\/\/startmeabiz.com\/es\/wp-json\/wp\/v2\/product\/829","targetHints":{"allow":["GET"]}}],"collection":[{"href":"https:\/\/startmeabiz.com\/es\/wp-json\/wp\/v2\/product"}],"about":[{"href":"https:\/\/startmeabiz.com\/es\/wp-json\/wp\/v2\/types\/product"}],"replies":[{"embeddable":true,"href":"https:\/\/startmeabiz.com\/es\/wp-json\/wp\/v2\/comments?post=829"}],"wp:featuredmedia":[{"embeddable":true,"href":"https:\/\/startmeabiz.com\/es\/wp-json\/wp\/v2\/media\/6786"}],"wp:attachment":[{"href":"https:\/\/startmeabiz.com\/es\/wp-json\/wp\/v2\/media?parent=829"}],"wp:term":[{"taxonomy":"product_brand","embeddable":true,"href":"https:\/\/startmeabiz.com\/es\/wp-json\/wp\/v2\/product_brand?post=829"},{"taxonomy":"product_cat","embeddable":true,"href":"https:\/\/startmeabiz.com\/es\/wp-json\/wp\/v2\/product_cat?post=829"},{"taxonomy":"product_tag","embeddable":true,"href":"https:\/\/startmeabiz.com\/es\/wp-json\/wp\/v2\/product_tag?post=829"}],"curies":[{"name":"wp","href":"https:\/\/api.w.org\/{rel}","templated":true}]}}