{"id":812,"date":"2022-07-06T11:00:15","date_gmt":"2022-07-06T16:00:15","guid":{"rendered":"https:\/\/startmeabiz.com\/product\/aroma-essential-oil-diffuser-mini-ultrasonic-square-d-humidifier-air-purifier-led-night-light-usb-car-air-freshener-for-office\/"},"modified":"2025-12-03T03:54:28","modified_gmt":"2025-12-03T09:54:28","slug":"purificador-de-aire-portatil","status":"publish","type":"product","link":"https:\/\/startmeabiz.com\/es\/product\/purificador-de-aire-portatil\/","title":{"rendered":"Purificador de aire port\u00e1til"},"content":{"rendered":"<div>\n<h2 style=\"text-align: center;\"><span style=\"color: #e03e2d;\"><strong>\u00a1DATE PRISA Y CONSIGUE ESTE DESCUENTO 16% EN NUESTRO<em> \u00a1PURIFICADOR DE AIRE PORT\u00c1TIL!<\/em><\/strong><\/span><\/h2>\n<p style=\"text-align: center;\">Si est\u00e1 navegando en l\u00ednea buscando la mejor oferta en<strong> Purificador de aire port\u00e1til<\/strong>, No busques m\u00e1s. Nuestra tienda ofrece una selecci\u00f3n l\u00edder de productos, todos con un descuento de 16%, \u00a1listos para vender!<\/p>\n<\/div>\n<p><span style=\"color: #ff0000;\"><span style=\"font-size: 16.0px;\"><span style=\"font-family: comic sans ms;\"><img decoding=\"async\" class=\"aligncenter\" src=\"\/\/ae01.alicdn.com\/kf\/HTB1NCuPBqmWBuNjy1Xaq6xCbXXae.jpg\" \/><\/span><\/span><\/span><\/p>\n<p style=\"text-align: center;\"><span class=\"qa-item-answer\"><a href=\"#addtocart\" class=\"button primary is-primary is-medium\" >\n\t\t<span>\u00a1COMPRE YA!<\/span>\n\t<\/a>\n<\/span><\/p>\n<hr \/>\n<p>&nbsp;<\/p>\n<h2 style=\"text-align: center;\"><strong>DETALLES DEL PURIFICADOR DE AIRE PORT\u00c1TIL<\/strong><\/h2>\n<ul>\n<li>Funciones: Humidificaci\u00f3n, Purificador de aire, Luces LED<\/li>\n<li>Usos: Electrodom\u00e9sticos, Oficina, Dormitorio, Escritorio, Coche<\/li>\n<li>Nombre del producto: Humidificador peque\u00f1o D<\/li>\n<li>Material: ABS + PP + Electr\u00f3nica<\/li>\n<li>Alimentado por: DC5V<\/li>\n<li>Corriente de trabajo: 500MA<\/li>\n<li>Potencia de trabajo: 2,5 W<\/li>\n<li>Tanque de agua: 180 ml<\/li>\n<li>Capacidad de humidificaci\u00f3n: 30 ml\/h<\/li>\n<li>Dimensiones: 66 x 66 x 146 mm<\/li>\n<li>Peso del producto: 153 g\/198 g<\/li>\n<li>Color: Blanco, Amarillo, Rosa.<\/li>\n<\/ul>\n<p><span style=\"color: #ff0000;\"><span style=\"font-size: 16.0px;\"><span style=\"font-family: comic sans ms;\"><img decoding=\"async\" class=\"aligncenter\" src=\"\/\/ae01.alicdn.com\/kf\/HTB1k0vJs_dYBeNkSmLyq6xfnVXas.jpg\" \/><\/span><\/span><\/span><\/p>\n<p style=\"text-align: center;\"><span class=\"qa-item-answer\"><a href=\"#addtocart\" class=\"button primary is-primary is-medium\" >\n\t\t<span>\u00a1COMPRE YA!<\/span>\n\t<\/a>\n<\/span><\/p>\n<hr \/>\n<h2 class=\"qa-title\" style=\"text-align: center;\"><strong>PREGUNTAS Y RESPUESTAS SOBRE PRODUCTOS<\/strong><\/h2>\n<p style=\"text-align: center;\"><span class=\"qa-item-question\"><strong>\u00bfPuedo estar seguro de que los colores de las im\u00e1genes coinciden con los reales?<\/strong><\/span><br \/>\n<span class=\"qa-item-answer\">Todos los colores del purificador de aire port\u00e1til que aparecen en las fotos son realistas. Sin embargo, tenga en cuenta que la calibraci\u00f3n de la pantalla de su dispositivo podr\u00eda distorsionarlos ligeramente.<\/span><\/p>\n<p><span style=\"color: #ff0000;\"><span style=\"font-size: 16.0px;\"><span style=\"font-family: comic sans ms;\"><img decoding=\"async\" class=\"aligncenter\" src=\"\/\/ae01.alicdn.com\/kf\/HTB1XTo0Bk9WBuNjSspeq6yz5VXaD.jpg\" \/><\/span><\/span><\/span><\/p>\n<p style=\"text-align: center;\"><span class=\"qa-item-question\"><strong>\u00bfCumples todos los requisitos de fabricaci\u00f3n?<\/strong><\/span><br \/>\n<span class=\"qa-item-answer\">No necesita preocuparse por la calidad de nuestro purificador de aire port\u00e1til porque fabricamos todos nuestros productos de acuerdo con los est\u00e1ndares de fabricaci\u00f3n.<\/span><\/p>\n<p><img decoding=\"async\" class=\"aligncenter\" src=\"https:\/\/startmeabiz.com\/wp-content\/uploads\/2021\/08\/812-51b6df.jpg\" \/><\/p>\n<p style=\"text-align: center;\"><span class=\"qa-item-question\"><strong>\u00bfTendr\u00e9 que pagar algo extra como tarifa de env\u00edo?<\/strong><\/span><br \/>\n<span class=\"qa-item-answer\">En la p\u00e1gina de pago, ver\u00e1 el coste total del pedido, incluidos los impuestos correspondientes (si corresponde a su ubicaci\u00f3n). Por lo tanto, no tendr\u00e1 que realizar ning\u00fan otro gasto.<\/span><\/p>\n<p><span style=\"color: #ff0000;\"><span style=\"font-size: 16.0px;\"><span style=\"font-family: comic sans ms;\"><img decoding=\"async\" class=\"aligncenter\" src=\"\/\/ae01.alicdn.com\/kf\/HTB1pFRkBuuSBuNjSsziq6zq8pXal.jpg\" \/><\/span><\/span><\/span><\/p>\n<p style=\"text-align: center;\"><span class=\"qa-item-question\"><strong>\u00bfEs el precio final o tambi\u00e9n incluye los impuestos?<\/strong><\/span><br \/>\n<span class=\"qa-item-answer\">Las condiciones fiscales var\u00edan seg\u00fan tu ubicaci\u00f3n. En cualquier caso, el precio final de tu pedido (IVA incluido) se indicar\u00e1 en la p\u00e1gina de pago. Por lo tanto, no se aplicar\u00e1n cargos adicionales tras la confirmaci\u00f3n del pedido.<\/span><\/p>\n<p><span style=\"color: #ff0000;\"><span style=\"font-size: 16.0px;\"><span style=\"font-family: comic sans ms;\"><img decoding=\"async\" class=\"aligncenter\" src=\"\/\/ae01.alicdn.com\/kf\/HTB1_xQaBhSYBuNjSsphq6zGvVXaM.jpg\" \/><\/span><\/span><\/span><\/p>\n<p style=\"text-align: center;\"><span class=\"qa-item-question\"><strong>\u00bfTe importa si publico una foto de tu producto en Facebook o Instagram?<\/strong><\/span><br \/>\n<span class=\"qa-item-answer\">Puede hacerlo si desea publicar fotos de nuestros productos en internet. No tendremos ninguna objeci\u00f3n por nuestra parte.<\/span><\/p>\n<p><img decoding=\"async\" class=\"aligncenter\" src=\"https:\/\/startmeabiz.com\/wp-content\/uploads\/2021\/08\/812-fe572a.jpg\" \/><\/p>\n<p style=\"text-align: center;\"><span class=\"qa-item-question\"><strong>\u00bfEs este el producto que estoy buscando?<\/strong><\/span><br \/>\n<span class=\"qa-item-answer\">La primera impresi\u00f3n suele ser la correcta. As\u00ed que, si te interesa, \u00a1an\u00edmate y haz tu pedido!<\/span><\/p>\n<p><span style=\"color: #ff0000;\"><span style=\"font-size: 16.0px;\"><span style=\"font-family: comic sans ms;\"><img decoding=\"async\" class=\"aligncenter\" src=\"\/\/ae01.alicdn.com\/kf\/HTB1X9CPBqmWBuNjy1Xaq6xCbXXad.jpg\" \/><\/span><\/span><\/span><\/p>\n<hr \/>\n<h2 class=\"qa-title\" style=\"text-align: center;\"><strong>POL\u00cdTICAS DE PEDIDOS Y TIENDA<\/strong><\/h2>\n<p style=\"text-align: center;\"><span class=\"qa-item-question\"><strong>\u00bfPuedo obtener mi reembolso si recibo los Mejores Humidificadores Port\u00e1tiles da\u00f1ados o si no recibo el paquete?<\/strong><\/span><br \/>\n<span class=\"qa-item-answer\">Valoramos a nuestros clientes por encima de todo, por eso, si algo le sucede a su Purificador de Aire Port\u00e1til con Luces LED durante el transporte, le devolveremos su dinero.<\/span><\/p>\n<p><img decoding=\"async\" class=\"aligncenter\" src=\"https:\/\/startmeabiz.com\/wp-content\/uploads\/2021\/08\/812-e66c10.jpg\" \/><\/p>\n<p style=\"text-align: center;\"><span class=\"qa-item-question\"><strong>Quiero comprar m\u00e1s de una unidad de este art\u00edculo. \u00bfLlegar\u00e1n todas juntas?<\/strong><\/span><br \/>\n<span class=\"qa-item-answer\">Cuando pides varias unidades del mismo art\u00edculo, siempre vienen juntas, pero normalmente las empaquetamos por separado.<\/span><\/p>\n<p><span style=\"color: #ff0000;\"><span style=\"font-size: 16.0px;\"><span style=\"font-family: comic sans ms;\"><img decoding=\"async\" class=\"aligncenter\" src=\"\/\/ae01.alicdn.com\/kf\/HTB1vWlGBrSYBuNjSspfq6AZCpXaK.jpg\" \/><\/span><\/span><\/span><\/p>\n<p style=\"text-align: center;\"><span class=\"qa-item-question\"><strong>\u00bfCu\u00e1ntos de estos quedan en stock?<\/strong><\/span><br \/>\n<span class=\"qa-item-answer\">Aunque la cantidad de art\u00edculos disponibles para comprar disminuye a diario, tendr\u00e1s suficientes unidades si haces tu pedido hoy. \u00a1Date prisa!<\/span><\/p>\n<p><img decoding=\"async\" class=\"aligncenter\" src=\"https:\/\/ae01.alicdn.com\/kf\/HTB1NKUsjIj_B1NjSZFHq6yDWpXa2\/Aroma-Essential-Oil-Diffuser-Mini-Ultrasonic-Square-D-Humidifier-Air-Purifier-LED-Night-Light-USB-Car.jpg_800x800q80.jpg.webp\" \/><\/p>\n<p style=\"text-align: center;\"><span class=\"qa-item-question\"><strong>Quiero otra versi\u00f3n del humidificador port\u00e1til para coche, \u00a1pero ya hice un pedido! \u00bfQu\u00e9 debo hacer?<\/strong><\/span><br \/>\n<span class=\"qa-item-answer\">Le invitamos a contactar con el servicio de atenci\u00f3n al cliente. Nuestros expertos estar\u00e1n encantados de ayudarle con su pedido.<\/span><\/p>\n<p><img decoding=\"async\" class=\"aligncenter\" src=\"https:\/\/ae01.alicdn.com\/kf\/HTB1ROLIs_dYBeNkSmLyq6xfnVXa4\/Aroma-Essential-Oil-Diffuser-Mini-Ultrasonic-Square-D-Humidifier-Air-Purifier-LED-Night-Light-USB-Car.jpg_800x800q80.jpg.webp\" \/><\/p>\n<p style=\"text-align: center;\"><span class=\"qa-item-question\"><strong>Vale, me gusta mucho el purificador de aire port\u00e1til, pero \u00bfpuedes demostrarme que tu tienda es real?<\/strong><\/span><br \/>\n<span class=\"qa-item-answer\">Nuestra tienda tiene la reputaci\u00f3n de ser un proveedor confiable. Por lo tanto, si revisa los comentarios de nuestros clientes anteriores, ver\u00e1 que muchos de ellos ya han sido atendidos por nosotros.<\/span><\/p>\n<p><img decoding=\"async\" class=\"aligncenter\" src=\"https:\/\/startmeabiz.com\/wp-content\/uploads\/2021\/08\/812-51a906.jpg\" \/><\/p>\n<p style=\"text-align: center;\"><span class=\"qa-item-question\"><strong>\u00bfPor qu\u00e9 es mejor comprarlo contigo?<\/strong><\/span><br \/>\n<span class=\"qa-item-answer\">Nuestra principal prioridad es brindarle art\u00edculos de la m\u00e1s alta calidad y un servicio al cliente de primera clase.<\/span><\/p>\n<p><img decoding=\"async\" class=\"aligncenter\" src=\"https:\/\/startmeabiz.com\/wp-content\/uploads\/2021\/08\/812-81cd5d.jpg\" \/><\/p>\n<p style=\"text-align: center;\"><span class=\"qa-item-answer\"><a href=\"#addtocart\" class=\"button primary is-primary is-medium\" >\n\t\t<span>\u00a1COMPRE YA!<\/span>\n\t<\/a>\n<\/span><\/p>\n<p><iframe style=\"display: none;\" src=\"about:blank\"><\/iframe><\/p>\n<hr \/>\n<h2 class=\"uppercase\" style=\"text-align: center;\"><span style=\"color: #ff0000;\"><strong>Todos los equipos para entrenar en casa hasta 60% con descuento<\/strong><\/span><\/h2>\n<p><a href=\"https:\/\/refuseyoulose.com\/product-category\/deals-for-men\/sportswear-for-men\/\"><img decoding=\"async\" class=\"size-full wp-image-189523 aligncenter\" src=\"https:\/\/refuseyoulose.com\/wp-content\/uploads\/2019\/06\/Long-Sleeve-Spider-Man-Workout-Shirt-size-SmallMediumLargeXL2XL3XL-Refuse-You-Lose-1.png\" alt=\"\" width=\"779\" height=\"438\" \/><\/a><\/p>\n<h2 class=\"uppercase\" style=\"text-align: center;\"><\/h2>\n<hr \/>\n<h2 class=\"uppercase\" style=\"text-align: center;\"><span style=\"color: #ff0000;\"><strong>\u00bfNecesita protecci\u00f3n contra el coronavirus?<\/strong><\/span><\/h2>\n<p style=\"text-align: center;\"><span style=\"font-size: 110%;\">Nos preocupamos por usted. Por eso, nos asociamos con <a href=\"https:\/\/drkillpain.com\" target=\"_blank\" rel=\"noopener\">DrKillpain.com<\/a> Para ofrecerle el mejor equipo de protecci\u00f3n.<\/span><\/p>\n<p><a href=\"https:\/\/drkillpain.com\/product-category\/protection-against-covid-19\/face-masks-face-shields\/face-masks\/jackets-with-face-mask\/\"><img decoding=\"async\" class=\"size-full wp-image-189522 aligncenter\" src=\"https:\/\/refuseyoulose.com\/wp-content\/uploads\/2019\/06\/Long-Sleeve-Spider-Man-Workout-Shirt-size-SmallMediumLargeXL2XL3XL-Refuse-You-Lose.png\" alt=\"\" width=\"1024\" height=\"576\" \/><\/a><\/p>\n<p class=\"mceTemp\" style=\"text-align: center;\"><strong><span style=\"font-size: 120%;\">Usar cup\u00f3n <span style=\"color: #ed1c24;\">NEGARTE A TI MISMO<\/span> para ahorrar 10% en toda tu compra desde <a href=\"https:\/\/drkillpain.com\" target=\"_blank\" rel=\"noopener\">DrKillpain.com<\/a>.<\/span><\/strong><\/p>","protected":false},"excerpt":{"rendered":"<p><strong>\u00a1Haga que cualquier habitaci\u00f3n a la que vaya sea m\u00e1s c\u00f3moda con este purificador de aire port\u00e1til para oficina!<\/strong><iframe style=\"display: none;\" src=\"about:blank\"><\/iframe><\/p>","protected":false},"featured_media":818,"comment_status":"open","ping_status":"closed","template":"","meta":{"slim_seo":{"title":"Purificador de aire port\u00e1til","description":"\u00a1Compra tu purificador de aire port\u00e1til en startmeabiz.com! Env\u00edo gratuito a 185 pa\u00edses. Garant\u00eda de devoluci\u00f3n de dinero de 45 d\u00edas. Purificador de aire port\u00e1til."}},"product_brand":[],"product_cat":[28],"product_tag":[433,431,498,604,603],"class_list":{"0":"post-812","1":"product","2":"type-product","3":"status-publish","4":"has-post-thumbnail","6":"product_cat-new-arrivals","7":"product_tag-air-humidifier","8":"product_tag-air-purifier","9":"product_tag-humidifier","10":"product_tag-oil-diffuser","11":"product_tag-portable-humidifier","12":"tm-has-styled-variations","13":"tm-variations-only","15":"first","16":"instock","17":"sale","18":"taxable","19":"shipping-taxable","20":"purchasable","21":"product-type-variable"},"_links":{"self":[{"href":"https:\/\/startmeabiz.com\/es\/wp-json\/wp\/v2\/product\/812","targetHints":{"allow":["GET"]}}],"collection":[{"href":"https:\/\/startmeabiz.com\/es\/wp-json\/wp\/v2\/product"}],"about":[{"href":"https:\/\/startmeabiz.com\/es\/wp-json\/wp\/v2\/types\/product"}],"replies":[{"embeddable":true,"href":"https:\/\/startmeabiz.com\/es\/wp-json\/wp\/v2\/comments?post=812"}],"wp:featuredmedia":[{"embeddable":true,"href":"https:\/\/startmeabiz.com\/es\/wp-json\/wp\/v2\/media\/818"}],"wp:attachment":[{"href":"https:\/\/startmeabiz.com\/es\/wp-json\/wp\/v2\/media?parent=812"}],"wp:term":[{"taxonomy":"product_brand","embeddable":true,"href":"https:\/\/startmeabiz.com\/es\/wp-json\/wp\/v2\/product_brand?post=812"},{"taxonomy":"product_cat","embeddable":true,"href":"https:\/\/startmeabiz.com\/es\/wp-json\/wp\/v2\/product_cat?post=812"},{"taxonomy":"product_tag","embeddable":true,"href":"https:\/\/startmeabiz.com\/es\/wp-json\/wp\/v2\/product_tag?post=812"}],"curies":[{"name":"wp","href":"https:\/\/api.w.org\/{rel}","templated":true}]}}