{"id":776,"date":"2021-07-25T17:58:24","date_gmt":"2021-07-25T22:58:24","guid":{"rendered":"https:\/\/startmeabiz.com\/product\/5-inch-touch-screen-wifi-temperature-measurement-face-recognition-terminal-employee-time-attendance-face-dynamic-access-control\/"},"modified":"2025-12-03T04:26:47","modified_gmt":"2025-12-03T10:26:47","slug":"termometro-de-reconocimiento-facial","status":"publish","type":"product","link":"https:\/\/startmeabiz.com\/es\/product\/termometro-de-reconocimiento-facial\/","title":{"rendered":"Term\u00f3metro de reconocimiento facial"},"content":{"rendered":"<h2 style=\"text-align: center;\"><span style=\"color: #e03e2d;\"><strong><em>TERM\u00d3METRO DE RECONOCIMIENTO FACIAL<\/em>: EXPLORA NUESTRO <\/strong><strong>\u00a1NUEVA LLEGADA!<\/strong><\/span><\/h2>\n<p style=\"text-align: center;\">Por fin est\u00e1 aqu\u00ed: presentamos <em><strong>Term\u00f3metro de reconocimiento facial<\/strong><\/em> en nuestra tienda en <span class=\"ads-addon-price\" data-currency=\"USD\">$59.95<\/span>.<\/p>\n<p style=\"text-align: center;\">Esto es lo que obtienes cuando compras nuestro <em><strong>Term\u00f3metro con reconocimiento facial<\/strong>:<\/em><\/p>\n<ul style=\"text-align: center;\">\n<li style=\"text-align: left;\">Adem\u00e1s, te garantizamos que te unir\u00e1s a nuestra comunidad de compradores satisfechos.<\/li>\n<li style=\"text-align: left;\">Atenci\u00f3n al cliente a su servicio<\/li>\n<\/ul>\n<p style=\"text-align: center;\">Para que puedas conocer m\u00e1s sobre nuestra <em><strong>Term\u00f3metro de reconocimiento facial<\/strong><\/em> abajo.<\/p>\n<p><img decoding=\"async\" class=\"aligncenter\" src=\"https:\/\/ae01.alicdn.com\/kf\/H38be8f9018e24329bab9d3f4d8df8b69d\/5-inch-Touch-Screen-wifi-Temperature-measurement-face-recognition-terminal-Employee-Time-attendance-face-dynamic-access.jpg\" width=\"800\" height=\"800\" \/><\/p>\n<p style=\"text-align: center;\"><a href=\"#addtocart\" class=\"button primary is-primary is-medium\" >\n\t\t<span>\u00a1ORDENA YA!<\/span>\n\t<\/a>\n\n<hr \/>\n<p style=\"text-align: center;\" align=\"left\"><span style=\"font-family: arial, helvetica, sans-serif;\"><span style=\"font-size: 20px;\"><strong>PRESUPUESTO:<\/strong><\/span><\/span><\/p>\n<ul>\n<li><strong>Material:<\/strong> ordenador personal<\/li>\n<li><strong>UPC<\/strong>: ARM Cortex-A7 de cuatro n\u00facleos, 1,2 G<\/li>\n<li><strong>Pantalla LCD: <\/strong>Pantalla t\u00e1ctil de alta definici\u00f3n de 5 pulgadas<\/li>\n<li><strong>Tipo de pantalla:<\/strong> Pantalla t\u00e1ctil<\/li>\n<li><strong>Temperatura de trabajo:<\/strong> 0\u00b0C-40\u00b0C<\/li>\n<li><strong>M\u00e9todo de reconocimiento:<\/strong> Rostro<\/li>\n<li>Idioma: chino \/ ingl\u00e9s<\/li>\n<\/ul>\n<p align=\"left\" data-spm-anchor-id=\"a2g0o.detail.1000023.i1.6a01541aOunroC\"><img decoding=\"async\" class=\"aligncenter\" src=\"https:\/\/ae01.alicdn.com\/kf\/Hf5d7e9eec02546d18df5688b2a607ca5g\/5-inch-Touch-Screen-wifi-Temperature-measurement-face-recognition-terminal-Employee-Time-attendance-face-dynamic-access.jpg\" width=\"719\" height=\"719\" \/><\/p>\n<hr \/>\n<h2 class=\"qa-title\" style=\"text-align: center;\"><strong>PREGUNTAS Y RESPUESTAS SOBRE PRODUCTOS<\/strong><\/h2>\n<p style=\"text-align: center;\"><span class=\"qa-item-question\"><strong>\u00bfHay m\u00e1s variantes para elegir?<\/strong><\/span><br \/>\n<span class=\"qa-item-answer\">En la descripci\u00f3n de la <em><strong>Terminal t\u00e1ctil de medici\u00f3n de temperatura con reconocimiento facial<\/strong><\/em>, Puedes ver la informaci\u00f3n relevante sobre las variantes de producto disponibles. Elige la que prefieras.<\/span><\/p>\n<p><img decoding=\"async\" class=\"aligncenter\" src=\"https:\/\/startmeabiz.com\/wp-content\/uploads\/2021\/07\/776-4957d7.jpg\" width=\"751\" height=\"751\" \/><\/p>\n<p style=\"text-align: center;\"><span class=\"qa-item-question\"><strong>\u00bfSus productos cumplen con los est\u00e1ndares de fabricaci\u00f3n?<\/strong><\/span><br \/>\n<span class=\"qa-item-answer\">Sabemos que la calidad es esencial. Por eso, producimos nuestros <em><strong>Terminal t\u00e1ctil de medici\u00f3n de temperatura con reconocimiento facial<\/strong><\/em> con los m\u00e1s altos est\u00e1ndares de la industria.<\/span><\/p>\n<p><img decoding=\"async\" class=\"aligncenter\" src=\"https:\/\/startmeabiz.com\/wp-content\/uploads\/2021\/07\/776-c744aa.jpg\" width=\"801\" height=\"801\" \/><\/p>\n<p style=\"text-align: center;\"><span class=\"qa-item-question\"><strong>No estoy seguro de estar listo para comprarlo. \u00bfEs este el precio correcto?<\/strong><\/span><br \/>\n<span class=\"qa-item-answer\"><span class=\"ads-addon-price\" data-currency=\"USD\">$59.95<\/span> No es tan caro como el de otras tiendas online por productos similares. Por eso, creemos que nuestro precio es justo.<\/span><\/p>\n<p><img decoding=\"async\" class=\"aligncenter\" src=\"https:\/\/startmeabiz.com\/wp-content\/uploads\/2021\/07\/776-fabca2.jpg\" width=\"800\" height=\"800\" \/><\/p>\n<p style=\"text-align: center;\"><span class=\"qa-item-question\"><strong>\u00bfTendr\u00e9 que pagar tarifas adicionales al comprar su dispositivo inteligente?<em> Term\u00f3metro de reconocimiento facial<\/em>?<\/strong><\/span><br \/>\n<span class=\"qa-item-answer\">Al realizar un pedido, podr\u00e1 ver el precio final. Posteriormente, no tendr\u00e1 que pagar cargos adicionales.<\/span><\/p>\n<p><img decoding=\"async\" class=\"aligncenter\" src=\"https:\/\/startmeabiz.com\/wp-content\/uploads\/2021\/07\/776-f7b916.jpg\" width=\"800\" height=\"800\" \/><\/p>\n<p style=\"text-align: center;\"><span class=\"qa-item-question\"><strong>\u00bfEs prudente realizar esta compra?<\/strong><\/span><br \/>\n<span class=\"qa-item-answer\">Es un producto de primera calidad que vendemos con frecuencia. Adem\u00e1s, nuestros clientes suelen estar muy satisfechos con su elecci\u00f3n, \u00a1as\u00ed que no lo dude!<\/span><\/p>\n<p><img decoding=\"async\" class=\"aligncenter\" src=\"https:\/\/startmeabiz.com\/wp-content\/uploads\/2021\/07\/776-f7d6ac.jpg\" width=\"800\" height=\"800\" \/><\/p>\n<p style=\"text-align: center;\"><span class=\"qa-item-question\"><strong>\u00bfTe importa si hago una rese\u00f1a de este art\u00edculo?<\/strong><\/span><br \/>\n<span class=\"qa-item-answer\">Las opiniones de los clientes son muy importantes para cualquier tienda online. Por eso, te invitamos a enviarnos tus comentarios por correo electr\u00f3nico o a compartirlos en cualquier plataforma externa.<\/span><\/p>\n<p><img decoding=\"async\" class=\"aligncenter\" src=\"https:\/\/startmeabiz.com\/wp-content\/uploads\/2021\/07\/776-c0f24f.jpg\" width=\"800\" height=\"800\" \/><\/p>\n<p style=\"text-align: center;\"><a href=\"#addtocart\" class=\"button primary is-primary is-medium\" >\n\t\t<span>\u00a1ORDENA YA!<\/span>\n\t<\/a>\n\n<hr \/>\n<h2 class=\"qa-title\" style=\"text-align: center;\"><strong>POL\u00cdTICAS DE PEDIDOS Y TIENDA<\/strong><\/h2>\n<p style=\"text-align: center;\"><span class=\"qa-item-question\"><strong>\u00bfPuedes entregar mi paquete en una direcci\u00f3n diferente a mi lugar de residencia?<\/strong><\/span><br \/>\n<span class=\"qa-item-answer\">El paquete se env\u00eda a la direcci\u00f3n que elijas. As\u00ed, puedes enviarlo con seguridad a otra persona.<\/span><\/p>\n<p><img decoding=\"async\" class=\"aligncenter\" src=\"https:\/\/ae01.alicdn.com\/kf\/Hb750b54512bd46ccb4da88d3db618e2dp\/5-inch-Touch-Screen-wifi-Temperature-measurement-face-recognition-terminal-Employee-Time-attendance-face-dynamic-access.jpg\" width=\"800\" height=\"725\" \/><\/p>\n<p style=\"text-align: center;\"><span class=\"qa-item-question\"><strong>\u00bfPuedes asegurarme que mi <em>Term\u00f3metro de reconocimiento facial<\/em> \u00bfLlegar\u00e1 sano y salvo?<\/strong><\/span><br \/>\n<span class=\"qa-item-answer\">Empaquetamos adecuadamente todos los pedidos para evitar que sus compras se da\u00f1en durante el transporte, para que usted no tenga que preocuparse.<\/span><\/p>\n<p><img decoding=\"async\" class=\"aligncenter\" src=\"https:\/\/startmeabiz.com\/wp-content\/uploads\/2021\/07\/776-8a57c2.jpg\" width=\"800\" height=\"800\" \/><\/p>\n<p>&nbsp;<\/p>\n<p style=\"text-align: center;\"><span class=\"qa-item-question\"><strong>\u00bfLa entrega tardar\u00e1 tanto como prometes?<\/strong><\/span><br \/>\n<span class=\"qa-item-answer\">Hacemos todo lo posible para calcular el tiempo de entrega con la mayor precisi\u00f3n posible. Sin embargo, factores externos que influyen en el rendimiento de su oficina de correos local podr\u00edan modificar ligeramente el tiempo de entrega.<\/span><\/p>\n<p><img decoding=\"async\" class=\"aligncenter\" src=\"https:\/\/startmeabiz.com\/wp-content\/uploads\/2021\/07\/776-62b4d2.jpg\" width=\"801\" height=\"801\" \/><\/p>\n<p style=\"text-align: center;\"><span class=\"qa-item-question\"><strong>Tengo algunas preguntas. \u00bfPuedo hacerlas en alg\u00fan sitio?<\/strong><\/span><br \/>\n<span class=\"qa-item-answer\">Puede contactarnos r\u00e1pidamente a trav\u00e9s de cualquiera de los canales que aparecen al final de la p\u00e1gina. Nos pondremos en contacto con usted lo antes posible y responderemos a todas sus preguntas.<\/span><\/p>\n<p style=\"text-align: center;\"><img decoding=\"async\" class=\"aligncenter\" src=\"https:\/\/startmeabiz.com\/wp-content\/uploads\/2021\/07\/776-9dfd1d.jpg\" width=\"801\" height=\"801\" \/><\/p>\n<p style=\"text-align: center;\"><span class=\"qa-item-question\"><strong>Tienes algunos productos encantadores, pero \u00bfpuedo confiar en tu tienda?<\/strong><\/span><br \/>\n<span class=\"qa-item-answer\">Nuestra tienda tiene la reputaci\u00f3n de ser un proveedor confiable. Por lo tanto, si revisa los comentarios de nuestros clientes anteriores, ver\u00e1 que muchos de ellos ya han sido atendidos por nosotros.<\/span><\/p>\n<p><img decoding=\"async\" class=\"aligncenter\" src=\"https:\/\/startmeabiz.com\/wp-content\/uploads\/2021\/07\/776-a970c2.jpg\" width=\"801\" height=\"801\" \/><\/p>\n<p>&nbsp;<\/p>\n<p style=\"text-align: center;\"><span class=\"qa-item-question\"><strong>\u00bfNo hay cosas id\u00e9nticas disponibles sin conexi\u00f3n?<\/strong><\/span><br \/>\n<span class=\"qa-item-answer\">Por lo general, las tiendas f\u00edsicas tienen una gama de productos m\u00e1s limitada y precios menos favorables. Por lo tanto, podr\u00edan parecer una alternativa menos atractiva.<\/span><\/p>\n<hr \/>\n<p><img decoding=\"async\" class=\"aligncenter\" src=\"https:\/\/ae01.alicdn.com\/kf\/H354270194b0a4e92b4dd402cd33a9479t\/5-inch-Touch-Screen-wifi-Temperature-measurement-face-recognition-terminal-Employee-Time-attendance-face-dynamic-access.jpg\" width=\"800\" height=\"800\" \/><img decoding=\"async\" class=\"aligncenter\" src=\"https:\/\/ae01.alicdn.com\/kf\/Hf5d7e9eec02546d18df5688b2a607ca5g\/5-inch-Touch-Screen-wifi-Temperature-measurement-face-recognition-terminal-Employee-Time-attendance-face-dynamic-access.jpg\" width=\"801\" height=\"801\" \/><img decoding=\"async\" class=\"aligncenter\" src=\"https:\/\/startmeabiz.com\/wp-content\/uploads\/2021\/07\/776-786d98.jpg\" width=\"799\" height=\"1066\" \/><img decoding=\"async\" class=\"aligncenter\" src=\"https:\/\/startmeabiz.com\/wp-content\/uploads\/2021\/07\/776-ea415c.jpg\" width=\"800\" height=\"800\" \/><img decoding=\"async\" class=\"aligncenter\" src=\"https:\/\/startmeabiz.com\/wp-content\/uploads\/2021\/07\/776-f7b916.jpg\" width=\"799\" height=\"799\" \/><img decoding=\"async\" class=\"aligncenter\" src=\"https:\/\/startmeabiz.com\/wp-content\/uploads\/2021\/07\/776-839b82.jpg\" width=\"800\" height=\"800\" \/><\/p>\n<p style=\"text-align: center;\"><a href=\"#addtocart\" class=\"button primary is-primary is-medium\" >\n\t\t<span>\u00a1ORDENA YA!<\/span>\n\t<\/a>\n\n<hr \/>\n<p>&nbsp;<\/p>\n<p><a href=\"http:\/\/drkillpain.com\"><br \/>\n<img decoding=\"async\" class=\"aligncenter wp-image-199808 size-full\" src=\"https:\/\/refuseyoulose.com\/wp-content\/uploads\/2022\/07\/Gold-Silver-or-Black-Eagle-Ring-metal-color-blackGoldSilver-Refuse-You-Lose.gif\" alt=\"Negarte a perder\" width=\"800\" height=\"450\" \/><\/a><\/p>\n<hr \/>\n<p><a href=\"http:\/\/https:\/\/ineedaclean.com\"><img decoding=\"async\" class=\"aligncenter wp-image-199858\" src=\"https:\/\/refuseyoulose.com\/wp-content\/uploads\/2022\/07\/IMB_KqYTpT-1.gif\" alt=\"Necesito un gif limpio\" width=\"801\" height=\"450\" \/><\/a><\/p>","protected":false},"excerpt":{"rendered":"<p>Con esto <em><strong>Terminal t\u00e1ctil de medici\u00f3n de temperatura con reconocimiento facial<\/strong><\/em>, \u00a1Usted y sus seres queridos estar\u00e1n lo m\u00e1s protegidos posible!<\/p>","protected":false},"featured_media":779,"comment_status":"open","ping_status":"closed","template":"","meta":{"slim_seo":{"title":"Term\u00f3metro de reconocimiento facial","description":"\u00a1Compra tu term\u00f3metro de reconocimiento facial en startmeabiz.com! Env\u00edo gratuito a 185 pa\u00edses. Garant\u00eda de devoluci\u00f3n de dinero de 45 d\u00edas."}},"product_brand":[],"product_cat":[28],"product_tag":[416,417,411,415,413,414,412,410],"class_list":{"0":"post-776","1":"product","2":"type-product","3":"status-publish","4":"has-post-thumbnail","6":"product_cat-new-arrivals","7":"product_tag-covid-precautions","8":"product_tag-covid-safe","9":"product_tag-face-recognition","10":"product_tag-intelligent-temperature-measurement","11":"product_tag-intelligent-touch-screen","12":"product_tag-recognition-terminal","13":"product_tag-temperature-measurement","14":"product_tag-touch-screen","15":"tm-no-options","17":"first","18":"instock","19":"sale","20":"taxable","21":"shipping-taxable","22":"purchasable","23":"product-type-simple"},"_links":{"self":[{"href":"https:\/\/startmeabiz.com\/es\/wp-json\/wp\/v2\/product\/776","targetHints":{"allow":["GET"]}}],"collection":[{"href":"https:\/\/startmeabiz.com\/es\/wp-json\/wp\/v2\/product"}],"about":[{"href":"https:\/\/startmeabiz.com\/es\/wp-json\/wp\/v2\/types\/product"}],"replies":[{"embeddable":true,"href":"https:\/\/startmeabiz.com\/es\/wp-json\/wp\/v2\/comments?post=776"}],"wp:featuredmedia":[{"embeddable":true,"href":"https:\/\/startmeabiz.com\/es\/wp-json\/wp\/v2\/media\/779"}],"wp:attachment":[{"href":"https:\/\/startmeabiz.com\/es\/wp-json\/wp\/v2\/media?parent=776"}],"wp:term":[{"taxonomy":"product_brand","embeddable":true,"href":"https:\/\/startmeabiz.com\/es\/wp-json\/wp\/v2\/product_brand?post=776"},{"taxonomy":"product_cat","embeddable":true,"href":"https:\/\/startmeabiz.com\/es\/wp-json\/wp\/v2\/product_cat?post=776"},{"taxonomy":"product_tag","embeddable":true,"href":"https:\/\/startmeabiz.com\/es\/wp-json\/wp\/v2\/product_tag?post=776"}],"curies":[{"name":"wp","href":"https:\/\/api.w.org\/{rel}","templated":true}]}}