{"id":509,"date":"2023-02-20T15:05:48","date_gmt":"2023-02-20T21:05:48","guid":{"rendered":"https:\/\/startmeabiz.com\/product\/adjustable-aluminum-laptop-desk-ergonomic-portable-tv-bed-lapdesk-tray-pc-table-stand-notebook-table-desk-stand-with-mouse-pad\/"},"modified":"2025-12-03T03:33:29","modified_gmt":"2025-12-03T09:33:29","slug":"escritorio-portatil-ajustable-para-trabajar-desde-la-cama","status":"publish","type":"product","link":"https:\/\/startmeabiz.com\/es\/product\/escritorio-portatil-ajustable-para-trabajar-desde-la-cama\/","title":{"rendered":"Escritorio ajustable para computadora port\u00e1til para trabajar desde la cama"},"content":{"rendered":"<h2 style=\"text-align: center;\"><strong>COMPRAR TRABAJO DE<em> ESCRITORIO PORT\u00c1TIL AJUSTABLE A LA CAMA<\/em> HOY AL PRECIO M\u00c1S BAJO DEL MERCADO<\/strong><\/h2>\n<p style=\"text-align: center;\">Hemos reducido los precios de nuestros <strong>\u00a1Escritorio port\u00e1til ajustable para trabajar desde la cama!<\/strong> As\u00ed que, consigue el tuyo ahora por un <span style=\"color: #e03e2d;\"><strong>22% <\/strong><span style=\"color: #000000;\">descuento mientras queden en stock<\/span><\/span>\u00a1As\u00ed que act\u00faa ahora y compra por solo <span class=\"ads-addon-price\" data-currency=\"USD\">$27.95<\/span>!<\/p>\n<p style=\"text-align: center;\">Nuestra tienda es el destino l\u00edder para <strong>Soportes para port\u00e1tiles<\/strong> Art\u00edculos. Disfrute de nuestros env\u00edos a todo el mundo y de nuestra sencilla pol\u00edtica de devoluciones para una compra sin riesgos.<\/p>\n<p style=\"text-align: center;\"><video style=\"max-width: 100%;\" src=\"\/\/cloud.video.taobao.com\/play\/u\/3960661482\/p\/1\/e\/6\/t\/10301\/237229913860.mp4\" poster=\"\/\/ae01.alicdn.com\/kf\/H6b1ea48897f44e4e969b63ccae010c25b\/Adjustable-Aluminum-Laptop-Desk-Ergonomic-Portable-TV-Bed-Lapdesk-Tray-PC-Table-Stand-Notebook-Table-Desk.jpg,\/\/ae01.alicdn.com\/kf\/He6473dbe92bb40c1a1fd7094397fe94fG\/Adjustable-Aluminum-Laptop-Desk-Ergonomic-Portable-TV-Bed-Lapdesk-Tray-PC-Table-Stand-Notebook-Table-Desk.jpg,\/\/ae01.alicdn.com\/kf\/H625e41804c384795aa4c549c7922fea8E\/Adjustable-Aluminum-Laptop-Desk-Ergonomic-Portable-TV-Bed-Lapdesk-Tray-PC-Table-Stand-Notebook-Table-Desk.jpg,\/\/ae01.alicdn.com\/kf\/HTB12zFXw7CWBuNjy0Faq6xUlXXad\/Adjustable-Aluminum-Laptop-Desk-Ergonomic-Portable-TV-Bed-Lapdesk-Tray-PC-Table-Stand-Notebook-Table-Desk.jpg,\/\/ae01.alicdn.com\/kf\/HTB1Er_4owKTBuNkSne1q6yJoXXad\/Adjustable-Aluminum-Laptop-Desk-Ergonomic-Portable-TV-Bed-Lapdesk-Tray-PC-Table-Stand-Notebook-Table-Desk.jpg,\/\/ae01.alicdn.com\/kf\/HTB1TFj3h5MnBKNjSZFCq6x0KFXaM\/Adjustable-Aluminum-Laptop-Desk-Ergonomic-Portable-TV-Bed-Lapdesk-Tray-PC-Table-Stand-Notebook-Table-Desk.jpg\" preload=\"auto\" controls=\"controls\" width=\"800\" height=\"800\"><\/video><\/p>\n<p style=\"text-align: center;\"><img decoding=\"async\" class=\"aligncenter\" src=\"\/\/ae01.alicdn.com\/kf\/H6d77d3b5889d4a55a23844c8e5bbb748K.jpg\" width=\"799\" height=\"799\" \/><\/p>\n<p style=\"text-align: center;\"><span class=\"qa-item-answer\"><a href=\"#addtocart\" class=\"button primary is-primary is-medium\" >\n\t\t<span>\u00a1Consigue el tuyo!<\/span>\n\t<\/a>\n<\/span><\/p>\n<hr \/>\n<h2 style=\"text-align: center;\"><strong>ESPECIFICACIONES DE<em> ESCRITORIO PORT\u00c1TIL AJUSTABLE PARA TRABAJAR DESDE LA CAMA<\/em><\/strong><\/h2>\n<ul>\n<li><strong>Tama\u00f1o:<\/strong> 42*28 cm<\/li>\n<li><strong>Material:<\/strong> Aluminio<\/li>\n<li><strong>Caracter\u00edstica:<\/strong> Refrigeraci\u00f3n para port\u00e1tiles<\/li>\n<li><strong>Color:<\/strong> Negro, rosa, plata<\/li>\n<li><strong>Peso:Aprox.:<\/strong> 1,35 kilos<\/li>\n<li><strong>Soporte de carga:\u00a0<\/strong> 15 kilos<\/li>\n<li><strong>Dimensi\u00f3n plegada:<\/strong> 20,6 \u00d7 10,4 x 2 pulgadas<\/li>\n<li><strong>Rango de \u00e1ngulo de plegado:<\/strong> 0~360 grados<\/li>\n<\/ul>\n<h3 style=\"text-align: center;\"><strong>El paquete incluye:<\/strong><\/h3>\n<ul>\n<li>1x soporte port\u00e1til para computadora port\u00e1til<\/li>\n<li>1 x Bandeja para rat\u00f3n montable<\/li>\n<li>1 x Manual de instrucciones<\/li>\n<li>2 deflectores antideslizantes negros<\/li>\n<\/ul>\n<p style=\"text-align: center;\">Adem\u00e1s, obtienes env\u00edo a todo el mundo y si no te gusta tu pedido, <strong>Escritorio ergon\u00f3mico port\u00e1til para computadora port\u00e1til con alfombrilla para rat\u00f3n<\/strong>, \u00a1Puedes solicitar un reembolso! No est\u00e1 mal para algo que cuesta... <span style=\"color: #2dc26b;\"><strong><span class=\"ads-addon-price\" data-currency=\"USD\">$27.95<\/span><\/strong><\/span>, \u00bfVerdad? \u00a1Date prisa antes de que se agoten!<\/p>\n<p style=\"text-align: center;\"><img decoding=\"async\" class=\"aligncenter\" src=\"\/\/ae01.alicdn.com\/kf\/H31db93ae3ddc46009831952d019a3de8c.jpg\" width=\"799\" height=\"799\" \/><\/p>\n<p style=\"text-align: center;\"><span class=\"qa-item-answer\"><a href=\"#addtocart\" class=\"button primary is-primary is-medium\" >\n\t\t<span>\u00a1Consigue el tuyo!<\/span>\n\t<\/a>\n<\/span><\/p>\n<hr \/>\n<h2 class=\"qa-title\" style=\"text-align: center;\"><strong>PREGUNTAS Y RESPUESTAS SOBRE PRODUCTOS<\/strong><\/h2>\n<p style=\"text-align: center;\"><span class=\"qa-item-question\"><strong>\u00bfVeo los colores reales en las im\u00e1genes?<\/strong><\/span><br \/>\n<span class=\"qa-item-answer\">Las fotos de la Obra<strong> Escritorio ajustable para computadora port\u00e1til desde la cama<\/strong> Los colores coinciden con los del producto real. Sin embargo, su dispositivo podr\u00eda mostrar un tono ligeramente diferente seg\u00fan la calibraci\u00f3n de la pantalla.<\/span><\/p>\n<p style=\"text-align: center;\"><img decoding=\"async\" class=\"aligncenter\" src=\"\/\/ae01.alicdn.com\/kf\/H6168bfd4d1d64a31b173226b1951d6ccj.jpg\" width=\"800\" height=\"673\" \/><\/p>\n<p style=\"text-align: center;\"><span class=\"qa-item-question\"><strong>Tengo una pregunta sobre el origen y el color del env\u00edo. \u00bfSon estas todas las opciones disponibles?<\/strong><\/span><br \/>\n<span class=\"qa-item-answer\">En la obra De<strong> Escritorio port\u00e1til ajustable para cama<\/strong> En la descripci\u00f3n, puedes ver informaci\u00f3n relevante sobre las variantes de producto disponibles. Elige la que prefieras.<\/span><\/p>\n<p style=\"text-align: center;\"><img decoding=\"async\" class=\"aligncenter\" src=\"\/\/ae01.alicdn.com\/kf\/H42776be5ac604e849479058224269a2dX.jpg\" width=\"800\" height=\"800\" \/><\/p>\n<p style=\"text-align: center;\"><span class=\"qa-item-question\"><strong>\u00bfEst\u00e1s seguro de que esto es asequible para m\u00ed?<\/strong><\/span><br \/>\n<span class=\"qa-item-answer\"><span class=\"ads-addon-price\" data-currency=\"USD\">$27.95<\/span> No es tan caro como lo que cobran otras tiendas online por productos similares. Sin embargo, t\u00fa decides. \u00a1As\u00ed que no lo dudes!<\/span><\/p>\n<p style=\"text-align: center;\"><img decoding=\"async\" class=\"aligncenter\" src=\"\/\/ae01.alicdn.com\/kf\/H6b5e9650de834a2f8223ee1c96ac6981r.jpg\" width=\"800\" height=\"640\" \/><\/p>\n<p style=\"text-align: center;\"><span class=\"qa-item-question\"><strong>\u00bfLa compra est\u00e1 libre de impuestos?<\/strong><\/span><br \/>\n<span class=\"qa-item-answer\">Puedes ver el precio final en la p\u00e1gina de pago. Por lo tanto, si incluye impuestos, aparecer\u00e1n ah\u00ed.<\/span><\/p>\n<p style=\"text-align: center;\"><img decoding=\"async\" class=\"aligncenter\" src=\"\/\/ae01.alicdn.com\/kf\/Hb77ca661b4bf4376aed4deff429db7f9X.jpg\" width=\"798\" height=\"798\" \/><\/p>\n<p style=\"text-align: center;\"><span class=\"qa-item-question\"><strong>\u00bfPuedo obtener un reembolso si no encuentro el producto? <em>C\u00f3modo escritorio para port\u00e1til con alfombrilla para rat\u00f3n para trabajar desde la cama<\/em> \u00bfadecuado?<\/strong><\/span><br \/>\n<span class=\"qa-item-answer\">Si hay algo mal con tu pedido o no te conviene, te devolveremos tu dinero, as\u00ed que no dudes en contactarnos.<\/span><\/p>\n<p style=\"text-align: center;\"><img decoding=\"async\" class=\"aligncenter\" src=\"\/\/ae01.alicdn.com\/kf\/H997bcc40b62648708c70433e1a16a36b6.jpg\" width=\"798\" height=\"798\" \/><\/p>\n<p style=\"text-align: center;\"><span class=\"qa-item-question\"><strong>\u00bfEs este el producto que estoy buscando?<\/strong><\/span><br \/>\n<span class=\"qa-item-answer\">\u00a1Ten confianza! Este producto es de alta calidad. Adem\u00e1s, el precio es el m\u00e1s bajo posible. \u00a1As\u00ed que no te preocupes!<\/span><\/p>\n<p style=\"text-align: center;\"><img decoding=\"async\" class=\"aligncenter\" src=\"\/\/ae01.alicdn.com\/kf\/He419ce559fb240978678b0c436417c79y.jpg\" width=\"801\" height=\"801\" \/><\/p>\n<hr \/>\n<h2 class=\"qa-title\" style=\"text-align: center;\"><strong>POL\u00cdTICAS DE PEDIDOS Y TIENDA<\/strong><\/h2>\n<p style=\"text-align: center;\"><span class=\"qa-item-question\"><strong>\u00bfC\u00f3mo evitar que sus productos se rompan en el camino hacia los clientes?<\/strong><\/span><br \/>\n<span class=\"qa-item-answer\">Intentamos prever todos los problemas que pueda afrontar su paquete y utilizamos las formas m\u00e1s seguras para garantizar su protecci\u00f3n.<\/span><\/p>\n<p style=\"text-align: center;\"><img decoding=\"async\" class=\"aligncenter\" src=\"\/\/ae01.alicdn.com\/kf\/Hea9826e15b9f41209550baf38184f6d66.jpg\" width=\"799\" height=\"799\" \/><\/p>\n<p style=\"text-align: center;\"><span class=\"qa-item-question\"><strong>\u00bfQu\u00e9 pasa si ocurre alg\u00fan problema con mi pedido durante el transporte?<\/strong><\/span><br \/>\n<span class=\"qa-item-answer\">Valoramos a nuestros clientes. Por eso ofrecemos una devoluci\u00f3n completa si algo malo ocurre con sus paquetes.<\/span><\/p>\n<p style=\"text-align: center;\"><img decoding=\"async\" class=\"aligncenter\" src=\"\/\/ae01.alicdn.com\/kf\/Hebb68f2e4d83490d90c8231eb2e6e94ee.jpg\" width=\"802\" height=\"802\" \/><\/p>\n<p style=\"text-align: center;\"><span class=\"qa-item-question\"><strong>\u00bfLa entrega tardar\u00e1 tanto como prometes?<\/strong><\/span><br \/>\n<span class=\"qa-item-answer\">Siempre hacemos todo lo posible para calcular el tiempo de entrega de su escritorio port\u00e1til para trabajar desde la cama con la mayor precisi\u00f3n posible. Sin embargo, podr\u00edan surgir contratiempos durante el env\u00edo que no podemos prever. Aun as\u00ed, el retraso no superar\u00e1 varios d\u00edas.<\/span><\/p>\n<p style=\"text-align: center;\"><img decoding=\"async\" class=\"aligncenter\" src=\"\/\/ae01.alicdn.com\/kf\/H5eff1982426d41d5a56c7cbbba1d3f2b9.jpg\" width=\"801\" height=\"801\" \/><\/p>\n<p style=\"text-align: center;\"><span class=\"qa-item-question\"><strong>\u00bfC\u00f3mo puedo obtener ayuda con mi <em>Escritorio ergon\u00f3mico port\u00e1til para computadora port\u00e1til con alfombrilla para rat\u00f3n<\/em> \u00bfcompra?<\/strong><\/span><br \/>\n<span class=\"qa-item-answer\">Encontrar\u00e1 los datos de contacto de nuestro equipo de soporte en la parte inferior de la p\u00e1gina, as\u00ed que no dude en ponerse en contacto con nuestro servicio si tiene alguna pregunta sobre el<strong> Escritorio port\u00e1til multifuncional para trabajar desde la cama.<\/strong><\/span><\/p>\n<p style=\"text-align: center;\"><img decoding=\"async\" class=\"aligncenter\" src=\"\/\/ae01.alicdn.com\/kf\/H5f269c3d0a714773a8703c9860774421C.jpg\" width=\"800\" height=\"800\" \/><\/p>\n<p style=\"text-align: center;\"><span class=\"qa-item-question\"><strong>\u00bfPuedes demostrar que tu tienda es confiable?<\/strong><\/span><br \/>\n<span class=\"qa-item-answer\">Como puede ver en las rese\u00f1as de nuestros compradores, no hay de qu\u00e9 preocuparse. Valoramos nuestra reputaci\u00f3n en l\u00ednea y nos esforzamos por brindar a nuestros compradores un servicio de la m\u00e1s alta calidad.<\/span><\/p>\n<p style=\"text-align: center;\"><img decoding=\"async\" class=\"aligncenter\" src=\"\/\/ae01.alicdn.com\/kf\/H3bd12ccb814d4ae5adff8468bd4c4bd3O.jpg\" width=\"801\" height=\"801\" \/><\/p>\n<p style=\"text-align: center;\"><span class=\"qa-item-question\"><strong>\u00bfPuedo comprar la misma obra de? <em>Escritorio port\u00e1til ajustable para cama<\/em> \u00bfdesconectado?<\/strong><\/span><br \/>\n<span class=\"qa-item-answer\">Es poco probable encontrar art\u00edculos con todas estas variaciones fuera de l\u00ednea. Adem\u00e1s, si los encuentras, los precios pueden ser significativamente m\u00e1s altos.<\/span><\/p>\n<div>\n<div>\n<div>\n<p>&nbsp;<\/p>\n<div style=\"margin-left: 4.4885177453027%; margin-top: -67.849686847599%; width: 22.964509394572%;\"><a href=\"\/\/www.aliexpress.com\/item\/detail\/32885318801.html\" target=\"_blank\" rel=\"noopener noreferrer\"><img decoding=\"async\" src=\"\/\/ae01.alicdn.com\/kf\/H825064f77f274a9a977e4264ea71d7308.png\" \/><\/a><\/div>\n<div style=\"margin-left: 29.01878914405%; margin-top: -31.315240083507%; width: 22.964509394572%;\"><a href=\"\/\/www.aliexpress.com\/item\/detail\/32879917191.html\" target=\"_blank\" rel=\"noopener noreferrer\"><img decoding=\"async\" src=\"\/\/ae01.alicdn.com\/kf\/H825064f77f274a9a977e4264ea71d7308.png\" \/><\/a><\/div>\n<div style=\"margin-left: 53.549060542797%; margin-top: -31.315240083507%; width: 22.964509394572%;\"><a href=\"\/\/www.aliexpress.com\/item\/detail\/32974922861.html\" target=\"_blank\" rel=\"noopener noreferrer\"><img decoding=\"async\" src=\"\/\/ae01.alicdn.com\/kf\/H825064f77f274a9a977e4264ea71d7308.png\" \/><\/a><\/div>\n<div style=\"margin-left: 78.079331941545%; margin-top: -31.315240083507%; width: 22.964509394572%;\"><\/div>\n<div style=\"margin-left: 4.4885177453027%; margin-top: 1.5657620041754%; width: 22.964509394572%;\"><a href=\"\/\/www.aliexpress.com\/item\/detail\/4000345055204.html\" target=\"_blank\" rel=\"noopener noreferrer\"><img decoding=\"async\" src=\"\/\/ae01.alicdn.com\/kf\/H825064f77f274a9a977e4264ea71d7308.png\" \/><\/a><\/div>\n<div style=\"margin-left: 29.01878914405%; margin-top: -31.315240083507%; width: 22.964509394572%;\"><a href=\"\/\/www.aliexpress.com\/item\/detail\/4000307528143.html\" target=\"_blank\" rel=\"noopener noreferrer\"><img decoding=\"async\" src=\"\/\/ae01.alicdn.com\/kf\/H825064f77f274a9a977e4264ea71d7308.png\" \/><\/a><\/div>\n<div style=\"margin-left: 53.549060542797%; margin-top: -31.315240083507%; width: 22.964509394572%;\"><a href=\"\/\/www.aliexpress.com\/item\/detail\/4000207031468.html\" target=\"_blank\" rel=\"noopener noreferrer\"><img decoding=\"async\" src=\"\/\/ae01.alicdn.com\/kf\/H825064f77f274a9a977e4264ea71d7308.png\" \/><\/a><\/div>\n<\/div>\n<\/div>\n<\/div>\n<div>\n<p style=\"text-align: center;\"><img decoding=\"async\" class=\"aligncenter\" src=\"\/\/ae01.alicdn.com\/kf\/Ha3cb0a8a7237447bbe58f6d2f280d065E.jpg\" width=\"800\" height=\"800\" \/><\/p>\n<p style=\"text-align: center;\"><span class=\"qa-item-answer\"><a href=\"#addtocart\" class=\"button primary is-primary is-medium\" >\n\t\t<span>\u00a1Consigue el tuyo!<\/span>\n\t<\/a>\n<\/span><\/p>\n<hr \/>\n<\/div>\n<div>\n<p><img decoding=\"async\" class=\"aligncenter\" src=\"\/\/ae01.alicdn.com\/kf\/H283ac23a394841cea6be7c0a510b15d5Y.jpg\" width=\"800\" height=\"800\" \/><img decoding=\"async\" class=\"aligncenter\" src=\"\/\/ae01.alicdn.com\/kf\/Hadd81c4c97eb4f9c99b9511c983918f9L.jpg\" width=\"800\" height=\"800\" \/><\/p>\n<\/div>\n<div>\n<p><img decoding=\"async\" class=\"aligncenter\" src=\"\/\/ae01.alicdn.com\/kf\/Hc11ac2c7307b44208a29e6a8599ad7d69.jpg\" width=\"800\" height=\"800\" \/><\/p>\n<p style=\"text-align: center;\"><span class=\"qa-item-answer\"><a href=\"#addtocart\" class=\"button primary is-primary is-medium\" >\n\t\t<span>\u00a1Consigue el tuyo!<\/span>\n\t<\/a>\n<\/span><\/p>\n<\/div>","protected":false},"excerpt":{"rendered":"<p>\u00a1Lleva tu oficina a todas partes con este escritorio ajustable para laptop! \u00bfPor qu\u00e9 no lo piensas? \u00a1Cons\u00edguelo ya!<\/p>\n<p><iframe style=\"display: none;\" src=\"about:blank\"><\/iframe><\/p>","protected":false},"featured_media":526,"comment_status":"open","ping_status":"closed","template":"","meta":{"slim_seo":{"title":"Escritorio para computadora port\u00e1til para trabajar desde la cama","description":"\u00a1Compra tu escritorio ajustable para laptop para trabajar desde la cama en startmeabiz.com! Env\u00edo gratuito a 185 pa\u00edses. Garant\u00eda de devoluci\u00f3n de dinero de 45 d\u00edas."}},"product_brand":[],"product_cat":[28,48],"product_tag":[490,489,488,487,476,491,475,492],"class_list":{"0":"post-509","1":"product","2":"type-product","3":"status-publish","4":"has-post-thumbnail","6":"product_cat-new-arrivals","7":"product_cat-laptop-stands","8":"product_tag-aluminum-laptop-desk","9":"product_tag-desk-with-mouse-pad","10":"product_tag-ergonomic-laptop-desk","11":"product_tag-lapdesk","12":"product_tag-laptop-desk","13":"product_tag-laptop-table","14":"product_tag-portable-laptop-desk","15":"product_tag-portable-table","16":"tm-has-styled-variations","17":"tm-has-options","19":"first","20":"instock","21":"sale","22":"taxable","23":"shipping-taxable","24":"purchasable","25":"product-type-variable"},"_links":{"self":[{"href":"https:\/\/startmeabiz.com\/es\/wp-json\/wp\/v2\/product\/509","targetHints":{"allow":["GET"]}}],"collection":[{"href":"https:\/\/startmeabiz.com\/es\/wp-json\/wp\/v2\/product"}],"about":[{"href":"https:\/\/startmeabiz.com\/es\/wp-json\/wp\/v2\/types\/product"}],"replies":[{"embeddable":true,"href":"https:\/\/startmeabiz.com\/es\/wp-json\/wp\/v2\/comments?post=509"}],"wp:featuredmedia":[{"embeddable":true,"href":"https:\/\/startmeabiz.com\/es\/wp-json\/wp\/v2\/media\/526"}],"wp:attachment":[{"href":"https:\/\/startmeabiz.com\/es\/wp-json\/wp\/v2\/media?parent=509"}],"wp:term":[{"taxonomy":"product_brand","embeddable":true,"href":"https:\/\/startmeabiz.com\/es\/wp-json\/wp\/v2\/product_brand?post=509"},{"taxonomy":"product_cat","embeddable":true,"href":"https:\/\/startmeabiz.com\/es\/wp-json\/wp\/v2\/product_cat?post=509"},{"taxonomy":"product_tag","embeddable":true,"href":"https:\/\/startmeabiz.com\/es\/wp-json\/wp\/v2\/product_tag?post=509"}],"curies":[{"name":"wp","href":"https:\/\/api.w.org\/{rel}","templated":true}]}}