{"id":457,"date":"2019-11-30T13:41:23","date_gmt":"2019-11-30T19:41:23","guid":{"rendered":"https:\/\/startmeabiz.com\/product\/laptop-desk-portable-adjustable-aluminum-ergonomic-tv-bed-laptop-tray-pc-table-stand-notebook-table-desk-stand-with-mouse-pad\/"},"modified":"2023-06-15T11:16:42","modified_gmt":"2023-06-15T16:16:42","slug":"escritorio-portatil-para-oficina-en-casa","status":"publish","type":"product","link":"https:\/\/startmeabiz.com\/es\/product\/escritorio-portatil-para-oficina-en-casa\/","title":{"rendered":"Escritorio port\u00e1til para oficina en casa"},"content":{"rendered":"<h2 style=\"text-align: center;\">COMPRAR <em><strong>ESCRITORIO PORT\u00c1TIL PARA OFICINA EN CASA<\/strong><\/em> &amp; AHORRAR <span class=\"ads-addon-you_save\" data-currency=\"USD\">$16.95<\/span>!<\/h2>\n<p style=\"text-align: center;\">Conseguir el <strong>Escritorio port\u00e1til para oficina en casa<\/strong> que desea a un precio que est\u00e9 dispuesto a pagar, por eso le ofrecemos nuestra selecci\u00f3n de art\u00edculos de teclados por solo <span class=\"ads-addon-price\" data-currency=\"USD\">$45.95<\/span>, d\u00e1ndote <span style=\"color: #e03e2d;\">26% <span style=\"color: #000000;\">de descuento sobre el precio minorista regular<\/span><\/span>!<\/p>\n<p style=\"text-align: left;\">Compre con nosotros y tendr\u00e1 la garant\u00eda:<\/p>\n<ul>\n<li style=\"text-align: left;\">Productos de primera calidad<\/li>\n<li style=\"text-align: left;\">Entrega r\u00e1pida a nivel mundial<\/li>\n<li style=\"text-align: left;\">Un amable equipo de atenci\u00f3n al cliente est\u00e1 listo para responder cualquier consulta sobre productos o pedidos.<\/li>\n<li style=\"text-align: left;\">Una pol\u00edtica de devoluci\u00f3n flexible<\/li>\n<\/ul>\n<p style=\"text-align: center;\">Visita nuestra tienda hoy y descubre una selecci\u00f3n especial de dise\u00f1os y tendencias de primer nivel, todo con descuento por tiempo limitado. \u00bfA qu\u00e9 esperas?<\/p>\n<p style=\"text-align: center;\"><img decoding=\"async\" class=\"aligncenter\" src=\"\/\/ae01.alicdn.com\/kf\/HTB1xGoDd8Kw3KVjSZTEq6AuRpXaS.jpg\" \/><\/p>\n<p style=\"text-align: center;\"><a href=\"#addtocart\" class=\"button primary is-primary is-medium\" >\n\t\t<span>\u00a1Consigue el tuyo!<\/span>\n\t<\/a>\n\n<hr \/>\n<h2 style=\"text-align: center;\"><strong><em>ESCRITORIO PORT\u00c1TIL PARA OFICINA EN CASA<\/em> INFORMACI\u00d3N<\/strong><\/h2>\n<ul>\n<li>\n<div><strong>Peso:<\/strong> Aprox. 1,50 kg<\/div>\n<\/li>\n<li>\n<div><strong>Material:<\/strong> Aluminio, pl\u00e1stico<\/div>\n<\/li>\n<li>\n<div><strong>Dimensi\u00f3n plegada:<\/strong> 48 x 26 cm\/18,7 x 10,1 pulgadas (largo x ancho)<\/div>\n<\/li>\n<li>\n<div><strong>Rango de \u00e1ngulo de plegado:<\/strong> 0~360\u00b0<\/div>\n<\/li>\n<li>\n<div>Una segunda rotaci\u00f3n de bloqueo de 360 grados, conveniente mediante el uso del dise\u00f1o de engranajes y con la escala exacta, puede realizar f\u00e1cilmente un ajuste preciso del \u00e1ngulo y el ajuste de la altura.<\/div>\n<\/li>\n<\/ul>\n<div>\n<div style=\"text-align: center;\">\u00a1Suena genial! Pero date prisa y <span style=\"color: #2dc26b;\"><strong><span class=\"ads-addon-add-to-cart\">A\u00d1ADIR A LA CESTA<\/span><\/strong><\/span> \u00a1Esta oferta impresionante sigue vigente!<\/div>\n<\/div>\n<div>\n<p><span style=\"font-size: 16px;\"><span style=\"font-size: 16px;\"><img decoding=\"async\" class=\"aligncenter\" src=\"\/\/ae01.alicdn.com\/kf\/HTB1Jzswd21G3KVjSZFkq6yK4XXaa.jpg\" \/><\/span><\/span><\/p>\n<hr \/>\n<\/div>\n<div style=\"text-align: center;\">\n<h2 class=\"qa-title\" style=\"text-align: center;\"><strong>PREGUNTAS Y RESPUESTAS SOBRE PRODUCTOS<\/strong><\/h2>\n<p style=\"text-align: center;\"><span class=\"qa-item-question\"><strong>Probablemente querr\u00eda ver m\u00e1s variaciones. \u00bfC\u00f3mo puedo hacerlo?<\/strong><\/span><br \/>\n<span class=\"qa-item-answer\">Mostramos todas las variaciones disponibles en la p\u00e1gina del producto, as\u00ed que no dudes en echar un vistazo a la descripci\u00f3n del producto. <strong>\u00a1Escritorio port\u00e1til para oficina en casa!<\/strong><\/span><\/p>\n<p style=\"text-align: center;\"><span class=\"qa-item-question\"><strong>\u00bfSon precisos los colores?<\/strong><\/span><br \/>\n<span class=\"qa-item-answer\">Las im\u00e1genes del producto muestran los colores reales del escritorio port\u00e1til para oficina en casa. Sin embargo, la pantalla podr\u00eda mostrar tonos ligeramente diferentes seg\u00fan la configuraci\u00f3n.<\/span><\/p>\n<p style=\"text-align: center;\"><img decoding=\"async\" class=\"aligncenter\" src=\"\/\/ae01.alicdn.com\/kf\/HTB1URgwd21G3KVjSZFkq6yK4XXaK.jpg\" \/><\/p>\n<p style=\"text-align: center;\"><span class=\"qa-item-question\"><strong>\u00bfPuedo permit\u00edrmelo?<\/strong><\/span><br \/>\n<span class=\"qa-item-answer\">La decisi\u00f3n es suya. Sin embargo, estamos seguros de que si compara este precio con otros del mercado, se dar\u00e1 cuenta de que es una oferta tentadora.<\/span><\/p>\n<p style=\"text-align: center;\"><span class=\"qa-item-question\"><strong>Si ordeno tu <em>Escritorio port\u00e1til de aluminio<\/em>, \u00bfSe aplicar\u00e1 alg\u00fan cargo adicional?<\/strong><\/span><br \/>\n<span class=\"qa-item-answer\">El precio final de tu Escritorio Port\u00e1til para Oficina en Casa incluye todas las tasas e impuestos posibles, por lo que lo ver\u00e1s en la p\u00e1gina de pago.<\/span><\/p>\n<p style=\"text-align: center;\"><img decoding=\"async\" class=\"aligncenter\" src=\"\/\/ae01.alicdn.com\/kf\/HTB1QrQvd.GF3KVjSZFmq6zqPXXai.jpg\" \/><\/p>\n<p style=\"text-align: center;\"><span class=\"qa-item-question\"><strong>No estoy seguro de si realmente lo quiero. \u00bfDeber\u00eda comprarlo?<\/strong><\/span><br \/>\n<span class=\"qa-item-answer\">La primera impresi\u00f3n suele ser la correcta. As\u00ed que, si te interesa, \u00a1an\u00edmate y haz tu pedido!<\/span><\/p>\n<p style=\"text-align: center;\"><span class=\"qa-item-question\"><strong>\u00bfQu\u00e9 pasa si no me gusta mi? <em>Escritorio port\u00e1til para oficina en casa<\/em>?<\/strong><\/span><br \/>\n<span class=\"qa-item-answer\">No dude en contactarnos si alg\u00fan art\u00edculo de su pedido no se ajusta a sus expectativas. Tenemos una pol\u00edtica de reembolsos accesible para todos. Por lo tanto, puede obtener una compensaci\u00f3n r\u00e1pidamente.<\/span><\/p>\n<p style=\"text-align: center;\"><img decoding=\"async\" class=\"aligncenter\" src=\"\/\/ae01.alicdn.com\/kf\/HTB1BP70aMFY.1VjSZFqq6ydbXXak.jpg\" \/><\/p>\n<p style=\"text-align: center;\">\n<a href=\"#addtocart\" class=\"button primary is-primary is-medium\" >\n\t\t<span>\u00a1Consigue el tuyo!<\/span>\n\t<\/a>\n\n<hr \/>\n<h2 class=\"qa-title\" style=\"text-align: center;\"><strong>POL\u00cdTICAS DE PEDIDOS Y TIENDA<\/strong><\/h2>\n<p style=\"text-align: center;\"><span class=\"qa-item-question\"><strong>\u00bfPuedes entregar mi paquete en una direcci\u00f3n diferente a mi lugar de residencia?<\/strong><\/span><br \/>\n<span class=\"qa-item-answer\">No dudes en solicitar la entrega a cualquier direcci\u00f3n que necesites porque no pasa nada si no coincide con tu lugar de residencia.<\/span><\/p>\n<p style=\"text-align: center;\"><span class=\"qa-item-question\"><strong>Si compro varias unidades del mismo producto \u00bflas enviar\u00e9is individualmente?<\/strong><\/span><br \/>\n<span class=\"qa-item-answer\">No te preocupes porque si pides varias unidades te llegar\u00e1n simult\u00e1neamente.<\/span><\/p>\n<p style=\"text-align: center;\"><img decoding=\"async\" class=\"aligncenter\" src=\"\/\/ae01.alicdn.com\/kf\/HTB14X3EdWSs3KVjSZPiq6AsiVXai.jpg\" \/><\/p>\n<p style=\"text-align: center;\"><span class=\"qa-item-question\"><strong>\u00bfQu\u00e9 pasa si necesito cambiar el color o cancelar mi pedido?<\/strong><\/span><br \/>\n<span class=\"qa-item-answer\">Puedes realizar f\u00e1cilmente los cambios necesarios o cancelar tu pedido contactando con nuestro equipo de soporte. No te preocupes.<\/span><\/p>\n<p style=\"text-align: center;\"><span class=\"qa-item-question\"><strong>\u00bfEst\u00e1 disponible ahora?<\/strong><\/span><br \/>\n<span class=\"qa-item-answer\">\u00a1El art\u00edculo est\u00e1 disponible para su compra ahora mismo, por lo que esperamos trabajar en su pedido!<\/span><\/p>\n<p style=\"text-align: center;\"><img decoding=\"async\" class=\"aligncenter\" src=\"\/\/ae01.alicdn.com\/kf\/HTB1RdZvd.GF3KVjSZFoq6zmpFXad.jpg\" \/><\/p>\n<p style=\"text-align: center;\"><span class=\"qa-item-question\"><strong>\u00bfEst\u00e1 autorizado? \u00bfRecibir\u00e9 un producto legal si pido mi... <em>Escritorio port\u00e1til de aluminio<\/em>?<\/strong><\/span><br \/>\n<span class=\"qa-item-answer\">No hay necesidad de preocuparse por cuestiones legales, ya que cumplimos con todos los requisitos oficiales. As\u00ed que, por favor, no se preocupe.<\/span><\/p>\n<p style=\"text-align: center;\"><span class=\"qa-item-question\"><strong>\u00bfPuedo encontrar lo mismo? <em>Escritorio port\u00e1til para negocios en casa<\/em> \u00bfEn una tienda normal?<\/strong><\/span><br \/>\n<span class=\"qa-item-answer\">Hasta donde sabemos, art\u00edculos similares que se venden en tiendas f\u00edsicas tienen una gama m\u00e1s limitada de variantes y precios menos atractivos. \u00a1Por eso creemos que somos la mejor opci\u00f3n!<\/span><\/p>\n<\/div>\n<div><\/div>\n<div>\n<p><img decoding=\"async\" class=\"aligncenter\" src=\"\/\/ae01.alicdn.com\/kf\/HTB1O7k0aMFY.1VjSZFqq6ydbXXa1.jpg\" \/><\/p>\n<hr \/>\n<p><img decoding=\"async\" class=\"aligncenter\" src=\"\/\/ae01.alicdn.com\/kf\/HTB1krMDd8Kw3KVjSZTEq6AuRpXaO.jpg\" \/><\/p>\n<p style=\"text-align: center;\"><a href=\"#addtocart\" class=\"button primary is-primary is-medium\" >\n\t\t<span>\u00a1Consigue el tuyo!<\/span>\n\t<\/a>\n\n<\/div>","protected":false},"excerpt":{"rendered":"<p>\u00a1Obtenga este escritorio empresarial multifuncional port\u00e1til y aseg\u00farese de poder usar su computadora port\u00e1til c\u00f3modamente en cualquier lugar!<\/p>\n<p><iframe style=\"display: none;\" src=\"about:blank\"><\/iframe><\/p>","protected":false},"featured_media":464,"comment_status":"open","ping_status":"closed","template":"","meta":{"slim_seo":{"title":"Escritorio port\u00e1til para oficina en casa","description":"\u00a1Compra tu escritorio port\u00e1til para oficina en casa en startmeabiz.com! Env\u00edo gratuito a 185 pa\u00edses. Garant\u00eda de devoluci\u00f3n de dinero de 45 d\u00edas. \u00a1No esperes m\u00e1s!"}},"product_brand":[],"product_cat":[28,50],"product_tag":[510,511,476,491,509,492],"class_list":{"0":"post-457","1":"product","2":"type-product","3":"status-publish","4":"has-post-thumbnail","6":"product_cat-new-arrivals","7":"product_cat-keyboards","8":"product_tag-flexible-desk","9":"product_tag-flexible-table","10":"product_tag-laptop-desk","11":"product_tag-laptop-table","12":"product_tag-portable-desk","13":"product_tag-portable-table","14":"tm-has-styled-variations","15":"tm-has-options","17":"first","18":"instock","19":"sale","20":"taxable","21":"shipping-taxable","22":"purchasable","23":"product-type-variable"},"_links":{"self":[{"href":"https:\/\/startmeabiz.com\/es\/wp-json\/wp\/v2\/product\/457","targetHints":{"allow":["GET"]}}],"collection":[{"href":"https:\/\/startmeabiz.com\/es\/wp-json\/wp\/v2\/product"}],"about":[{"href":"https:\/\/startmeabiz.com\/es\/wp-json\/wp\/v2\/types\/product"}],"replies":[{"embeddable":true,"href":"https:\/\/startmeabiz.com\/es\/wp-json\/wp\/v2\/comments?post=457"}],"wp:featuredmedia":[{"embeddable":true,"href":"https:\/\/startmeabiz.com\/es\/wp-json\/wp\/v2\/media\/464"}],"wp:attachment":[{"href":"https:\/\/startmeabiz.com\/es\/wp-json\/wp\/v2\/media?parent=457"}],"wp:term":[{"taxonomy":"product_brand","embeddable":true,"href":"https:\/\/startmeabiz.com\/es\/wp-json\/wp\/v2\/product_brand?post=457"},{"taxonomy":"product_cat","embeddable":true,"href":"https:\/\/startmeabiz.com\/es\/wp-json\/wp\/v2\/product_cat?post=457"},{"taxonomy":"product_tag","embeddable":true,"href":"https:\/\/startmeabiz.com\/es\/wp-json\/wp\/v2\/product_tag?post=457"}],"curies":[{"name":"wp","href":"https:\/\/api.w.org\/{rel}","templated":true}]}}