{"id":446,"date":"2023-02-21T12:38:09","date_gmt":"2023-02-21T18:38:09","guid":{"rendered":"https:\/\/startmeabiz.com\/product\/folding-laptop-holder-pc-stand-with-stretching-legs-and-adjusting-angles-for-1116-inch-computer-notebook-portable-lapdesk\/"},"modified":"2025-12-03T03:26:50","modified_gmt":"2025-12-03T09:26:50","slug":"soporte-plegable-para-computadora-portatil-o-tableta-para-viajar-facilmente","status":"publish","type":"product","link":"https:\/\/startmeabiz.com\/es\/product\/soporte-plegable-para-computadora-portatil-o-tableta-para-viajar-facilmente\/","title":{"rendered":"Soporte plegable para port\u00e1til o tableta para viajar f\u00e1cilmente"},"content":{"rendered":"<div>\n<h2 style=\"text-align: center;\"><strong>\u00a1\u00a1\u00a1GASTA MENOS, AHORRA M\u00c1S!!! COMPRA UN <em>SOPORTE PLEGABLE PARA PORT\u00c1TIL O TABLETA PARA VIAJAR F\u00c1CILMENTE<\/em> AHORA Y AHORRA <\/strong><span class=\"ads-addon-you_save\" data-currency=\"USD\">$10.95<\/span><\/h2>\n<p style=\"text-align: center;\">\u00a1Estamos rebajando los precios para que puedas ahorrar a\u00fan m\u00e1s! As\u00ed que, si has estado buscando el...<strong> Soporte plegable para port\u00e1til o tableta para viajar f\u00e1cilmente<\/strong>, compre nuestra selecci\u00f3n ahora para <span style=\"color: #e03e2d;\"><strong>30% <\/strong><span style=\"color: #000000;\">apagado<\/span><\/span> y guardar <span class=\"ads-addon-you_save\" data-currency=\"USD\">$10.95<\/span>. \u00bfEntonces, qu\u00e9 est\u00e1s esperando?<\/p>\n<p style=\"text-align: center;\">Nuestra tienda se compromete a brindar una experiencia de compra fluida. Por ello, nos comprometemos a:<\/p>\n<ul>\n<li>100% Satisfacci\u00f3n<\/li>\n<li>100% Pago seguro<\/li>\n<li>100% Pol\u00edtica de devoluci\u00f3n f\u00e1cil<\/li>\n<\/ul>\n<p style=\"text-align: center;\">Esta oferta no durar\u00e1 para siempre, as\u00ed que <span style=\"color: #2dc26b;\"><strong><span class=\"ads-addon-add-to-cart\">A\u00d1ADIR A LA CESTA<\/span><\/strong> <\/span>\u00a1ahora!<\/p>\n<p><center><img decoding=\"async\" class=\"aligncenter\" style=\"font-family: arial , helvetica , sans-serif; margin: 0.0px; padding: 0.0px; border: 0.0px; font-style: inherit; font-weight: inherit; font-size: 0.0px; line-height: inherit; vertical-align: middle; color: transparent; width: 800.0px;\" src=\"\/\/ae01.alicdn.com\/kf\/HTB1I3gVrIuYBuNkSmRyq6AA3pXad.jpg?width=800&amp;height=800&amp;hash=1600\" alt=\"Soporte plegable para port\u00e1til o tableta para viajar f\u00e1cilmente\" width=\"800\" height=\"800\" \/><\/center><center><a href=\"#addtocart\" class=\"button secondary is-secondary is-medium\" >\n\t\t<span>\u00a1COMPRAR AHORA!<\/span>\n\t<\/a>\n<\/center><\/p>\n<hr \/>\n<h2 style=\"text-align: center;\"><strong>M\u00c1S INFORMACI\u00d3N SOBRE <em>SOPORTE PLEGABLE PARA PORT\u00c1TIL O TABLETA PARA VIAJAR F\u00c1CILMENTE<\/em><\/strong><\/h2>\n<ul style=\"text-align: center;\">\n<li style=\"text-align: left;\"><strong>Color:<\/strong> Negro \/ Blanco<\/li>\n<li style=\"text-align: left;\"><strong>Tama\u00f1o del art\u00edculo:<\/strong> 20*5*2 cm<\/li>\n<li style=\"text-align: left;\"><strong>Tama\u00f1o del paquete:<\/strong> 21*6*3 cm<\/li>\n<li style=\"text-align: left;\"><strong>Material:<\/strong>\u00a0 ABS + metal<\/li>\n<\/ul>\n<p><center><img decoding=\"async\" class=\"aligncenter\" style=\"font-family: arial , helvetica , sans-serif; margin: 0.0px; padding: 0.0px; border: 0.0px; font-style: inherit; font-weight: inherit; font-size: 0.0px; line-height: inherit; vertical-align: middle; color: transparent; width: 800.0px;\" src=\"\/\/ae01.alicdn.com\/kf\/HTB1zO0hAgaTBuNjSszfq6xgfpXaU.jpg?width=800&amp;height=800&amp;hash=1600\" alt=\"Soporte plegable para port\u00e1til o tableta para viajar f\u00e1cilmente\" width=\"800\" height=\"800\" \/><\/center><\/p>\n<div style=\"text-align: center;\"><strong><span style=\"color: #000000; font-family: arial, helvetica, sans-serif;\">Caracter\u00edsticas:<\/span><\/strong><\/div>\n<ul>\n<li><span style=\"color: #000000; font-family: arial, helvetica, sans-serif;\">100% nuevo y de alta calidad.<\/span><\/li>\n<li><span style=\"color: #000000; font-family: arial, helvetica, sans-serif;\">Plegable multifuncional para un uso port\u00e1til y c\u00f3modo.<\/span><\/li>\n<li><span style=\"color: #000000; font-family: arial, helvetica, sans-serif;\">Dise\u00f1ado con una pata secundaria plegable, en un \u00e1ngulo perfecto para escribir en el teclado en pantalla de una computadora port\u00e1til.<\/span><\/li>\n<li><span style=\"color: #000000; font-family: arial, helvetica, sans-serif;\">Est\u00e1 especialmente dise\u00f1ado para aquellos que quieran trabajar en su ordenador port\u00e1til o notebook.<\/span><\/li>\n<li><span style=\"color: #000000; font-family: arial, helvetica, sans-serif;\">Profesional para ordenador port\u00e1til.<\/span><\/li>\n<li><span style=\"color: #000000; font-family: arial, helvetica, sans-serif;\">Pr\u00e1ctico, duradero y perfecto para su uso diario.<\/span><\/li>\n<li><span style=\"color: #000000; font-family: arial, helvetica, sans-serif;\">Hermosa apariencia, se puede plegar a un tama\u00f1o compacto.<\/span><\/li>\n<\/ul>\n<p><center><img decoding=\"async\" class=\"aligncenter\" src=\"\/\/sc02.alicdn.com\/kf\/HTB1VACqtuSSBuNjy0Flq6zBpVXav\/202114827\/HTB1VACqtuSSBuNjy0Flq6zBpVXav.jpg\" alt=\"Soporte plegable para port\u00e1til o tableta para viajar f\u00e1cilmente\" width=\"789\" height=\"593\" \/><\/center><\/p>\n<div>\n<p style=\"text-align: center;\"><strong>El paquete incluye:<\/strong><\/p>\n<ul>\n<li>1 x soporte para computadora port\u00e1til<\/li>\n<\/ul>\n<\/div>\n<p style=\"text-align: center;\"><img decoding=\"async\" class=\"aligncenter\" src=\"\/\/sc02.alicdn.com\/kf\/HTB1HnYzRXXXXXa3XVXXq6xXFXXXx\/202114827\/HTB1HnYzRXXXXXa3XVXXq6xXFXXXx.jpg\" alt=\"Soporte plegable para port\u00e1til o tableta para viajar f\u00e1cilmente\" width=\"787\" height=\"538\" \/><\/p>\n<p style=\"text-align: center;\">Adem\u00e1s, no olvides que te devolveremos el dinero si no quedas satisfecho con tu compra, as\u00ed que \u00a1haz tu pedido ahora!<\/p>\n<p><center><img decoding=\"async\" class=\"aligncenter\" style=\"font-family: arial , helvetica , sans-serif; margin: 0.0px; padding: 0.0px; border: 0.0px; font-style: inherit; font-weight: inherit; font-size: 0.0px; line-height: inherit; vertical-align: middle; color: transparent; width: 800.0px;\" src=\"\/\/ae01.alicdn.com\/kf\/HTB1E20RAeuSBuNjSsplq6ze8pXa6.jpg?width=800&amp;height=800&amp;hash=1600\" alt=\"Soporte plegable para port\u00e1til o tableta para viajar f\u00e1cilmente\" width=\"800\" height=\"800\" \/><\/center><center><a href=\"#addtocart\" class=\"button secondary is-secondary is-medium\" >\n\t\t<span>\u00a1COMPRAR AHORA!<\/span>\n\t<\/a>\n<\/center><\/p>\n<hr \/>\n<h2 class=\"qa-title\" style=\"text-align: center;\"><strong>PREGUNTAS Y RESPUESTAS SOBRE PRODUCTOS<\/strong><\/h2>\n<p style=\"text-align: center;\"><span class=\"qa-item-question\"><strong>\u00bfPuedo estar seguro de que los colores de las im\u00e1genes coinciden con los reales?<\/strong><\/span><br \/>\n<span class=\"qa-item-answer\">Las fotos de la <strong>Soporte plegable para port\u00e1til o tableta para viajar f\u00e1cilmente<\/strong> Los colores reales del producto coinciden. Sin embargo, dependiendo de la calibraci\u00f3n de la pantalla, su dispositivo podr\u00eda mostrar un tono ligeramente diferente.<\/span><\/p>\n<p><center><img decoding=\"async\" class=\"aligncenter\" style=\"margin: -15px 0px 0px; padding: 0px; border: 0px; font-style: inherit; font-weight: inherit; font-size: 0px; line-height: inherit; vertical-align: middle; color: transparent; width: 655px; height: 655px;\" src=\"\/\/sc01.alicdn.com\/kf\/HTB1tYDPRXXXXXXFXFXXq6xXFXXXt\/202114827\/HTB1tYDPRXXXXXXFXFXXq6xXFXXXt.jpg\" alt=\"Soporte plegable para port\u00e1til o tableta para viajar f\u00e1cilmente\" width=\"1000\" height=\"1000\" \/><\/center><\/p>\n<p style=\"text-align: center;\"><span class=\"qa-item-question\"><strong>\u00bfSus productos cumplen con los est\u00e1ndares de fabricaci\u00f3n?<\/strong><\/span><br \/>\n<span class=\"qa-item-answer\">No hay de qu\u00e9 preocuparse porque nuestro proveedor fabrica el <strong>Soporte plegable para port\u00e1til o tableta para viajar f\u00e1cilmente<\/strong> Cumpliendo con todos los est\u00e1ndares requeridos. As\u00ed que no te preocupes.<\/span><\/p>\n<p style=\"text-align: center;\"><span class=\"qa-item-question\"><strong>Me gusta tu <em>Soporte ligero y ajustable para port\u00e1til<\/em>!\u00bfCual es el precio?<\/strong><\/span><br \/>\n<span class=\"qa-item-answer\">El precio es <span class=\"ads-addon-price\" data-currency=\"USD\">$22.95<\/span>. As\u00ed que \u00a1disfruta de tu compra!<\/span><\/p>\n<p><center><img decoding=\"async\" class=\"aligncenter\" src=\"\/\/sc02.alicdn.com\/kf\/HTB1CobiRXXXXXb7apXXq6xXFXXXO\/202114827\/HTB1CobiRXXXXXb7apXXq6xXFXXXO.jpg\" alt=\"Soporte plegable para port\u00e1til o tableta para viajar f\u00e1cilmente\" width=\"750\" height=\"465\" \/><\/center><\/p>\n<p style=\"text-align: center;\"><span class=\"qa-item-question\"><strong>\u00bfTendr\u00e9 que pagar tarifas adicionales al comprar su <em>\u00bfSoporte plegable para port\u00e1til o tableta?<\/em><\/strong><\/span><br \/>\n<span class=\"qa-item-answer\">La secci\u00f3n de precio total de la p\u00e1gina de pago muestra todos los cargos aplicables. Despu\u00e9s de eso, no se requerir\u00e1n pagos adicionales. As\u00ed que no hay de qu\u00e9 preocuparse.<\/span><\/p>\n<p><center><img decoding=\"async\" class=\"aligncenter\" style=\"margin: 0px; padding: 0px; border: 0px; font-style: inherit; font-weight: inherit; font-size: 0px; line-height: inherit; vertical-align: middle; color: transparent; width: 799px; height: 940px;\" src=\"\/\/sc01.alicdn.com\/kf\/HTB1fXbFRXXXXXcUXFXXq6xXFXXXj\/202114827\/HTB1fXbFRXXXXXcUXFXXq6xXFXXXj.jpg\" alt=\"Soporte plegable para port\u00e1til o tableta para viajar f\u00e1cilmente\" width=\"750\" height=\"825\" \/><\/center><\/p>\n<p style=\"text-align: center;\"><span class=\"qa-item-question\"><strong>\u00bfQu\u00e9 dicen otros compradores sobre su Compact y <em>\u00bfMini soporte confiable para iPad, tabletas o computadoras port\u00e1tiles?<\/em><\/strong><\/span><br \/>\n<span class=\"qa-item-answer\">Hay muchos comentarios positivos sobre nuestra <strong>Soporte port\u00e1til para computadora port\u00e1til de aleaci\u00f3n de aluminio<\/strong> porque todos est\u00e1n contentos con la compra y la encuentran realmente genial, elogiando su relaci\u00f3n calidad-precio.\u00a0<\/span><\/p>\n<p style=\"text-align: center;\"><img decoding=\"async\" class=\"aligncenter\" src=\"\/\/sc02.alicdn.com\/kf\/HTB1n_byRXXXXXccXVXXq6xXFXXXM\/202114827\/HTB1n_byRXXXXXccXVXXq6xXFXXXM.jpg\" alt=\"Soporte plegable para port\u00e1til o tableta para viajar f\u00e1cilmente\" width=\"800\" height=\"800\" \/><\/p>\n<p style=\"text-align: center;\"><span class=\"qa-item-question\"><strong>Espero que permitas a tus clientes dejar rese\u00f1as de tus productos.<\/strong><\/span><br \/>\n<span class=\"qa-item-answer\">Respetamos las opiniones de nuestros clientes. Por lo tanto, no dudes en compartir tu experiencia para ayudarnos a mejorar. No te preocupes.<\/span><\/p>\n<p><center><img decoding=\"async\" class=\"aligncenter\" style=\"font-family: arial , helvetica , sans-serif; margin: 0.0px; padding: 0.0px; border: 0.0px; font-style: inherit; font-weight: inherit; font-size: 0.0px; line-height: inherit; vertical-align: middle; color: transparent; width: 800.0px;\" src=\"\/\/ae01.alicdn.com\/kf\/HTB1uXXGAf9TBuNjy0Fcq6zeiFXam.jpg?width=800&amp;height=800&amp;hash=1600\" alt=\"Soporte plegable para port\u00e1til o tableta para viajar f\u00e1cilmente\" width=\"800\" height=\"800\" \/><\/center><center><a href=\"#addtocart\" class=\"button secondary is-secondary is-medium\" >\n\t\t<span>\u00a1COMPRAR AHORA!<\/span>\n\t<\/a>\n<\/center><\/p>\n<hr \/>\n<h2 class=\"qa-title\" style=\"text-align: center;\"><strong>POL\u00cdTICAS DE PEDIDOS Y TIENDA<\/strong><\/h2>\n<p style=\"text-align: center;\"><span class=\"qa-item-question\"><strong>Quiero comprar m\u00e1s de una unidad de este art\u00edculo. \u00bfLlegar\u00e1n todas juntas?<\/strong><\/span><br \/>\n<span class=\"qa-item-answer\">Cuando pides varias unidades del mismo art\u00edculo, siempre vienen juntas, pero normalmente las empaquetamos por separado.<\/span><\/p>\n<p style=\"text-align: center;\"><img decoding=\"async\" class=\"aligncenter\" src=\"\/\/sc01.alicdn.com\/kf\/HTB1ZejBRXXXXXavXVXXq6xXFXXX5\/202114827\/HTB1ZejBRXXXXXavXVXXq6xXFXXX5.jpg\" alt=\"Soporte plegable para port\u00e1til o tableta para viajar f\u00e1cilmente\" width=\"750\" height=\"821\" \/><\/p>\n<p style=\"text-align: center;\"><span class=\"qa-item-question\"><strong>\u00bfC\u00f3mo se asegura de que no le pase nada al... <em>Soporte resistente y compacto para tableta o port\u00e1til<\/em> \u00bfdurante el env\u00edo?<\/strong><\/span><br \/>\n<span class=\"qa-item-answer\">Empaquetamos correctamente todos los pedidos para evitar que tus compras sufran da\u00f1os durante el transporte, para que no tengas que preocuparte.<\/span><\/p>\n<p><center><img decoding=\"async\" class=\"aligncenter\" style=\"font-family: arial , helvetica , sans-serif; margin: 0.0px; padding: 0.0px; border: 0.0px; font-style: inherit; font-weight: inherit; font-size: 0.0px; line-height: inherit; vertical-align: middle; color: transparent; width: 800.0px;\" src=\"\/\/ae01.alicdn.com\/kf\/HTB1_FXGAf9TBuNjy0Fcq6zeiFXa2.jpg?width=679&amp;height=679&amp;hash=1358\" alt=\"Soporte plegable para port\u00e1til o tableta para viajar f\u00e1cilmente\" width=\"679\" height=\"679\" \/><\/center><\/p>\n<p style=\"text-align: center;\"><span class=\"qa-item-question\"><strong>\u00bfPuedo recibir mi pedido m\u00e1s r\u00e1pido si uso un m\u00e9todo de pago espec\u00edfico?<\/strong><\/span><br \/>\n<span class=\"qa-item-answer\">Siempre nos esforzamos por procesar tu pedido lo m\u00e1s r\u00e1pido posible. Puedes elegir la opci\u00f3n de pago que prefieras, pero esto no afectar\u00e1 el tiempo de entrega. \u00a1Elige la que m\u00e1s te convenga!<\/span><\/p>\n<p style=\"text-align: center;\"><img decoding=\"async\" class=\"aligncenter\" src=\"\/\/sc01.alicdn.com\/kf\/HTB1n_ngRXXXXXb_apXXq6xXFXXXf\/202114827\/HTB1n_ngRXXXXXb_apXXq6xXFXXXf.jpg\" alt=\"Soporte plegable para port\u00e1til o tableta para viajar f\u00e1cilmente\" width=\"867\" height=\"599\" \/><\/p>\n<p style=\"text-align: center;\"><span class=\"qa-item-question\"><strong>Quiero hacer un pedido, pero \u00bfcu\u00e1ntos de estos hay en stock?<\/strong><\/span><br \/>\n<span class=\"qa-item-answer\">Cada d\u00eda, la cantidad de estos productos en stock cambia debido a la actividad tanto de los compradores como de los fabricantes. Por lo tanto, no hay nada de qu\u00e9 preocuparse: si no hay un cartel de &quot;Agotado&quot; en esta p\u00e1gina del producto, entonces el <strong>Soporte ligero y ajustable para port\u00e1til<\/strong> Se puede comprar de forma segura.<\/span><\/p>\n<p><center><img decoding=\"async\" class=\"aligncenter\" style=\"font-family: arial, helvetica, sans-serif; margin: 0px; padding: 0px; border: 0px; font-style: inherit; font-weight: inherit; font-size: 0px; line-height: inherit; vertical-align: middle; color: transparent; width: 799px;\" src=\"\/\/ae01.alicdn.com\/kf\/HTB1xwuqAhSYBuNjSspjq6x73VXas.jpg?width=1024&amp;height=1024&amp;hash=2048\" alt=\"Soporte plegable para port\u00e1til o tableta para viajar f\u00e1cilmente\" width=\"1024\" height=\"799\" \/><\/center><\/p>\n<p style=\"text-align: center;\"><span class=\"qa-item-question\"><strong>\u00bfEs un trato seguro?<\/strong><\/span><br \/>\n<span class=\"qa-item-answer\">Valoramos nuestra reputaci\u00f3n y queremos que cada uno de nuestros clientes disfrute. \u00a1Lea las rese\u00f1as de nuestros clientes para comprobar que obtuvieron lo que esperaban! \u00a1No se preocupe!<\/span><\/p>\n<p><img decoding=\"async\" class=\"aligncenter\" src=\"\/\/sc01.alicdn.com\/kf\/HTB10pDhRXXXXXbVapXXq6xXFXXXr\/202114827\/HTB10pDhRXXXXXbVapXXq6xXFXXXr.jpg\" alt=\"Soporte plegable para port\u00e1til o tableta para viajar f\u00e1cilmente\" width=\"790\" height=\"757\" \/><\/p>\n<p style=\"text-align: center;\"><span class=\"qa-item-question\"><strong>\u00bfEst\u00e1s vendiendo esto legalmente?<\/strong><\/span><br \/>\n<span class=\"qa-item-answer\">Todos nuestros productos, incluido el soporte plegable para port\u00e1til o tableta para viajes f\u00e1ciles, se distribuyen legalmente. As\u00ed que, en otras palabras, no tiene por qu\u00e9 preocuparse.<\/span><\/p>\n<\/div>\n<p><iframe style=\"display: none;\" src=\"about:blank\"><\/iframe><\/p>\n<p><iframe style=\"display: none;\" src=\"about:blank\"><\/iframe><\/p>","protected":false},"excerpt":{"rendered":"<p>Ahora puedes trabajar m\u00e1s c\u00f3modamente dondequiera que vayas con este <strong>\u00a1Soporte plegable para computadora port\u00e1til o tableta para viajar f\u00e1cilmente!\u00a0<\/strong>\u00a1Cons\u00edguelo ahora!<\/p>\n<p><iframe style=\"display: none;\" src=\"about:blank\"><\/iframe><\/p>\n<p><iframe style=\"display: none;\" src=\"about:blank\"><\/iframe><\/p>","protected":false},"featured_media":449,"comment_status":"open","ping_status":"closed","template":"","meta":{"slim_seo":{"title":"Soporte plegable para port\u00e1til o tableta para viajar f\u00e1cilmente","description":"\u00a1Compra un soporte plegable para port\u00e1til o tableta para viajar f\u00e1cilmente en startmeabiz.com! Env\u00edo gratuito a 185 pa\u00edses. Garant\u00eda de devoluci\u00f3n de dinero de 45 d\u00edas."}},"product_brand":[],"product_cat":[28,48,35],"product_tag":[461,462,460,81,79,82,80],"class_list":{"0":"post-446","1":"product","2":"type-product","3":"status-publish","4":"has-post-thumbnail","6":"product_cat-new-arrivals","7":"product_cat-laptop-stands","8":"product_cat-tablet-stands","9":"product_tag-compact-stand","10":"product_tag-computer-stand","11":"product_tag-foldable-stand","12":"product_tag-laptop-accessories","13":"product_tag-laptop-stands","14":"product_tag-tablet-accessories","15":"product_tag-tablet-stands","16":"tm-has-styled-variations","17":"tm-variations-only","19":"first","20":"instock","21":"sale","22":"taxable","23":"shipping-taxable","24":"purchasable","25":"product-type-variable"},"_links":{"self":[{"href":"https:\/\/startmeabiz.com\/es\/wp-json\/wp\/v2\/product\/446","targetHints":{"allow":["GET"]}}],"collection":[{"href":"https:\/\/startmeabiz.com\/es\/wp-json\/wp\/v2\/product"}],"about":[{"href":"https:\/\/startmeabiz.com\/es\/wp-json\/wp\/v2\/types\/product"}],"replies":[{"embeddable":true,"href":"https:\/\/startmeabiz.com\/es\/wp-json\/wp\/v2\/comments?post=446"}],"wp:featuredmedia":[{"embeddable":true,"href":"https:\/\/startmeabiz.com\/es\/wp-json\/wp\/v2\/media\/449"}],"wp:attachment":[{"href":"https:\/\/startmeabiz.com\/es\/wp-json\/wp\/v2\/media?parent=446"}],"wp:term":[{"taxonomy":"product_brand","embeddable":true,"href":"https:\/\/startmeabiz.com\/es\/wp-json\/wp\/v2\/product_brand?post=446"},{"taxonomy":"product_cat","embeddable":true,"href":"https:\/\/startmeabiz.com\/es\/wp-json\/wp\/v2\/product_cat?post=446"},{"taxonomy":"product_tag","embeddable":true,"href":"https:\/\/startmeabiz.com\/es\/wp-json\/wp\/v2\/product_tag?post=446"}],"curies":[{"name":"wp","href":"https:\/\/api.w.org\/{rel}","templated":true}]}}