{"id":394,"date":"2022-07-05T16:00:28","date_gmt":"2022-07-05T21:00:28","guid":{"rendered":"https:\/\/startmeabiz.com\/product\/bluetooth-laser-keyboard-wireless-virtual-projection-keyboard-portable-for-iphone-android-smart-phone-ipad-tablet-pc-notebook\/"},"modified":"2025-12-03T04:22:40","modified_gmt":"2025-12-03T10:22:40","slug":"teclado-laser-bluetooth","status":"publish","type":"product","link":"https:\/\/startmeabiz.com\/es\/product\/teclado-laser-bluetooth\/","title":{"rendered":"Teclado l\u00e1ser Bluetooth"},"content":{"rendered":"<h1 style=\"text-align: center;\"><strong>ES HORA DE AHORRAR 50% EN <em>TECLADO DE PROYECCI\u00d3N L\u00c1SER PORT\u00c1TIL<\/em>\u00a0<\/strong><\/h1>\n<p style=\"text-align: center;\">El tiempo de venta significa tiempo de ahorro. <strong>Consigue el teclado de proyecci\u00f3n l\u00e1ser port\u00e1til<\/strong> Lo que buscabas con un descuento 50% para ahorrar much\u00edsimo. Compra con confianza en nuestra tienda al precio m\u00e1s bajo y la mayor satisfacci\u00f3n.<\/p>\n<p style=\"text-align: center;\">Adem\u00e1s, podemos entregar todos nuestros productos, incluidos los <strong>Teclado de proyecci\u00f3n virtual Bluetooth<\/strong>, a cualquier pa\u00eds, y si hay algo que no le gusta de su pedido, no dude en solicitar un reembolso y disfrutar de nuestra pol\u00edtica de devoluci\u00f3n favorable para el comprador.<\/p>\n<p style=\"text-align: center;\">Sin embargo, antes de realizar el pedido, aseg\u00farese de haber elegido el correcto.<\/p>\n<p><span style=\"font-size: 18px;\"><img decoding=\"async\" class=\"aligncenter\" src=\"\/\/ae01.alicdn.com\/kf\/HTB1SJ3OQ4TpK1RjSZFMq6zG_VXaD.jpg\" width=\"801\" height=\"801\" \/><\/span><\/p>\n<p style=\"text-align: center;\"><a href=\"#addtocart\" class=\"button primary is-primary is-medium\" >\n\t\t<span>\u00a1PIDE EL TUYO!<\/span>\n\t<\/a>\n\n<hr \/>\n<h2 style=\"text-align: center;\"><strong><em>Teclado de proyecci\u00f3n l\u00e1ser<\/em> Detalles:<\/strong><\/h2>\n<p><u><strong>Especificaci\u00f3n:<\/strong><\/u><br \/>\n1. Dise\u00f1o de teclado del proyector de patrones Paso aproximado: 19 mm Fuente de luz: l\u00e1ser rojo<br \/>\n2. Tama\u00f1o del teclado (rat\u00f3n): Aprox. Ancho: 240 mm, Alto: 100 mm<br \/>\n3. Ubicaci\u00f3n del teclado (rat\u00f3n): aprox. 80 mm desde la parte inferior del dispositivo<br \/>\n4. Superficie del proyecto: Superficie plana opaca y no reflectante.<br \/>\n5. Velocidad de reconocimiento: Aprox. hasta 350 caracteres por minuto<br \/>\n6. Superficie de operaci\u00f3n: Cualquier superficie plana y firme.<br \/>\n7. Fuente de alimentaci\u00f3n externa: Alimentaci\u00f3n USB \/ menos de 5 V 500 mA<br \/>\n8. Bater\u00eda y capacidad: Bater\u00eda de pol\u00edmero de iones de litio, 700 mAh (MA X) a 3,7 V<br \/>\n9. Tiempo de funcionamiento de la bater\u00eda: Aprox. 150 min<br \/>\n10. Tiempo de carga de la bater\u00eda: Aprox. 90 min<br \/>\n11. Bluetooth (bm20730): V3.0, perfil HID versi\u00f3n 1.0<br \/>\n12. Rango de frecuencia: 2402-2480 MHz<br \/>\n13 Canal: 79<br \/>\n14. Tama\u00f1o del producto (mm): 78 mm x 40 mm x 20 mm<br \/>\n15. Peso del producto (g): 60 g<\/p>\n<p style=\"text-align: center;\"><u><strong>El paquete incluye:<\/strong><\/u><\/p>\n<ul>\n<li style=\"text-align: left;\">1 x Teclado de proyecci\u00f3n l\u00e1ser.<\/li>\n<li style=\"text-align: left;\">1 cable USB y manual de usuario.<span style=\"font-size: 18px;\"><img decoding=\"async\" class=\"aligncenter\" src=\"https:\/\/startmeabiz.com\/wp-content\/uploads\/2022\/07\/394-649ca6.jpeg\" width=\"801\" height=\"601\" \/><\/span><\/li>\n<\/ul>\n<p style=\"text-align: center;\"><a href=\"#addtocart\" class=\"button primary is-primary is-medium\" >\n\t\t<span>\u00a1PIDE EL TUYO!<\/span>\n\t<\/a>\n\n<hr \/>\n<h2 class=\"qa-title\" style=\"text-align: center;\"><strong>PREGUNTAS Y RESPUESTAS SOBRE PRODUCTOS<\/strong><\/h2>\n<p style=\"text-align: center;\"><span class=\"qa-item-question\"><strong>\u00bfLos colores en las im\u00e1genes difieren de los reales?<\/strong><\/span><br \/>\n<span class=\"qa-item-answer\">Los colores en las im\u00e1genes de nuestros<strong> Teclado port\u00e1til de proyecci\u00f3n l\u00e1ser<\/strong> Son reales. Algunos dispositivos podr\u00edan cambiar ligeramente de color. Por lo tanto, aseg\u00farate de que el tuyo muestre la imagen real.<\/span><\/p>\n<p style=\"text-align: center;\"><span class=\"qa-item-question\"><strong>\u00bfSus productos cumplen con los est\u00e1ndares de fabricaci\u00f3n?<\/strong><\/span><br \/>\n<span class=\"qa-item-answer\">Seguramente no hay nada de qu\u00e9 preocuparse porque nuestro proveedor fabrica el <strong>Teclado port\u00e1til de proyecci\u00f3n l\u00e1ser<\/strong> Cumple con todos los est\u00e1ndares requeridos. As\u00ed que no hay de qu\u00e9 preocuparse.<\/span><\/p>\n<p><span style=\"font-size: 18px;\"><img decoding=\"async\" class=\"aligncenter\" src=\"\/\/ae01.alicdn.com\/kf\/HTB1a0cGQ3TqK1RjSZPhq6xfOFXaD.jpg\" width=\"800\" height=\"800\" \/><\/span><\/p>\n<p style=\"text-align: center;\"><span class=\"qa-item-question\"><strong>Tengo dudas de si esto es asequible.<\/strong><\/span><br \/>\n<span class=\"qa-item-answer\">Seg\u00fan nuestra investigaci\u00f3n, <span class=\"ads-addon-price\" data-currency=\"USD\">$49.95<\/span> No es un precio muy alto para un producto como este. Adem\u00e1s, muchos de nuestros competidores piden precios m\u00e1s altos. \u00a1Por eso te ofrecemos la mejor oferta!<\/span><\/p>\n<p style=\"text-align: center;\"><span class=\"qa-item-question\"><strong>Cuesta solo <span class=\"ads-addon-price\" data-currency=\"USD\">$49.95<\/span>. \u00bfCu\u00e1l es el truco?<\/strong><\/span><br \/>\n<span class=\"qa-item-answer\">Nos esforzamos al m\u00e1ximo para reducir los costos de almacenamiento, transporte, etc. Por eso, \u00a1tenemos la oportunidad de ofrecerle el mejor precio! \u00a1Sin trampa!<\/span><\/p>\n<p style=\"text-align: center;\"><span class=\"qa-item-question\"><strong>\u00bfPuedo obtener un reembolso si no encuentro el producto?<em> Teclado port\u00e1til de proyecci\u00f3n l\u00e1ser<\/em> \u00bfadecuado?<\/strong><\/span><br \/>\n<span class=\"qa-item-answer\">Por favor, h\u00e1ganos saber si hay alg\u00fan problema con el pedido que no le satisface. Despu\u00e9s, \u00a1lo resolveremos juntos! Adem\u00e1s, si no le ayuda, le devolveremos su dinero. \u00a1As\u00ed que lo tenemos cubierto!<\/span><\/p>\n<p><span style=\"font-size: 18px;\"><img decoding=\"async\" class=\"aligncenter\" src=\"\/\/ae01.alicdn.com\/kf\/HTB1.KoOQ4TpK1RjSZFMq6zG_VXax.jpg\" width=\"800\" height=\"800\" \/><\/span><\/p>\n<hr \/>\n<h2 style=\"text-align: center;\"><strong><span style=\"color: #666666; font-size: 1.25rem;\">POL\u00cdTICAS DE PEDIDOS Y TIENDA<\/span><\/strong><\/h2>\n<p style=\"text-align: center;\"><span class=\"qa-item-question\"><strong>\u00bfPuedes asegurarme que mi <em>Teclado port\u00e1til de proyecci\u00f3n l\u00e1ser<\/em> \u00bfLlegar\u00e1 sano y salvo?<\/strong><\/span><br \/>\n<span class=\"qa-item-answer\">En primer lugar, seguimos una estricta pol\u00edtica de crear paquetes duraderos y seguros que evitan que los art\u00edculos que ha pedido se da\u00f1en. Por lo tanto, puede estar seguro de que su pedido llegar\u00e1 en perfecto estado a su destino.<\/span><\/p>\n<p style=\"text-align: center;\"><span class=\"qa-item-question\"><strong>\u00bfNo puedo simplemente comprar el?<em> Teclado de proyecci\u00f3n virtual Bluetooth<\/em> \u00bfdesconectado?<\/strong><\/span><br \/>\n<span class=\"qa-item-answer\">Generalmente, las tiendas f\u00edsicas ofrecen una gama de productos m\u00e1s limitada. Adem\u00e1s, suelen fijar precios mucho m\u00e1s altos debido a los numerosos gastos comerciales adicionales.<\/span><\/p>\n<p><span style=\"font-size: 18px;\"><img decoding=\"async\" class=\"aligncenter\" src=\"\/\/ae01.alicdn.com\/kf\/HTB1GtcMQ8LoK1RjSZFuq6xn0XXaK.jpg\" width=\"801\" height=\"801\" \/><\/span><\/p>\n<p style=\"text-align: center;\"><strong>\u00bfEs un trato seguro?<\/strong><br \/>\nValoramos nuestra reputaci\u00f3n y queremos que cada uno de nuestros clientes disfrute. Adem\u00e1s, consulte las opiniones de nuestros clientes. As\u00ed podr\u00e1 comprobar que obtuvieron lo que esperaban. \u00a1No se preocupe!<\/p>\n<p style=\"text-align: center;\"><span class=\"qa-item-question\"><strong>\u00bfEs todo legal la venta de estos productos?<\/strong><\/span><br \/>\n<span class=\"qa-item-answer\">No hay necesidad de preocuparse por cuestiones legales, ya que cumplimos con todos los requisitos oficiales. \u00a1As\u00ed que no se preocupe!<\/span><\/p>\n<p><span style=\"font-size: 18px;\"><img decoding=\"async\" class=\"aligncenter\" src=\"\/\/ae01.alicdn.com\/kf\/HTB18OQQQ7zoK1RjSZFlq6yi4VXaj.jpg\" width=\"800\" height=\"800\" \/><\/span><\/p>\n<p style=\"text-align: center;\"><a href=\"#addtocart\" class=\"button primary is-primary is-medium\" >\n\t\t<span>\u00a1PIDE EL TUYO!<\/span>\n\t<\/a>\n\n<hr \/>\n<p><a href=\"https:\/\/refuseyoulose.com\/product-category\/deals-for-men\/sportswear-for-men\/\"><img decoding=\"async\" class=\"wp-image-189523 aligncenter\" src=\"https:\/\/refuseyoulose.com\/wp-content\/uploads\/2019\/06\/Long-Sleeve-Spider-Man-Workout-Shirt-size-SmallMediumLargeXL2XL3XL-Refuse-You-Lose-1.png\" alt=\"\" width=\"800\" height=\"450\" \/><\/a><\/p>\n<hr \/>\n<div style=\"clear: both;\">\n<p><a href=\"https:\/\/drkillpain.com\/product-category\/protection-against-covid-19\/face-masks-face-shields\/face-masks\/jackets-with-face-mask\/\"><img decoding=\"async\" class=\"wp-image-189522 aligncenter\" src=\"https:\/\/refuseyoulose.com\/wp-content\/uploads\/2019\/06\/Long-Sleeve-Spider-Man-Workout-Shirt-size-SmallMediumLargeXL2XL3XL-Refuse-You-Lose.png\" alt=\"\" width=\"800\" height=\"450\" \/><\/a><\/p>\n<\/div>","protected":false},"excerpt":{"rendered":"<p><strong>\u00a1Este teclado l\u00e1ser Bluetooth es la mejor y m\u00e1s futurista forma de escribir en tabletas y smartphones! \u00a1Cons\u00edguelo y descubre de qu\u00e9 hablamos!<\/strong><\/p>","protected":false},"featured_media":6787,"comment_status":"open","ping_status":"closed","template":"","meta":{"slim_seo":{"title":"Teclado l\u00e1ser Bluetooth","description":"\u00a1Compra tu teclado l\u00e1ser Bluetooth en startmeabiz.com! Env\u00edo gratuito a 185 pa\u00edses. Garant\u00eda de devoluci\u00f3n de dinero de 45 d\u00edas. Teclado con proyecci\u00f3n l\u00e1ser."}},"product_brand":[],"product_cat":[28,50],"product_tag":[623,622,625,624,626,627,628],"class_list":{"0":"post-394","1":"product","2":"type-product","3":"status-publish","4":"has-post-thumbnail","6":"product_cat-new-arrivals","7":"product_cat-keyboards","8":"product_tag-bluetooth-keyboards","9":"product_tag-keyboards","10":"product_tag-laser-bluetooth-keyboards","11":"product_tag-laser-keyboards","12":"product_tag-portable-keyboards","13":"product_tag-portable-laser-keyboards","14":"product_tag-portable-laser-projection-keyboards","15":"tm-no-options","17":"first","18":"instock","19":"sale","20":"taxable","21":"shipping-taxable","22":"purchasable","23":"product-type-simple"},"_links":{"self":[{"href":"https:\/\/startmeabiz.com\/es\/wp-json\/wp\/v2\/product\/394","targetHints":{"allow":["GET"]}}],"collection":[{"href":"https:\/\/startmeabiz.com\/es\/wp-json\/wp\/v2\/product"}],"about":[{"href":"https:\/\/startmeabiz.com\/es\/wp-json\/wp\/v2\/types\/product"}],"replies":[{"embeddable":true,"href":"https:\/\/startmeabiz.com\/es\/wp-json\/wp\/v2\/comments?post=394"}],"wp:featuredmedia":[{"embeddable":true,"href":"https:\/\/startmeabiz.com\/es\/wp-json\/wp\/v2\/media\/6787"}],"wp:attachment":[{"href":"https:\/\/startmeabiz.com\/es\/wp-json\/wp\/v2\/media?parent=394"}],"wp:term":[{"taxonomy":"product_brand","embeddable":true,"href":"https:\/\/startmeabiz.com\/es\/wp-json\/wp\/v2\/product_brand?post=394"},{"taxonomy":"product_cat","embeddable":true,"href":"https:\/\/startmeabiz.com\/es\/wp-json\/wp\/v2\/product_cat?post=394"},{"taxonomy":"product_tag","embeddable":true,"href":"https:\/\/startmeabiz.com\/es\/wp-json\/wp\/v2\/product_tag?post=394"}],"curies":[{"name":"wp","href":"https:\/\/api.w.org\/{rel}","templated":true}]}}