{"id":385,"date":"2023-02-21T17:26:57","date_gmt":"2023-02-21T23:26:57","guid":{"rendered":"https:\/\/startmeabiz.com\/product\/lingchen-foldable-laptop-stand-holder-for-macbook-notebook-aluminium-alloy-adjustable-tablets-stand-bracket-holder-for-ipad-pc\/"},"modified":"2025-12-03T03:15:53","modified_gmt":"2025-12-03T09:15:53","slug":"soporte-ajustable-para-tableta-o-portatil-para-propietarios-de-negocios","status":"publish","type":"product","link":"https:\/\/startmeabiz.com\/es\/product\/soporte-ajustable-para-tableta-o-portatil-para-propietarios-de-negocios\/","title":{"rendered":"Soporte ajustable para tableta o port\u00e1til para propietarios de negocios"},"content":{"rendered":"<div style=\"text-align: center;\">\n<h2 style=\"text-align: center;\">COMPRAR UNO <em><strong>SOPORTE AJUSTABLE PARA PORT\u00c1TIL PARA EMPRESAS<\/strong><\/em> PROPIETARIOS Y AHORROS <span class=\"ads-addon-you_save\" data-currency=\"USD\">$30.95<\/span>!<\/h2>\n<p>Conseguir el<strong> Soporte ajustable para port\u00e1til para propietarios de empresas<\/strong> que desea a un precio que est\u00e1 dispuesto a pagar: le ofrecemos nuestra selecci\u00f3n de art\u00edculos nuevos por solo <span class=\"ads-addon-price\" data-currency=\"USD\">$29.95<\/span>, d\u00e1ndote <span style=\"color: #e03e2d;\"><strong>50% <\/strong><span style=\"color: #000000;\">de descuento sobre el precio minorista regular<\/span><\/span>!<\/p>\n<p>Visite nuestra tienda hoy para encontrar una selecci\u00f3n especializada de dise\u00f1os y tendencias de primer nivel, todo con un descuento por tiempo limitado.<\/p>\n<p><img decoding=\"async\" class=\"aligncenter\" style=\"margin-bottom: 10px;\" src=\"\/\/ae01.alicdn.com\/kf\/Hedccc9c190de42e9ad510928aaf412b58.jpg\" width=\"800\" height=\"1515\" \/><\/p>\n<a href=\"#addtocart\" class=\"button secondary is-secondary is-medium\" >\n\t\t<span>\u00a1CONSIGUELO AHORA!<\/span>\n\t<\/a>\n\n<hr \/>\n<h2><strong><em>SOPORTE PARA PORT\u00c1TIL AJUSTABLE PARA DUE\u00d1OS DE EMPRESAS<\/em> CARACTER\u00cdSTICAS<\/strong><\/h2>\n<ul>\n<li style=\"text-align: left;\"><strong>Material:<\/strong> Metal<\/li>\n<li style=\"text-align: left;\"><strong>Marca:<\/strong> Empieza un negocio<\/li>\n<li style=\"text-align: left;\"><strong>Tipo: <\/strong>Soporte para port\u00e1til<\/li>\n<\/ul>\n<p>Parece una oferta excepcional, pero no durar\u00e1 para siempre. Por lo tanto, <span style=\"color: #2dc26b;\"><strong><span class=\"ads-addon-add-to-cart\">A\u00d1ADIR A LA CESTA<\/span><\/strong><\/span> su <strong>Soporte ajustable para iPad para propietarios de empresas<\/strong> \u00a1Aprovecha la oferta ahora mismo y antes de que sea demasiado tarde!<\/p>\n<p><img decoding=\"async\" class=\"aligncenter\" style=\"margin-bottom: 10px;\" src=\"\/\/ae01.alicdn.com\/kf\/H23b6ae0360f9453fb68a4376297830ffU.jpg\" width=\"799\" height=\"1347\" \/><\/p>\n<a href=\"#addtocart\" class=\"button secondary is-secondary is-medium\" >\n\t\t<span>\u00a1CONSIGUELO AHORA!<\/span>\n\t<\/a>\n\n<hr \/>\n<h2 class=\"qa-title\"><strong>PREGUNTAS Y RESPUESTAS SOBRE PRODUCTOS<\/strong><\/h2>\n<p><span class=\"qa-item-question\"><strong>\u00bfPor qu\u00e9 puedo considerar tu? <em>Soporte para tableta o port\u00e1til para el trabajo<\/em> \u00bfOn The Go mucho mejor que lo que venden otras tiendas?<\/strong><\/span><br \/>\n<span class=\"qa-item-answer\">Es una buena opci\u00f3n si buscas una buena relaci\u00f3n calidad-precio porque vigilamos el mercado y lo que tienen otras tiendas web, y sabemos que ofrecemos un precio atractivo. <strong>Soporte ajustable para computadora port\u00e1til para propietarios de negocios.<\/strong><\/span><\/p>\n<p><span class=\"qa-item-question\"><strong>\u00bfPuedo esperar que el color de la imagen coincida con el color del producto real?<\/strong><\/span><br \/>\n<span class=\"qa-item-answer\">Los colores de la<strong> Soporte ajustable para port\u00e1til para propietarios de empresas<\/strong> Las im\u00e1genes son id\u00e9nticas a las reales. Aseg\u00farate de que la configuraci\u00f3n de tu pantalla permita que tu dispositivo muestre los colores correctamente.<\/span><\/p>\n<p><img decoding=\"async\" class=\"aligncenter\" style=\"margin-bottom: 10px;\" src=\"\/\/ae01.alicdn.com\/kf\/Hbec550beda3849a39d7bf458a7332626I.jpg\" width=\"800\" height=\"1407\" \/><\/p>\n<p><span class=\"qa-item-question\"><strong>\u00bfPor qu\u00e9 solo cuesta? <span class=\"ads-addon-price\" data-currency=\"USD\">$29.95<\/span> \u00bfSi es tan bueno?<\/strong><\/span><br \/>\n<span class=\"qa-item-answer\">Nuestra tienda trabaja directamente con el fabricante. Por lo tanto, ahorramos en intermediarios.<\/span><\/p>\n<p><span class=\"qa-item-question\"><strong>No estoy seguro de poder permit\u00edrmelo. \u00bfAlguna idea?<\/strong><\/span><br \/>\n<span class=\"qa-item-answer\">Teniendo en cuenta los precios en otras tiendas online y offline, es una buena oferta, por lo que es poco probable que encuentres una mejor.<\/span><\/p>\n<p><img decoding=\"async\" class=\"aligncenter\" style=\"margin-bottom: 10px;\" src=\"\/\/ae01.alicdn.com\/kf\/H94afa208765f41238b03aec2b6fe6f6cQ.jpg\" width=\"800\" height=\"1484\" \/><\/p>\n<p><span class=\"qa-item-question\"><strong>\u00bfQu\u00e9 es lo mejor de tu? <em>Soporte ajustable para port\u00e1til para propietarios de empresas<\/em> \u00bfDesde la perspectiva de los compradores anteriores?<\/strong><\/span><br \/>\n<span class=\"qa-item-answer\">La mayor\u00eda de nuestros clientes quedaron satisfechos con su compra. Adem\u00e1s, destacaron la excelente calidad y el precio asequible como las ventajas m\u00e1s destacadas del producto.<\/span><\/p>\n<p><span class=\"qa-item-question\"><strong><img decoding=\"async\" class=\"aligncenter\" style=\"margin-bottom: 10px;\" src=\"\/\/ae01.alicdn.com\/kf\/H25a1c892a85c4632a0ab70db962c18059.jpg\" width=\"801\" height=\"1455\" \/>Siempre comparto mi experiencia en mi blog cuando compro algo en una tienda online. \u00bfEst\u00e1n bien sus productos?<\/strong><\/span><br \/>\n<span class=\"qa-item-answer\">Estaremos encantados si muestras nuestros productos a tus amigos, as\u00ed que \u00a1no dudes en hacerlo!<\/span><\/p>\n<p><img decoding=\"async\" class=\"aligncenter\" style=\"margin-bottom: 10px;\" src=\"\/\/ae01.alicdn.com\/kf\/H59d8acd8d9304571886391a3767d141ea.jpg\" width=\"800\" height=\"1372\" \/><\/p>\n<hr \/>\n<h2 class=\"qa-title\"><strong>POL\u00cdTICAS DE PEDIDOS Y TIENDA<\/strong><\/h2>\n<p><span class=\"qa-item-question\"><strong>\u00bfTengo que usar mi direcci\u00f3n de residencia? \u00bfO puedo enviar mi pedido a otra direcci\u00f3n?<\/strong><\/span><br \/>\n<span class=\"qa-item-answer\">El paquete se env\u00eda a la direcci\u00f3n que elijas. As\u00ed, puedes enviarlo con seguridad a otra persona.<\/span><\/p>\n<p><span class=\"qa-item-question\"><strong>\u00bfEs posible a\u00f1adir varios art\u00edculos al carrito?<\/strong><\/span><br \/>\n<span class=\"qa-item-answer\">No hay limitaciones en la cantidad de art\u00edculos que desea pedir, as\u00ed que siga adelante y compre tantos como desee.<\/span><\/p>\n<p><img decoding=\"async\" class=\"aligncenter\" style=\"margin-bottom: 10px;\" src=\"\/\/ae01.alicdn.com\/kf\/Hea590efeca2741ec852ea9907aba9e4e8.jpg\" width=\"800\" height=\"1459\" \/><\/p>\n<p><span class=\"qa-item-question\"><strong>Comet\u00ed un error y necesito corregirlo. \u00bfC\u00f3mo puedo cambiar mi pedido?<\/strong><\/span><br \/>\n<span class=\"qa-item-answer\">Lo mejor ser\u00eda informar a nuestro equipo de soporte sobre el problema de cambiar o cancelar su pedido.<\/span><\/p>\n<h4><span class=\"qa-item-question\"><strong>\u00bfCu\u00e1ntos de estos est\u00e1n disponibles para comprar?<\/strong><\/span><br \/>\n<span class=\"qa-item-answer\">Si quieres comprar hoy, \u00a1hay suficientes art\u00edculos disponibles! Sin embargo, se espera que en los pr\u00f3ximos 2 a 4 d\u00edas se agoten las existencias, as\u00ed que te recomendamos hacer tu pedido lo antes posible.<\/span><\/h4>\n<p><img decoding=\"async\" class=\"aligncenter\" style=\"margin-bottom: 10px;\" src=\"\/\/ae01.alicdn.com\/kf\/H2536f4ab0b274838b7595156ca1789e2k.jpg\" width=\"800\" height=\"1445\" \/><\/p>\n<p><span class=\"qa-item-question\"><strong>\u00bfPor qu\u00e9 comprar en tu tienda?<\/strong><\/span><br \/>\n<span class=\"qa-item-answer\">Nuestra principal prioridad es construir relaciones amistosas con nuestros clientes. Nos esforzamos al m\u00e1ximo para que nuestro negocio sea mutuamente beneficioso tanto para nosotros como para nuestros clientes. Por eso siempre ofrecemos productos de calidad y precios justos.<\/span><\/p>\n<p><img decoding=\"async\" class=\"aligncenter\" style=\"margin-bottom: 10px;\" src=\"\/\/ae01.alicdn.com\/kf\/H96714552f96e44b9a0d0b80e58f9153fe.jpg\" width=\"800\" height=\"1501\" \/><\/p>\n<p><span class=\"qa-item-question\"><strong>\u00bfPuedo encontrar el mismo?<em>e Soporte ligero y port\u00e1til para tabletas o port\u00e1tiles<\/em> \u00bfEn una tienda normal?<\/strong><\/span><br \/>\n<span class=\"qa-item-answer\">Hasta donde sabemos, los art\u00edculos similares que se venden en tiendas f\u00edsicas tienen una gama de variaciones m\u00e1s limitada y precios menos atractivos.<\/span><\/p>\n<\/div>\n<div><\/div>\n<div>\n<p style=\"text-align: center;\"><img decoding=\"async\" class=\"aligncenter\" style=\"margin-bottom: 10px;\" src=\"\/\/ae01.alicdn.com\/kf\/Ha694332dc7804157bb16cf03143b1f5ev.jpg\" width=\"800\" height=\"736\" \/><a href=\"#addtocart\" class=\"button secondary is-secondary is-medium\" >\n\t\t<span>\u00a1CONSIGUELO AHORA!<\/span>\n\t<\/a>\n\n<hr \/>\n<\/div>","protected":false},"excerpt":{"rendered":"<p><strong>Soporte ajustable para tableta o port\u00e1til para propietarios de negocios<\/strong> El soporte se puede ajustar en seis niveles diferentes. Es imprescindible para cualquier empresario, emprendedor o persona que trabaja constantemente. \u00a1Tambi\u00e9n es perfecto para estudiantes universitarios!<\/p>\n<p><iframe style=\"display: none;\" src=\"about:blank\"><\/iframe><\/p>","protected":false},"featured_media":387,"comment_status":"open","ping_status":"closed","template":"","meta":{"slim_seo":{"title":"Soporte ajustable para tableta o port\u00e1til para propietarios de negocios","description":"\u00a1Compre un soporte ajustable para tableta o port\u00e1til para negocios en startmeabiz.com! Env\u00edo gratuito a 185 pa\u00edses. Garant\u00eda de devoluci\u00f3n de dinero de 45 d\u00edas."}},"product_brand":[],"product_cat":[28,48,35],"product_tag":[525,79,527,526,80],"class_list":{"0":"post-385","1":"product","2":"type-product","3":"status-publish","4":"has-post-thumbnail","6":"product_cat-new-arrivals","7":"product_cat-laptop-stands","8":"product_cat-tablet-stands","9":"product_tag-laptop-products","10":"product_tag-laptop-stands","11":"product_tag-stands","12":"product_tag-tablet-products","13":"product_tag-tablet-stands","14":"tm-no-options","16":"first","17":"instock","18":"sale","19":"taxable","20":"shipping-taxable","21":"purchasable","22":"product-type-simple"},"_links":{"self":[{"href":"https:\/\/startmeabiz.com\/es\/wp-json\/wp\/v2\/product\/385","targetHints":{"allow":["GET"]}}],"collection":[{"href":"https:\/\/startmeabiz.com\/es\/wp-json\/wp\/v2\/product"}],"about":[{"href":"https:\/\/startmeabiz.com\/es\/wp-json\/wp\/v2\/types\/product"}],"replies":[{"embeddable":true,"href":"https:\/\/startmeabiz.com\/es\/wp-json\/wp\/v2\/comments?post=385"}],"wp:featuredmedia":[{"embeddable":true,"href":"https:\/\/startmeabiz.com\/es\/wp-json\/wp\/v2\/media\/387"}],"wp:attachment":[{"href":"https:\/\/startmeabiz.com\/es\/wp-json\/wp\/v2\/media?parent=385"}],"wp:term":[{"taxonomy":"product_brand","embeddable":true,"href":"https:\/\/startmeabiz.com\/es\/wp-json\/wp\/v2\/product_brand?post=385"},{"taxonomy":"product_cat","embeddable":true,"href":"https:\/\/startmeabiz.com\/es\/wp-json\/wp\/v2\/product_cat?post=385"},{"taxonomy":"product_tag","embeddable":true,"href":"https:\/\/startmeabiz.com\/es\/wp-json\/wp\/v2\/product_tag?post=385"}],"curies":[{"name":"wp","href":"https:\/\/api.w.org\/{rel}","templated":true}]}}