{"id":265,"date":"2019-07-16T23:39:37","date_gmt":"2019-07-17T04:39:37","guid":{"rendered":"https:\/\/startmeabiz.com\/?page_id=230"},"modified":"2024-02-13T06:06:43","modified_gmt":"2024-02-13T12:06:43","slug":"entrega-de-envio","status":"publish","type":"page","link":"https:\/\/startmeabiz.com\/es\/entrega-de-envio\/","title":{"rendered":"Env\u00edo y entrega"},"content":{"rendered":"<div class=\"shipping-page-content-with-icons\">\n<div class=\"shipping-page-item\">\n<div class=\"shipping-page-item__image\">\u00a0<\/div>\n<div class=\"shipping-page-item__text\">\n<h3>ENV\u00cdO GRATIS<\/h3>\n<p>Nos complace ofrecer a nuestros clientes un excelente valor y servicio. Por eso, ofrecemos env\u00edo gratuito desde nuestros almacenes en China por ePacket o EMS y en EE. UU. por USPS.<\/p>\n<\/div>\n<\/div>\n<div class=\"shipping-page-item\">\n<div class=\"shipping-page-item__image\">\n<p>\u00a0<\/p>\n<\/div>\n<div class=\"shipping-page-item__text\">\n<h3>ENV\u00cdOS A M\u00c1S DE 200 PA\u00cdSES<\/h3>\n<p>Nos enorgullece ofrecer servicios de env\u00edo internacional. Sin embargo, hay algunos lugares a los que no podemos realizar env\u00edos. Si reside en alguno de estos pa\u00edses, nos pondremos en contacto con usted.<\/p>\n<\/div>\n<\/div>\n<div class=\"shipping-page-item\">\n<div class=\"shipping-page-item__image\">\n<p>\u00a0<\/p>\n<\/div>\n<div class=\"shipping-page-item__text\">\n<h3>ADUANAS<\/h3>\n<p>No nos hacemos responsables de ning\u00fan cargo aduanero una vez enviados los art\u00edculos. Al comprar nuestros productos, acepta que se le env\u00eden uno o m\u00e1s paquetes y que se le apliquen cargos aduaneros al llegar a su pa\u00eds.<\/p>\n<\/div>\n<\/div>\n<div class=\"shipping-page-item\">\n<div class=\"shipping-page-item__image\">\n<p>\u00a0<\/p>\n<\/div>\n<div class=\"shipping-page-item__text\">\n<h3>TIEMPO DE ENV\u00cdO<\/h3>\n<p>El tiempo de env\u00edo var\u00eda seg\u00fan la ubicaci\u00f3n. Estas son nuestras estimaciones:<\/p>\n<div class=\"table-responsive\">\n<table class=\"table table-striped\">\n<thead>\n<tr>\n<th>Ubicaci\u00f3n<\/th>\n<th>*Tiempo estimado de env\u00edo<\/th>\n<\/tr>\n<\/thead>\n<tbody>\n<tr>\n<td>Estados Unidos<\/td>\n<td>10-30 d\u00edas h\u00e1biles<\/td>\n<\/tr>\n<tr>\n<td>Canad\u00e1, Europa<\/td>\n<td>10-30 d\u00edas h\u00e1biles<\/td>\n<\/tr>\n<tr>\n<td>Australia, Nueva Zelanda<\/td>\n<td>10-30 d\u00edas h\u00e1biles<\/td>\n<\/tr>\n<tr>\n<td>M\u00e9xico, Am\u00e9rica Central, Am\u00e9rica del Sur<\/td>\n<td>15-30 d\u00edas h\u00e1biles<\/td>\n<\/tr>\n<\/tbody>\n<\/table>\n<div class=\"info-no-italic\">Tiempo m\u00e1ximo de entrega \u2013 45 d\u00edas h\u00e1biles.<\/div>\n<p><span class=\"info\">*Esto no incluye nuestro tiempo de procesamiento de 2 a 5 d\u00edas.<\/span><\/p>\n<\/div>\n<\/div>\n<\/div>\n<div class=\"shipping-page-item\">\n<div class=\"shipping-page-item__image\">\n<p>\u00a0<\/p>\n<\/div>\n<div class=\"shipping-page-item__text\">\n<h3>INFORMACI\u00d3N DE SEGUIMIENTO<\/h3>\n<p>Recibir\u00e1s un correo electr\u00f3nico con el n\u00famero de seguimiento una vez enviado tu pedido, pero a veces, debido al env\u00edo gratuito, el seguimiento no est\u00e1 disponible. Por razones log\u00edsticas, los art\u00edculos de una misma compra podr\u00edan enviarse en paquetes separados, incluso si has seleccionado el env\u00edo combinado.<\/p>\n<p>Si tiene alguna otra pregunta, comun\u00edquese con nosotros y haremos todo lo posible para ayudarle.<\/p>\n<\/div>\n<\/div>\n<\/div>","protected":false},"excerpt":{"rendered":"","protected":false},"author":1,"featured_media":0,"parent":0,"menu_order":13,"comment_status":"closed","ping_status":"closed","template":"","meta":{"slim_seo":{"title":"Shipping & delivery - Start Me A Biz","description":"\u00a0 ENV\u00cdO GRATUITO. Nos complace ofrecer a nuestros clientes un excelente valor y servicio. Por eso, ofrecemos env\u00edo gratuito desde nuestros almacenes en China por ePacket o EMS."},"footnotes":""},"class_list":["post-265","page","type-page","status-publish","hentry"],"_links":{"self":[{"href":"https:\/\/startmeabiz.com\/es\/wp-json\/wp\/v2\/pages\/265","targetHints":{"allow":["GET"]}}],"collection":[{"href":"https:\/\/startmeabiz.com\/es\/wp-json\/wp\/v2\/pages"}],"about":[{"href":"https:\/\/startmeabiz.com\/es\/wp-json\/wp\/v2\/types\/page"}],"author":[{"embeddable":true,"href":"https:\/\/startmeabiz.com\/es\/wp-json\/wp\/v2\/users\/1"}],"replies":[{"embeddable":true,"href":"https:\/\/startmeabiz.com\/es\/wp-json\/wp\/v2\/comments?post=265"}],"version-history":[{"count":0,"href":"https:\/\/startmeabiz.com\/es\/wp-json\/wp\/v2\/pages\/265\/revisions"}],"wp:attachment":[{"href":"https:\/\/startmeabiz.com\/es\/wp-json\/wp\/v2\/media?parent=265"}],"curies":[{"name":"wp","href":"https:\/\/api.w.org\/{rel}","templated":true}]}}