{"id":263,"date":"2019-07-16T23:39:37","date_gmt":"2019-07-17T04:39:37","guid":{"rendered":"https:\/\/startmeabiz.com\/?page_id=210"},"modified":"2019-07-16T23:39:37","modified_gmt":"2019-07-17T04:39:37","slug":"politica-de-privacidad","status":"publish","type":"page","link":"https:\/\/startmeabiz.com\/es\/politica-de-privacidad\/","title":{"rendered":"pol\u00edtica de privacidad"},"content":{"rendered":"<p>startmeabiz.com cumple con el Reglamento general de protecci\u00f3n de datos (RGPD) (UE) 2016\/679.<\/p>\n<p>Esto significa que somos abiertos sobre nuestros m\u00e9todos de seguimiento y uso de los datos personales de los visitantes, y usted puede verificar libremente qu\u00e9 estamos haciendo exactamente con ellos.<\/p>\n<p>En startmeabiz.com, recopilamos:<\/p>\n<ul>\n<li>Tu nombre y apellido<\/li>\n<li>Su direcci\u00f3n de correo electr\u00f3nico<\/li>\n<li>Su direcci\u00f3n f\u00edsica<\/li>\n<li>Tu n\u00famero de tel\u00e9fono<\/li>\n<li>Los datos sobre el navegador y el dispositivo que utiliza para ver la tienda<\/li>\n<li>La forma de navegar por la tienda<\/li>\n<\/ul>\n<p>Recopilamos sus datos de contacto porque son necesarios para aceptar y procesar sus pedidos y para asegurarnos de que reciba sus paquetes.<\/p>\n<p>Recopilamos los detalles de su equipo t\u00e9cnico y comportamiento en el sitio para hacer que nuestra tienda sea m\u00e1s f\u00e1cil de usar y personalizar los servicios de nuestra tienda para usted (por ejemplo, para cambiar autom\u00e1ticamente la tienda a la versi\u00f3n m\u00f3vil).<\/p>\n<p>Nuestra tienda colabora con empresas externas que nos ayudan a brindarte el mejor servicio. Estos terceros tambi\u00e9n utilizan algunos de los datos personales que nos proporcionas. Limitamos el acceso a los datos a los que solo pueden acceder los necesarios para cumplir con sus obligaciones.<\/p>\n<ul>\n<li>Los servicios de pago utilizan su n\u00famero de tarjeta de cr\u00e9dito, su nombre y apellido para verificar y procesar sus pagos de nuestros productos.<\/li>\n<li>Nuestros fabricantes y almacenistas utilizan los datos del contenido de su pedido para confeccionar el paquete necesario para usted.<\/li>\n<li>Los servicios postales utilizan su nombre, apellido y direcci\u00f3n f\u00edsica para organizar la entrega del producto.<\/li>\n<li>Los servicios de correo masivo utilizan su direcci\u00f3n de correo electr\u00f3nico para enviarle correos electr\u00f3nicos (si se ha suscrito a ellos)<\/li>\n<\/ul>\n<p>Si contin\u00faa navegando por nuestra tienda web despu\u00e9s de leer esta Pol\u00edtica de privacidad, nos da el consentimiento para utilizar sus datos personales para los fines explicados anteriormente.<\/p>\n<p>Si no est\u00e1 de acuerdo con estos t\u00e9rminos, abandone el sitio web.<\/p>\n<p>Puede enviarnos un correo electr\u00f3nico a support@startmeabiz.com y preguntar:<\/p>\n<ul>\n<li>Para recibir la copia de sus datos personales que hemos recopilado<\/li>\n<li>Para eliminar sus datos personales de nuestro sistema<\/li>\n<li>Para retirar su consentimiento (si anteriormente acept\u00f3 proporcionarnos los datos, pero luego cambi\u00f3 de opini\u00f3n)<\/li>\n<\/ul>\n<p>Hacemos todo lo posible para garantizar la seguridad de sus datos personales mientras los conservamos y utilizamos.<\/p>\n<p>\u00a1Gracias por su cooperaci\u00f3n!<\/p>","protected":false},"excerpt":{"rendered":"<p>startmeabiz.com is compliant with The General Data Protection Regulation (GDPR) (EU) 2016\/679. It means that we are open about our methods of tracking and use of the visitors\u2019 personal data, and you can freely check what exactly we\u2019re doing to it. At startmeabiz.com, we collect: Your name and surname Your email address Your physical address [&#8230;]\n","protected":false},"author":1,"featured_media":0,"parent":0,"menu_order":11,"comment_status":"closed","ping_status":"closed","template":"page-templates\/page-semi-narrow.php","meta":{"slim_seo":{"title":"Privacy Policy - Start Me A Biz","description":"startmeabiz.com cumple con el Reglamento General de Protecci\u00f3n de Datos (RGPD) (UE) 2016\/679. Esto significa que somos transparentes sobre nuestros m\u00e9todos de seguimiento y uso de..."},"footnotes":""},"class_list":["post-263","page","type-page","status-publish","hentry"],"_links":{"self":[{"href":"https:\/\/startmeabiz.com\/es\/wp-json\/wp\/v2\/pages\/263","targetHints":{"allow":["GET"]}}],"collection":[{"href":"https:\/\/startmeabiz.com\/es\/wp-json\/wp\/v2\/pages"}],"about":[{"href":"https:\/\/startmeabiz.com\/es\/wp-json\/wp\/v2\/types\/page"}],"author":[{"embeddable":true,"href":"https:\/\/startmeabiz.com\/es\/wp-json\/wp\/v2\/users\/1"}],"replies":[{"embeddable":true,"href":"https:\/\/startmeabiz.com\/es\/wp-json\/wp\/v2\/comments?post=263"}],"version-history":[{"count":0,"href":"https:\/\/startmeabiz.com\/es\/wp-json\/wp\/v2\/pages\/263\/revisions"}],"wp:attachment":[{"href":"https:\/\/startmeabiz.com\/es\/wp-json\/wp\/v2\/media?parent=263"}],"curies":[{"name":"wp","href":"https:\/\/api.w.org\/{rel}","templated":true}]}}