{"id":262,"date":"2019-07-16T23:39:37","date_gmt":"2019-07-17T04:39:37","guid":{"rendered":"https:\/\/startmeabiz.com\/?page_id=200"},"modified":"2019-07-16T23:39:37","modified_gmt":"2019-07-17T04:39:37","slug":"metodos-de-pago","status":"publish","type":"page","link":"https:\/\/startmeabiz.com\/es\/metodos-de-pago\/","title":{"rendered":"M\u00e9todos de pago"},"content":{"rendered":"<p>Los m\u00e9todos de pago incluyen PayPal y tarjetas de cr\u00e9dito.<\/p>\n<p>PayPal es una forma m\u00e1s segura y sencilla de enviar y recibir dinero en l\u00ednea. Al seleccionar PayPal como m\u00e9todo de pago, se le redirigir\u00e1 al sitio web de PayPal donde podr\u00e1 realizar el pago.<\/p>\n<p>Se puede utilizar PayPal para comprar art\u00edculos con tarjeta de cr\u00e9dito (Visa, MasterCard, Discover y American Express), tarjeta de d\u00e9bito o cheque electr\u00f3nico (es decir, utilizando su cuenta bancaria habitual).<\/p>\n<ol>\n<li>Despu\u00e9s de ver sus art\u00edculos en la p\u00e1gina de su carrito de compras, puede hacer clic en el bot\u00f3n &quot;Pagar&quot; y finalizar la compra con PayPal. A continuaci\u00f3n, saldr\u00e1 de nuestro sitio web y acceder\u00e1 al sitio web de PayPal.<\/li>\n<li> Puedes iniciar sesi\u00f3n en tu cuenta PayPal o crear una nueva si no tienes una.<\/li>\n<li> Puedes utilizar PayPal como quieras seg\u00fan las instrucciones en pantalla.<\/li>\n<\/ol>\n<p>Por lo general, el cheque electr\u00f3nico de PayPal demora entre 3 y 5 d\u00edas h\u00e1biles para ser confirmado por PayPal.<\/p>\n<p>Las razones por las que te sugerimos utilizar PayPal:<\/p>\n<ul>\n<li>El pago es rastreable. Puedes rastrear el estado de tu pago con tu cuenta de PayPal.<\/li>\n<li>Al realizar el pago de tu pedido, no necesitas utilizar tu tarjeta de cr\u00e9dito en l\u00ednea (puedes transferir directamente desde tu cuenta bancaria).<\/li>\n<li>Cuando utiliza su tarjeta de cr\u00e9dito a trav\u00e9s de PayPal, nadie ver\u00e1 su n\u00famero de tarjeta de cr\u00e9dito, lo que minimizar\u00e1 el riesgo de uso no autorizado.<\/li>\n<\/ul>","protected":false},"excerpt":{"rendered":"<p>Payment methods include PayPal and Credit cards. PayPal is a safer, easier way to send and receive money online. When you select PayPal as the payment method, you will be linked to the PayPal site where you can make payment. PayPal can be used to purchase items by Credit Card (Visa, MasterCard, Discover, and American [&#8230;]\n","protected":false},"author":1,"featured_media":0,"parent":0,"menu_order":10,"comment_status":"closed","ping_status":"closed","template":"page-templates\/page-semi-narrow.php","meta":{"slim_seo":{"title":"Payment methods - Start Me A Biz","description":"Los m\u00e9todos de pago incluyen PayPal y tarjetas de cr\u00e9dito. PayPal es una forma m\u00e1s segura y sencilla de enviar y recibir dinero en l\u00ednea. Al seleccionar PayPal como m\u00e9todo de pago,"},"footnotes":""},"class_list":["post-262","page","type-page","status-publish","hentry"],"_links":{"self":[{"href":"https:\/\/startmeabiz.com\/es\/wp-json\/wp\/v2\/pages\/262","targetHints":{"allow":["GET"]}}],"collection":[{"href":"https:\/\/startmeabiz.com\/es\/wp-json\/wp\/v2\/pages"}],"about":[{"href":"https:\/\/startmeabiz.com\/es\/wp-json\/wp\/v2\/types\/page"}],"author":[{"embeddable":true,"href":"https:\/\/startmeabiz.com\/es\/wp-json\/wp\/v2\/users\/1"}],"replies":[{"embeddable":true,"href":"https:\/\/startmeabiz.com\/es\/wp-json\/wp\/v2\/comments?post=262"}],"version-history":[{"count":0,"href":"https:\/\/startmeabiz.com\/es\/wp-json\/wp\/v2\/pages\/262\/revisions"}],"wp:attachment":[{"href":"https:\/\/startmeabiz.com\/es\/wp-json\/wp\/v2\/media?parent=262"}],"curies":[{"name":"wp","href":"https:\/\/api.w.org\/{rel}","templated":true}]}}